{"id":7901,"date":"2025-06-11T13:53:13","date_gmt":"2025-06-11T11:53:13","guid":{"rendered":"https:\/\/www.bakebidea.com\/?page_id=7901"},"modified":"2025-06-11T13:53:13","modified_gmt":"2025-06-11T11:53:13","slug":"bake-justu-eta-iraunkor-baten-bidean-2011-2025-bilana-eta-etorkizuneko-etapak-foroa","status":"publish","type":"page","link":"https:\/\/www.bakebidea.com\/?page_id=7901&lang=eu","title":{"rendered":"\u00ab Bake justu eta iraunkor baten bidean. 2011-2025 bilana eta etorkizuneko etapak \u00bb foroa"},"content":{"rendered":"\n<p>Bake foroa 2025eko ekainaren 6an, Baionan, Herri elkargoko egoitzan.<\/p>\n<p><b>\u00ab Bake justu eta iraunkor baten bidean. 2011-2025 bilana eta etorkizuneko etapak \u00bb <\/b>izenburuarekin egin den Bake Bidearen azken foro honetan, euskal gizarteak parte hartu nahi izan du bere aniztasun osoan, transmisioa laguntzeko. Bilkuran agerian gelditu da jendarte zibilaren aniztasuna, baita Euskal Herriko mugimendu sozial, sindikal eta politikoen aniztasuna ere.<\/p>\n<p>Anaiz Funosas presidentearen harrera hitzarekin eman zaio hasiera azken foro honi.<\/p>\n<p>\u00ab\u00a0Foro hau <b>gogoratzeko une bat da<\/b>, baina baita <b>erreleboa pasatzeko unea<\/b> ere, gure lanaren erreleboa hartuko dutenentzat, iratzarriak diren kontzientzia guztientzat \u00bb eta gogoratzeko<\/p>\n<p>\u00ab 2012tik, Bake Bidea topaketa gune bat, hitz askearen gune bat eta mobilizazioaren gune bat izan dela. Hemen gogoetatu dugu, eraiki, eragin. <b>Hemen jendarte zibila jaiki da bakea errealitate konkretu bat bilakatu dadin<\/b>, ez dira hitz hutsak izan.\u00a0\u00bb<\/p>\n<p>Foroa V\u00e9ronique Dudouet-ren (Fondation Berghof) bideo batekin hasi da. <b>Euskal Herriko bake prozesuaren ikasgaiak <\/b>aipatu ditu. Honela, bake prozesuak \u00ab\u00a0interes orokorra ezarri du bakearen alde iritzi pertsonal eta desadostasunen gainetik<strong>. Baina azpimarratu du prozesuak aitzina egin behar duela \u00ab\u00a0eztabaida ez baita bukatzen armak gelditzen direnean\u00bb. \u00ab\u00a0Eraman den bake prozesua irakasgai bilakatu da, alde bakarreko izaera ONUraino iritsi da eta beste gatazka batzuen konpontzeko lagundu dezake, Tailandiaren kasuan edo kurduen kasuan bezala.\u00a0\u00bb <\/strong><\/p>\n<p><b><strong>Memoria, egia eta biktimen ezagutza. <\/strong><\/b><\/p>\n<p>Jean-Pierre Massias-ek (Paue eta Aturriko unibertsitateko zuzenbide publikoko irakaslea eta Louis Joinet institutuko presidentea) ziklo honetatik atera dituen ikasgaiak eta etorkizuneko erronkak izan ditu aipagai.<\/p>\n<p>Bake prozesuaren eta bere berezitasunen analisia zehatz baten ondoren, bake justu eta orainkor batera heltzeko beharrezkoak diren desafioak zerrendatu ditu : lEuskal Herriko instituzioaren bilakaera, bake prozesuaren indartzea eta sakontzea. Bake prozesuaren desafioa, jendartea filosofiaz jabetu dadin. Horretarako beharrekoza da egiaren bidea jorratzea, bakea egiteko egia jakin behar baita. Eta egiaren lantalde bat osatzea beharrezkoa da horretarako. Bortizkeria guztiak ere onartu behar dira. Memoria ezinbesteko erronka baita. Memoria guztiek ukan behar dute adierazteko gune bat. Eztabaidatu behar da elkar aditzen saiatzeko. Frustrazioa beranduago lehertu daitekeen zerbait izan baitateke.<\/p>\n<p>Jean Pierre Massias-ek Bake Bidea eskertu du Louis Joinet institututari eman baitio artxiboak kudeatzeko gaitasuna. Honela, bere esku utzi du bake prozesua gizarteratzeko gaitasuna, egiaren lantalde bat plantan ezartzeko esperantzarekin. Txosten bat garatzen hasi da institutua eta hemendik urte batera engaiatu da.<\/p>\n<h4 class=\"western\">Mahai ingurua\u00a0: Euskal Herriko aktore politikoen begirada. Parte hartzaile bakoitzak Aietetik Bake Bidearen sortzera eta gaur egunerainoko bilan bat aurkeztu du. Uondotik, bake prozesuaz duten prespektiba adierazi dute.<\/h4>\n<p>Jean-Ren\u00e9 Etchegaray ( Pr\u00e9sident de la Communaut\u00e9 d\u2019agglom\u00e9ration Pays Basque et Maire de Bayonne) , Fr\u00e9d\u00e9rique Espagnac ( S\u00e9natrice des Pyr\u00e9n\u00e9es-Atlantiques et Conseill\u00e8re R\u00e9gionale de la Nouvelle Aquitaine) , Max Brisson ( Senateur des Pyr\u00e9n\u00e9es-Atlantiques et Conseiller D\u00e9partemental du canton de Biarritz), Alain Iriart ( Maire de Saint-Pierre d\u2019Irube et Conseiller D\u00e9l\u00e9gu\u00e9 de la Communaut\u00e9 d\u2019Agglom\u00e9ration Pays Basque) , Alice Leiciague\u00e7ahar ( ancienne Conseill\u00e8re R\u00e9gionale de la Nouvelle Aquitaine). Mod\u00e9rateur : Mathieu Bolloquy (Bake Bidea).<\/p>\n<p><b>Bake Bideako presidentearen bukaerako hitza<\/b><\/p>\n<p>Anaiz Funosas-ek itxi du foroa Bake Bidearen oinarriak eta ekintzak berriz ere hartuz eta bake prozesuaren momentu gakoak oroitaraziz. Horietan, ETAren armagabetzea 2017ko apirilaren 8an, Bake Bideak azken hamar luze hauetan eraman duen lanaren ondorioa. Preso eta iheslarien inguruan eman diren aitzinamenduak oroitaraziz, biktimak guztien ezagupenean eta memoria kolektiboan.<\/p>\n<p>\u00ab\u00a0Emoizio handiarekin, emozio sakon eta partekatuarekin, gaur Bake Bideak, hamairu urteko bidearen ondoren, bukaera ematen dio bere eginbideari . Erabaki sakona baina ongi gogoetatutakoa \u00bb.<br \/>Eta oroitaraztea\u00a0: \u00ab\u00a0Duela hamar urte baino gehiago, elkarrekin ibiltzea erabaki genuen, determinazio eta humiltasunarekin, bake justu eta iraunkor bat eraikitzeko Euskal Herrian. Bide hori konbentziturik egin dugu, isiltasun eta mobilizazio ezaren aurrean, <b>gizarte zibila aldaketarako gakoa zela onarturik\u00a0\u00bb.<\/b><\/p>\n<p>\u00ab Erabakia ez da zerbaiti uko egitea. Alderantziz ekimen arduratsua da. Espazio berriak posible egin nahi ditugu, dinamika berriak. Gaur egungo beharrak ez dira atzokoak. Beste batzuek beteko dituzte, beste forma batzuk asmatuz, beste ahots batzuk entzunaraziz. Lekuko aldaketa hau da gure azken ardura\u00a0\u00bb Anaiz Funosas -ek eskerrak eman dizkie Bake Bidearen izenean bide hau posible egin duten guztiei. Bake artisauak, hautetsiak, preso eta iheslarien familiak, biktima guztiak.<\/p>\n<p>Esker berei bat Giza eskubideen Ligari, juristei, abokatu eta eskubide defendatzaileei, nazioarteko bidelagunak, Lokarri eta Foro sozialari eta pentsamendu berezi bat bat urte hauetan utzi gaituztenei.<\/p>\n<p>Hemen 2025eko ekainaren 6ko deklarazioa<\/p>\n<p>Foroaren bideoa : <a href=\"https:\/\/youtu.be\/suKMhTRmwsM\">https:\/\/youtu.be\/suKMhTRmwsM<\/a><\/p>\n<p lang=\"eu\">Ondoko hilabeteetan Bake Bidea bere estrukturaren itxieran zentratuko da\u00a0:<\/p>\n<ul>\n<li>\n<p lang=\"eu\">Gure artxiboak ordenatu eta banatu. Dokumentu\/liburuxka bat idazten ari gira gure kontakizuna egiteko.<\/p>\n<\/li>\n<li>\n<p lang=\"eu\">Gure elkartearen disoluzioa, jadanik erabaki dugu gelditzen zaigun dirua IFJD -Fondation Louis Joinet eta Harrerari banatuko diogula.<\/p>\n<p lang=\"eu\">\u00a0<\/p>\n<\/li>\n<\/ul>\n<p lang=\"eu\" align=\"JUSTIFY\">Hori guzia egingarria izateko Bake Bideak 4 pertsonako talde bati eman dio mandatua: Anaiz Funosas, Garbine Eraso, Mathieu Bolloquy eta Emilie Martini.<\/p>\n","protected":false},"excerpt":{"rendered":"<p>Bake foroa 2025eko ekainaren 6an, Baionan, Herri elkargoko egoitzan. \u00ab Bake justu eta iraunkor baten bidean. 2011-2025 bilana eta etorkizuneko etapak \u00bb izenburuarekin egin den Bake Bidearen azken foro honetan, euskal gizarteak parte hartu nahi izan du bere aniztasun osoan, transmisioa laguntzeko. Bilkuran agerian gelditu da jendarte zibilaren aniztasuna, baita&#8230;<\/p>\n","protected":false},"author":1,"featured_media":0,"parent":0,"menu_order":0,"comment_status":"closed","ping_status":"closed","template":"","meta":{"footnotes":""},"_links":{"self":[{"href":"https:\/\/www.bakebidea.com\/index.php?rest_route=\/wp\/v2\/pages\/7901"}],"collection":[{"href":"https:\/\/www.bakebidea.com\/index.php?rest_route=\/wp\/v2\/pages"}],"about":[{"href":"https:\/\/www.bakebidea.com\/index.php?rest_route=\/wp\/v2\/types\/page"}],"author":[{"embeddable":true,"href":"https:\/\/www.bakebidea.com\/index.php?rest_route=\/wp\/v2\/users\/1"}],"replies":[{"embeddable":true,"href":"https:\/\/www.bakebidea.com\/index.php?rest_route=%2Fwp%2Fv2%2Fcomments&post=7901"}],"version-history":[{"count":1,"href":"https:\/\/www.bakebidea.com\/index.php?rest_route=\/wp\/v2\/pages\/7901\/revisions"}],"predecessor-version":[{"id":7902,"href":"https:\/\/www.bakebidea.com\/index.php?rest_route=\/wp\/v2\/pages\/7901\/revisions\/7902"}],"wp:attachment":[{"href":"https:\/\/www.bakebidea.com\/index.php?rest_route=%2Fwp%2Fv2%2Fmedia&parent=7901"}],"curies":[{"name":"wp","href":"https:\/\/api.w.org\/{rel}","templated":true}]}}