{"id":7840,"date":"2024-12-16T10:00:33","date_gmt":"2024-12-16T09:00:33","guid":{"rendered":"https:\/\/www.bakebidea.com\/?page_id=7840"},"modified":"2024-12-20T07:52:36","modified_gmt":"2024-12-20T06:52:36","slug":"mise-au-point-des-artisans-de-la-paix-au-sujet-du-deroule-reel-de-la-phase-finale-du-desarmement-deta","status":"publish","type":"page","link":"https:\/\/www.bakebidea.com\/?page_id=7840","title":{"rendered":"Mise au point des Artisans de la paix au sujet du d\u00e9roul\u00e9 r\u00e9el de la phase finale du d\u00e9sarmement d\u2019ETA."},"content":{"rendered":"\n<p align=\"JUSTIFY\">Le 14 octobre 2019, le gouvernement basque rendait public un rapport intitul\u00e9 \u00ab\u00a0<i>Description et \u00e9valuation du r\u00f4le tenu par le gouvernement basque dans le d\u00e9sarmement et la dissolution d\u2019ETA<\/i>\u00a0\u00bb qu\u2019il d\u00e9posait \u00e0 l\u2019Institut pour la M\u00e9moire, le Vivre-Ensemble et les Droits de l\u2019Homme\u00a0\u00bb comme document mis \u00e0 disposition publique et au service de la construction de la m\u00e9moire. Il y d\u00e9crivait notamment sa vision de la s\u00e9quence allant du 16 d\u00e9cembre 2016 (Louhossoa) au 8 avril 2017 (journ\u00e9e du d\u00e9sarmement d\u2019ETA) et y donnait sa version du contenu de r\u00e9unions ayant eu lieu entre les Artisans de la Paix et lui-m\u00eame.<\/p>\n<p align=\"JUSTIFY\">Quelques jours plus tard, les Artisans de la Paix publiaient un communiqu\u00e9 de presse dans lequel ils contestaient formellement la partie du rapport \u00ab\u00a0<i>concernant les relations et r\u00e9unions entretenues entre Eusko Jaurlaritza et les Artisans de la Paix en charge du d\u00e9mant\u00e8lement de l\u2019arsenal d\u2019ETA.<\/i>\u00a0\u00bb Ils pr\u00e9cisaient \u00ab\u00a0<i>Il s\u2019agit ni plus ni moins d\u2019une r\u00e9-\u00e9criture de l\u2019histoire, mensong\u00e8re et totalement int\u00e9ress\u00e9e. L\u2019impression que le lecteur peut en retirer est parfois diam\u00e9tralement \u00e0 l\u2019oppos\u00e9 des faits et du r\u00f4le jou\u00e9 par le gouvernement basque dans le processus qui a conduit au d\u00e9sarmement total de l\u2019organisation ETA, r\u00e9alis\u00e9 sans incident ni arrestations.<\/i>\u00a0\u00bb<\/p>\n<p align=\"JUSTIFY\">Michel Berhocoirigoin et Txetx Etcheverry, qui signaient le communiqu\u00e9 des Artisans de la Paix concluaient en affirmant qu\u2019ils prendraient \u00ab\u00a0<i>le temps et les moyens de rendre compte des nombreuses r\u00e9unions et discussions que nous avons eues avec le gouvernement basque, et ce dont il fait \u00e9tat dans ce rapport, de mani\u00e8re tronqu\u00e9e et totalement fauss\u00e9e<\/i>\u00a0\u00bb.<\/p>\n<p align=\"JUSTIFY\">Voici le rapport intitul\u00e9 \u00ab<i> Mise au point des Artisans de la paix au sujet du d\u00e9roul\u00e9 r\u00e9el de la phase finale du d\u00e9sarmement d\u2019ETA<\/i> \u00bb d\u00e9crivant dans le d\u00e9tail ce qui s\u2019est r\u00e9ellement pass\u00e9 entre l\u2019action de Louhossoa et le 8 avril 2017, ainsi que le contenu exact des 10 r\u00e9unions qu\u2019ont eu les Artisans de la Paix, repr\u00e9sent\u00e9s dans ces r\u00e9unions par Michel Berhocoirigoin et Txetx Etcheverry, et le gouvernement basque:<\/p>\n<p align=\"JUSTIFY\">\u00a0<\/p>\n\n\n\n<p><a href=\"https:\/\/www.bakebidea.com\/wp-content\/uploads\/2024\/12\/armagabetze_fr-ONA-1.pdf\">Rapport en fran\u00e7ais <\/a><\/p>\n\n\n\n<p><a href=\"https:\/\/www.bakebidea.com\/wp-content\/uploads\/2024\/12\/armagabetze_esONA-1.pdf\">Rapport en Castillan<\/a><\/p>\n","protected":false},"excerpt":{"rendered":"<p>Le 14 octobre 2019, le gouvernement basque rendait public un rapport intitul\u00e9 \u00ab\u00a0Description et \u00e9valuation du r\u00f4le tenu par le gouvernement basque dans le d\u00e9sarmement et la dissolution d\u2019ETA\u00a0\u00bb qu\u2019il d\u00e9posait \u00e0 l\u2019Institut pour la M\u00e9moire, le Vivre-Ensemble et les Droits de l\u2019Homme\u00a0\u00bb comme document mis \u00e0 disposition publique et&#8230;<\/p>\n","protected":false},"author":1,"featured_media":0,"parent":0,"menu_order":0,"comment_status":"closed","ping_status":"closed","template":"","meta":{"footnotes":""},"_links":{"self":[{"href":"https:\/\/www.bakebidea.com\/index.php?rest_route=\/wp\/v2\/pages\/7840"}],"collection":[{"href":"https:\/\/www.bakebidea.com\/index.php?rest_route=\/wp\/v2\/pages"}],"about":[{"href":"https:\/\/www.bakebidea.com\/index.php?rest_route=\/wp\/v2\/types\/page"}],"author":[{"embeddable":true,"href":"https:\/\/www.bakebidea.com\/index.php?rest_route=\/wp\/v2\/users\/1"}],"replies":[{"embeddable":true,"href":"https:\/\/www.bakebidea.com\/index.php?rest_route=%2Fwp%2Fv2%2Fcomments&post=7840"}],"version-history":[{"count":4,"href":"https:\/\/www.bakebidea.com\/index.php?rest_route=\/wp\/v2\/pages\/7840\/revisions"}],"predecessor-version":[{"id":7873,"href":"https:\/\/www.bakebidea.com\/index.php?rest_route=\/wp\/v2\/pages\/7840\/revisions\/7873"}],"wp:attachment":[{"href":"https:\/\/www.bakebidea.com\/index.php?rest_route=%2Fwp%2Fv2%2Fmedia&parent=7840"}],"curies":[{"name":"wp","href":"https:\/\/api.w.org\/{rel}","templated":true}]}}