{"id":7673,"date":"2024-05-22T09:57:20","date_gmt":"2024-05-22T07:57:20","guid":{"rendered":"https:\/\/www.bakebidea.com\/?page_id=7673"},"modified":"2024-05-29T10:48:45","modified_gmt":"2024-05-29T08:48:45","slug":"proces-de-louhossoa-2-et-3-avril-2024","status":"publish","type":"page","link":"https:\/\/www.bakebidea.com\/?page_id=7673","title":{"rendered":"Proc\u00e8s de Louhossoa 2 et 3 avril 2024"},"content":{"rendered":"\n<div class=\"wp-block-group is-layout-constrained wp-block-group-is-layout-constrained\"><div class=\"wp-block-group__inner-container\">\n<h3>Proc\u00e8s de Louhossoa 2 et 3 avril 2024<\/h3>\n<p>\u00a0<\/p>\n<p><strong>Campagne de soutien : <\/strong><\/p>\n<p><a href=\"https:\/\/www.bakebidea.com\/?page_id=7479\">Le manifeste et les premier.e.s signataires<\/a><\/p>\n<p><a href=\"https:\/\/www.bakebidea.com\/?p=7625\">Conf\u00e9rence de presse massive du 16 mars<\/a><\/p>\n<p><a href=\"https:\/\/www.bakebidea.com\/?p=7640\">Conf\u00e9rence de presse \u00e0 l&rsquo;Assembl\u00e9e Nationale le 27 mars 2024<\/a><\/p>\n<p><strong>Le proc\u00e8s :<\/strong><\/p>\n<p><a href=\"https:\/\/www.bakebidea.com\/?p=7674\">Premi\u00e8re journ\u00e9e<\/a><\/p>\n<p><a href=\"https:\/\/www.bakebidea.com\/?p=7677\">Derni\u00e8re journ\u00e9e<\/a><\/p>\n<p><a href=\"https:\/\/www.bakebidea.com\/?p=7669\">D\u00e9lib\u00e9r\u00e9 du 16 mai<\/a><\/p>\n<p><\/p>\n<p>\u00a0<\/p>\n<p><\/p>\n<p><\/p>\n\n\n\n<p><a href=\"https:\/\/drive.google.com\/drive\/folders\/1ByLpOOJNlimSb-gnDNQAsW7a8K-EhLpr?usp=sharing\">Revue de presse<\/a><\/p>\n<\/div><\/div>\n","protected":false},"excerpt":{"rendered":"<p>\u00a0 Revue de presse<\/p>\n","protected":false},"author":1,"featured_media":0,"parent":0,"menu_order":0,"comment_status":"closed","ping_status":"closed","template":"","meta":{"footnotes":""},"_links":{"self":[{"href":"https:\/\/www.bakebidea.com\/index.php?rest_route=\/wp\/v2\/pages\/7673"}],"collection":[{"href":"https:\/\/www.bakebidea.com\/index.php?rest_route=\/wp\/v2\/pages"}],"about":[{"href":"https:\/\/www.bakebidea.com\/index.php?rest_route=\/wp\/v2\/types\/page"}],"author":[{"embeddable":true,"href":"https:\/\/www.bakebidea.com\/index.php?rest_route=\/wp\/v2\/users\/1"}],"replies":[{"embeddable":true,"href":"https:\/\/www.bakebidea.com\/index.php?rest_route=%2Fwp%2Fv2%2Fcomments&post=7673"}],"version-history":[{"count":5,"href":"https:\/\/www.bakebidea.com\/index.php?rest_route=\/wp\/v2\/pages\/7673\/revisions"}],"predecessor-version":[{"id":7806,"href":"https:\/\/www.bakebidea.com\/index.php?rest_route=\/wp\/v2\/pages\/7673\/revisions\/7806"}],"wp:attachment":[{"href":"https:\/\/www.bakebidea.com\/index.php?rest_route=%2Fwp%2Fv2%2Fmedia&parent=7673"}],"curies":[{"name":"wp","href":"https:\/\/api.w.org\/{rel}","templated":true}]}}