{"id":718,"date":"2014-02-07T09:14:47","date_gmt":"2014-02-07T08:14:47","guid":{"rendered":"https:\/\/www.bakebidea.com\/?page_id=718"},"modified":"2016-12-02T10:48:33","modified_gmt":"2016-12-02T09:48:33","slug":"forum-pour-la-paix-2014","status":"publish","type":"page","link":"https:\/\/www.bakebidea.com\/?page_id=718","title":{"rendered":"Forum pour la paix 2014"},"content":{"rendered":"<h1 style=\"text-align: center;\"><span style=\"color: #126680;\">Forum pour la paix <\/span><\/h1>\n<h5 style=\"text-align: center;\"><span style=\"color: #126680;\">2014 &#8211; Bayonne<br \/>\n<\/span><\/h5>\n<h4 style=\"text-align: center;\"><span style=\"color: #eba823;\"><span style=\"color: #fda533;\">Co-organis\u00e9 avec la Facult\u00e9 pluridisciplinaire de Bayonne et Lokarri<\/span> <\/span><\/h4>\n<p>&nbsp;<\/p>\n<p>&nbsp;<\/p>\n<p style=\"text-align: justify;\"><img loading=\"lazy\" decoding=\"async\" class=\"aligncenter wp-image-3302 size-large\" src=\"https:\/\/www.bakebidea.com\/wp-content\/uploads\/2014\/02\/BB-1ermars-6-1024x680.jpg\" alt=\"BB 1ermars 6\" width=\"900\" height=\"598\" \/><\/p>\n<p><span style=\"color: #ffffff;\">xxxxxxxxxxxxxxxxxxxxx<\/span><\/p>\n<p style=\"text-align: justify;\"><span style=\"color: #333333;\">La deuxi\u00e8me session du Forum pour la paix, organis\u00e9e le samedi 1<sup>er<\/sup> mars 2014, \u00e0 la Facult\u00e9 pluridisciplinaire de Bayonne, avait\u00a0trait aux <span style=\"color: #fda533;\"><a style=\"color: #fda533;\" href=\"https:\/\/www.bakebidea.com\/wp-content\/uploads\/2016\/04\/Recommandations-pour-impulser-le-processus-de-paix.pdf\">Recommandations issues du Forum social de mars 2013<\/a> <\/span>et rendues publiques par Bake Bidea et Lokarri au mois de mai de la m\u00eame ann\u00e9e.<\/span><\/p>\n<h1 style=\"text-align: justify;\"><span style=\"color: #ffffff;\">\u00a0<\/span><\/h1>\n<p style=\"text-align: justify;\"><span style=\"color: #333333;\">Cette manifestation avait pour objet de comprendre la gen\u00e8se de ces recommandations, d\u2019analyser leur contenu, mais \u00e9galement d\u2019en mesurer les implications et la port\u00e9e. Elle \u00e9tait\u00a0organis\u00e9e sous la forme de tables rondes destin\u00e9es \u00e0 permettre l\u2019explication et le dialogue autour de ces diff\u00e9rents th\u00e8mes. Les d\u00e9bats se tenaient\u00a0en premier lieu entre les experts internationaux, les acteurs participant au processus et les universitaires pr\u00e9sents autour de la table. Ils permettaient ensuite la discussion et l\u2019\u00e9change avec le public pr\u00e9sent, qui pouvait\u00a0interagir &#8211; par \u00e9crit &#8211; avec les intervenants.<\/span><\/p>\n<h1 style=\"text-align: justify;\"><span style=\"color: #ffffff;\">\u00a0<\/span><\/h1>\n<p style=\"text-align: justify;\"><span style=\"color: #333333;\">Des principes identiques au <span style=\"color: #105f75;\"><span style=\"color: #fda533;\"><a style=\"color: #fda533;\" href=\"https:\/\/www.bakebidea.com\/?page_id=618\">premier forum<\/a><\/span>\u00a0<\/span> gouvernaient cette deuxi\u00e8me session du Forum pour la paix. Elle a\u00a0ainsi \u00e9t\u00e9 le lieu d\u2019un d\u00e9bat ouvert fond\u00e9 sur les principes de pluralisme et de tol\u00e9rance, mais \u00e9galement d\u2019impartialit\u00e9, inh\u00e9rents au cadre universitaire et dont l\u2019importance\u00a0\u00e9tait\u00a0accrue par le contexte de p\u00e9riode \u00e9lectorale.<\/span><\/p>\n<h1 style=\"text-align: justify;\"><span style=\"color: #ffffff;\">\u00a0<\/span><\/h1>\n<p style=\"text-align: justify;\"><span style=\"color: #333333;\">A l\u2019issue de la<span style=\"color: #fda533;\"> <a style=\"color: #fda533;\" href=\"https:\/\/www.bakebidea.com\/wp-content\/uploads\/2016\/04\/D\u00e9claration-internationale-d.pdf\">Conf\u00e9rence d&rsquo;Aiete<\/a>,<\/span> tenue le 17 octobre 2011, \u00e0 la Maison de la Paix (Palais d\u2019Aiete) de Saint-S\u00e9bastien (San Sebastian \u2013 Donostia), le comit\u00e9 d\u2019experts compos\u00e9 de Kofi Annan, Gro Harlem Brundtland, Bertie Ahern, Gerry Adams, Jonathan Powell et de Pierre Joxe rendait publique une d\u00e9claration incluant une <span style=\"color: #fda533;\"><a style=\"color: #fda533;\" href=\"https:\/\/www.bakebidea.com\/wp-content\/uploads\/2016\/04\/D\u00e9claration-internationale-d.pdf\">feuille de route en cinq points<\/a> <\/span>destin\u00e9e \u00e0 la mise en place d\u2019un processus de paix au Pays basque. En r\u00e9ponse, l\u2019organisation ETA annon\u00e7ait renoncer \u00e0 la lutte arm\u00e9e le 20 octobre suivant.<\/span><\/p>\n<h1 style=\"text-align: justify;\"><span style=\"color: #ffffff;\">\u00a0<\/span><\/h1>\n<p style=\"text-align: justify;\"><span style=\"color: #333333;\">Suite \u00e0 cette initiative et en raison des difficult\u00e9s rencontr\u00e9es par le processus de paix, un Forum social pour impulser le processus de paix \u00e9tait organis\u00e9 \u00e0 Pampelune et Bilbao, les 14 et 15 mars 2013, en pr\u00e9sence de nombreux experts internationaux. Ces deux journ\u00e9es furent notamment consacr\u00e9es au processus DDR (D\u00e9sarmement, D\u00e9mobilisation et R\u00e9int\u00e9gration), \u00e0 la garantie des droits humains et des libert\u00e9s, \u00e0 la r\u00e9insertion des prisonniers et exil\u00e9s, ainsi qu\u2019\u00e0 la m\u00e9moire et la r\u00e9conciliation.<\/span><\/p>\n<h1 style=\"text-align: justify;\"><span style=\"color: #ffffff;\">\u00a0<\/span><\/h1>\n<p style=\"text-align: justify;\"><span style=\"color: #333333;\">Sur la base de ces d\u00e9bats et en concertation avec les experts internationaux, Bake Bidea et Lokarri ont pr\u00e9sent\u00e9, le 27 mai 2013, \u00e0 Aiete une liste de douze <span style=\"color: #fda533;\"><a style=\"color: #fda533;\" title=\"Recommandations pour impulser le processus de paix\" href=\"https:\/\/www.bakebidea.com\/wp-content\/uploads\/2016\/04\/Recommandations-pour-impulser-le-processus-de-paix.pdf\">recommandations<\/a><\/span> destin\u00e9es \u00e0 impulser le processus de paix.<\/span><\/p>\n<h2 style=\"text-align: center;\"><\/h2>\n<div>\n\n\t\t<style type=\"text\/css\">\n\t\t\t#gallery-1 {\n\t\t\t\tmargin: auto;\n\t\t\t}\n\t\t\t#gallery-1 .gallery-item {\n\t\t\t\tfloat: left;\n\t\t\t\tmargin-top: 10px;\n\t\t\t\ttext-align: center;\n\t\t\t\twidth: 25%;\n\t\t\t}\n\t\t\t#gallery-1 img {\n\t\t\t\tborder: 2px solid #cfcfcf;\n\t\t\t}\n\t\t\t#gallery-1 .gallery-caption {\n\t\t\t\tmargin-left: 0;\n\t\t\t}\n\t\t\t\/* see gallery_shortcode() in wp-includes\/media.php *\/\n\t\t<\/style>\n\t\t<div id='gallery-1' class='gallery galleryid-718 gallery-columns-4 gallery-size-medium'><dl class='gallery-item'>\n\t\t\t<dt class='gallery-icon landscape'>\n\t\t\t\t<a href='https:\/\/www.bakebidea.com\/wp-content\/uploads\/2014\/02\/BB-1ermars-1-1-e1472479620959.jpg'><img loading=\"lazy\" decoding=\"async\" width=\"300\" height=\"199\" src=\"https:\/\/www.bakebidea.com\/wp-content\/uploads\/2014\/02\/BB-1ermars-1-1-300x199.jpg\" class=\"attachment-medium size-medium\" alt=\"\" srcset=\"https:\/\/www.bakebidea.com\/wp-content\/uploads\/2014\/02\/BB-1ermars-1-1-300x199.jpg 300w, https:\/\/www.bakebidea.com\/wp-content\/uploads\/2014\/02\/BB-1ermars-1-1-768x510.jpg 768w, https:\/\/www.bakebidea.com\/wp-content\/uploads\/2014\/02\/BB-1ermars-1-1-1024x680.jpg 1024w, https:\/\/www.bakebidea.com\/wp-content\/uploads\/2014\/02\/BB-1ermars-1-1-e1472479620959.jpg 1200w\" sizes=\"(max-width: 300px) 100vw, 300px\" \/><\/a>\n\t\t\t<\/dt><\/dl><dl class='gallery-item'>\n\t\t\t<dt class='gallery-icon landscape'>\n\t\t\t\t<a href='https:\/\/www.bakebidea.com\/wp-content\/uploads\/2014\/02\/BB-1ermars-2-e1472479505839.jpg'><img loading=\"lazy\" decoding=\"async\" width=\"300\" height=\"199\" src=\"https:\/\/www.bakebidea.com\/wp-content\/uploads\/2014\/02\/BB-1ermars-2-300x199.jpg\" class=\"attachment-medium size-medium\" alt=\"\" srcset=\"https:\/\/www.bakebidea.com\/wp-content\/uploads\/2014\/02\/BB-1ermars-2-300x199.jpg 300w, https:\/\/www.bakebidea.com\/wp-content\/uploads\/2014\/02\/BB-1ermars-2-768x510.jpg 768w, https:\/\/www.bakebidea.com\/wp-content\/uploads\/2014\/02\/BB-1ermars-2-1024x680.jpg 1024w, https:\/\/www.bakebidea.com\/wp-content\/uploads\/2014\/02\/BB-1ermars-2-e1472479505839.jpg 1200w\" sizes=\"(max-width: 300px) 100vw, 300px\" \/><\/a>\n\t\t\t<\/dt><\/dl><dl class='gallery-item'>\n\t\t\t<dt class='gallery-icon landscape'>\n\t\t\t\t<a href='https:\/\/www.bakebidea.com\/wp-content\/uploads\/2014\/02\/BB-1ermars-3-e1472479486311.jpg'><img loading=\"lazy\" decoding=\"async\" width=\"300\" height=\"134\" src=\"https:\/\/www.bakebidea.com\/wp-content\/uploads\/2014\/02\/BB-1ermars-3-300x134.jpg\" class=\"attachment-medium size-medium\" alt=\"\" srcset=\"https:\/\/www.bakebidea.com\/wp-content\/uploads\/2014\/02\/BB-1ermars-3-300x134.jpg 300w, https:\/\/www.bakebidea.com\/wp-content\/uploads\/2014\/02\/BB-1ermars-3-768x342.jpg 768w, https:\/\/www.bakebidea.com\/wp-content\/uploads\/2014\/02\/BB-1ermars-3-1024x457.jpg 1024w, https:\/\/www.bakebidea.com\/wp-content\/uploads\/2014\/02\/BB-1ermars-3-e1472479486311.jpg 1200w\" sizes=\"(max-width: 300px) 100vw, 300px\" \/><\/a>\n\t\t\t<\/dt><\/dl><dl class='gallery-item'>\n\t\t\t<dt class='gallery-icon landscape'>\n\t\t\t\t<a href='https:\/\/www.bakebidea.com\/wp-content\/uploads\/2014\/02\/BB-1ermars-5-Kopia-e1472479473613.jpg'><img loading=\"lazy\" decoding=\"async\" width=\"300\" height=\"199\" src=\"https:\/\/www.bakebidea.com\/wp-content\/uploads\/2014\/02\/BB-1ermars-5-Kopia-300x199.jpg\" class=\"attachment-medium size-medium\" alt=\"\" srcset=\"https:\/\/www.bakebidea.com\/wp-content\/uploads\/2014\/02\/BB-1ermars-5-Kopia-300x199.jpg 300w, https:\/\/www.bakebidea.com\/wp-content\/uploads\/2014\/02\/BB-1ermars-5-Kopia-768x510.jpg 768w, https:\/\/www.bakebidea.com\/wp-content\/uploads\/2014\/02\/BB-1ermars-5-Kopia-1024x680.jpg 1024w, https:\/\/www.bakebidea.com\/wp-content\/uploads\/2014\/02\/BB-1ermars-5-Kopia-e1472479473613.jpg 1200w\" sizes=\"(max-width: 300px) 100vw, 300px\" \/><\/a>\n\t\t\t<\/dt><\/dl><br style=\"clear: both\" \/>\n\t\t<\/div>\n\n<\/div>\n<p>&nbsp;<\/p>\n<p>&nbsp;<\/p>\n<p>&nbsp;<\/p>\n<p>&nbsp;<\/p>\n<p>&nbsp;<\/p>\n<p>&nbsp;<\/p>\n","protected":false},"excerpt":{"rendered":"<p>Forum pour la paix 2014 &#8211; Bayonne Co-organis\u00e9 avec la Facult\u00e9 pluridisciplinaire de Bayonne et Lokarri &nbsp; &nbsp; xxxxxxxxxxxxxxxxxxxxx La deuxi\u00e8me session du Forum pour la paix, organis\u00e9e le samedi 1er mars 2014, \u00e0 la Facult\u00e9 pluridisciplinaire de Bayonne, avait\u00a0trait aux Recommandations issues du Forum social de mars 2013 et&#8230;<\/p>\n","protected":false},"author":1,"featured_media":0,"parent":0,"menu_order":0,"comment_status":"closed","ping_status":"open","template":"","meta":{"footnotes":""},"_links":{"self":[{"href":"https:\/\/www.bakebidea.com\/index.php?rest_route=\/wp\/v2\/pages\/718"}],"collection":[{"href":"https:\/\/www.bakebidea.com\/index.php?rest_route=\/wp\/v2\/pages"}],"about":[{"href":"https:\/\/www.bakebidea.com\/index.php?rest_route=\/wp\/v2\/types\/page"}],"author":[{"embeddable":true,"href":"https:\/\/www.bakebidea.com\/index.php?rest_route=\/wp\/v2\/users\/1"}],"replies":[{"embeddable":true,"href":"https:\/\/www.bakebidea.com\/index.php?rest_route=%2Fwp%2Fv2%2Fcomments&post=718"}],"version-history":[{"count":10,"href":"https:\/\/www.bakebidea.com\/index.php?rest_route=\/wp\/v2\/pages\/718\/revisions"}],"predecessor-version":[{"id":4410,"href":"https:\/\/www.bakebidea.com\/index.php?rest_route=\/wp\/v2\/pages\/718\/revisions\/4410"}],"wp:attachment":[{"href":"https:\/\/www.bakebidea.com\/index.php?rest_route=%2Fwp%2Fv2%2Fmedia&parent=718"}],"curies":[{"name":"wp","href":"https:\/\/api.w.org\/{rel}","templated":true}]}}