{"id":667,"date":"2014-01-20T15:15:39","date_gmt":"2014-01-20T14:15:39","guid":{"rendered":"https:\/\/www.bakebidea.com\/?page_id=667"},"modified":"2015-01-20T16:40:04","modified_gmt":"2015-01-20T15:40:04","slug":"declaration-d-aiete","status":"publish","type":"page","link":"https:\/\/www.bakebidea.com\/?page_id=667","title":{"rendered":"D\u00e9claration des leaders internationaux lors\u00a0\u00a0de la Conf\u00e9rence d\u2019Aiete"},"content":{"rendered":"<p>&nbsp;<\/p>\n<p>\u00ab\u00a0Nous sommes venus au Pays Basque aujourd&rsquo;hui car nous croyons qu&rsquo;il est temps et aussi qu&rsquo;il est possible de mettre un terme \u00e0 la derni\u00e8re confrontation arm\u00e9e d&rsquo;Europe.<\/p>\n<p>Nous croyons que ce but peut maintenant \u00eatre atteint, avec le soutien des citoyens et de leurs repr\u00e9sentants politiques, ainsi que le soutien de l\u2019Europe et, plus largement, de la communaut\u00e9 internationale. Nous tenons \u00e0 souligner que nous ne sommes pas venus ici pour imposer quoi que ce soit ou en pr\u00e9tendant avoir le droit ou l\u2019autorit\u00e9 de dire aux citoyens de ce pays ou aux acteurs et repr\u00e9sentants politiques concern\u00e9s ce qu\u2019ils devraient faire.<\/p>\n<p>Nous sommes au contraire venus en toute bonne foi avec l\u2019espoir d\u2019apporter des id\u00e9es inspir\u00e9es par nos propres exp\u00e9riences dans la r\u00e9solution de conflits de longue dur\u00e9e, ceux dont ont souffert nos propres soci\u00e9t\u00e9s et nos propres peuples et d\u2019autres que nous avons aid\u00e9 \u00e0 r\u00e9soudre.<\/p>\n<p>Nous savons de notre propre exp\u00e9rience qu\u2019il n\u2019est jamais facile de mettre un terme \u00e0 la violence et au conflit et de donner toutes ses chances \u00e0 une paix durable. Cela demande courage, volont\u00e9 de prendre des risques, engagement total, g\u00e9n\u00e9rosit\u00e9 et sagesse.<\/p>\n<p>La paix intervient lorsque le pouvoir de la r\u00e9conciliation prend l\u2019avantage sur une haine bien \u00e9tablie; lorsque le potentiel du pr\u00e9sent et du futur l\u2019emporte sur l\u2019amertume du pass\u00e9.<\/p>\n<p>Notre propre exp\u00e9rience nous a \u00e9galement appris qu\u2019au moment o\u00f9 surgit une v\u00e9ritable opportunit\u00e9 pour la paix, il faut la saisir. L\u2019aspiration grandissante des citoyens de ce pays et de leurs repr\u00e9sentants politiques \u00e0 r\u00e9soudre ce conflit par le dialogue, la d\u00e9mocratie et sans aucune violence a cr\u00e9\u00e9 cette opportunit\u00e9.<\/p>\n<p>Pour toutes ces raisons, nous croyons qu\u2019il est aujourd\u2019hui possible de mettre un terme \u00e0 plus dan cinquante ann\u00e9es de violence et d\u2019atteindre une paix juste et durable.<\/p>\n<p>Au vu de ce qui pr\u00e9c\u00e8de:<\/p>\n<p><b>1. Nous invitons l&rsquo;ETA \u00e0 d\u00e9clarer publiquement l\u2019arr\u00eat d\u00e9finitif de toute action arm\u00e9e et \u00e0 solliciter le dialogue avec les gouvernements d\u2019Espagne et de France pour aborder exclusivement les cons\u00e9quences du conflit.<\/b><\/p>\n<p><b>2. Si une telle d\u00e9claration est faite, nous encourageons vivement les gouvernements d\u2019Espagne et de France \u00e0 bien l\u2019accueillir et \u00e0 consentir \u00e0 l\u2019ouverture d\u2019un dialogue traitant exclusivement des cons\u00e9quences du conflit.<\/b><\/p>\n<p><b>3. Nous conseillons que des mesures cons\u00e9quentes soient prises pour promouvoir la r\u00e9conciliation, apporter reconnaissance, compensation et assistance \u00e0 toutes les victimes, reconna\u00eetre le tort qui a \u00e9t\u00e9 caus\u00e9 et tenter de soigner les plaies, au niveau des individus comme de la soci\u00e9t\u00e9.<\/b><\/p>\n<p><b>4. De notre exp\u00e9rience dans la r\u00e9solution de conflits, il y a souvent d\u2019autres sujets qui, s\u2019ils sont abord\u00e9s, peuvent aider \u00e0 atteindre une paix durable. Nous sugg\u00e9rons que les repr\u00e9sentants politiques et acteurs non-violents se rencontrent pour discuter des questions politiques et, en consultation avec la population, de tout autre sujet qui pourrait contribuer \u00e0 cr\u00e9er une nouvelle \u00e8re pacifique. De notre exp\u00e9rience, les observateurs tiers ou les m\u00e9diateurs facilitent un tel dialogue. Ici, le dialogue pourrait, si les personnes impliqu\u00e9es le souhaitent, \u00eatre accompagn\u00e9 par des m\u00e9diateurs internationaux.<\/b><\/p>\n<p><b>5. Nous sommes dispos\u00e9s \u00e0 constituer un comit\u00e9 pour accompagner la mise en \u0153uvre de ces recommandations.\u00a0\u00bb<\/b><\/p>\n<p style=\"text-align: right;\">San Sebastian<\/p>\n<p style=\"text-align: right;\">17 octobre 2011<\/p>\n<p>&nbsp;<\/p>\n","protected":false},"excerpt":{"rendered":"<p>&nbsp; \u00ab\u00a0Nous sommes venus au Pays Basque aujourd&rsquo;hui car nous croyons qu&rsquo;il est temps et aussi qu&rsquo;il est possible de mettre un terme \u00e0 la derni\u00e8re confrontation arm\u00e9e d&rsquo;Europe. Nous croyons que ce but peut maintenant \u00eatre atteint, avec le soutien des citoyens et de leurs repr\u00e9sentants politiques, ainsi que&#8230;<\/p>\n","protected":false},"author":1,"featured_media":0,"parent":0,"menu_order":0,"comment_status":"closed","ping_status":"open","template":"","meta":{"footnotes":""},"_links":{"self":[{"href":"https:\/\/www.bakebidea.com\/index.php?rest_route=\/wp\/v2\/pages\/667"}],"collection":[{"href":"https:\/\/www.bakebidea.com\/index.php?rest_route=\/wp\/v2\/pages"}],"about":[{"href":"https:\/\/www.bakebidea.com\/index.php?rest_route=\/wp\/v2\/types\/page"}],"author":[{"embeddable":true,"href":"https:\/\/www.bakebidea.com\/index.php?rest_route=\/wp\/v2\/users\/1"}],"replies":[{"embeddable":true,"href":"https:\/\/www.bakebidea.com\/index.php?rest_route=%2Fwp%2Fv2%2Fcomments&post=667"}],"version-history":[{"count":4,"href":"https:\/\/www.bakebidea.com\/index.php?rest_route=\/wp\/v2\/pages\/667\/revisions"}],"predecessor-version":[{"id":1653,"href":"https:\/\/www.bakebidea.com\/index.php?rest_route=\/wp\/v2\/pages\/667\/revisions\/1653"}],"wp:attachment":[{"href":"https:\/\/www.bakebidea.com\/index.php?rest_route=%2Fwp%2Fv2%2Fmedia&parent=667"}],"curies":[{"name":"wp","href":"https:\/\/api.w.org\/{rel}","templated":true}]}}