{"id":638,"date":"2014-01-20T11:00:19","date_gmt":"2014-01-20T10:00:19","guid":{"rendered":"https:\/\/www.bakebidea.com\/?page_id=638"},"modified":"2014-10-27T10:38:06","modified_gmt":"2014-10-27T09:38:06","slug":"declaration-de-bayonne","status":"publish","type":"page","link":"https:\/\/www.bakebidea.com\/?page_id=638","title":{"rendered":"D\u00e9claration de Bayonne 2012"},"content":{"rendered":"<p><span style=\"color: #000000;\">Voici ci-dessous la <b>D\u00e9claration commune des participants d\u2019Iparralde (Pays Basque Nord) au Forum d\u2019Aiete<\/b>.<\/span><\/p>\n<p><span style=\"color: #000000;\">Cette d\u00e9claration a \u00e9t\u00e9 lue lors de la derni\u00e8re table ronde du Forum pour la Paix qui a eu lieu le 15 d\u00e9cembre \u00e0 Bayonne.<\/span><\/p>\n<p align=\"center\"><span style=\"color: #000000;\">Les signataires de cette d\u00e9claration sont:<\/span><\/p>\n<p align=\"center\"><span style=\"color: #000000;\"><b>Max Brisson<\/b><\/span><\/p>\n<p align=\"center\"><span style=\"color: #000000;\"><b>Fr\u00e9d\u00e9rique Espagnac<\/b><\/span><\/p>\n<p align=\"center\"><span style=\"color: #000000;\"><b>Jean-Jacques Lasserre<\/b><\/span><\/p>\n<p align=\"center\"><span style=\"color: #000000;\"><b>Kotte Ecenarro<\/b><\/span><\/p>\n<p align=\"center\"><span style=\"color: #000000;\"><b>Jean Ren\u00e9 Etchegaray<\/b><\/span><\/p>\n<p align=\"center\"><span style=\"color: #000000;\"><b>Michel Larralde<\/b><\/span><\/p>\n<p align=\"center\"><span style=\"color: #000000;\"><b>Xabi Larralde<\/b><\/span><\/p>\n<p align=\"center\"><span style=\"color: #000000;\"><b>Jakes Bortayrou<\/b><\/span><\/p>\n<p align=\"center\"><b><span style=\"color: #000000;\">Jean Lissar<\/span><\/b><\/p>\n<p><b><span style=\"color: #000000;\">\u00a0<\/span><\/b><\/p>\n<p><b><span style=\"color: #000000;\">\u00a0<\/span><\/b><\/p>\n<p align=\"center\"><span style=\"color: #000000;\"><b><span style=\"text-decoration: underline;\">D\u00e9claration commune des participants d\u2019Iparralde (Pays Basque Nord) au Forum d\u2019Aiete<\/span><\/b><span style=\"text-decoration: underline;\">.<\/span><\/span><\/p>\n<p><b><span style=\"color: #000000;\">\u00a0<\/span><\/b><\/p>\n<p style=\"text-align: justify;\"><span style=\"color: #000000;\">\u00a0<\/span><\/p>\n<p style=\"text-align: justify;\"><span style=\"color: #000000;\"><b>Il y a un an nous avons particip\u00e9 \u00e0 la Conf\u00e9rence de Paix qui s\u2019est d\u00e9roul\u00e9 au Palais d\u2019Aiete \u00e0 St S\u00e9bastien. <\/b><\/span><\/p>\n<p style=\"text-align: justify;\"><span style=\"color: #000000;\"><b>Un an apr\u00e8s, nous tenons \u00e0 r\u00e9it\u00e9rer notre engagement en faveur du processus de Paix en Pays Basque.<\/b><\/span><\/p>\n<p style=\"text-align: justify;\"><span style=\"color: #000000;\"><b>Nous r\u00e9affirmons aussi notre adh\u00e9sion aux quatre points de la d\u00e9claration d\u2019Aiete : <\/b><\/span><\/p>\n<p style=\"text-align: justify;\"><span style=\"color: #000000;\">1- <i>Nous invitons l\u2019ETA \u00e0 d\u00e9clarer publiquement l\u2019arr\u00eat d\u00e9finitif de toute action arm\u00e9e et \u00e0 solliciter le dialogue avec les gouvernements d\u2019Espagne et de France pour aborder exclusivement les cons\u00e9quences du conflit.<\/i><\/span><\/p>\n<p style=\"text-align: justify;\"><span style=\"color: #000000;\">2- <i>Si une telle d\u00e9claration est faite, nous encourageons vivement les gouvernements d\u2019Espagne et de France \u00e0 bien l\u2019accueillir et \u00e0 consentir \u00e0 l\u2019ouverture d\u2019un dialogue traitant exclusivement des cons\u00e9quences du conflit\u201d.<\/i><\/span><\/p>\n<p style=\"text-align: justify;\"><span style=\"color: #000000;\"><i>3- Nous conseillons que des mesures cons\u00e9quentes soient prises pour promouvoir la r\u00e9conciliation, apporter reconnaissance, compensation et assistance \u00e0 toutes les victimes, reconna\u00eetre le tort qui a \u00e9t\u00e9 caus\u00e9 et tenter de soigner les plaies, au niveau des individus comme de la soci\u00e9t\u00e9<\/i><\/span><\/p>\n<p style=\"text-align: justify;\"><span style=\"color: #000000;\"><i>4- De notre exp\u00e9rience dans la r\u00e9solution de conflits, il y a souvent d\u2019autres sujets qui, s\u2019ils sont abord\u00e9s, peuvent aider \u00e0 atteindre une paix durable. Nous sugg\u00e9rons que les repr\u00e9sentants politiques et acteurs non-violents se rencontrent pour discuter des questions politiques et, en concertation avec la population, de tout autre sujet qui pourrait contribuer \u00e0 cr\u00e9er une nouvelle \u00e8re pacifique. De notre exp\u00e9rience, les observateurs tiers ou les m\u00e9diateurs facilitent un tel dialogue. Ici, le dialogue pourrait, si les personnes impliqu\u00e9es le souhaitent, \u00eatre accompagn\u00e9 par des m\u00e9diateurs internationaux\u201d.<\/i><\/span><\/p>\n<p style=\"text-align: justify;\">\n<p style=\"text-align: justify;\"><span style=\"color: #000000;\"><b>Suite \u00e0 la mise en \u0153uvre du premier point de la d\u00e9claration d\u2019Aiete, il nous semble important que le processus de Paix en Pays Basque puisse aller de l\u2019avant, en particulier, par des avanc\u00e9es dans les aspects li\u00e9s aux cons\u00e9quences du conflit.<\/b><\/span><\/p>\n<p style=\"text-align: justify;\"><span style=\"color: #000000;\"><b>En ce qui nous concerne, et m\u00eame si notre contribution ne peut \u00eatre que modeste, nous voulons faire savoir que nous sommes dispos\u00e9s \u00e0 participer \u00e0 la mise en \u0153uvre du quatri\u00e8me point de la d\u00e9claration d\u2019Aiete et \u00e0 entamer entre les acteurs politiques du Pays Basque ayant particip\u00e9 \u00e0 la Conf\u00e9rence un dialogue autour des questions pouvant favoriser des avanc\u00e9es dans le processus de paix. <\/b><\/span><\/p>\n<p style=\"text-align: justify;\"><span style=\"color: #000000;\"><b>Pour ce qui est de cette partie-ci du Pays Basque, l\u2019actualit\u00e9 politique de ces derni\u00e8res semaines a situ\u00e9 au c\u0153ur des d\u00e9bats les \u00e9l\u00e9ments suivants :<\/b><\/span><\/p>\n<ul>\n<li style=\"text-align: justify;\"><span style=\"color: #000000;\">\u00b7\u00a0\u00a0\u00a0\u00a0 <b>La n\u00e9cessit\u00e9 d\u2019un dialogue entre, d\u2019une part, les gouvernements espagnols et fran\u00e7ais et, d\u2019autre part, des repr\u00e9sentants de l\u2019ETA sur les questions du d\u00e9sarmement et des cons\u00e9quences du conflit, suite \u00e0 l\u2019arr\u00eat d\u00e9finitif de toute action arm\u00e9e annonc\u00e9 par l\u2019ETA aux lendemains de la Conf\u00e9rence d\u2019Aiete, et effectivement suivi d\u2019effet.<\/b><\/span><\/li>\n<li style=\"text-align: justify;\"><span style=\"color: #000000;\">\u00b7\u00a0\u00a0\u00a0\u00a0 <b>La n\u00e9cessit\u00e9 que soient reconnues toutes les victimes du conflit et leur souffrance.<\/b><\/span><\/li>\n<li style=\"text-align: justify;\"><span style=\"color: #000000;\">\u00b7\u00a0\u00a0\u00a0\u00a0 <b>Le probl\u00e8me que suscite le maintien en application de proc\u00e9dures juridiques comme le mandat d\u2019arr\u00eat europ\u00e9en dont a fait l\u2019objet Aurore Martin.<\/b><\/span><\/li>\n<li style=\"text-align: justify;\"><span style=\"color: #000000;\">\u00b7\u00a0\u00a0\u00a0\u00a0 <b>La situation des prisonniers issus du conflit basque et la requ\u00eate exprim\u00e9e \u00e0 l\u2019occasion de la manifestation du 10 novembre pour qu\u2019ils puissent b\u00e9n\u00e9ficier de dispositions \u00e9tablies par la loi fran\u00e7aise telles que le rapprochement ou les mesures de libert\u00e9s conditionnelles.<\/b><\/span><\/li>\n<li style=\"text-align: justify;\"><span style=\"color: #000000;\">\u00b7\u00a0\u00a0\u00a0\u00a0 <b>La question des personnes qui ont \u00e9t\u00e9 oblig\u00e9es de s\u2019exiler de leurs domiciles \u00e0 cause du conflit, et qui r\u00e9clament le droit \u00e0 recouvrer une vie normalis\u00e9e au sein de la soci\u00e9t\u00e9 basque.<\/b><\/span><\/li>\n<li style=\"text-align: justify;\"><span style=\"color: #000000;\">\u00b7\u00a0\u00a0\u00a0\u00a0 <b>En tant que participants \u00e0 la Conf\u00e9rence d\u2019Aiete, nous r\u00e9affirmons que la r\u00e9solution de ces questions et la mise en \u0153uvre d\u2019un dialogue \u00e0 l\u2019\u00e9chelle de l\u2019ensemble du Pays Basque est n\u00e9cessaire et qu\u2019elle doit b\u00e9n\u00e9ficier de l\u2019aide de m\u00e9diateurs internationaux.<\/b><\/span><\/li>\n<\/ul>\n<p><span style=\"color: #000000; font-family: Lucida Sans Unicode; font-size: medium;\">\u00a0<\/span><\/p>\n","protected":false},"excerpt":{"rendered":"<p>Voici ci-dessous la D\u00e9claration commune des participants d\u2019Iparralde (Pays Basque Nord) au Forum d\u2019Aiete. Cette d\u00e9claration a \u00e9t\u00e9 lue lors de la derni\u00e8re table ronde du Forum pour la Paix qui a eu lieu le 15 d\u00e9cembre \u00e0 Bayonne. Les signataires de cette d\u00e9claration sont: Max Brisson Fr\u00e9d\u00e9rique Espagnac Jean-Jacques&#8230;<\/p>\n","protected":false},"author":1,"featured_media":0,"parent":0,"menu_order":0,"comment_status":"open","ping_status":"closed","template":"","meta":{"footnotes":""},"_links":{"self":[{"href":"https:\/\/www.bakebidea.com\/index.php?rest_route=\/wp\/v2\/pages\/638"}],"collection":[{"href":"https:\/\/www.bakebidea.com\/index.php?rest_route=\/wp\/v2\/pages"}],"about":[{"href":"https:\/\/www.bakebidea.com\/index.php?rest_route=\/wp\/v2\/types\/page"}],"author":[{"embeddable":true,"href":"https:\/\/www.bakebidea.com\/index.php?rest_route=\/wp\/v2\/users\/1"}],"replies":[{"embeddable":true,"href":"https:\/\/www.bakebidea.com\/index.php?rest_route=%2Fwp%2Fv2%2Fcomments&post=638"}],"version-history":[{"count":2,"href":"https:\/\/www.bakebidea.com\/index.php?rest_route=\/wp\/v2\/pages\/638\/revisions"}],"predecessor-version":[{"id":1503,"href":"https:\/\/www.bakebidea.com\/index.php?rest_route=\/wp\/v2\/pages\/638\/revisions\/1503"}],"wp:attachment":[{"href":"https:\/\/www.bakebidea.com\/index.php?rest_route=%2Fwp%2Fv2%2Fmedia&parent=638"}],"curies":[{"name":"wp","href":"https:\/\/api.w.org\/{rel}","templated":true}]}}