{"id":5939,"date":"2022-06-07T09:59:25","date_gmt":"2022-06-07T07:59:25","guid":{"rendered":"https:\/\/www.bakebidea.com\/?page_id=5939"},"modified":"2022-06-07T10:07:30","modified_gmt":"2022-06-07T08:07:30","slug":"phase-de-mobilisation","status":"publish","type":"page","link":"https:\/\/www.bakebidea.com\/?page_id=5939","title":{"rendered":"Phase de Mobilisation"},"content":{"rendered":"\n<figure class=\"wp-block-image size-large is-resized\"><a href=\"https:\/\/www.bakebidea.com\/wp-content\/uploads\/2022\/06\/ekintzaileak.jpg\"><img loading=\"lazy\" decoding=\"async\" src=\"https:\/\/www.bakebidea.com\/wp-content\/uploads\/2022\/06\/ekintzaileak-1024x683.jpg\" alt=\"\" class=\"wp-image-5940\" width=\"839\" height=\"559\" srcset=\"https:\/\/www.bakebidea.com\/wp-content\/uploads\/2022\/06\/ekintzaileak-1024x683.jpg 1024w, https:\/\/www.bakebidea.com\/wp-content\/uploads\/2022\/06\/ekintzaileak-300x200.jpg 300w, https:\/\/www.bakebidea.com\/wp-content\/uploads\/2022\/06\/ekintzaileak-768x512.jpg 768w, https:\/\/www.bakebidea.com\/wp-content\/uploads\/2022\/06\/ekintzaileak-1536x1024.jpg 1536w, https:\/\/www.bakebidea.com\/wp-content\/uploads\/2022\/06\/ekintzaileak.jpg 2048w\" sizes=\"(max-width: 839px) 100vw, 839px\" \/><\/a><\/figure>\n\n\n\n<h2 align=\"justify\"><strong>Nouvelle phase de Mobilisation<\/strong><\/h2>\n<p align=\"justify\"><span style=\"font-family: Times New Roman, serif;\"><span style=\"font-size: medium;\">Nous nous trouvons confront\u00e9s \u00e0 une phase d\u2019enlisement du processus de paix qui, malgr\u00e9 des avanc\u00e9es notables et significatives, bute sur la question des prisonnier.e.s.<\/span><\/span><\/p>\n<p align=\"justify\"><span style=\"font-family: Times New Roman, serif;\"><span style=\"font-size: medium;\">Le sort des deux plus anciens prisonniers d\u2019ETA, Jakes Esnal et Ion Parot (condamn\u00e9s \u00e0 la r\u00e9clusion perp\u00e9tuelle en avril 1990) en est l\u2019illustration parfaite. En effet, ces d\u00e9tenus, \u00e2g\u00e9s de plus de 71 ans, ont entam\u00e9 leur 32<\/span><sup><span style=\"font-size: medium;\">e<\/span><\/sup><span style=\"font-size: medium;\"> ann\u00e9e de r\u00e9clusion en avril 2022. Les juges d\u2019application des peines sont favorables \u00e0 leur lib\u00e9ration conditionnelle. Mais le PNAT en faisant appel de ces d\u00e9cisions, s\u2019est syst\u00e9matiquement oppos\u00e9 \u00e0 leur sortie et leur r\u00e9insertion, faisant resurgir ainsi une peine de mort travestie en emprisonnement jusqu\u2019en fin de vie. <\/span><\/span><\/p>\n<p><span style=\"font-family: Times New Roman, serif;\"><span style=\"font-size: medium;\">Cette situation de blocage suscite une impatience grandissante en Pays Basque nord. Pourquoi les paroles exprim\u00e9es par le Pr\u00e9sident de la R\u00e9publique n&rsquo;ont-elles pas \u00e9t\u00e9 traduites par l&rsquo;application d&rsquo;une nouvelle politique p\u00e9nale\u00a0? Nous savons que s&rsquo;il n&rsquo;est pas officiellement possible d&rsquo;intervenir sur des dossiers individuels, il est possible de donner des directives sur une situation g\u00e9n\u00e9rale qui a \u00e9volu\u00e9 radicalement et positivement, et dont il faut tenir compte.<\/span><\/span><\/p>\n<p align=\"justify\"><span style=\"font-family: Times New Roman, serif;\"><span style=\"font-size: medium;\">Alors qu\u2019aucun changement ne semble pointer de Paris, dans le m\u00eame temps, des mouvements r\u00e9cents ont \u00e9t\u00e9 observ\u00e9s \u00e0 Madrid. Les rapprochements de plus d\u2019une centaine de prisonnier.e.s vers le Pays Basque et l\u2019\u00e9volution des statuts (ou \u00ab grades \u00bb) attribu\u00e9s aux prisonnier.e.s, laissent entrevoir de nouvelles perspectives. <\/span><\/span><\/p>\n<p align=\"justify\"><span style=\"font-family: Times New Roman, serif;\"><span style=\"font-size: medium;\">Face au sentiment d\u2019indiff\u00e9rence de la part de l\u2019Etat \u00e0 l\u2019\u00e9gard de la r\u00e9solution de la question des prisonnier.e.s, \u00e9tape incontournable \u00e0 la poursuite du processus, les Artisans de la Paix et Bake Bidea ont lanc\u00e9 d\u00e8s le 8 janvier 2022, une phase nouvelle dont l\u2019objectif est de provoquer dans les plus brefs d\u00e9lais la lib\u00e9ration de Jon Parot et Jakes Esnal et de trouver \u00e0 terme une solution pour l&rsquo;ensemble des prisonniers en France et en Espagne, notamment Unai Parot, d\u00e9tenu en Espagne.<\/span><\/span><\/p>\n<p align=\"justify\"><span style=\"font-family: Times New Roman, serif;\"><span style=\"font-size: medium;\">Cette phase nouvelle est marqu\u00e9e par une suite d\u2019actions plus fortes, plus d\u00e9termin\u00e9es, spectaculaires dont la graduation peut aller jusqu\u2019\u00e0 la d\u00e9sob\u00e9issance civile avec ses caract\u00e9ristiques\u00a0: c\u2019est un acte personnel et responsable mais r\u00e9alis\u00e9 dans un collectif, de mani\u00e8re publique, assum\u00e9e, transparente et non-violente, dans le respect de chacun.e et le souci de la d\u00e9mocratie. Il s\u2019agit de faire entendre au plus haut niveau de l\u2019\u00c9tat la voix de la soci\u00e9t\u00e9 basque dans cette s\u00e9quence d\u2019\u00e9lections l\u00e9gislatives \u00e0 venir.<\/span><\/span><\/p>\n<p align=\"justify\"><span style=\"font-family: Times New Roman, serif;\"><span style=\"font-size: medium;\">Ensemble, les \u00e9lu.e.s, les Organisations, les militant.e.s associatifs ont toujours t\u00e9moign\u00e9 de leur souci \u00e0 valoriser ce qui les r\u00e9unit plut\u00f4t que ce qui les s\u00e9pare. Il ne peut \u00eatre question de laisser aux g\u00e9n\u00e9rations futures la charge de solder ce que nous n\u2019avons pas r\u00e9alis\u00e9 !<\/span><\/span><\/p>\n<p align=\"justify\">\u00a0<\/p>\n\n\n\n<figure class=\"wp-block-gallery columns-3 is-cropped wp-block-gallery-1 is-layout-flex wp-block-gallery-is-layout-flex\"><ul class=\"blocks-gallery-grid\"><li class=\"blocks-gallery-item\"><figure><a href=\"https:\/\/www.bakebidea.com\/wp-content\/uploads\/2022\/06\/auzi-1.jpg\"><img loading=\"lazy\" decoding=\"async\" width=\"1024\" height=\"766\" src=\"https:\/\/www.bakebidea.com\/wp-content\/uploads\/2022\/06\/auzi-1-1024x766.jpg\" alt=\"\" data-id=\"5942\" data-full-url=\"https:\/\/www.bakebidea.com\/wp-content\/uploads\/2022\/06\/auzi-1.jpg\" data-link=\"https:\/\/www.bakebidea.com\/?attachment_id=5942\" class=\"wp-image-5942\" srcset=\"https:\/\/www.bakebidea.com\/wp-content\/uploads\/2022\/06\/auzi-1-1024x766.jpg 1024w, https:\/\/www.bakebidea.com\/wp-content\/uploads\/2022\/06\/auzi-1-300x224.jpg 300w, https:\/\/www.bakebidea.com\/wp-content\/uploads\/2022\/06\/auzi-1-768x575.jpg 768w, https:\/\/www.bakebidea.com\/wp-content\/uploads\/2022\/06\/auzi-1-1536x1149.jpg 1536w, https:\/\/www.bakebidea.com\/wp-content\/uploads\/2022\/06\/auzi-1.jpg 2048w\" sizes=\"(max-width: 1024px) 100vw, 1024px\" \/><\/a><figcaption class=\"blocks-gallery-item__caption\">Occupation Palais de Justice Bayonne 20 mai 2022<\/figcaption><\/figure><\/li><li class=\"blocks-gallery-item\"><figure><a href=\"https:\/\/www.bakebidea.com\/wp-content\/uploads\/2022\/06\/auzi-2.jpg\"><img loading=\"lazy\" decoding=\"async\" width=\"1024\" height=\"766\" src=\"https:\/\/www.bakebidea.com\/wp-content\/uploads\/2022\/06\/auzi-2-1024x766.jpg\" alt=\"\" data-id=\"5943\" data-full-url=\"https:\/\/www.bakebidea.com\/wp-content\/uploads\/2022\/06\/auzi-2.jpg\" data-link=\"https:\/\/www.bakebidea.com\/?attachment_id=5943\" class=\"wp-image-5943\" srcset=\"https:\/\/www.bakebidea.com\/wp-content\/uploads\/2022\/06\/auzi-2-1024x766.jpg 1024w, https:\/\/www.bakebidea.com\/wp-content\/uploads\/2022\/06\/auzi-2-300x224.jpg 300w, https:\/\/www.bakebidea.com\/wp-content\/uploads\/2022\/06\/auzi-2-768x575.jpg 768w, https:\/\/www.bakebidea.com\/wp-content\/uploads\/2022\/06\/auzi-2-1536x1149.jpg 1536w, https:\/\/www.bakebidea.com\/wp-content\/uploads\/2022\/06\/auzi-2.jpg 2048w\" sizes=\"(max-width: 1024px) 100vw, 1024px\" \/><\/a><figcaption class=\"blocks-gallery-item__caption\">Occupation Palais de Justice Bayonne 20 mai 2022<\/figcaption><\/figure><\/li><li class=\"blocks-gallery-item\"><figure><a href=\"https:\/\/www.bakebidea.com\/wp-content\/uploads\/2022\/06\/auzi-3.jpg\"><img loading=\"lazy\" decoding=\"async\" width=\"766\" height=\"1024\" src=\"https:\/\/www.bakebidea.com\/wp-content\/uploads\/2022\/06\/auzi-3-766x1024.jpg\" alt=\"\" data-id=\"5944\" data-full-url=\"https:\/\/www.bakebidea.com\/wp-content\/uploads\/2022\/06\/auzi-3.jpg\" data-link=\"https:\/\/www.bakebidea.com\/?attachment_id=5944\" class=\"wp-image-5944\" srcset=\"https:\/\/www.bakebidea.com\/wp-content\/uploads\/2022\/06\/auzi-3-766x1024.jpg 766w, https:\/\/www.bakebidea.com\/wp-content\/uploads\/2022\/06\/auzi-3-224x300.jpg 224w, https:\/\/www.bakebidea.com\/wp-content\/uploads\/2022\/06\/auzi-3-768x1027.jpg 768w, https:\/\/www.bakebidea.com\/wp-content\/uploads\/2022\/06\/auzi-3-1149x1536.jpg 1149w, https:\/\/www.bakebidea.com\/wp-content\/uploads\/2022\/06\/auzi-3.jpg 1532w\" sizes=\"(max-width: 766px) 100vw, 766px\" \/><\/a><figcaption class=\"blocks-gallery-item__caption\">Occupation Palais de Justice Bayonne 20 mai 2022<\/figcaption><\/figure><\/li><li class=\"blocks-gallery-item\"><figure><a href=\"https:\/\/www.bakebidea.com\/wp-content\/uploads\/2022\/06\/auzi-4.jpg\"><img loading=\"lazy\" decoding=\"async\" width=\"1024\" height=\"766\" src=\"https:\/\/www.bakebidea.com\/wp-content\/uploads\/2022\/06\/auzi-4-1024x766.jpg\" alt=\"\" data-id=\"5945\" data-full-url=\"https:\/\/www.bakebidea.com\/wp-content\/uploads\/2022\/06\/auzi-4.jpg\" data-link=\"https:\/\/www.bakebidea.com\/?attachment_id=5945\" class=\"wp-image-5945\" srcset=\"https:\/\/www.bakebidea.com\/wp-content\/uploads\/2022\/06\/auzi-4-1024x766.jpg 1024w, https:\/\/www.bakebidea.com\/wp-content\/uploads\/2022\/06\/auzi-4-300x224.jpg 300w, https:\/\/www.bakebidea.com\/wp-content\/uploads\/2022\/06\/auzi-4-768x574.jpg 768w, https:\/\/www.bakebidea.com\/wp-content\/uploads\/2022\/06\/auzi-4.jpg 1280w\" sizes=\"(max-width: 1024px) 100vw, 1024px\" \/><\/a><figcaption class=\"blocks-gallery-item__caption\">Occupation Palais de Justice Bayonne 20 mars 2022<\/figcaption><\/figure><\/li><li class=\"blocks-gallery-item\"><figure><a href=\"https:\/\/www.bakebidea.com\/wp-content\/uploads\/2022\/06\/DL-elgarretaratzea.jpg\"><img loading=\"lazy\" decoding=\"async\" width=\"1024\" height=\"766\" src=\"https:\/\/www.bakebidea.com\/wp-content\/uploads\/2022\/06\/DL-elgarretaratzea-1024x766.jpg\" alt=\"\" data-id=\"5946\" data-full-url=\"https:\/\/www.bakebidea.com\/wp-content\/uploads\/2022\/06\/DL-elgarretaratzea.jpg\" data-link=\"https:\/\/www.bakebidea.com\/?attachment_id=5946\" class=\"wp-image-5946\" srcset=\"https:\/\/www.bakebidea.com\/wp-content\/uploads\/2022\/06\/DL-elgarretaratzea-1024x766.jpg 1024w, https:\/\/www.bakebidea.com\/wp-content\/uploads\/2022\/06\/DL-elgarretaratzea-300x224.jpg 300w, https:\/\/www.bakebidea.com\/wp-content\/uploads\/2022\/06\/DL-elgarretaratzea-768x575.jpg 768w, https:\/\/www.bakebidea.com\/wp-content\/uploads\/2022\/06\/DL-elgarretaratzea-1536x1149.jpg 1536w, https:\/\/www.bakebidea.com\/wp-content\/uploads\/2022\/06\/DL-elgarretaratzea.jpg 2048w\" sizes=\"(max-width: 1024px) 100vw, 1024px\" \/><\/a><figcaption class=\"blocks-gallery-item__caption\">Rassemblement St Jean de Luz 19 mai 2022<\/figcaption><\/figure><\/li><li class=\"blocks-gallery-item\"><figure><a href=\"https:\/\/www.bakebidea.com\/wp-content\/uploads\/2022\/06\/elga-Baiona.jpg\"><img loading=\"lazy\" decoding=\"async\" width=\"1024\" height=\"766\" src=\"https:\/\/www.bakebidea.com\/wp-content\/uploads\/2022\/06\/elga-Baiona-1024x766.jpg\" alt=\"\" data-id=\"5947\" data-full-url=\"https:\/\/www.bakebidea.com\/wp-content\/uploads\/2022\/06\/elga-Baiona.jpg\" data-link=\"https:\/\/www.bakebidea.com\/?attachment_id=5947\" class=\"wp-image-5947\" srcset=\"https:\/\/www.bakebidea.com\/wp-content\/uploads\/2022\/06\/elga-Baiona-1024x766.jpg 1024w, https:\/\/www.bakebidea.com\/wp-content\/uploads\/2022\/06\/elga-Baiona-300x224.jpg 300w, https:\/\/www.bakebidea.com\/wp-content\/uploads\/2022\/06\/elga-Baiona-768x575.jpg 768w, https:\/\/www.bakebidea.com\/wp-content\/uploads\/2022\/06\/elga-Baiona-1536x1149.jpg 1536w, https:\/\/www.bakebidea.com\/wp-content\/uploads\/2022\/06\/elga-Baiona.jpg 2048w\" sizes=\"(max-width: 1024px) 100vw, 1024px\" \/><\/a><figcaption class=\"blocks-gallery-item__caption\">Rassemblement Bayonne 13 mai 2022<\/figcaption><\/figure><\/li><li class=\"blocks-gallery-item\"><figure><a href=\"https:\/\/www.bakebidea.com\/wp-content\/uploads\/2022\/06\/autopista-1.jpg\"><img loading=\"lazy\" decoding=\"async\" width=\"1024\" height=\"576\" src=\"https:\/\/www.bakebidea.com\/wp-content\/uploads\/2022\/06\/autopista-1-1024x576.jpg\" alt=\"\" data-id=\"5941\" data-full-url=\"https:\/\/www.bakebidea.com\/wp-content\/uploads\/2022\/06\/autopista-1.jpg\" data-link=\"https:\/\/www.bakebidea.com\/?attachment_id=5941\" class=\"wp-image-5941\" srcset=\"https:\/\/www.bakebidea.com\/wp-content\/uploads\/2022\/06\/autopista-1-1024x576.jpg 1024w, https:\/\/www.bakebidea.com\/wp-content\/uploads\/2022\/06\/autopista-1-300x169.jpg 300w, https:\/\/www.bakebidea.com\/wp-content\/uploads\/2022\/06\/autopista-1-768x432.jpg 768w, https:\/\/www.bakebidea.com\/wp-content\/uploads\/2022\/06\/autopista-1.jpg 1440w\" sizes=\"(max-width: 1024px) 100vw, 1024px\" \/><\/a><figcaption class=\"blocks-gallery-item__caption\">2 avril 2022 blocage de l&rsquo;autoroute A 63<\/figcaption><\/figure><\/li><li class=\"blocks-gallery-item\"><figure><a href=\"https:\/\/www.bakebidea.com\/wp-content\/uploads\/2022\/06\/IMG_0637-rotated.jpg\"><img loading=\"lazy\" decoding=\"async\" width=\"480\" height=\"720\" src=\"https:\/\/www.bakebidea.com\/wp-content\/uploads\/2022\/06\/IMG_0637-rotated.jpg\" alt=\"\" data-id=\"5948\" data-full-url=\"https:\/\/www.bakebidea.com\/wp-content\/uploads\/2022\/06\/IMG_0637-rotated.jpg\" data-link=\"https:\/\/www.bakebidea.com\/?attachment_id=5948\" class=\"wp-image-5948\" srcset=\"https:\/\/www.bakebidea.com\/wp-content\/uploads\/2022\/06\/IMG_0637-rotated.jpg 480w, https:\/\/www.bakebidea.com\/wp-content\/uploads\/2022\/06\/IMG_0637-200x300.jpg 200w\" sizes=\"(max-width: 480px) 100vw, 480px\" \/><\/a><figcaption class=\"blocks-gallery-item__caption\">Occupation centre des imp\u00f4ts de Biarritz 1er avril 2022<\/figcaption><\/figure><\/li><li class=\"blocks-gallery-item\"><figure><a href=\"https:\/\/www.bakebidea.com\/wp-content\/uploads\/2022\/06\/impots-1.jpg\"><img loading=\"lazy\" decoding=\"async\" width=\"768\" height=\"1024\" src=\"https:\/\/www.bakebidea.com\/wp-content\/uploads\/2022\/06\/impots-1-768x1024.jpg\" alt=\"\" data-id=\"5949\" data-full-url=\"https:\/\/www.bakebidea.com\/wp-content\/uploads\/2022\/06\/impots-1.jpg\" data-link=\"https:\/\/www.bakebidea.com\/?attachment_id=5949\" class=\"wp-image-5949\" srcset=\"https:\/\/www.bakebidea.com\/wp-content\/uploads\/2022\/06\/impots-1-768x1024.jpg 768w, https:\/\/www.bakebidea.com\/wp-content\/uploads\/2022\/06\/impots-1-225x300.jpg 225w, https:\/\/www.bakebidea.com\/wp-content\/uploads\/2022\/06\/impots-1-1152x1536.jpg 1152w, https:\/\/www.bakebidea.com\/wp-content\/uploads\/2022\/06\/impots-1.jpg 1200w\" sizes=\"(max-width: 768px) 100vw, 768px\" \/><\/a><figcaption class=\"blocks-gallery-item__caption\">Occupation centre des imp\u00f4ts de Biarritz 1er avril 2022<\/figcaption><\/figure><\/li><li class=\"blocks-gallery-item\"><figure><a href=\"https:\/\/www.bakebidea.com\/wp-content\/uploads\/2022\/06\/impots-2.jpg\"><img loading=\"lazy\" decoding=\"async\" width=\"720\" height=\"480\" src=\"https:\/\/www.bakebidea.com\/wp-content\/uploads\/2022\/06\/impots-2.jpg\" alt=\"\" data-id=\"5950\" data-full-url=\"https:\/\/www.bakebidea.com\/wp-content\/uploads\/2022\/06\/impots-2.jpg\" data-link=\"https:\/\/www.bakebidea.com\/?attachment_id=5950\" class=\"wp-image-5950\" srcset=\"https:\/\/www.bakebidea.com\/wp-content\/uploads\/2022\/06\/impots-2.jpg 720w, https:\/\/www.bakebidea.com\/wp-content\/uploads\/2022\/06\/impots-2-300x200.jpg 300w\" sizes=\"(max-width: 720px) 100vw, 720px\" \/><\/a><figcaption class=\"blocks-gallery-item__caption\">Occupation centre des imp\u00f4ts de Biarritz 1er avril 2022<\/figcaption><\/figure><\/li><li class=\"blocks-gallery-item\"><figure><a href=\"https:\/\/www.bakebidea.com\/wp-content\/uploads\/2022\/06\/telebista.jpg\"><img loading=\"lazy\" decoding=\"async\" width=\"960\" height=\"960\" src=\"https:\/\/www.bakebidea.com\/wp-content\/uploads\/2022\/06\/telebista.jpg\" alt=\"\" data-id=\"5954\" data-full-url=\"https:\/\/www.bakebidea.com\/wp-content\/uploads\/2022\/06\/telebista.jpg\" data-link=\"https:\/\/www.bakebidea.com\/?attachment_id=5954\" class=\"wp-image-5954\" srcset=\"https:\/\/www.bakebidea.com\/wp-content\/uploads\/2022\/06\/telebista.jpg 960w, https:\/\/www.bakebidea.com\/wp-content\/uploads\/2022\/06\/telebista-300x300.jpg 300w, https:\/\/www.bakebidea.com\/wp-content\/uploads\/2022\/06\/telebista-150x150.jpg 150w, https:\/\/www.bakebidea.com\/wp-content\/uploads\/2022\/06\/telebista-768x768.jpg 768w\" sizes=\"(max-width: 960px) 100vw, 960px\" \/><\/a><figcaption class=\"blocks-gallery-item__caption\">invit\u00e9es surprise sur le JT de FR 2 18 mars 2022 <\/figcaption><\/figure><\/li><li class=\"blocks-gallery-item\"><figure><a href=\"https:\/\/www.bakebidea.com\/wp-content\/uploads\/2022\/06\/sous-pref-2.jpg\"><img loading=\"lazy\" decoding=\"async\" width=\"1024\" height=\"498\" src=\"https:\/\/www.bakebidea.com\/wp-content\/uploads\/2022\/06\/sous-pref-2-1024x498.jpg\" alt=\"\" data-id=\"5951\" data-full-url=\"https:\/\/www.bakebidea.com\/wp-content\/uploads\/2022\/06\/sous-pref-2.jpg\" data-link=\"https:\/\/www.bakebidea.com\/?attachment_id=5951\" class=\"wp-image-5951\" srcset=\"https:\/\/www.bakebidea.com\/wp-content\/uploads\/2022\/06\/sous-pref-2-1024x498.jpg 1024w, https:\/\/www.bakebidea.com\/wp-content\/uploads\/2022\/06\/sous-pref-2-300x146.jpg 300w, https:\/\/www.bakebidea.com\/wp-content\/uploads\/2022\/06\/sous-pref-2-768x373.jpg 768w, https:\/\/www.bakebidea.com\/wp-content\/uploads\/2022\/06\/sous-pref-2.jpg 1280w\" sizes=\"(max-width: 1024px) 100vw, 1024px\" \/><\/a><figcaption class=\"blocks-gallery-item__caption\">Action Sous pr\u00e9fecture de Bayonne 18 f\u00e9vrier 2022<\/figcaption><\/figure><\/li><li class=\"blocks-gallery-item\"><figure><a href=\"https:\/\/www.bakebidea.com\/wp-content\/uploads\/2022\/06\/sous-pref-3.jpg\"><img loading=\"lazy\" decoding=\"async\" width=\"1024\" height=\"683\" src=\"https:\/\/www.bakebidea.com\/wp-content\/uploads\/2022\/06\/sous-pref-3-1024x683.jpg\" alt=\"\" data-id=\"5952\" data-full-url=\"https:\/\/www.bakebidea.com\/wp-content\/uploads\/2022\/06\/sous-pref-3.jpg\" data-link=\"https:\/\/www.bakebidea.com\/?attachment_id=5952\" class=\"wp-image-5952\" srcset=\"https:\/\/www.bakebidea.com\/wp-content\/uploads\/2022\/06\/sous-pref-3-1024x683.jpg 1024w, https:\/\/www.bakebidea.com\/wp-content\/uploads\/2022\/06\/sous-pref-3-300x200.jpg 300w, https:\/\/www.bakebidea.com\/wp-content\/uploads\/2022\/06\/sous-pref-3-768x512.jpg 768w, https:\/\/www.bakebidea.com\/wp-content\/uploads\/2022\/06\/sous-pref-3-1536x1024.jpg 1536w, https:\/\/www.bakebidea.com\/wp-content\/uploads\/2022\/06\/sous-pref-3.jpg 2048w\" sizes=\"(max-width: 1024px) 100vw, 1024px\" \/><\/a><figcaption class=\"blocks-gallery-item__caption\">Action Sous pr\u00e9fecture de Bayonne 18 f\u00e9vrier 2022<\/figcaption><\/figure><\/li><li class=\"blocks-gallery-item\"><figure><a href=\"https:\/\/www.bakebidea.com\/wp-content\/uploads\/2022\/06\/sous-pref.jpg\"><img loading=\"lazy\" decoding=\"async\" width=\"768\" height=\"1024\" src=\"https:\/\/www.bakebidea.com\/wp-content\/uploads\/2022\/06\/sous-pref.jpg\" alt=\"\" data-id=\"5953\" data-full-url=\"https:\/\/www.bakebidea.com\/wp-content\/uploads\/2022\/06\/sous-pref.jpg\" data-link=\"https:\/\/www.bakebidea.com\/?attachment_id=5953\" class=\"wp-image-5953\" srcset=\"https:\/\/www.bakebidea.com\/wp-content\/uploads\/2022\/06\/sous-pref.jpg 768w, https:\/\/www.bakebidea.com\/wp-content\/uploads\/2022\/06\/sous-pref-225x300.jpg 225w\" sizes=\"(max-width: 768px) 100vw, 768px\" \/><\/a><figcaption class=\"blocks-gallery-item__caption\">Action Sous pr\u00e9fecture de Bayonne 18 f\u00e9vrier 2022<\/figcaption><\/figure><\/li><\/ul><\/figure>\n","protected":false},"excerpt":{"rendered":"<p>Nouvelle phase de Mobilisation Nous nous trouvons confront\u00e9s \u00e0 une phase d\u2019enlisement du processus de paix qui, malgr\u00e9 des avanc\u00e9es notables et significatives, bute sur la question des prisonnier.e.s. Le sort des deux plus anciens prisonniers d\u2019ETA, Jakes Esnal et Ion Parot (condamn\u00e9s \u00e0 la r\u00e9clusion perp\u00e9tuelle en avril 1990)&#8230;<\/p>\n","protected":false},"author":1,"featured_media":0,"parent":0,"menu_order":0,"comment_status":"closed","ping_status":"closed","template":"","meta":{"footnotes":""},"_links":{"self":[{"href":"https:\/\/www.bakebidea.com\/index.php?rest_route=\/wp\/v2\/pages\/5939"}],"collection":[{"href":"https:\/\/www.bakebidea.com\/index.php?rest_route=\/wp\/v2\/pages"}],"about":[{"href":"https:\/\/www.bakebidea.com\/index.php?rest_route=\/wp\/v2\/types\/page"}],"author":[{"embeddable":true,"href":"https:\/\/www.bakebidea.com\/index.php?rest_route=\/wp\/v2\/users\/1"}],"replies":[{"embeddable":true,"href":"https:\/\/www.bakebidea.com\/index.php?rest_route=%2Fwp%2Fv2%2Fcomments&post=5939"}],"version-history":[{"count":3,"href":"https:\/\/www.bakebidea.com\/index.php?rest_route=\/wp\/v2\/pages\/5939\/revisions"}],"predecessor-version":[{"id":5959,"href":"https:\/\/www.bakebidea.com\/index.php?rest_route=\/wp\/v2\/pages\/5939\/revisions\/5959"}],"wp:attachment":[{"href":"https:\/\/www.bakebidea.com\/index.php?rest_route=%2Fwp%2Fv2%2Fmedia&parent=5939"}],"curies":[{"name":"wp","href":"https:\/\/api.w.org\/{rel}","templated":true}]}}