{"id":5928,"date":"2022-06-01T11:02:18","date_gmt":"2022-06-01T09:02:18","guid":{"rendered":"https:\/\/www.bakebidea.com\/?page_id=5928"},"modified":"2022-06-07T10:06:45","modified_gmt":"2022-06-07T08:06:45","slug":"5928-2","status":"publish","type":"page","link":"https:\/\/www.bakebidea.com\/?page_id=5928","title":{"rendered":"Artisans page"},"content":{"rendered":"\n\n\n<figure class=\"wp-block-image size-full\"><a href=\"https:\/\/www.bakebidea.com\/wp-content\/uploads\/2022\/06\/nous-sommes.jpg\"><img loading=\"lazy\" decoding=\"async\" width=\"765\" height=\"291\" src=\"https:\/\/www.bakebidea.com\/wp-content\/uploads\/2022\/06\/nous-sommes.jpg\" alt=\"\" class=\"wp-image-5929\" srcset=\"https:\/\/www.bakebidea.com\/wp-content\/uploads\/2022\/06\/nous-sommes.jpg 765w, https:\/\/www.bakebidea.com\/wp-content\/uploads\/2022\/06\/nous-sommes-300x114.jpg 300w\" sizes=\"(max-width: 765px) 100vw, 765px\" \/><\/a><\/figure>\n\n\n\n<div style=\"height:100px\" aria-hidden=\"true\" class=\"wp-block-spacer\"><\/div>\n\n\n\n<h2><strong>Qui sommes nous?<\/strong><\/h2>\n<p><span style=\"font-family: Times New Roman, serif;\">Au lendemain de la conf\u00e9rence d&rsquo;Aiete, la soci\u00e9t\u00e9 civile s&rsquo;organise. Le mouvement civil Bake Bidea (\u00ab\u00a0Le chemin de la Paix\u00a0\u00bb) se constitue et impulse une r\u00e9flexion et une mobilisation permanente autour des enjeux du processus de paix en Pays Basque. Parall\u00e8lement, les \u00e9lu.e.s et\/ou des repr\u00e9sentant.e.s politiques construisent une feuille de route d\u00e9taillant les \u00e9tapes permettant l&rsquo;avancement du processus et l&rsquo;implication de l&rsquo;Etat fran\u00e7ais\u00a0: c&rsquo;est la D\u00e9claration de Bayonne.<\/span><\/p>\n<p><span style=\"font-family: Times New Roman, serif;\">Un consensus transversal se construit dans la majorit\u00e9 du spectre politique et se consolide lors d&rsquo;une conf\u00e9rence humanitaire tenue \u00e0 Paris en juin 2015, en pr\u00e9sence de Michel Joinet, Michel Tubiana, Serge Portelli et Pierre Joxe.<\/span><\/p>\n<p><span style=\"font-family: Times New Roman, serif;\">Malgr\u00e9 la volont\u00e9 affich\u00e9e par ETA d&rsquo;amorcer une n\u00e9gociation sur les cons\u00e9quences du conflit, et celle de la majorit\u00e9 politique et sociale du territoire, aucun pas n&rsquo;est alors franchi par les Etats fran\u00e7ais et espagnols. Le processus s&rsquo;enlise et la non perspective de solutions sur l&rsquo;ensemble des cons\u00e9quences (le processus de d\u00e9sarmement, la d\u00e9mobilisation et la r\u00e9int\u00e9gration de l&rsquo;ETA, les victimes, la m\u00e9moire, la v\u00e9rit\u00e9) mettent en p\u00e9ril sa viabilit\u00e9.<\/span><\/p>\n<p><span style=\"font-family: Times New Roman, serif;\">En cons\u00e9quence, la soci\u00e9t\u00e9 civile prend le processus totalement en main et l&rsquo;ETA d\u00e9l\u00e8gue la responsabilit\u00e9 de son d\u00e9sarmement \u00e0 Michel Berhocoirigoin, Txetx Etcheverry et Michel Tubiana. Le 16 d\u00e9cembre 2016 \u00e0 Louhossoa, alors qu&rsquo;ils s&rsquo;appr\u00eatent \u00e0 amorcer le d\u00e9sarmement d&rsquo;ETA par la neutralisation de son arsenal, Michel Berhocoirigoin et Txetx Etcheverry accompagn\u00e9s de trois autres personnes sont arr\u00eat\u00e9s. Tous sont des personnalit\u00e9s connues au Pays Basque, engag\u00e9es en faveur de la paix. D\u00e8s le lendemain de leur arrestation, une grande manifestation s&rsquo;organise \u00e0 Bayonne, rassemblant des milliers de citoyens et d&rsquo;\u00e9lus. Ils sont lib\u00e9r\u00e9s sous caution au terme de leur garde \u00e0 vue, mais l\u2019\u00e9v\u00e9nement cr\u00e9e un tel choc que la n\u00e9cessit\u00e9 de donner une solution au probl\u00e8me devient plus \u00e9vidente que jamais.<\/span><\/p>\n<p><span style=\"font-family: Times New Roman, serif;\">Avec l&rsquo;appui d&rsquo;une cinquantaine d<span style=\"color: #000000;\">&lsquo;Artisans de la Paix<\/span>, personnalit\u00e9s politiques ou de la soci\u00e9t\u00e9 civile basque, leur initiative se poursuit et se conclue le \u00ab Jour du d\u00e9sarmement \u00bb, le 8 avril 2017 o\u00f9 plus de 20 000 personnes se rassemblent dans les rues de Bayonne, actant par leur pr\u00e9sence leur volont\u00e9 d&rsquo;ouvrir une nouvelle \u00e9tape. Le matin de ce grand rassemblement populaire, les coordonn\u00e9es des caches d&rsquo;armes sont remises aux autorit\u00e9s fran\u00e7aises. La police se rend sur les lieux o\u00f9 les attendent 172 \u00ab t\u00e9moins-observateurs \u00bb repr\u00e9sentant la soci\u00e9t\u00e9 civile. Ce sont ainsi 3,5 tonnes d&rsquo;armes, explosifs et munitions qui sont rendues aux autorit\u00e9s, correspondant \u00e0 la totalit\u00e9 de l&rsquo;arsenal sous contr\u00f4le d&rsquo;ETA selon la Commission Internationale de V\u00e9rification qui validera ainsi le d\u00e9sarmement complet d&rsquo;ETA.<\/span><\/p>\n<p><span style=\"font-family: Times New Roman, serif;\">Depuis, <span style=\"color: #000000;\">Bake Bidea, les Artisans de la Paix et la D\u00e9l\u00e9gation du Pays Basque <\/span>continuent \u00e0 \u0153uvrer sans rel\u00e2che, de mani\u00e8re volontariste et non violente, pour la poursuite du processus de paix en Pays Basque.<\/span><\/p>\n","protected":false},"excerpt":{"rendered":"<p>Qui sommes nous? Au lendemain de la conf\u00e9rence d&rsquo;Aiete, la soci\u00e9t\u00e9 civile s&rsquo;organise. Le mouvement civil Bake Bidea (\u00ab\u00a0Le chemin de la Paix\u00a0\u00bb) se constitue et impulse une r\u00e9flexion et une mobilisation permanente autour des enjeux du processus de paix en Pays Basque. Parall\u00e8lement, les \u00e9lu.e.s et\/ou des repr\u00e9sentant.e.s politiques&#8230;<\/p>\n","protected":false},"author":1,"featured_media":0,"parent":0,"menu_order":0,"comment_status":"closed","ping_status":"closed","template":"","meta":{"footnotes":""},"_links":{"self":[{"href":"https:\/\/www.bakebidea.com\/index.php?rest_route=\/wp\/v2\/pages\/5928"}],"collection":[{"href":"https:\/\/www.bakebidea.com\/index.php?rest_route=\/wp\/v2\/pages"}],"about":[{"href":"https:\/\/www.bakebidea.com\/index.php?rest_route=\/wp\/v2\/types\/page"}],"author":[{"embeddable":true,"href":"https:\/\/www.bakebidea.com\/index.php?rest_route=\/wp\/v2\/users\/1"}],"replies":[{"embeddable":true,"href":"https:\/\/www.bakebidea.com\/index.php?rest_route=%2Fwp%2Fv2%2Fcomments&post=5928"}],"version-history":[{"count":3,"href":"https:\/\/www.bakebidea.com\/index.php?rest_route=\/wp\/v2\/pages\/5928\/revisions"}],"predecessor-version":[{"id":5958,"href":"https:\/\/www.bakebidea.com\/index.php?rest_route=\/wp\/v2\/pages\/5928\/revisions\/5958"}],"wp:attachment":[{"href":"https:\/\/www.bakebidea.com\/index.php?rest_route=%2Fwp%2Fv2%2Fmedia&parent=5928"}],"curies":[{"name":"wp","href":"https:\/\/api.w.org\/{rel}","templated":true}]}}