{"id":5689,"date":"2021-02-10T11:55:52","date_gmt":"2021-02-10T10:55:52","guid":{"rendered":"https:\/\/www.bakebidea.com\/?page_id=5689"},"modified":"2021-02-10T11:55:52","modified_gmt":"2021-02-10T10:55:52","slug":"2021-uratrrilaren-9a-giza-katea-argi-dugu","status":"publish","type":"page","link":"https:\/\/www.bakebidea.com\/?page_id=5689&lang=eu","title":{"rendered":"2021 uratrrilaren 9a Giza Katea ARGI DUGU"},"content":{"rendered":"<h1 style=\"text-align: center;\" align=\"JUSTIFY\"><span style=\"color: #0d6985;\">Argi dugu ! Bakerako bidea : Orain presoak!<\/span><\/h1>\n<h3 style=\"text-align: center;\" align=\"JUSTIFY\"><span style=\"color: #ff9900;\">Giza katea 2021eko urtarrilaren 9a Baiona<\/span><\/h3>\n<h3 style=\"text-align: center;\" align=\"JUSTIFY\"><span style=\"color: #ff9900;\">Bakegileekin antolatua<\/span><\/h3>\n<hr \/>\n<p align=\"JUSTIFY\"><a href=\"http:\/\/www.artisansdelapaix.eus\/eu\/#lg=1&amp;slide=0\">Ikus bideoa<\/a><\/p>\n<p align=\"JUSTIFY\"><span style=\"color: #000000;\"><span style=\"font-family: Arial, sans-serif;\"><span style=\"font-size: medium;\"><u><b>Euskal Presoak : 2000 pertsona Baionako giza katean<\/b><\/u><br \/>\n<\/span><\/span><\/span><\/p>\n<p align=\"JUSTIFY\"><span style=\"color: #000000;\"><span style=\"font-family: Arial, sans-serif;\"><span style=\"font-size: medium;\">Haize eta elurrari aurre eginez, <b>2.000 pertsona bildu<\/b> dira gaur Baionan, Bake Bideak eta Bake Artisauek deiturik, Frantziako gobernuari eskatzeko, Euskal Herriko bake prozesuaren baitan gobernuaren eta Euskal Herriko ordezkaritzaren arteko eztabaida ber-hartu eta azelera dezala. Momentu berean, <b>milaka pertsona bildu dira ere hego Euskal Herriko 240 herritan. <\/b><\/span><\/span><\/span><\/p>\n<p align=\"JUSTIFY\"><span style=\"color: #000000;\"><span style=\"font-family: Arial, sans-serif;\"><span style=\"font-size: medium;\">Baionan, mobilizazioak giza kate argitu baten itsura hartu du. Urtero Baionan eta Bilbon euskal presoen eskubideen aldeko manifestaldiak antolaturik ere, COVID-19aren pandemiaren testuinguruak beste mobilizazio mota batzuk antolatzera eraman gaitu, osasun neurriak eta distantzia soziala errespetatuz eta etxeratze ordutegia kontutan hartuz. <\/span><\/span><\/span><\/p>\n<p align=\"JUSTIFY\"><span style=\"color: #000000;\"><span style=\"font-family: Arial, sans-serif;\"><span style=\"font-size: medium;\">Aitzineko urteetako mobilizazioen gisakoak antolatzeko baldintzak ez izanik ere, 2.000 pertsona bildu dira gaur Errobi bazterrean 2 kilometroko (1m=1pertsona) giza katean. Giza kate honen lema nagusia da\u00a0: <b>Argi Dugu, Bakearen bidean, Orain Presoak<\/b>. <\/span><\/span><\/span><\/p>\n<p align=\"JUSTIFY\"><span style=\"font-family: Arial, sans-serif;\"><span style=\"font-size: medium;\"><span style=\"color: #000000;\">Beste behin ere, larunbat hontan, urtarrilaren 9an, gizarte osoa bere aniztasunean mobilizatu da, kultura eta kirol munduko aktoreak (Amaia Zubeldia, Marine Etchegoyen, Ellande Alfaro, Benat Maitia\u2026), ekonomia munduko aktoreak (merkataritza eta industria ganbera, Lantegiak&#8230;), arlo sozialekoak (LAB, ELB, CGT, CFDT sindikatuko 50 kidetik gora), erlijio mundukoak (izan protestante zein katoliko) eta politikoak (<\/span>Modem, UDI, Europe \u00c9cologies les Verts, Alderdi Sozialista, EAJ, EHBAI, EH BILDU, G\u00e9n\u00e9rations alderdikoak)<span style=\"color: #000000;\">.<\/span><\/span><\/span><\/p>\n<p align=\"JUSTIFY\"><span style=\"font-family: Arial, sans-serif;\"><span style=\"font-size: medium;\"><span style=\"color: #000000;\">Lurralde hontako <b>150 auzapez eta hautetsi baino gehiagok<\/b> parte hartu dute giza kate hontan, Euskal Elkargoko exekutiboko kideek, horietan, presidente eta Baionako auzapez den Jean-Ren\u00e9 Etchegaray, Ren\u00e9e Carrique lehen presidente ordeak, Kotte Ecenarro Hendaiako auzapezak, Isabelle Pargade Hazparnekoak, Eneko Aldana Ziburukoak,<\/span> <span style=\"color: #000000;\">Antton Curutcharry-k, Lurraldeko poloetako ordezkariek&#8230;<\/span><\/span><\/span><\/p>\n<p align=\"JUSTIFY\"><span style=\"color: #000000;\"><span style=\"font-family: Arial, sans-serif;\"><span style=\"font-size: medium;\">Arratsaldeko 6etan hasiera eman zaionean, Baionako karrikak beltzez jantzi dira, <b>puntu txuri argiz osaturiko lerro bati tokia utziz, zuziek argituriko euritako txuriei esker<\/b>. Banderolak hedatuak izan dira arrapelez zubietatik jautsiz, egoera larrienei erreferentzia eginez\u00a0: \u00ab\u00a0Ibon Fernandez eta Juan Cruz Maiza Artola askatu, lib\u00e9rez les prisonniers malades\u00a0\u00bb, Unai, Jakes, Jon Askatu\u00a0\u00bb (30 urtetik gora daramatzate preso), \u00ab\u00a0Mikel Barrios gurekin\u00a0\u00bb (militante hau berriz kartzelatzeko erabakiari erreferentzia eginez), \u00ab\u00a0Etxean nahi ditugu\u00a0\u00bb. Puntu bakoitzean geldirik ziren parte hartzaileek joaldunak ikusi dituzte pasatzen beren ezkil eta zuziekin, <b>aldarrikapenez beteriko momentu ahaztezinean. <\/b><\/span><\/span><\/span><\/p>\n<p align=\"JUSTIFY\"><span style=\"color: #000000;\"><span style=\"font-family: Arial, sans-serif;\"><span style=\"font-size: medium;\">6.15ean, <b>Jean-Fran\u00e7ois Irigoyen-ek<\/b> (Les R\u00e9publicains alderdiko Donibane Lohitzuneko auzapezak) eta <b>Chantal Erguy-k<\/b> (Etiketarik gabeko Aiziritzeko auzapezak) hitza hartu dute hautetsien izenean eta <b>Anaiz Funosas<\/b>, Bake Bideako presidenteak eta <b>Mixel Berhocoirigoin-ek<\/b> Bake Artisauen izenean. <\/span><\/span><\/span><\/p>\n<p align=\"JUSTIFY\"><span style=\"color: #000000;\"><span style=\"font-family: Arial, sans-serif;\"><span style=\"font-size: medium;\">Beren hitz hartzean, Jean-Fran\u00e7ois Irigoyen-ek frantsesez eta Chantal Erguyk euskaraz azken urteetan errepikatzen den eskema juridikoa izan dute kontutan : <\/span><\/span><\/span><\/p>\n<p align=\"JUSTIFY\"><span style=\"font-family: Arial, sans-serif;\"><span style=\"font-size: medium;\"><span style=\"color: #000000;\"><i>\u00ab\u00a0<\/i><\/span><span style=\"color: #000000;\"><span lang=\"eu\"><i>Gaurko egunean begi-bistakoa da Pariseko Dei gorteak sistematikoki ukatu dituela baldintzapeko askatasun edo zigorren baliogabetze guziak larriki eri diren presoentzat <\/i><\/span><\/span><span style=\"color: #000000;\"><i>\u00bb.<\/i><\/span> <\/span><\/span><\/p>\n<p align=\"JUSTIFY\"><span style=\"font-family: Arial, sans-serif;\"><span style=\"font-size: medium;\"><span style=\"color: #000000;\">Behin eta berriz azpimarratu dute, lurralde hontan denek sentitzen dugun frustrazio eta ulertezintasun sentimendua\u00a0: <\/span><span style=\"color: #000000;\"><i>\u00ab\u00a0<\/i><\/span><span style=\"color: #000000;\"><span lang=\"eu\"><i>Azken finean, Ministerio publikoak sistematikoki dei egin du Pariseko gorteen erabakiei, lehen graduko epaileek presoen askatzearen deliberoa Euskal Herrian den bake prozesuarekin justifikatzen zutelarik<\/i><\/span><\/span><span style=\"color: #000000;\"><i>\u00a0\u00bb.<\/i><\/span><\/span><\/span><\/p>\n<p align=\"JUSTIFY\"><span style=\"font-family: Arial, sans-serif;\"><span style=\"font-size: medium;\"><span style=\"color: #000000;\">Esperantza bat sortu dela oroitarazi dute ondotik, ziklo bat pitzatu dela adieraziz\u00a0: <\/span><span style=\"color: #000000;\"><i>\u00ab\u00a0<\/i><\/span><span style=\"color: #000000;\"><span lang=\"eu\"><i>Pariseko dei auzitegiaren 2020ko urriaren 27ko erabakiarekin, esperantza bat piztu da. Erabaki horrek, Fr\u00e9d\u00e9ric Xistor Harambouren baldintzapeko askatasuna berretsi du. 30 urteko kartzelaldiaren ondotik, zaintza elektronikopean atera ahal izan da<\/i><\/span><\/span><span style=\"color: #000000;\"><i>\u00a0\u00bb.<\/i><\/span><span style=\"color: #000000;\"> Eta oroitarazi dute ere bi presok 30 daramatzatela preso, <\/span><span style=\"color: #000000;\"><i>\u00ab\u00a0<\/i><\/span><span style=\"color: #000000;\"><span lang=\"eu\"><i>Baina 1990tik preso diren <\/i><\/span><\/span><span style=\"color: #000000;\"><span lang=\"eu\"><i>Jakes Esnal eta Ion Kepa Parot presoek oraindik haien askatzea itxoiten dute, behin eta berriz galdetu ondoren auzitegi berdinak ukatu ondoren<\/i><\/span><\/span><span style=\"color: #000000;\"><i>\u00bb<\/i><\/span><span style=\"color: #000000;\">. <\/span><\/span><\/span><\/p>\n<p align=\"JUSTIFY\"><span style=\"font-family: Arial, sans-serif;\"><span style=\"font-size: medium;\"><span style=\"color: #000000;\">Gizarte zibilak bere aniztasunean eta tokiko hautetsiek ere bat egiten dutela aldarrikapen hauekin oroitarazi dute\u00a0: <\/span><span style=\"color: #000000;\"><i>\u00ab\u00a0<\/i><\/span><span style=\"color: #000000;\"><span lang=\"eu\"><i>Euskal hirigune elkargoak gehiengo zabal batean bozkatu du gaurko mobilizazioaren sustengu mozioa. Euskal Herrian indarrean den dinamikarekiko axolagabekeriarekin gelditzea galdetzen dio Gobernuari<\/i><\/span><\/span><span style=\"color: #000000;\"><i>\u00a0\u00bb.<\/i><\/span><\/span><\/span><\/p>\n<p align=\"JUSTIFY\"><span style=\"font-family: Arial, sans-serif;\"><span style=\"font-size: medium;\"><span style=\"color: #000000;\">Azkenik, beren hitz-hartzea bukatu dute berretsiz <\/span><span style=\"color: #000000;\"><i>\u00ab\u00a0<\/i><\/span><span style=\"color: #000000;\"><span lang=\"eu\"><i>Bakerantz garamatzan bidea, presoen egoeraren konponbidetik pasatzen da; Euskal Herrian hala da, baina hala izan da ere mundu mailan gaindituak izan diren beste gatazketan ere. Etorkizun komun bat eraikitzeko gogoa, zilegia den iraganeko sufrimendua baino azkarragoa izan behar da. Presoen berehalako egoera perspektiba aldaketa erradikal horren osagai azkarra da. Gobernatzen gaituztenak konbentzitu beharko ditugu behin betiko bakearen aldeko aldarrikapena zilegia dela<\/i><\/span><\/span><span style=\"color: #000000;\"><i>.\u00a0\u00bb<\/i><\/span><\/span><\/span><\/p>\n<p align=\"JUSTIFY\"><span style=\"color: #000000;\"><span style=\"font-family: Arial, sans-serif;\"><span style=\"font-size: medium;\">Ondotik, Anaiz Funosas Bake Bidea elkarteko presidenteak eta Michel Berhocoirigoin bake artisauak hartu dute hitza, giza katearen bukaera tonu irmo eta determinatuarekin markatuz.<\/span><\/span><\/span><\/p>\n<p align=\"JUSTIFY\"><span style=\"font-family: Arial, sans-serif;\"><span style=\"font-size: medium;\"><span style=\"color: #000000;\">Berretsi dute, <\/span><span style=\"color: #000000;\"><i>\u00ab\u00a0<\/i><\/span><span style=\"color: #000000;\"><span lang=\"eu\"><i>Gatazkaren ondorioen konpontzea, sufrimenduak konpontzea da, lehen lehenik haien izatea bera aitortuz. Edozein izanda, eta edonondik etorri<\/i><\/span><\/span><span style=\"color: #000000;\"><i>\u00bb<\/i><\/span><span style=\"color: #000000;\">,<\/span><span style=\"color: #000000;\"> eta<\/span> <i>\u00ab\u00a0<\/i><span lang=\"eu\"><i>Gatazkaren ondorioen konpontzea, kartzelaratuak diren pertsona guzientzat presondegia ez den beste perspektiba bat atzematea da. Existitzen diren tresna juridikoak erabiliz, edo berriak asmatuz<\/i><\/span><span style=\"color: #000000;\"><i>\u00a0\u00bb.<\/i><\/span><\/span><\/span><\/p>\n<p align=\"JUSTIFY\"><span style=\"font-family: Arial, sans-serif;\"><span style=\"font-size: medium;\"><i>Bakearen hautua atzera ezina da, baina bidea luzea da\u00a0: \u00ab <span lang=\"eu\">Baina ze dorpea den bide hori! Azken eguneko aktualitateak berriz ere agerian eman digu: atzo, Xistor Harambouren baldintzapeko askatasunarekin piztu zen esperantza izpia, Mikel Barriosen presondegiratze aginduarekin itzali da berehala.<\/span>\u00a0\u00bb. <\/i><\/span><\/span><\/p>\n<p align=\"JUSTIFY\"><span style=\"font-family: Arial, sans-serif;\"><span style=\"font-size: medium;\"><b>Tonu larri eta erabakikorrarekin eman diote bukaera<\/b> giza kateari Anaiz Funosas-ek eta <span style=\"color: #000000;\">Michel Berhocoirigoin-ek ondokoa adiera<\/span><span style=\"color: #000000;\"><i>ziz\u00a0: \u00ab\u00a0<\/i><\/span><span style=\"color: #000000;\"><span lang=\"eu\"><i>Bake prozesuaren kontrako neurririk ez dugu gehiago onartzen! <\/i><\/span><\/span><span lang=\"eu\"><i>Ez gibelera egite, ezta statu quorik ere: aitzinatu behar dugu! Duela 10 urte iragan zen Aiete. Urrats berriak behar ditugu orain. <\/i><\/span><\/span><\/span><\/p>\n<p align=\"JUSTIFY\"><span style=\"font-family: Arial, sans-serif;\"><span style=\"font-size: medium;\"><i><span style=\"color: #000000;\"><span lang=\"eu\">Inoiz baino ozenago diogu: bakearen bidean, ORAIN PRESOAK!<\/span><\/span><span style=\"color: #000000;\"> ARGI DUGU\u00a0!\u00a0\u00bb<\/span><\/i><\/span><\/span><\/p>\n<p align=\"JUSTIFY\"><span style=\"color: #000000;\"><span style=\"font-family: Arial, sans-serif;\"><span style=\"font-size: medium;\">6.30etan, zuziekin eman zaio bukaera mobilizazioari, parte hartzaile bakoitza etxeratze agindua aintzin sartzeko gisan elur maluten artetik.<\/span><\/span><\/span><\/p>\n","protected":false},"excerpt":{"rendered":"<p>Argi dugu ! Bakerako bidea : Orain presoak! Giza katea 2021eko urtarrilaren 9a Baiona Bakegileekin antolatua Ikus bideoa Euskal Presoak : 2000 pertsona Baionako giza katean Haize eta elurrari aurre eginez, 2.000 pertsona bildu dira gaur Baionan, Bake Bideak eta Bake Artisauek deiturik, Frantziako gobernuari eskatzeko, Euskal Herriko bake prozesuaren&#8230;<\/p>\n","protected":false},"author":1,"featured_media":0,"parent":0,"menu_order":0,"comment_status":"closed","ping_status":"closed","template":"","meta":{"footnotes":""},"_links":{"self":[{"href":"https:\/\/www.bakebidea.com\/index.php?rest_route=\/wp\/v2\/pages\/5689"}],"collection":[{"href":"https:\/\/www.bakebidea.com\/index.php?rest_route=\/wp\/v2\/pages"}],"about":[{"href":"https:\/\/www.bakebidea.com\/index.php?rest_route=\/wp\/v2\/types\/page"}],"author":[{"embeddable":true,"href":"https:\/\/www.bakebidea.com\/index.php?rest_route=\/wp\/v2\/users\/1"}],"replies":[{"embeddable":true,"href":"https:\/\/www.bakebidea.com\/index.php?rest_route=%2Fwp%2Fv2%2Fcomments&post=5689"}],"version-history":[{"count":1,"href":"https:\/\/www.bakebidea.com\/index.php?rest_route=\/wp\/v2\/pages\/5689\/revisions"}],"predecessor-version":[{"id":5690,"href":"https:\/\/www.bakebidea.com\/index.php?rest_route=\/wp\/v2\/pages\/5689\/revisions\/5690"}],"wp:attachment":[{"href":"https:\/\/www.bakebidea.com\/index.php?rest_route=%2Fwp%2Fv2%2Fmedia&parent=5689"}],"curies":[{"name":"wp","href":"https:\/\/api.w.org\/{rel}","templated":true}]}}