{"id":5685,"date":"2021-02-10T11:49:40","date_gmt":"2021-02-10T10:49:40","guid":{"rendered":"https:\/\/www.bakebidea.com\/?page_id=5685"},"modified":"2021-02-10T11:49:59","modified_gmt":"2021-02-10T10:49:59","slug":"5685-2","status":"publish","type":"page","link":"https:\/\/www.bakebidea.com\/?page_id=5685&lang=eu","title":{"rendered":"2020 Irailak 19 mobilizazio egina"},"content":{"rendered":"<div class=\"entry-header\">\n<h1 class=\"entry-title\" style=\"text-align: center;\"><span style=\"color: #0d6985;\">Kondena heriotzeraino\u00a0? 30 urte Aski da\u00a0!<\/span><\/h1>\n<h3 class=\"entry-title\" style=\"text-align: center;\"><span style=\"color: #ff9900;\">Mobilizazio eguna 2020ko irailaren 19a. <\/span><\/h3>\n<p style=\"text-align: center;\"><span style=\"color: #ff9900;\">Bakegileekin antolatua<\/span><\/p>\n<hr \/>\n<div class=\"post-meta\">\n<div class=\"post-categories\"><\/div>\n<\/div>\n<\/div>\n<div class=\"entry-content\">\n<p class=\"western\"><a href=\"https:\/\/www.youtube.com\/watch?v=0vVWkz_8Xuk&amp;feature=youtu.be\">Ikus bideoa<\/a><\/p>\n<p class=\"western\">Jada erran dugu, eta orai hortan gira\u00a0: 2020 urtea, urte berezia izanen da gure prozesuarentzat\u00a0:<\/p>\n<p class=\"western\">\u2014 Presoen gaian, gobernuarekiko elkarrizketan, bi ardatz finkatuak genituen: Bat, salbuespen neurrietatik ateratzea lege arrunta aplikatzeko. <span lang=\"en-US\">Bi, lege arrunta adaptatzea bake prozesuari, munduko konfliktu guztietatik ateratzeko egiten den bezala, justizia transirionala martxan jarriz. Presondegia ez baita konpatible elkar bizitzarekin, 10 urte direlarik armak isildu direla, 3 urte ETA erakundea desarmartua dela, eta 2 urte ETA erakundea desegin dela.<\/span><\/p>\n<p class=\"western\"><span lang=\"en-US\">\u2014 Lehen ponduan urrats haundiak egin dira, dena ez bada bukatu ere. Bainan, sobera denbora bada orain prozesua geldirik dagoela.Une larrian gira. Igor Gonzalez Solaren heriotzak trixteki orroitarazi dauku egoeraren larritasuna. Salatu dugun bezala, heriotza hori ebitatua izan ziteken.<\/span><\/p>\n<p><span lang=\"en-US\">\u2014 Denbora joanago eta harriskuak haundiago dira. Frantziako presondegietan ere hortan gaude, ikusten dugularik prokuradorearen jarrera probokatzailea.<\/span><\/p>\n<p><span lang=\"en-US\">Eta, ez dezagutela, ezin onartua dena, justiziaren independentziaren argumentoarekin justifika\u00a0! Ardura osoa gobernuarena da! <\/span>Nahi badu, mezuak pasatzen ahal ditu! Nicole Belloubet ministro ohiak berak konfirmatu zuen berriki prentsa publikoan:<i> \u00ab\u00a0<\/i><i><b>Dans notre syst\u00e8me fran\u00e7ais, c\u2019est un syst\u00e8me hi\u00e9rarchis\u00e9 pour les procureurs. (\u2026). Le gouvernement d\u00e9termine la politique de la nation donc la politique p\u00e9nale. C\u2019est moi qui d\u00e9termine la politique p\u00e9nale sous l\u2019autorit\u00e9 du Premier ministre, (\u2026) et donc je peux donner des instructions g\u00e9n\u00e9rales aux procureurs g\u00e9n\u00e9raux qui ensuite les r\u00e9percutent.\u00a0\u00bb<\/b><\/i><\/p>\n<p>Hau da hain zuzen eskatzen duguna, gobernuak fiskaltzari eman diren aldaketak kontutan har ditzan. Herri huntan bake iraunkor eta osorako baldintzak eraikitzen ari dela, hots ez dela arriskurik, ez da atzera itzultzeko arriskurik<i><b>.<\/b><\/i><\/p>\n<p><i><b>Kondena heriotzeraino\u00a0? 30 urte Aski da\u00a0! Mobilizazio eguna<\/b><\/i><\/p>\n<p class=\"western\">\u2013Ondoko egunetan hitzordu nagusiak ditugu\u00a0: Jakes Esnalen baldintzapeko askatasunaren dei auziaren emaitza irailaren 24-ean\u00a0; Xixtor Haranbururen baldintzapeko askatasunaren dei auzia ere egun berean dugu. Jon Kepa Parotek seigarren aldikotz eskatzen du baldintzapeko azkatasuna. Bide juridikoek frogatuko ote daukute agortuak direla\u00a0? Hala balitz, bide politikoa soilik gelditzen da eta konklusioak aterako ditugu. \u2013<\/p>\n<p class=\"western\"><b>Arma gabetzea ez dugu egin bide erdi gelditzeko\u00a0!<\/b><\/p>\n<p>Ez dugu bake prozesua usteltzera utziko\u00a0!<\/p>\n<p>Ez dugu historia errepikatzera utziko!<\/p>\n<p><span lang=\"en-US\">Ez dugu hiltzera kondenatzen duen kartzela gaztigurik onartuko!<\/span><\/p>\n<p>Paris eta Madrilek, kosta ala kosta, bake bidean sartu beharko dute, ORAIN\u00a0!<\/p>\n<p><span lang=\"en-US\">Irailaren 19 huntan mobilisazio egun haundi batera deitzen dugu jendea, aniztasunean, elkartasunean, determinazio osoarekin.<br \/>\n<\/span><\/p>\n<p><span lang=\"en-US\"><b>Egitaraua:<\/b><\/span><\/p>\n<p class=\"western\"><span lang=\"en-US\"><b>11ak-13H herri mailako mobilizazioak, Lapurdi, Baxe Nafarro eta Xiberuan<\/b><\/span><\/p>\n<p class=\"western\"><b>Basse-Navarre et Soule\/ Baxe Nafarroa eta Xiberua\u00a0: <\/b><\/p>\n<p class=\"western\" align=\"left\"><b>12h30-14H30 autokarabana 3 zutabetan, abiatzeak Maule, Garazi eta Hendaiatik<\/b><\/p>\n<p class=\"western\" align=\"left\"><b>14h30-15H30 : Bateratze pundua. Elgarretaratze jendetsua su-prefeturan. Azken hau egunaren momentu gorena izan nahi duenean, ekimen sinboliko bat burutu da, hau da suprefekturaren ateetan murru bat eraiki dugu.<br \/>\n<\/b><\/p>\n<\/div>\n","protected":false},"excerpt":{"rendered":"<p>Kondena heriotzeraino\u00a0? 30 urte Aski da\u00a0! Mobilizazio eguna 2020ko irailaren 19a. Bakegileekin antolatua Ikus bideoa Jada erran dugu, eta orai hortan gira\u00a0: 2020 urtea, urte berezia izanen da gure prozesuarentzat\u00a0: \u2014 Presoen gaian, gobernuarekiko elkarrizketan, bi ardatz finkatuak genituen: Bat, salbuespen neurrietatik ateratzea lege arrunta aplikatzeko. Bi, lege arrunta adaptatzea&#8230;<\/p>\n","protected":false},"author":1,"featured_media":0,"parent":0,"menu_order":0,"comment_status":"closed","ping_status":"closed","template":"","meta":{"footnotes":""},"_links":{"self":[{"href":"https:\/\/www.bakebidea.com\/index.php?rest_route=\/wp\/v2\/pages\/5685"}],"collection":[{"href":"https:\/\/www.bakebidea.com\/index.php?rest_route=\/wp\/v2\/pages"}],"about":[{"href":"https:\/\/www.bakebidea.com\/index.php?rest_route=\/wp\/v2\/types\/page"}],"author":[{"embeddable":true,"href":"https:\/\/www.bakebidea.com\/index.php?rest_route=\/wp\/v2\/users\/1"}],"replies":[{"embeddable":true,"href":"https:\/\/www.bakebidea.com\/index.php?rest_route=%2Fwp%2Fv2%2Fcomments&post=5685"}],"version-history":[{"count":2,"href":"https:\/\/www.bakebidea.com\/index.php?rest_route=\/wp\/v2\/pages\/5685\/revisions"}],"predecessor-version":[{"id":5687,"href":"https:\/\/www.bakebidea.com\/index.php?rest_route=\/wp\/v2\/pages\/5685\/revisions\/5687"}],"wp:attachment":[{"href":"https:\/\/www.bakebidea.com\/index.php?rest_route=%2Fwp%2Fv2%2Fmedia&parent=5685"}],"curies":[{"name":"wp","href":"https:\/\/api.w.org\/{rel}","templated":true}]}}