{"id":5630,"date":"2021-02-09T13:47:33","date_gmt":"2021-02-09T12:47:33","guid":{"rendered":"https:\/\/www.bakebidea.com\/?page_id=5630"},"modified":"2021-02-09T13:48:30","modified_gmt":"2021-02-09T12:48:30","slug":"delegation-bruxelles-28-novembre-2017","status":"publish","type":"page","link":"https:\/\/www.bakebidea.com\/?page_id=5630","title":{"rendered":"D\u00e9l\u00e9gation Bruxelles 28 novembre 2017"},"content":{"rendered":"<h1 class=\"gmail_default\"><span style=\"color: #0d6985;\">Une d\u00e9l\u00e9gation du Pays Basque se rend au Parlement Europ\u00e9en \u00e0 Bruxelles<\/span><\/h1>\n<p><span style=\"color: #ff9900;\">28 novembre 2017<\/span><\/p>\n<hr \/>\n<p>&nbsp;<\/p>\n<p>Ce mardi 28 novembre, une d\u00e9l\u00e9gation (*) compos\u00e9e de Max Brisson, s\u00e9nateur des Pyr\u00e9n\u00e9es-Atlantiques (Les R\u00e9publicains), Anaiz Funosas, pr\u00e9sidente du mouvement civil Bake Bidea et Gabi Mouesca, \u00ab\u00a0Artisan de la Paix\u00bb, s&rsquo;est rendue au Parlement europ\u00e9en.<\/p>\n<p>La d\u00e9l\u00e9gation a rencontr\u00e9 une vingtaine d&rsquo; euro-d\u00e9put\u00e9s membres des groupes europ\u00e9ens GUE, Les Verts\/ALE, ECR et ALDE, ainsi qu\u2019Alain Lamassoure, membre du PPE.<\/p>\n<p>Les rencontres ont eu pour objectif d&rsquo;informer les euro-d\u00e9put\u00e9s sur les conditions dans lesquelles le processus de paix au Pays basque se d\u00e9veloppe, et de les sensibiliser sur les \u00e9tapes \u00e0 venir en particulier sur la grande mobilisation qui se produira le 9 d\u00e9cembre \u00e0 Paris. Un appel a enfin \u00e9t\u00e9 lanc\u00e9 aux deput\u00e9-e-s europ\u00e9ens pour qu\u2019ils soutiennent et accompagnent les efforts men\u00e9s dans le cadre du processus de paix au Pays basque.<\/p>\n<p>Pour la d\u00e9l\u00e9gation :<\/p>\n<p><b>Max Brisson, <\/b>s\u00e9nateur des Pyr\u00e9n\u00e9es-Atlantiques<\/p>\n<p><b>Anaiz Funosas,<\/b> pr\u00e9sidente du mouvement civil Bake Bidea<\/p>\n<p><b>Gabi Mouesca, <\/b>\u00ab\u00a0Artisan de la Paix\u00bb,<\/p>\n\n\t\t<style type=\"text\/css\">\n\t\t\t#gallery-1 {\n\t\t\t\tmargin: auto;\n\t\t\t}\n\t\t\t#gallery-1 .gallery-item {\n\t\t\t\tfloat: left;\n\t\t\t\tmargin-top: 10px;\n\t\t\t\ttext-align: center;\n\t\t\t\twidth: 33%;\n\t\t\t}\n\t\t\t#gallery-1 img {\n\t\t\t\tborder: 2px solid #cfcfcf;\n\t\t\t}\n\t\t\t#gallery-1 .gallery-caption {\n\t\t\t\tmargin-left: 0;\n\t\t\t}\n\t\t\t\/* see gallery_shortcode() in wp-includes\/media.php *\/\n\t\t<\/style>\n\t\t<div id='gallery-1' class='gallery galleryid-5630 gallery-columns-3 gallery-size-medium'><dl class='gallery-item'>\n\t\t\t<dt class='gallery-icon landscape'>\n\t\t\t\t<a href='https:\/\/www.bakebidea.com\/wp-content\/uploads\/2017\/11\/format-web.jpg'><img loading=\"lazy\" decoding=\"async\" width=\"300\" height=\"225\" src=\"https:\/\/www.bakebidea.com\/wp-content\/uploads\/2017\/11\/format-web-300x225.jpg\" class=\"attachment-medium size-medium\" alt=\"\" srcset=\"https:\/\/www.bakebidea.com\/wp-content\/uploads\/2017\/11\/format-web-300x225.jpg 300w, https:\/\/www.bakebidea.com\/wp-content\/uploads\/2017\/11\/format-web-768x576.jpg 768w, https:\/\/www.bakebidea.com\/wp-content\/uploads\/2017\/11\/format-web-1024x768.jpg 1024w, https:\/\/www.bakebidea.com\/wp-content\/uploads\/2017\/11\/format-web.jpg 1800w\" sizes=\"(max-width: 300px) 100vw, 300px\" \/><\/a>\n\t\t\t<\/dt><\/dl><dl class='gallery-item'>\n\t\t\t<dt class='gallery-icon landscape'>\n\t\t\t\t<a href='https:\/\/www.bakebidea.com\/wp-content\/uploads\/2017\/11\/Format-web-2.jpg'><img loading=\"lazy\" decoding=\"async\" width=\"300\" height=\"225\" src=\"https:\/\/www.bakebidea.com\/wp-content\/uploads\/2017\/11\/Format-web-2-300x225.jpg\" class=\"attachment-medium size-medium\" alt=\"\" srcset=\"https:\/\/www.bakebidea.com\/wp-content\/uploads\/2017\/11\/Format-web-2-300x225.jpg 300w, https:\/\/www.bakebidea.com\/wp-content\/uploads\/2017\/11\/Format-web-2-768x576.jpg 768w, https:\/\/www.bakebidea.com\/wp-content\/uploads\/2017\/11\/Format-web-2-1024x768.jpg 1024w, https:\/\/www.bakebidea.com\/wp-content\/uploads\/2017\/11\/Format-web-2.jpg 1800w\" sizes=\"(max-width: 300px) 100vw, 300px\" \/><\/a>\n\t\t\t<\/dt><\/dl><dl class='gallery-item'>\n\t\t\t<dt class='gallery-icon landscape'>\n\t\t\t\t<a href='https:\/\/www.bakebidea.com\/wp-content\/uploads\/2017\/11\/format-web-3.jpg'><img loading=\"lazy\" decoding=\"async\" width=\"300\" height=\"225\" src=\"https:\/\/www.bakebidea.com\/wp-content\/uploads\/2017\/11\/format-web-3-300x225.jpg\" class=\"attachment-medium size-medium\" alt=\"\" srcset=\"https:\/\/www.bakebidea.com\/wp-content\/uploads\/2017\/11\/format-web-3-300x225.jpg 300w, https:\/\/www.bakebidea.com\/wp-content\/uploads\/2017\/11\/format-web-3-768x576.jpg 768w, https:\/\/www.bakebidea.com\/wp-content\/uploads\/2017\/11\/format-web-3-1024x768.jpg 1024w, https:\/\/www.bakebidea.com\/wp-content\/uploads\/2017\/11\/format-web-3.jpg 1800w\" sizes=\"(max-width: 300px) 100vw, 300px\" \/><\/a>\n\t\t\t<\/dt><\/dl><br style=\"clear: both\" \/>\n\t\t<\/div>\n\n","protected":false},"excerpt":{"rendered":"<p>Une d\u00e9l\u00e9gation du Pays Basque se rend au Parlement Europ\u00e9en \u00e0 Bruxelles 28 novembre 2017 &nbsp; Ce mardi 28 novembre, une d\u00e9l\u00e9gation (*) compos\u00e9e de Max Brisson, s\u00e9nateur des Pyr\u00e9n\u00e9es-Atlantiques (Les R\u00e9publicains), Anaiz Funosas, pr\u00e9sidente du mouvement civil Bake Bidea et Gabi Mouesca, \u00ab\u00a0Artisan de la Paix\u00bb, s&rsquo;est rendue au&#8230;<\/p>\n","protected":false},"author":1,"featured_media":0,"parent":0,"menu_order":0,"comment_status":"closed","ping_status":"closed","template":"","meta":{"footnotes":""},"_links":{"self":[{"href":"https:\/\/www.bakebidea.com\/index.php?rest_route=\/wp\/v2\/pages\/5630"}],"collection":[{"href":"https:\/\/www.bakebidea.com\/index.php?rest_route=\/wp\/v2\/pages"}],"about":[{"href":"https:\/\/www.bakebidea.com\/index.php?rest_route=\/wp\/v2\/types\/page"}],"author":[{"embeddable":true,"href":"https:\/\/www.bakebidea.com\/index.php?rest_route=\/wp\/v2\/users\/1"}],"replies":[{"embeddable":true,"href":"https:\/\/www.bakebidea.com\/index.php?rest_route=%2Fwp%2Fv2%2Fcomments&post=5630"}],"version-history":[{"count":3,"href":"https:\/\/www.bakebidea.com\/index.php?rest_route=\/wp\/v2\/pages\/5630\/revisions"}],"predecessor-version":[{"id":5633,"href":"https:\/\/www.bakebidea.com\/index.php?rest_route=\/wp\/v2\/pages\/5630\/revisions\/5633"}],"wp:attachment":[{"href":"https:\/\/www.bakebidea.com\/index.php?rest_route=%2Fwp%2Fv2%2Fmedia&parent=5630"}],"curies":[{"name":"wp","href":"https:\/\/api.w.org\/{rel}","templated":true}]}}