{"id":5588,"date":"2021-02-05T12:00:02","date_gmt":"2021-02-05T11:00:02","guid":{"rendered":"https:\/\/www.bakebidea.com\/?page_id=5588"},"modified":"2021-02-05T12:00:02","modified_gmt":"2021-02-05T11:00:02","slug":"journee-de-mobilisation-condamnation-jusqua-la-mort-30-ans-ca-suffit-19-septembre-2020","status":"publish","type":"page","link":"https:\/\/www.bakebidea.com\/?page_id=5588","title":{"rendered":"Journ\u00e9e de mobilisation \u00ab\u00a0Condamnation jusqu\u2019\u00e0 la mort ? 30 ans \u00e7a suffit ! \u00a0\u00bb 19 septembre 2020."},"content":{"rendered":"<div class=\"entry-header\">\n<h2 class=\"entry-title\" style=\"text-align: center;\">Journ\u00e9e de mobilisation<\/h2>\n<h2 class=\"entry-title\" style=\"text-align: center;\">Condamnation jusqu\u2019\u00e0 la mort\u00a0? 30 ans \u00e7a suffit\u00a0!<\/h2>\n<h3 style=\"text-align: center;\"><span style=\"color: #ff9900;\">19 septembre 2020\u00a0<\/span><\/h3>\n<h3 style=\"text-align: center;\"><span style=\"color: #ff9900;\">Co-organis\u00e9 avec les Artisans de la Paix.<\/span><\/h3>\n<hr \/>\n<div class=\"post-meta\">\n<div class=\"post-categories\"><\/div>\n<div class=\"post-categories\">Nous avons d\u00e9j\u00e0 eu l\u2019occasion de le dire, 2020 sera une ann\u00e9e particuli\u00e8re pour notre processus de paix :<\/div>\n<\/div>\n<\/div>\n<div class=\"entry-content\">\n<p class=\"western\"><b>Concernant la question des prisonniers et les rencontres avec le gouvernement fran\u00e7ais\u00a0:<\/b> deux th\u00e8mes de discussion avaient \u00e9t\u00e9 retenus. Premi\u00e8rement\u00a0: la fin des mesures d\u2019exception et l\u2019application du droit commun. Deuxi\u00e8mement\u00a0: l\u2019adaptation du droit commun au processus de paix, selon la m\u00e9thode appliqu\u00e9e dans le monde entier, dans tous les processus de sortie de conflit, par la mise en place d\u2019une justice transitionnelle. En effet, la prison n\u2019est pas compatible avec le vivre ensemble au moment alors que les armes se sont tuent depuis 10 ans, que l\u2019organisation ETA est d\u00e9sarm\u00e9e depuis 3ans et que cette organisation s\u2019est dissoute depuis 2ans<\/p>\n<p class=\"western\">Le premier point a fait l\u2019objet de grandes avanc\u00e9es, m\u00eame s\u2019il n\u2019a pas \u00e9t\u00e9 compl\u00e8tement \u00e9puis\u00e9. Cela fait trop de temps que le processus stagne\u00a0! \u00a0Nous traversons un moment difficile. La mort d\u2019Igor Gonzalez Solar nous rappelle tristement la gravit\u00e9 de la situation actuelle. Comme nous l\u2019avons d\u00e9j\u00e0 fait savoir, cette mort aurait pu \u00eatre \u00e9vit\u00e9e.<\/p>\n<p class=\"western\">Plus le temps passe, plus les risques s\u2019aggravent. C\u2019est aussi la situation dans les prisons fran\u00e7aises, \u00e0 cause de l\u2019attitude provocatrice de certains procureurs .<\/p>\n<p class=\"western\">Et que l\u2019on ne vienne pas nous justifier pas cela, en mettant en avant l\u2019ind\u00e9pendance de la justice\u00a0! Argument que nous jugeons irrecevable\u00a0! La faute en revient au gouvernement\u00a0! S\u2019il le souhaite, celui-ci peut donner les instructions n\u00e9cessaires. Nicole Belloubet, ex-Ministre de la justice, d\u00e9clarait r\u00e9cemment sur un m\u00e9dia public : \u00ab Dans notre syst\u00e8me fran\u00e7ais, disait-elle,<i> c\u2019est un syst\u00e8me hi\u00e9rarchis\u00e9 pour les procureurs. (\u2026). Le gouvernement d\u00e9termine la politique de la nation donc la politique p\u00e9nale. C\u2019est moi qui d\u00e9termine la politique p\u00e9nale sous l\u2019autorit\u00e9 du Premier ministre, (\u2026) et donc je peux donner des instructions g\u00e9n\u00e9rales aux procureurs g\u00e9n\u00e9raux qui ensuite les r\u00e9percutent.\u00a0\u00bb<\/i>\u00a0C\u2019est ce que nous demandons\u00a0: une instruction g\u00e9n\u00e9rale adress\u00e9e aux procureurs, qui prend acte du changement intervenu au Pays Basque avec le d\u00e9sarmement et la dissolution de l\u2019ETA, la volont\u00e9 citoyenne de cr\u00e9er les conditions de paix d\u00e9finitive, et donc l\u2019absence de risque de r\u00e9cidive.<\/p>\n<p class=\"western\"><b>Condamnation jusqu\u2019\u00e0 la mort\u00a0? 30 ans \u00e7a suffit\u00a0! Une journ\u00e9e de mobilisation<\/b><\/p>\n<p class=\"western\">D\u2019importants rendez-vous nous attendent ces prochaines semaines\u00a0: le 24 septembre sera rendu le jugement relatif \u00e0 l\u2019audience d\u2019appel \u00e0 lib\u00e9ration conditionnelle concernant Jakes Esnal. Ce jour-l\u00e0 \u00e9galement, aura lieu l\u2019audience en appel de la mise en libert\u00e9 conditionnelle concernant Fr\u00e9d\u00e9ric \u00ab\u00a0Xistor\u00a0\u00bb Haranboure. Jon Kepa Parot quant \u00e0 lui, a pr\u00e9sent\u00e9 une 6<sup>e<\/sup> demande de libert\u00e9 conditionnelle. Les voies judiciaires nous apporteront-elles la preuve qu\u2019elles sont \u00e9puis\u00e9es\u00a0? Si cela est av\u00e9r\u00e9, seule demeurait possible la voie politique. Nous en tirerons toutes les conclusions.<\/p>\n<p class=\"western\">Le d\u00e9sarmement n\u2019a pas \u00e9t\u00e9 r\u00e9alis\u00e9 pour que tout s\u2019arr\u00eate \u00e0 mi-chemin\u00a0!<\/p>\n<p class=\"western\">Nous n\u2019allons pas laisser le processus pourrir\u00a0!<\/p>\n<p class=\"western\">Nous n\u2019allons pas laisser b\u00e9gayer l\u2019histoire\u00a0!<\/p>\n<p class=\"western\">Nous n\u2019allons pas accepter la condamnation \u00e0 mort des prisonniers d\u00e9tenus\u00a0!<\/p>\n<p class=\"western\">Paris et Madrid, doivent co\u00fbte que co\u00fbte, emprunter le chemin de la paix. MAINTENANT\u00a0!<\/p>\n<p class=\"western\">Le 19 septembre prochain, nous appelons la population \u00e0 participer \u00e0 une grande journ\u00e9e de mobilisation, dans la diversit\u00e9, de la solidarit\u00e9 et la d\u00e9termination.<\/p>\n<p class=\"western\"><b>D\u00e9roul\u00e9 de la journ\u00e9e.<br \/>\n<\/b><\/p>\n<p class=\"western\">11-13 heures : 24 actions locales dans 24 communes du Pays Basque Nord.<span style=\"color: #3366ff;\"><a href=\"http:\/\/www.artisansdelapaix.eus\/actions-locales\/\"><span style=\"color: #3366ff;\"> Voir ici.\u00a0<\/span><\/a> <\/span><\/p>\n<p class=\"western\">12h30-14h30, op\u00e9rations escargot, en 3 colonnes\u00a0:<\/p>\n<p class=\"western\">Au d\u00e9part de Maul\u00e9on, St-Jean Pied de Port et Hendaye<\/p>\n<p class=\"western\">14h30-15h30 Action symbolique de masse devant la sous-pr\u00e9fecture qui sera le point culminant de la journ\u00e9e. <a href=\"https:\/\/www.youtube.com\/watch?v=0Yuyiu1PAQ4&amp;feature=youtu.be\"><span style=\"color: #3366ff;\">Voir en vid\u00e9o la construction du mur.<\/span><\/a><\/p>\n<\/div>\n","protected":false},"excerpt":{"rendered":"<p>Journ\u00e9e de mobilisation Condamnation jusqu\u2019\u00e0 la mort\u00a0? 30 ans \u00e7a suffit\u00a0! 19 septembre 2020\u00a0 Co-organis\u00e9 avec les Artisans de la Paix. Nous avons d\u00e9j\u00e0 eu l\u2019occasion de le dire, 2020 sera une ann\u00e9e particuli\u00e8re pour notre processus de paix : Concernant la question des prisonniers et les rencontres avec le&#8230;<\/p>\n","protected":false},"author":1,"featured_media":0,"parent":0,"menu_order":0,"comment_status":"closed","ping_status":"closed","template":"","meta":{"footnotes":""},"_links":{"self":[{"href":"https:\/\/www.bakebidea.com\/index.php?rest_route=\/wp\/v2\/pages\/5588"}],"collection":[{"href":"https:\/\/www.bakebidea.com\/index.php?rest_route=\/wp\/v2\/pages"}],"about":[{"href":"https:\/\/www.bakebidea.com\/index.php?rest_route=\/wp\/v2\/types\/page"}],"author":[{"embeddable":true,"href":"https:\/\/www.bakebidea.com\/index.php?rest_route=\/wp\/v2\/users\/1"}],"replies":[{"embeddable":true,"href":"https:\/\/www.bakebidea.com\/index.php?rest_route=%2Fwp%2Fv2%2Fcomments&post=5588"}],"version-history":[{"count":1,"href":"https:\/\/www.bakebidea.com\/index.php?rest_route=\/wp\/v2\/pages\/5588\/revisions"}],"predecessor-version":[{"id":5589,"href":"https:\/\/www.bakebidea.com\/index.php?rest_route=\/wp\/v2\/pages\/5588\/revisions\/5589"}],"wp:attachment":[{"href":"https:\/\/www.bakebidea.com\/index.php?rest_route=%2Fwp%2Fv2%2Fmedia&parent=5588"}],"curies":[{"name":"wp","href":"https:\/\/api.w.org\/{rel}","templated":true}]}}