{"id":5578,"date":"2021-02-05T11:25:55","date_gmt":"2021-02-05T10:25:55","guid":{"rendered":"https:\/\/www.bakebidea.com\/?page_id=5578"},"modified":"2021-02-05T11:30:40","modified_gmt":"2021-02-05T10:30:40","slug":"chaine-humaine-8-juin-2019","status":"publish","type":"page","link":"https:\/\/www.bakebidea.com\/?page_id=5578","title":{"rendered":"Cha\u00eene humaine 8 juin 2019"},"content":{"rendered":"<h2 style=\"text-align: center;\">Cha\u00eene humaine<\/h2>\n<h2 style=\"text-align: center;\">Orain presoak ! Maintenant les prisonnier.e.s<\/h2>\n<h3 style=\"text-align: center;\"><span style=\"color: #ff6600;\">8 juin 2019 Biarritz<\/span><\/h3>\n<h3 style=\"text-align: center;\"><span style=\"color: #ff6600;\">Co-organis\u00e9 avec Les Artisans de la Paix<\/span><\/h3>\n<hr \/>\n<p>&nbsp;<\/p>\n<p><a href=\"http:\/\/www.artisansdelapaix.eus\/chaine-humaine-orain-presoak-7-juin-2019-biarritz\/\">Voir la vid\u00e9o.<\/a><\/p>\n<p><strong>Prise de parole de la cha\u00eene humaine.<\/strong><\/p>\n<p>Le 8 d\u00e9cembre 2017, nous \u00e9tions 10 000 dans les rues de Paris pour<br \/>\ndire \u00ab Orain presoak ! \u2013 Maintenant les prisonniers !\u00bb. Le 12 janvier<br \/>\n2019, nous \u00e9tions 9 000 dans les rues de Bayonne avec le m\u00eame<br \/>\nmessage. Et aujourd\u2019hui, nous sommes aussi des milliers ici \u00e0 Biarritz,<br \/>\nville sous les projecteurs de l\u2019actualit\u00e9, pour rappeler \u00e0 nouveau, aux<br \/>\nplus hautes autorit\u00e9s, que le processus de paix passe par la case<br \/>\n\u00ab prisonniers \u00bb.<\/p>\n<p>Il n\u2019agit pas l\u00e0 d\u2019une obsession&#8230; Notre seule obsession, c\u2019est la paix.<br \/>\nPas la paix qui se limite au silence des armes, mais la paix qui rend<br \/>\npossible le vivre ensemble. La paix qui permet, \u00e0 partir d\u2019un pass\u00e9<br \/>\ndouloureux qui a divis\u00e9, de construire un avenir commun apais\u00e9,<br \/>\nd\u00e9mocratique, respectueux des droits humains. Ce long chemin,<br \/>\nlib\u00e9rateur mais o combien exigeant, est bas\u00e9 sur la reconnaissance de<br \/>\ntoutes les victimes et leur droit \u00e0 la v\u00e9rit\u00e9. Cela a \u00e9t\u00e9 fortement exprim\u00e9<br \/>\nhier soir : cet exercice de v\u00e9rit\u00e9, voire de r\u00e9paration de ce qui, de<br \/>\ntoutes fa\u00e7ons, restera malheureusement irr\u00e9parable, est un long<br \/>\nchemin, un tr\u00e8s long chemin: toutes les exp\u00e9riences \u00e0 travers le monde<br \/>\nnous l\u2019enseignent. Il faut esp\u00e9rer, pers\u00e9v\u00e9rer, rester fid\u00e8le au cap, et<br \/>\n\u00e9viter toute d\u00e9rive.<\/p>\n<p>Pour que nous puissions avancer sur ce chemin, il faut avancer de<br \/>\nfa\u00e7on \u00e9quilibr\u00e9e, sur les deux \u00e9l\u00e9ments constitutifs du processus de<br \/>\npaix : la question de toutes les victimes et nous venons d\u2019en parler,<br \/>\nmais aussi la question des prisonniers. Il n\u2019est pas possible d\u2019aller<br \/>\njusqu\u2019au bout de l\u2019exercice de v\u00e9rit\u00e9 et de r\u00e9paration alors que les<br \/>\npolitiques p\u00e9nitentiaires n\u2019\u00e9volueraient pas. Ce n\u2019est pas une question<br \/>\nde n\u00e9gociation ou de contre partie, c\u2019est une question de viabilit\u00e9 du<br \/>\nprocessus : les dynamiques de construction ou de destruction<br \/>\ns\u2019autoalimentent. Nous pourrions presque dire que ce sont l\u00e0 des<br \/>\nr\u00e9alit\u00e9s m\u00e9caniques, ici et ailleurs.<\/p>\n<p>C\u2019est la raison pour laquelle nous voulons alimenter le cercle vertueux<br \/>\nde ce processus de paix atypique. Nous croyons en une dynamique<br \/>\ninteractive : chaque nouveau pas r\u00e9alis\u00e9 valide le pas pr\u00e9c\u00e9demment<br \/>\neffectu\u00e9, et ouvre la voie au pas suivant. C\u2019est dans cette dynamique<br \/>\nque se fonde notre esp\u00e9rance. C\u2019est ainsi que ce qui reste \u00e0 faire<br \/>\ndonnera tout son sens \u00e0 tout ce qui a d\u00e9j\u00e0 \u00e9t\u00e9 r\u00e9alis\u00e9.<br \/>\nNous le r\u00e9p\u00e9tons donc : Les prisonniers maintenant !<br \/>\nMoins de deux ans apr\u00e8s le d\u00e9but des discussions avec le minist\u00e8re de<br \/>\nla justice, des choses ont boug\u00e9, un paysage nouveau s\u2019est dessin\u00e9 :<\/p>\n<p>Un probl\u00e8me qui n\u2019existait officiellement pas hier est devenu une<br \/>\nquestion \u00e0 r\u00e9gler ! Des prisonniers ont \u00e9t\u00e9 rapproch\u00e9s, d\u2019autres<br \/>\nrapprochements sont en cours. Mais, au-del\u00e0 des mesures<br \/>\nd\u2019exceptions, l\u2019adaptation du cadre juridique au processus de paix, ici<br \/>\ncomme partout ailleurs, est un passage oblig\u00e9, parce qu\u2019il sera de<br \/>\nmoins en moins possible de penser notre vivre ensemble dans un<br \/>\ncontexte o\u00f9 des personnes seraient encore pour 10 ou 20 ans ou plus<br \/>\nen prison, pour un conflit dont nous sommes en train de r\u00e9gler les<br \/>\ncons\u00e9quences douloureuses.<\/p>\n<p>Le temps passe et le temps presse ! Et le temps qui passe exige<br \/>\nl\u2019action rapide : Il faut aller jusqu\u2019au bout des rapprochements et de la<br \/>\nlev\u00e9e des statuts DPS. Il faut lib\u00e9rer Xistor Haranburu, Jakes Esnal, Jon<br \/>\net Unai Parot (incarc\u00e9r\u00e9 \u00e0 Puerto Santa Maria) qui en sont \u00e0 leur 30-<br \/>\n\u00e8me ann\u00e9e de d\u00e9tention. Nous esp\u00e9rons donc que la 5 juillet la d\u00e9cision<br \/>\nde lib\u00e9ration conditionnelle de Xistor soit positive. Il faut enclencher les<br \/>\nm\u00e9canismes de justice transitionnelle, comme nous l\u2019a dit hier Madame<br \/>\nTaubira.<\/p>\n<p>V\u00e9rit\u00e9, respect, Droits humains, d\u00e9mocratie : C\u2019est sur ces valeurs que<br \/>\nreposera le vivre ensemble et le Pays Basque que nous voulons<br \/>\nconstruire, entre toutes et tous, et pour toutes et tous.<\/p>\n<p>Biarritz, 08\/06\/2019<\/p>\n","protected":false},"excerpt":{"rendered":"<p>Cha\u00eene humaine Orain presoak ! Maintenant les prisonnier.e.s 8 juin 2019 Biarritz Co-organis\u00e9 avec Les Artisans de la Paix &nbsp; Voir la vid\u00e9o. Prise de parole de la cha\u00eene humaine. Le 8 d\u00e9cembre 2017, nous \u00e9tions 10 000 dans les rues de Paris pour dire \u00ab Orain presoak ! \u2013&#8230;<\/p>\n","protected":false},"author":1,"featured_media":0,"parent":0,"menu_order":0,"comment_status":"closed","ping_status":"closed","template":"","meta":{"footnotes":""},"_links":{"self":[{"href":"https:\/\/www.bakebidea.com\/index.php?rest_route=\/wp\/v2\/pages\/5578"}],"collection":[{"href":"https:\/\/www.bakebidea.com\/index.php?rest_route=\/wp\/v2\/pages"}],"about":[{"href":"https:\/\/www.bakebidea.com\/index.php?rest_route=\/wp\/v2\/types\/page"}],"author":[{"embeddable":true,"href":"https:\/\/www.bakebidea.com\/index.php?rest_route=\/wp\/v2\/users\/1"}],"replies":[{"embeddable":true,"href":"https:\/\/www.bakebidea.com\/index.php?rest_route=%2Fwp%2Fv2%2Fcomments&post=5578"}],"version-history":[{"count":1,"href":"https:\/\/www.bakebidea.com\/index.php?rest_route=\/wp\/v2\/pages\/5578\/revisions"}],"predecessor-version":[{"id":5579,"href":"https:\/\/www.bakebidea.com\/index.php?rest_route=\/wp\/v2\/pages\/5578\/revisions\/5579"}],"wp:attachment":[{"href":"https:\/\/www.bakebidea.com\/index.php?rest_route=%2Fwp%2Fv2%2Fmedia&parent=5578"}],"curies":[{"name":"wp","href":"https:\/\/api.w.org\/{rel}","templated":true}]}}