{"id":5569,"date":"2021-02-05T10:35:29","date_gmt":"2021-02-05T09:35:29","guid":{"rendered":"https:\/\/www.bakebidea.com\/?page_id=5569"},"modified":"2021-02-05T10:35:52","modified_gmt":"2021-02-05T09:35:52","slug":"5569-2","status":"publish","type":"page","link":"https:\/\/www.bakebidea.com\/?page_id=5569","title":{"rendered":"Forum 6,7,8 avril 2018"},"content":{"rendered":"<h1 style=\"text-align: center;\">FORUM<\/h1>\n<h1 style=\"text-align: center;\">Un ans apr\u00e8s le d\u00e9sarmement, bilan,<\/h1>\n<h1 style=\"text-align: center;\">enjeux et perspectives.<\/h1>\n<h4 style=\"text-align: center;\"><strong><span style=\"color: #ff9900;\">Bayonne \/ Biarritz, 6, 7 &amp; 8 avril 2018<\/span><\/strong><\/h4>\n<p style=\"text-align: center;\"><strong><span style=\"color: #ff9900;\">Co-organis\u00e9 avec Les Artisans de la Paix.<\/span> <\/strong><\/p>\n<p>&nbsp;<\/p>\n<hr \/>\n<p>&nbsp;<\/p>\n<h3><span style=\"color: #ff9900;\"><strong>Pr\u00e9sentation du Forum :<\/strong> <\/span><\/h3>\n<p>Le 16 d\u00e9cembre 2017 et le 8 avril 2017 auront marqu\u00e9 une \u00e9tape incontournable dans le processus de paix au Pays Basque. Pour la premi\u00e8re fois dans l\u2019histoire des r\u00e9-solutions de conflit, la soci\u00e9t\u00e9 civile par le biais des Artisans de la paix s\u2019est empar\u00e9e du d\u00e9sarmement de l\u2019organisation arm\u00e9e E TA .Depuis la d\u00e9claration d\u2019Aiete en 2011, cette avanc\u00e9e historique est le fruit d\u2019une dyna-mique grandissante entre diff\u00e9rents orga-nismes, les \u00e9lu.e.s du Pays Basque Nord et la mobilisation de la soci\u00e9t\u00e9 civile au sens plus large.Cette exp\u00e9rience collective a soud\u00e9 la so-ci\u00e9t\u00e9 civile autour de la conviction qu\u2019il fal-lait continuer \u00e0 avancer et \u00e0 faire face aux cons\u00e9quences de ce conflit.C\u2019est pourquoi, les questions de la recon-naissance, de la r\u00e9paration et de la v\u00e9rit\u00e9 concernant toutes les victimes, de m\u00eame que la recherche d\u2019une solution pour tous les prisonnier.e.s basques, nous ont paru absolument n\u00e9cessaires, incontournables. Le 9 d\u00e9cembre 2017, les Artisans de la paix ont ainsi appel\u00e9 \u00e0 la manifestation la plus importante jamais organis\u00e9e \u00e0 Paris sur le processus de paix en Pays Basque.Manifestation en faveur de la paix au Pays Basque et de la fin des mesures d\u2019exception appliqu\u00e9es aux prisonnier.e.s basques. Sou-tenue par la Communaut\u00e9 d\u2019Agglom\u00e9ra-tion du Pays Basque et appel\u00e9e par la majo-rit\u00e9 des \u00e9lu.e.s du Pays Basque ainsi qu\u2019une centaine de personnalit\u00e9s hexagonales, elle a rassembl\u00e9 11 000 personnes. Un an apr\u00e8s le d\u00e9sarmement effectif de l\u2019or-ganisation arm\u00e9e ETA, il nous para\u00eet impor-tant de faire un bilan d\u2019\u00e9tape, de r\u00e9fl\u00e9chir aux enjeux et aux perspectives du moment, en particulier celles concernant la soci\u00e9t\u00e9 civile, moteur du processus de paix. Ces derniers mois un espace de travail a \u00e9t\u00e9 mis en place entre une d\u00e9l\u00e9gation constitu\u00e9e d\u2019\u00e9lu.e.s du Pays Basque et de repr\u00e9sentant.e.s de la soci\u00e9t\u00e9 civile et le minist\u00e8re de la Justice afin de trouver une solution relative au sort des prisonnier.e.s basques. Le Forum sera l\u2019occasion d\u2019\u00e9tablir un premier bilan de ces mois de discussions, d\u2019analyser les avanc\u00e9es et les obstacles, et de d\u00e9terminer les prochaines \u00e9tapes.Outre un bilan de l\u2019ann\u00e9e \u00e9coul\u00e9e, ce Forum a l\u2019ambition d\u2019offrir un espace de r\u00e9flexion et d\u2019\u00e9changes relatifs aux enjeux et perspectives du moment. Nous confronter collectivement \u00e0 notre pass\u00e9 afin de construire l\u2019avenir.<\/p>\n<p>&nbsp;<\/p>\n<h3><span style=\"color: #ff9900;\"><strong>Interventions :\u00a0<\/strong> <\/span><\/h3>\n<p><span style=\"color: #ff9900;\"><strong>Le vendredi 6 avril 2018&gt; CCI de Bayonne<\/strong><\/span><\/p>\n<p><a href=\"https:\/\/www.youtube.com\/watch?v=8Vp3TjrdqQg\"><span style=\"color: #3366ff;\">Voir vid\u00e9o.<\/span><\/a><\/p>\n<p>Victimes, souffrances: Faire face au pass\u00e9 pour construire l\u2019avenir<\/p>\n<p><strong>Mots d&rsquo;accueils<\/strong><\/p>\n<p>Pantxoa Bimboire, Conseiller du Pr\u00e9sident de la Chambre de Commerce et del\u2019Industie Bayonne Pays Basque.<\/p>\n<p><strong>Introduction<\/strong><\/p>\n<p>Michel Berhocoirigoin, Artisan de la paix<\/p>\n<p><strong>Table ronde<\/strong><\/p>\n<p>\u2022 Jean Pierre Massias, Professeur \u00e0 l\u2019UPPA Pau et Pays de l\u2019Adour et pr\u00e9sident de l\u2019Institut Varenne<\/p>\n<p>\u2022 Julen Mendoza, Maire deOrereta\/Errenteria<\/p>\n<p>\u2022 Karmen Galdeano, fille de XabierGaldeano tu\u00e9 par le GAL.\u2022 Jexux-Mari Mujika, ami de l\u2019entrepreneur Joxe-Mari Korta tu\u00e9 par l\u2019ETA.<\/p>\n<p><strong>\u00a0Conclusion<\/strong><\/p>\n<p>Serge Portelli, Magistrat, Pr\u00e9sident de la Cour d\u2019Appel de Versailles<\/p>\n<p>&nbsp;<\/p>\n<p><span style=\"color: #ff9900;\"><strong>Le samedi 7 avril 2018&gt; Auditorium Bellevue de Biarritz<\/strong><\/span><\/p>\n<p>Prisonnier.e.s basques :du possible au n\u00e9cessaire<\/p>\n<p>&nbsp;<\/p>\n<p><strong>Mots d&rsquo;accueils<\/strong><\/p>\n<p>Michel Veunac, maire de Biarritz<\/p>\n<p><strong>Premi\u00e8re table ronde.<\/strong><\/p>\n<p>\u00ab Regard sur la question des prisonnier.e.s dans le processus irlandais \u00bb<\/p>\n<p>Harold Good, Pasteur irlandais ayant particip\u00e9 \u00e0 la mise en place de l\u2019accord du Vendredi Saint (1998)<\/p>\n<p><span style=\"color: #3366ff;\"><a style=\"color: #3366ff;\" href=\"https:\/\/www.youtube.com\/watch?v=pvXQyTgI05s\">Voir vid\u00e9o.<\/a> <\/span><\/p>\n<p><strong>Seconde table ronde.<\/strong><\/p>\n<p>\u00ab Prisonnier.e.s basques : mesures d\u2019exception et am\u00e9nagements de peine \u00bb<\/p>\n<p>Xantiana Cachenaut, Avocate au barreau de Bayonne et conseil des prisonnier.e.s basques<\/p>\n<p>Phillippe Texier, Magistrat honoraire et membre expert aupr\u00e8s de l\u2019ONU<\/p>\n<p><span style=\"color: #3366ff;\"><a style=\"color: #3366ff;\" href=\"https:\/\/www.youtube.com\/watch?v=TufSFojyWic\">Voir vid\u00e9o.<\/a><\/span><\/p>\n<p><strong>Troisi\u00e8me table ronde.<\/strong><\/p>\n<p>\u00ab Espace de travail entre la d\u00e9l\u00e9gation du Pays Basque et le Minist\u00e8re de la Justice : premier bilan et perspectives \u00bb<\/p>\n<p>Anaiz Funosas, Pr\u00e9sidente du mouvement civil pour la paix Bake Bidea<\/p>\n<p>Jean Ren\u00e9 Etchegaray, maire de Bayonne et Pr\u00e9sident de la Communaut\u00e9 d\u2019Agglo-m\u00e9ration du Pays Basque<\/p>\n<p>Jean No\u00ebl Etcheverry \u00ab Txetx \u00bb, Artisan de la paix<\/p>\n<p><span style=\"color: #3366ff;\"><a style=\"color: #3366ff;\" href=\"https:\/\/www.youtube.com\/watch?v=FXhmgapWctc\">Voir vid\u00e9o.<\/a> <\/span><\/p>\n<p><strong>Conclusion<\/strong><\/p>\n<p>Michel Tubiana, Pr\u00e9sident d\u2019Honneur de la Ligue des Droits de l\u2019Homme ( France)<\/p>\n<p>&nbsp;<\/p>\n<p>&nbsp;<\/p>\n","protected":false},"excerpt":{"rendered":"<p>FORUM Un ans apr\u00e8s le d\u00e9sarmement, bilan, enjeux et perspectives. Bayonne \/ Biarritz, 6, 7 &amp; 8 avril 2018 Co-organis\u00e9 avec Les Artisans de la Paix. &nbsp; &nbsp; Pr\u00e9sentation du Forum : Le 16 d\u00e9cembre 2017 et le 8 avril 2017 auront marqu\u00e9 une \u00e9tape incontournable dans le processus de&#8230;<\/p>\n","protected":false},"author":1,"featured_media":0,"parent":0,"menu_order":0,"comment_status":"closed","ping_status":"closed","template":"","meta":{"footnotes":""},"_links":{"self":[{"href":"https:\/\/www.bakebidea.com\/index.php?rest_route=\/wp\/v2\/pages\/5569"}],"collection":[{"href":"https:\/\/www.bakebidea.com\/index.php?rest_route=\/wp\/v2\/pages"}],"about":[{"href":"https:\/\/www.bakebidea.com\/index.php?rest_route=\/wp\/v2\/types\/page"}],"author":[{"embeddable":true,"href":"https:\/\/www.bakebidea.com\/index.php?rest_route=\/wp\/v2\/users\/1"}],"replies":[{"embeddable":true,"href":"https:\/\/www.bakebidea.com\/index.php?rest_route=%2Fwp%2Fv2%2Fcomments&post=5569"}],"version-history":[{"count":2,"href":"https:\/\/www.bakebidea.com\/index.php?rest_route=\/wp\/v2\/pages\/5569\/revisions"}],"predecessor-version":[{"id":5571,"href":"https:\/\/www.bakebidea.com\/index.php?rest_route=\/wp\/v2\/pages\/5569\/revisions\/5571"}],"wp:attachment":[{"href":"https:\/\/www.bakebidea.com\/index.php?rest_route=%2Fwp%2Fv2%2Fmedia&parent=5569"}],"curies":[{"name":"wp","href":"https:\/\/api.w.org\/{rel}","templated":true}]}}