{"id":5541,"date":"2021-02-04T15:33:52","date_gmt":"2021-02-04T14:33:52","guid":{"rendered":"https:\/\/www.bakebidea.com\/?page_id=5541"},"modified":"2021-02-05T12:04:49","modified_gmt":"2021-02-05T11:04:49","slug":"chaine-humaine-du-9-janvier-2021","status":"publish","type":"page","link":"https:\/\/www.bakebidea.com\/?page_id=5541","title":{"rendered":"Cha\u00eene humaine du 9 janvier 2021"},"content":{"rendered":"<h2 style=\"text-align: center;\">Cha\u00eene humaine<\/h2>\n<h2 style=\"text-align: center;\">Argi dugu ! Maintenant les prisonnier.e.s<\/h2>\n<h3 style=\"text-align: center;\"><span style=\"color: #ff9900;\">9 janvier 2021 Bayonne<\/span><\/h3>\n<h3 style=\"text-align: center;\"><span style=\"color: #ff9900;\">Co-organis\u00e9 avec Les Artisans de la Paix<\/span><\/h3>\n<hr \/>\n<p><span style=\"color: #3366ff;\"><a style=\"color: #3366ff;\" href=\"http:\/\/www.artisansdelapaix.eus\/#lg=1&amp;slide=0\">Voir la vid\u00e9o <\/a><\/span><\/p>\n<p><strong>D\u00e9roul\u00e9 de la mobilisation :<\/strong><\/p>\n<p>Bravant le vent et la neige, <b>2000 personnes se sont r\u00e9unies aujourd\u2019hui \u00e0 Bayonne<\/b> \u00e0 l\u2019appel des Artisans de la Paix et de Bake Bidea (\u00ab Le chemin de la paix \u00bb) pour demander au gouvernement fran\u00e7ais de reprendre et d\u2019acc\u00e9l\u00e9rer son action concernant le processus de paix en Pays Basque, dans le cadre de l\u2019espace de dialogue ouvert entre le gouvernement et la d\u00e9l\u00e9gation du Pays Basque. Dans le m\u00eame temps, <b>70.000 personnes se sont r\u00e9unies dans 240 villes et villages du Pays Basque Sud<\/b> (Communaut\u00e9 Autonome Basque et Communaut\u00e9 Forale de Navarre).<\/p>\n<p>A Bayonne, cette mobilisation a pris la forme d\u2019une chaine humaine lumineuse. Alors que tous les ans des manifestations pour les droits de prisonniers basques sont organis\u00e9es \u00e0 Bayonne et Bilbao, le contexte sanitaire li\u00e9 \u00e0 la pand\u00e9mie de la COVID-19 nous a oblig\u00e9 \u00e0 revoir notre mode de mobilisation, en vue de respecter les gestes barri\u00e8res et la distanciation sociale et de permettre \u00e0 chacun d\u2019\u00eatre rentr\u00e9 pour le couvre-feu.<\/p>\n<p>Malgr\u00e9 les conditions particuli\u00e8rement d\u00e9favorables pour une telle mobilisation, 2000 personnes se sont r\u00e9unies sur les bords de la Nive pour une chaine humaine qui s\u2019est \u00e9tendue sur 2 km (1m=1personne). Le mot d\u2019ordre de cette chaine humaine \u00e9tait <b>Argi Dugu, le chemin vers la Paix, Orain Presoak<\/b>.<\/p>\n<p>Encore une fois, c\u2019est une soci\u00e9t\u00e9 civile dans sa pluralit\u00e9 qui se mobilise ce samedi 9 janvier, regroupant des acteurs du monde culturel et sportif (Amaia Zubeldia, Marine Etchegoyen, Ellande Alfaro, Benat Maitia\u2026) \u00e9conomique (Chambre de Commerce et d\u2019Industrie, Lantegiak\u2026), social (plus de 50 syndicalistes de LAB, ELB, CGT, CFDT), confessionnel (autant du milieu protestant que catholique) et politique (des membres de Modem, UDI, Europe \u00c9cologies les Verts, le Parti Socialiste, le PNB, EHBAI, EH BILDU, G\u00e9n\u00e9rations).<\/p>\n<p><b>Plus de 150 maires et \u00e9lus du territoire ont participer \u00e0 cette chaine humaine<\/b>, dont les membres de l\u2019ex\u00e9cutif de la Communaut\u00e9 d\u2019Agglom\u00e9ration Pays Basque incluant son Pr\u00e9sident et maire de Bayonne Jean-Ren\u00e9 Etchegaray, Ren\u00e9e Carrique 1\u00e8re Vice-Pr\u00e9sidente, Kotte Ecenarro, maire d\u2019Hendaye, Isabelle Pargade, maire d\u2019Hasparren, Antton Curutcharry.<\/p>\n<p>Lorsqu\u2019\u00e0 18h le top d\u00e9part a \u00e9t\u00e9 donn\u00e9, les rues de Bayonne ont \u00e9t\u00e9 plong\u00e9es dans le noir permettant l\u2019apparition d\u2019<b>une ligne de points blancs lumineux constitu\u00e9e par des parapluies blancs illumin\u00e9s par des torches<\/b>. Des banderoles ont \u00e9t\u00e9 suspendues aux diff\u00e9rents ponts de la zone et faisant r\u00e9f\u00e9rences aux diff\u00e9rentes situation urgentes : <i>\u00ab Ibon Fernandez eta Juan Cruz Maiza Artola askatu, lib\u00e9rez les prisonniers malades \u00bb<\/i>, <i>\u00ab Unai, Jakes, Jon Askatu \u00bb<\/i> (<i>Unai, Jakes, Jon libres ! <\/i>Ce sont les d\u00e9tenus depuis plus de 30 ans d\u2019incarc\u00e9ration), <i>\u00ab Mikel Barrios gurekin \u00bb<\/i> (<i>\u00ab\u00a0Mikel Barrios avec nous\u00a0\u00bb<\/i>, faisant r\u00e9f\u00e9rence \u00e0 la r\u00e9cente d\u00e9cision de r\u00e9incarc\u00e9ration de ce militant), <i>\u00ab Etxean nahi dugu \u00bb<\/i> (<i>nous les<\/i> [les prisonniers] <i>voulons \u00e0 la maison<\/i>). Les participants statiques ont vu d\u00e9fil\u00e9 des joaldun, rythmant de leurs cloches et leurs torches, <b>ce moment qui se veut \u00eatre un rassemblement tant revendicatif que solennel<\/b>.<\/p>\n<p>C\u2019est \u00e0 18h15 que <b>Jean-Fran\u00e7ois Irigoyen (Maire Les R\u00e9publicains de St Jean de Luz)<\/b> et <b>Chantal Erguy (Maire sans \u00e9tiquette d\u2019A\u00efcirits-Camou-Suhast)<\/b> ont pris la parole aux noms des \u00e9lu.e.s et <b>Anaiz Funosas, pr\u00e9sidente de Bake Bidea<\/b>, et <b>Mixel Berhocoirigoin au nom des Artisans de la paix<\/b>.<\/p>\n<p>Lors de leur prise de parole, Jean-Fran\u00e7ois Irigoyen (en fran\u00e7ais) et Chantal Erguy (en basque) ont tenu \u00e0 rappeler le sch\u00e9ma judiciaire qui se r\u00e9p\u00e8te depuis de nombreuses ann\u00e9es :<\/p>\n<p><i>\u00ab Force est de constater que les demandes de lib\u00e9ration conditionnelle ou suspension de peine dans le cas des prisonniers gravement malades ont \u00e9t\u00e9 syst\u00e9matiquement rejet\u00e9es par la cour d\u2019appel de Paris, alors que le Tribunal d\u2019application de Paris a souvent fait droit \u00e0 de telles demandes \u00bb<\/i>.<\/p>\n<p>Ils ont insist\u00e9 sur la frustration et le sentiment d\u2019incompr\u00e9hension que nous ressentons tous dans ce territoire : <i>\u00ab c\u2019est l\u2019appel syst\u00e9matique du Parquet devant la cour de Paris qui r\u00e9duisait la d\u00e9cision des juges du premier degr\u00e9 qui pourtant justifiaient la lib\u00e9ration de ces prisonniers \u00e0 l\u2019avanc\u00e9e du processus de paix au Pays Basque \u00bb<\/i>.<\/p>\n<p>Ils ont ensuite rappel\u00e9 qu\u2019un espoir est n\u00e9 de voir ce cycle se rompre par <i>\u00ab l\u2019arr\u00eat rendu par la Cour d\u2019appel de Paris du 27 octobre 2020 venant confirmer le jugement de premi\u00e8re instance et permettant ainsi la lib\u00e9ration sous surveillance \u00e9lectronique de Fred\u00e9ric Xistor Haramboure, apr\u00e8s trente ann\u00e9es d\u2019incarc\u00e9ration \u00bb<\/i> Tout en rappelant que deux prisonniers cumulant 30 ann\u00e9es d\u2019incarc\u00e9ration, <i>\u00ab Jakes Esnal et Ion Kepa Parot, \u00e9galement incarc\u00e9r\u00e9s depuis 1990, attendent leur lib\u00e9ration apr\u00e8s plusieurs demandes, \u00e0 chaque fois rejet\u00e9es par la m\u00eame Cour \u00bb<\/i>.<\/p>\n<p>Ils ont rappel\u00e9 que ces v\u0153ux sont partag\u00e9s par une soci\u00e9t\u00e9 civile diverse et les \u00e9lus locaux : <i>\u00ab la Communaut\u00e9 Pays Basque a vot\u00e9, dans une large majorit\u00e9, une motion de soutien \u00e0 la manifestation de ce jour, en demandant au Gouvernement de rompre avec son indiff\u00e9rence face \u00e0 la dynamique en cours au Pays Basque \u00bb<\/i>.<\/p>\n<p>Enfin, ils ont conclu leur prise de parole en r\u00e9affirmant que <i>\u00ab le chemin vers la paix passe par la r\u00e9solution la question des prisonnier(e)s, au Pays Basque, comme partout o\u00f9 les conflits d\u2019hier ont pu \u00eatre d\u00e9pass\u00e9s par une volont\u00e9 d\u2019avenir en commun plus forte que les sentiments l\u00e9gitimes g\u00e9n\u00e9r\u00e9s par les souffrances d\u2019hier. Le sort imm\u00e9diat des prisonnier(e)s est un \u00e9l\u00e9ment constitutif de ce changement radical de perspective. Poursuivons notre marche pour convaincre nos gouvernants de la l\u00e9gitimit\u00e9 de nos revendications en faveur d\u2019une paix d\u00e9finitive \u00bb.<\/i><\/p>\n<p>C\u2019est ensuite <b>Anaiz Funosas <\/b>pr\u00e9sidente de l\u2019association Bake Bidea, et <b>Michel Berhocoirigoin<\/b>, artisan de la paix, qui ont pris la parole marquant cette fin de chaine humaine d\u2019<b>un ton ferme et d\u00e9termin\u00e9<\/b>.<\/p>\n<p>Tout en affirmant que <i>\u00ab r\u00e9soudre les cons\u00e9quences du conflit, c\u2019est r\u00e9parer les douleurs, d\u2019abord par la reconnaissance de leur existence quelles qu\u2019elles soient et d\u2019o\u00f9 qu\u2019elles viennent \u00bb<\/i>, ils n\u2019ont pas manqu\u00e9 de rappeler que <i>\u00ab r\u00e9soudre les cons\u00e9quences du conflit, c\u2019est activer les outils juridiques, existants ou \u00e0 inventer, qui offriront des perspectives autres que la prison, pour toutes les personnes incarc\u00e9r\u00e9es \u00bb<\/i>.<\/p>\n<p>Ce choix de la paix est irr\u00e9versible, mais le chemin est long : <i>\u00ab qu\u2019il est laborieux ce chemin ! L\u2019actualit\u00e9 nous le montre : hier la lueur d\u2019espoir avec la lib\u00e9ration conditionnelle de Xistor Haramboure, aujourd\u2019hui la douche froide avec la d\u00e9cision d\u2019incarc\u00e9rer Mikel Barrios. Nous n\u2019acceptons pas cet \u00ab entre deux \u00bb<\/i>.<\/p>\n<p>C\u2019est d\u2019un ton grave et r\u00e9solu qu\u2019Anaiz Funosas et Michel Berhocoirigoin ont conclu cette chaine humaine, affirmant avec audace : <i>\u00ab Nous n\u2019accepterons aucune atteinte au processus de paix ! Ni retour en arri\u00e8re, ni statu quo : il faut avancer ! 10 ans apr\u00e8s Aiete, il faut passer la vitesse sup\u00e9rieure ! Sur le chemin de la paix, plus que jamais : PRESOAK ORAIN ! ARGI DUGU ! \u00bb<\/i><\/p>\n<p>A 18h30, le feu d\u2019artifice de fin a lib\u00e9r\u00e9 les participants leur permettant de rentrer, sous les flocons de neige, avant l\u2019heure du couvre-feu.<\/p>\n<p>&nbsp;<\/p>\n","protected":false},"excerpt":{"rendered":"<p>Cha\u00eene humaine Argi dugu ! Maintenant les prisonnier.e.s 9 janvier 2021 Bayonne Co-organis\u00e9 avec Les Artisans de la Paix Voir la vid\u00e9o D\u00e9roul\u00e9 de la mobilisation : Bravant le vent et la neige, 2000 personnes se sont r\u00e9unies aujourd\u2019hui \u00e0 Bayonne \u00e0 l\u2019appel des Artisans de la Paix et de&#8230;<\/p>\n","protected":false},"author":1,"featured_media":0,"parent":0,"menu_order":0,"comment_status":"closed","ping_status":"closed","template":"","meta":{"footnotes":""},"_links":{"self":[{"href":"https:\/\/www.bakebidea.com\/index.php?rest_route=\/wp\/v2\/pages\/5541"}],"collection":[{"href":"https:\/\/www.bakebidea.com\/index.php?rest_route=\/wp\/v2\/pages"}],"about":[{"href":"https:\/\/www.bakebidea.com\/index.php?rest_route=\/wp\/v2\/types\/page"}],"author":[{"embeddable":true,"href":"https:\/\/www.bakebidea.com\/index.php?rest_route=\/wp\/v2\/users\/1"}],"replies":[{"embeddable":true,"href":"https:\/\/www.bakebidea.com\/index.php?rest_route=%2Fwp%2Fv2%2Fcomments&post=5541"}],"version-history":[{"count":3,"href":"https:\/\/www.bakebidea.com\/index.php?rest_route=\/wp\/v2\/pages\/5541\/revisions"}],"predecessor-version":[{"id":5591,"href":"https:\/\/www.bakebidea.com\/index.php?rest_route=\/wp\/v2\/pages\/5541\/revisions\/5591"}],"wp:attachment":[{"href":"https:\/\/www.bakebidea.com\/index.php?rest_route=%2Fwp%2Fv2%2Fmedia&parent=5541"}],"curies":[{"name":"wp","href":"https:\/\/api.w.org\/{rel}","templated":true}]}}