{"id":554,"date":"2013-12-11T11:28:15","date_gmt":"2013-12-11T10:28:15","guid":{"rendered":"https:\/\/www.bakebidea.com\/?page_id=554"},"modified":"2016-10-10T11:50:11","modified_gmt":"2016-10-10T09:50:11","slug":"qui-sommes-nous","status":"publish","type":"page","link":"https:\/\/www.bakebidea.com\/?page_id=554","title":{"rendered":"Qui sommes nous ?"},"content":{"rendered":"<h1 style=\"text-align: center;\" align=\"center\"><span style=\"color: #31718c;\">\u00a0Bake Bidea, un mouvement civil en faveur du processus de paix<\/span><\/h1>\n<p><\/br><\/p>\n<p><img loading=\"lazy\" decoding=\"async\" class=\"wp-image-3427 aligncenter\" src=\"https:\/\/www.bakebidea.com\/wp-content\/uploads\/2013\/12\/20121010_bake_bidea.jpg\" width=\"628\" height=\"400\" srcset=\"https:\/\/www.bakebidea.com\/wp-content\/uploads\/2013\/12\/20121010_bake_bidea.jpg 466w, https:\/\/www.bakebidea.com\/wp-content\/uploads\/2013\/12\/20121010_bake_bidea-300x191.jpg 300w\" sizes=\"(max-width: 628px) 100vw, 628px\" \/><\/p>\n<p>&nbsp;<\/p>\n<h2><\/h2>\n<h2 style=\"text-align: justify;\"><span style=\"color: #000000;\"><span style=\"color: #246c85;\">La gen\u00e8se<\/span><br \/>\n<\/span><\/h2>\n<p style=\"text-align: justify;\"><span style=\"color: #333333;\">Ces derni\u00e8res ann\u00e9es et surtout depuis 2010, divers secteurs de la vie sociale, politique, syndicale et associative du Pays Basque Nord ont form\u00e9 un collectif cr\u00e9ant des espaces de r\u00e9flexion autour de la n\u00e9cessit\u00e9 d\u2019une r\u00e9solution du conflit au Pays Basque.<\/span><\/p>\n<p style=\"text-align: justify;\"><span style=\"color: #333333;\">Cette dynamique a d\u00e9bouch\u00e9 sur l&rsquo;organisation de deux \u00e9v\u00e9nements:<\/span><\/p>\n<ul style=\"text-align: justify;\">\n<ul style=\"text-align: justify;\">\n<li style=\"text-align: justify;\"><span style=\"color: #333333;\">Le 18 juin, un meeting \u00e0 Biarritz pour d\u00e9noncer le Mandat d\u2019Arr\u00eat Europ\u00e9en (MAE). Cette action a contribu\u00e9 \u00e0 approfondir les \u00e9changes et les r\u00e9flexions men\u00e9s autour de la n\u00e9cessit\u00e9 d\u2019une r\u00e9solution d\u00e9mocratique, politique et int\u00e9grale du conflit et de la participation des \u00c9tats et de tous les acteurs \u00e0 ce processus.<br \/>\n<\/span><\/li>\n<\/ul>\n<\/ul>\n<ul style=\"text-align: justify;\">\n<li style=\"text-align: justify;\"><span style=\"color: #000000;\"><span style=\"color: #333333;\">Au lendemain de la Conf\u00e9rence d\u2019Aiete, une manifestation en faveur d\u2019une r\u00e9solution politique, d\u00e9mocratique et int\u00e9grale du conflit. Cette initiative a re\u00e7u le soutien d\u2019un spectre large de la soci\u00e9t\u00e9 et de partis politiques (PS, Modem, Partis abertzale).<\/span><br \/>\n<\/span><\/li>\n<\/ul>\n<p>&nbsp;<\/p>\n<h2 style=\"text-align: justify;\"><span style=\"color: #246c85;\">\u00a0Un mouvement civil qui s\u2019inscrit dans la d\u00e9marche d\u2019Aiete<\/span><\/h2>\n<p>&nbsp;<\/p>\n<p style=\"text-align: justify;\"><img loading=\"lazy\" decoding=\"async\" class=\"alignnone wp-image-834 size-full\" src=\"https:\/\/www.bakebidea.com\/wp-content\/uploads\/2014\/01\/conference-screen.jpg\" width=\"650\" height=\"231\" srcset=\"https:\/\/www.bakebidea.com\/wp-content\/uploads\/2014\/01\/conference-screen.jpg 650w, https:\/\/www.bakebidea.com\/wp-content\/uploads\/2014\/01\/conference-screen-300x106.jpg 300w\" sizes=\"(max-width: 650px) 100vw, 650px\" \/><\/p>\n<p>&nbsp;<\/p>\n<p style=\"text-align: justify;\"><span style=\"color: #333333;\">Malgr\u00e9 les initiatives interpellant les \u00c9tats, malgr\u00e9 l\u2019injonction internationale adress\u00e9e tant \u00e0 l\u2019organisation ETA qu\u2019aux \u00c9tats fran\u00e7ais et espagnol leur demandant de se mettre autour d\u2019une table afin de discuter des cons\u00e9quences du conflit, seule l\u2019organisation ETA a affirm\u00e9 sa disposition au dialogue et a annonc\u00e9 l\u2019arr\u00eat de la lutte arm\u00e9e. <\/span><\/p>\n<p>&nbsp;<\/p>\n<p style=\"text-align: justify;\"><span style=\"color: #333333;\">Les \u00c9tats n\u2019ont \u00e0 ce jour montr\u00e9 aucune disposition \u00e0 l\u2019ouverture d\u2019un processus de paix en Pays Basque. Les \u00c9tats ne se montrent pas favorables au dialogue tant que l\u2019organisation ETA ne se d\u00e9sarme pas.<\/span><\/p>\n<p>&nbsp;<\/p>\n<p style=\"text-align: justify;\"><span style=\"color: #333333;\">Il est important d\u2019amener les \u00c9tats \u00e0 prendre la mesure des possibilit\u00e9s ouvertes par l\u2019\u00e9ventuelle instauration d\u2019un dialogue. Il est tout aussi important que les repr\u00e9sentant.e.s politiques, les acteurs sociaux et la soci\u00e9t\u00e9 civile dans son ensemble cr\u00e9ent des espaces de discussion autour des cl\u00e9s du processus de paix.<\/span><\/p>\n<p>&nbsp;<\/p>\n<p style=\"text-align: justify;\"><span style=\"color: #333333;\">C\u2019est dans ce sens que le collectif originel a continu\u00e9 \u00e0 se d\u00e9velopper et \u00e0 approfondir ses r\u00e9flexions autour de ses fonctions et de ses objectifs. Conscient que la r\u00e9solution du conflit appartient \u00e0 toute la soci\u00e9t\u00e9 civile et qu\u2019une paix\u00a0juste et durable\u00a0d\u00e9pend de la participation de toutes et tous, le groupe s\u2019est progressivement \u00e9largi et tend \u00e0 repr\u00e9senter toutes les sph\u00e8res de la soci\u00e9t\u00e9 civile.<\/span><\/p>\n<p>&nbsp;<\/p>\n<p style=\"text-align: justify;\"><span style=\"color: #333333;\">De plus, de nombreux.ses \u00e9lu.e.s se sont montr\u00e9.e.s favorables \u00e0 un travail en collaboration \u00e9troite avec le mouvement.<br \/>\n<\/span><\/p>\n<p>&nbsp;<\/p>\n<p style=\"text-align: justify;\"><span style=\"color: #333333;\">Afin de symboliser cette pluralit\u00e9 et sa volont\u00e9 de s\u2019inscrire dans un processus de paix au Pays Basque, le collectif s\u2019est progressivement structur\u00e9 en un mouvement civil nomm\u00e9 Bake Bidea.<\/span><\/p>\n<p>&nbsp;<\/p>\n<p style=\"text-align: justify;\"><span style=\"color: #333333;\">Le mouvement aspire \u00e0 favoriser la r\u00e9flexion autour de ce processus au sein de l\u2019ensemble de la soci\u00e9t\u00e9, en impulsant le d\u00e9bat autour des points soulev\u00e9s par la d\u00e9claration d\u2019Aiete. C\u2019est par une participation et une mobilisation larges que nous obtiendrons de mettre en place un processus qui garantira le respect des droits d\u00e9mocratiques. <\/span><\/p>\n<p>&nbsp;<\/p>\n<p style=\"text-align: justify;\"><span style=\"color: #333333;\">Cette volont\u00e9 se traduit notamment par la cr\u00e9ation et la proposition de plusieurs espaces de discussion, de r\u00e9flexion et d&rsquo;\u00e9changes d&rsquo;id\u00e9es autour du processus de paix, avec la conviction que la r\u00e9ussite du processus d\u00e9pend des apports et de la mobilisation\u00a0de tou.te.s les citoyen.ne.s<\/span><\/p>\n<p>&nbsp;<\/p>\n<p>&nbsp;<\/p>\n\n\t\t<style type=\"text\/css\">\n\t\t\t#gallery-1 {\n\t\t\t\tmargin: auto;\n\t\t\t}\n\t\t\t#gallery-1 .gallery-item {\n\t\t\t\tfloat: left;\n\t\t\t\tmargin-top: 10px;\n\t\t\t\ttext-align: center;\n\t\t\t\twidth: 25%;\n\t\t\t}\n\t\t\t#gallery-1 img {\n\t\t\t\tborder: 2px solid #cfcfcf;\n\t\t\t}\n\t\t\t#gallery-1 .gallery-caption {\n\t\t\t\tmargin-left: 0;\n\t\t\t}\n\t\t\t\/* see gallery_shortcode() in wp-includes\/media.php *\/\n\t\t<\/style>\n\t\t<div id='gallery-1' class='gallery galleryid-554 gallery-columns-4 gallery-size-thumbnail'><dl class='gallery-item'>\n\t\t\t<dt class='gallery-icon landscape'>\n\t\t\t\t<a href='https:\/\/www.bakebidea.com\/wp-content\/uploads\/2016\/04\/IMG_7130-2-e1472479700333.jpg'><img loading=\"lazy\" decoding=\"async\" width=\"150\" height=\"150\" src=\"https:\/\/www.bakebidea.com\/wp-content\/uploads\/2016\/04\/IMG_7130-2-150x150.jpg\" class=\"attachment-thumbnail size-thumbnail\" alt=\"\" \/><\/a>\n\t\t\t<\/dt><\/dl><dl class='gallery-item'>\n\t\t\t<dt class='gallery-icon landscape'>\n\t\t\t\t<a href='https:\/\/www.bakebidea.com\/wp-content\/uploads\/2016\/04\/IMG_7282-e1472479763415.jpg'><img loading=\"lazy\" decoding=\"async\" width=\"150\" height=\"150\" src=\"https:\/\/www.bakebidea.com\/wp-content\/uploads\/2016\/04\/IMG_7282-150x150.jpg\" class=\"attachment-thumbnail size-thumbnail\" alt=\"\" \/><\/a>\n\t\t\t<\/dt><\/dl><dl class='gallery-item'>\n\t\t\t<dt class='gallery-icon landscape'>\n\t\t\t\t<a href='https:\/\/www.bakebidea.com\/wp-content\/uploads\/2016\/04\/3fondo.png'><img loading=\"lazy\" decoding=\"async\" width=\"150\" height=\"150\" src=\"https:\/\/www.bakebidea.com\/wp-content\/uploads\/2016\/04\/3fondo-150x150.png\" class=\"attachment-thumbnail size-thumbnail\" alt=\"\" \/><\/a>\n\t\t\t<\/dt><\/dl><dl class='gallery-item'>\n\t\t\t<dt class='gallery-icon landscape'>\n\t\t\t\t<a href='https:\/\/www.bakebidea.com\/wp-content\/uploads\/2016\/05\/IMG_0231-e1472474054821.jpg'><img loading=\"lazy\" decoding=\"async\" width=\"150\" height=\"150\" src=\"https:\/\/www.bakebidea.com\/wp-content\/uploads\/2016\/05\/IMG_0231-150x150.jpg\" class=\"attachment-thumbnail size-thumbnail\" alt=\"\" \/><\/a>\n\t\t\t<\/dt><\/dl><br style=\"clear: both\" \/><dl class='gallery-item'>\n\t\t\t<dt class='gallery-icon landscape'>\n\t\t\t\t<a href='https:\/\/www.bakebidea.com\/wp-content\/uploads\/2016\/05\/IMG_0191-e1472474102719.jpg'><img loading=\"lazy\" decoding=\"async\" width=\"150\" height=\"150\" src=\"https:\/\/www.bakebidea.com\/wp-content\/uploads\/2016\/05\/IMG_0191-150x150.jpg\" class=\"attachment-thumbnail size-thumbnail\" alt=\"\" \/><\/a>\n\t\t\t<\/dt><\/dl><dl class='gallery-item'>\n\t\t\t<dt class='gallery-icon landscape'>\n\t\t\t\t<a href='https:\/\/www.bakebidea.com\/wp-content\/uploads\/2016\/02\/foro-soziala-2014_14301657910_o-e1472480600926.jpg'><img loading=\"lazy\" decoding=\"async\" width=\"150\" height=\"150\" src=\"https:\/\/www.bakebidea.com\/wp-content\/uploads\/2016\/02\/foro-soziala-2014_14301657910_o-150x150.jpg\" class=\"attachment-thumbnail size-thumbnail\" alt=\"\" \/><\/a>\n\t\t\t<\/dt><\/dl><dl class='gallery-item'>\n\t\t\t<dt class='gallery-icon landscape'>\n\t\t\t\t<a href='https:\/\/www.bakebidea.com\/wp-content\/uploads\/2016\/02\/foroa58-e1472486921770.jpg'><img loading=\"lazy\" decoding=\"async\" width=\"150\" height=\"150\" src=\"https:\/\/www.bakebidea.com\/wp-content\/uploads\/2016\/02\/foroa58-150x150.jpg\" class=\"attachment-thumbnail size-thumbnail\" alt=\"\" \/><\/a>\n\t\t\t<\/dt><\/dl><dl class='gallery-item'>\n\t\t\t<dt class='gallery-icon landscape'>\n\t\t\t\t<a href='https:\/\/www.bakebidea.com\/wp-content\/uploads\/2015\/12\/IMG_0287-1-e1472630880995.jpg'><img loading=\"lazy\" decoding=\"async\" width=\"150\" height=\"150\" src=\"https:\/\/www.bakebidea.com\/wp-content\/uploads\/2015\/12\/IMG_0287-1-150x150.jpg\" class=\"attachment-thumbnail size-thumbnail\" alt=\"\" \/><\/a>\n\t\t\t<\/dt><\/dl><br style=\"clear: both\" \/><dl class='gallery-item'>\n\t\t\t<dt class='gallery-icon landscape'>\n\t\t\t\t<a href='https:\/\/www.bakebidea.com\/wp-content\/uploads\/2016\/01\/DSCN6367.jpg'><img loading=\"lazy\" decoding=\"async\" width=\"150\" height=\"150\" src=\"https:\/\/www.bakebidea.com\/wp-content\/uploads\/2016\/01\/DSCN6367-150x150.jpg\" class=\"attachment-thumbnail size-thumbnail\" alt=\"\" \/><\/a>\n\t\t\t<\/dt><\/dl><dl class='gallery-item'>\n\t\t\t<dt class='gallery-icon landscape'>\n\t\t\t\t<a href='https:\/\/www.bakebidea.com\/wp-content\/uploads\/2014\/01\/BB9.jpg'><img loading=\"lazy\" decoding=\"async\" width=\"150\" height=\"150\" src=\"https:\/\/www.bakebidea.com\/wp-content\/uploads\/2014\/01\/BB9-150x150.jpg\" class=\"attachment-thumbnail size-thumbnail\" alt=\"\" \/><\/a>\n\t\t\t<\/dt><\/dl><dl class='gallery-item'>\n\t\t\t<dt class='gallery-icon landscape'>\n\t\t\t\t<a href='https:\/\/www.bakebidea.com\/wp-content\/uploads\/2014\/06\/prentsaurreko-bb-hautetsi.jpg'><img loading=\"lazy\" decoding=\"async\" width=\"150\" height=\"150\" src=\"https:\/\/www.bakebidea.com\/wp-content\/uploads\/2014\/06\/prentsaurreko-bb-hautetsi-150x150.jpg\" class=\"attachment-thumbnail size-thumbnail\" alt=\"\" \/><\/a>\n\t\t\t<\/dt><\/dl><dl class='gallery-item'>\n\t\t\t<dt class='gallery-icon landscape'>\n\t\t\t\t<a href='https:\/\/www.bakebidea.com\/wp-content\/uploads\/2014\/02\/p006_01.jpg'><img loading=\"lazy\" decoding=\"async\" width=\"150\" height=\"150\" src=\"https:\/\/www.bakebidea.com\/wp-content\/uploads\/2014\/02\/p006_01-150x150.jpg\" class=\"attachment-thumbnail size-thumbnail\" alt=\"\" \/><\/a>\n\t\t\t<\/dt><\/dl><br style=\"clear: both\" \/><dl class='gallery-item'>\n\t\t\t<dt class='gallery-icon landscape'>\n\t\t\t\t<a href='https:\/\/www.bakebidea.com\/wp-content\/uploads\/2014\/01\/forum-paix-pres-conf-presse-lok-fac-bb.jpg'><img loading=\"lazy\" decoding=\"async\" width=\"150\" height=\"150\" src=\"https:\/\/www.bakebidea.com\/wp-content\/uploads\/2014\/01\/forum-paix-pres-conf-presse-lok-fac-bb-150x150.jpg\" class=\"attachment-thumbnail size-thumbnail\" alt=\"\" \/><\/a>\n\t\t\t<\/dt><\/dl><dl class='gallery-item'>\n\t\t\t<dt class='gallery-icon landscape'>\n\t\t\t\t<a href='https:\/\/www.bakebidea.com\/wp-content\/uploads\/2014\/01\/sans-titrebake-bidea-eragile-conf-presse.png'><img loading=\"lazy\" decoding=\"async\" width=\"150\" height=\"150\" src=\"https:\/\/www.bakebidea.com\/wp-content\/uploads\/2014\/01\/sans-titrebake-bidea-eragile-conf-presse-150x150.png\" class=\"attachment-thumbnail size-thumbnail\" alt=\"\" \/><\/a>\n\t\t\t<\/dt><\/dl><dl class='gallery-item'>\n\t\t\t<dt class='gallery-icon landscape'>\n\t\t\t\t<a href='https:\/\/www.bakebidea.com\/wp-content\/uploads\/2015\/06\/IMG_6605-e1472631094738.jpg'><img loading=\"lazy\" decoding=\"async\" width=\"150\" height=\"150\" src=\"https:\/\/www.bakebidea.com\/wp-content\/uploads\/2015\/06\/IMG_6605-150x150.jpg\" class=\"attachment-thumbnail size-thumbnail\" alt=\"\" \/><\/a>\n\t\t\t<\/dt><\/dl><dl class='gallery-item'>\n\t\t\t<dt class='gallery-icon landscape'>\n\t\t\t\t<a href='https:\/\/www.bakebidea.com\/wp-content\/uploads\/2014\/01\/foro-sozial.png'><img loading=\"lazy\" decoding=\"async\" width=\"150\" height=\"136\" src=\"https:\/\/www.bakebidea.com\/wp-content\/uploads\/2014\/01\/foro-sozial-150x136.png\" class=\"attachment-thumbnail size-thumbnail\" alt=\"\" \/><\/a>\n\t\t\t<\/dt><\/dl><br style=\"clear: both\" \/>\n\t\t<\/div>\n\n<p>&nbsp;<\/p>\n","protected":false},"excerpt":{"rendered":"<p>\u00a0Bake Bidea, un mouvement civil en faveur du processus de paix &nbsp; La gen\u00e8se Ces derni\u00e8res ann\u00e9es et surtout depuis 2010, divers secteurs de la vie sociale, politique, syndicale et associative du Pays Basque Nord ont form\u00e9 un collectif cr\u00e9ant des espaces de r\u00e9flexion autour de la n\u00e9cessit\u00e9 d\u2019une r\u00e9solution&#8230;<\/p>\n","protected":false},"author":1,"featured_media":0,"parent":0,"menu_order":0,"comment_status":"closed","ping_status":"closed","template":"","meta":{"footnotes":""},"_links":{"self":[{"href":"https:\/\/www.bakebidea.com\/index.php?rest_route=\/wp\/v2\/pages\/554"}],"collection":[{"href":"https:\/\/www.bakebidea.com\/index.php?rest_route=\/wp\/v2\/pages"}],"about":[{"href":"https:\/\/www.bakebidea.com\/index.php?rest_route=\/wp\/v2\/types\/page"}],"author":[{"embeddable":true,"href":"https:\/\/www.bakebidea.com\/index.php?rest_route=\/wp\/v2\/users\/1"}],"replies":[{"embeddable":true,"href":"https:\/\/www.bakebidea.com\/index.php?rest_route=%2Fwp%2Fv2%2Fcomments&post=554"}],"version-history":[{"count":10,"href":"https:\/\/www.bakebidea.com\/index.php?rest_route=\/wp\/v2\/pages\/554\/revisions"}],"predecessor-version":[{"id":4194,"href":"https:\/\/www.bakebidea.com\/index.php?rest_route=\/wp\/v2\/pages\/554\/revisions\/4194"}],"wp:attachment":[{"href":"https:\/\/www.bakebidea.com\/index.php?rest_route=%2Fwp%2Fv2%2Fmedia&parent=554"}],"curies":[{"name":"wp","href":"https:\/\/api.w.org\/{rel}","templated":true}]}}