{"id":5408,"date":"2018-05-03T18:32:53","date_gmt":"2018-05-03T16:32:53","guid":{"rendered":"https:\/\/www.bakebidea.com\/?page_id=5408"},"modified":"2018-05-04T18:58:39","modified_gmt":"2018-05-04T16:58:39","slug":"4-mai-2018-arnaga","status":"publish","type":"page","link":"https:\/\/www.bakebidea.com\/?page_id=5408&lang=eu","title":{"rendered":"4 MAI 2018 ARNAGA"},"content":{"rendered":"<div class=\"adK\">\n<div id=\":jp\" class=\"zz J-J5-Ji\">\n<div class=\"TbnPjc\"><\/div>\n<\/div>\n<\/div>\n<div class=\"aHl\"><\/div>\n<p>&nbsp;<\/p>\n<h1 style=\"text-align: center;\">\u200b<span style=\"font-size: large;\"><img loading=\"lazy\" decoding=\"async\" src=\"https:\/\/mail.google.com\/mail\/u\/1\/?ui=2&amp;ik=e1452e20b2&amp;view=fimg&amp;th=1632b3f5a67e653b&amp;attid=0.0.2&amp;disp=emb&amp;realattid=ii_jgryxehe8_1632b3e40fb3233f&amp;attbid=ANGjdJ-9B5aBvGGe2G8Ou0YtDyZ1LxhhmZB16jY9Vdn74E3aoGp_HFnyXGdfyoy53tYbn5VKQQ-5XUqs_V1oKbLr7gbrEI7n2yPc4ewiOOoHruny6-FYjNDRhL7_iCY&amp;sz=w504-h382&amp;ats=1525438965558&amp;rm=1632b3f5a67e653b&amp;zw&amp;atsh=1\" width=\"252\" height=\"191\" \/><br \/>\n\u200b<span style=\"color: #800000;\">GATAZKAREN KONPONBIDEA AITZINARAZTEKO NAI+ZIOARTEKO TOPKAETAK<\/span><\/span><\/h1>\n<p style=\"text-align: center;\">2018ko maiatzaren 4a &#8211; Arnaga Etxea Kanbo<\/p>\n<div class=\"gmail_default\"><span style=\"font-size: large;\">\u200b\u200b<img loading=\"lazy\" decoding=\"async\" class=\"alignnone size-full wp-image-5452\" src=\"https:\/\/www.bakebidea.com\/wp-content\/uploads\/2018\/05\/1-1.jpeg\" alt=\"\" width=\"1000\" height=\"612\" srcset=\"https:\/\/www.bakebidea.com\/wp-content\/uploads\/2018\/05\/1-1.jpeg 1000w, https:\/\/www.bakebidea.com\/wp-content\/uploads\/2018\/05\/1-1-300x184.jpeg 300w, https:\/\/www.bakebidea.com\/wp-content\/uploads\/2018\/05\/1-1-768x470.jpeg 768w\" sizes=\"(max-width: 1000px) 100vw, 1000px\" \/><\/span><\/div>\n<pre><span style=\"color: #333333; font-size: large;\">Ostiral honetan, maiatzak 4, Gatazkaren konponbidea aitzainatzeko Nazioarteko Topaketa izan da Kanboko Arnaga Etxean, Nazioarteko Harremanetarako Taldeak (NHT), Foro Sozial Iraunkorrak eta Bake Bideak antolatuta.<\/span><\/pre>\n<div class=\"gmail_quote\">\n<div class=\"gmail_quote\">\n<div>\n<div dir=\"auto\">\n<div dir=\"ltr\">\n<div><span style=\"color: #333333; font-size: large;\">\u200bNazioarteko Topaketaren ostean, Arnagako Adierazpena irakurri duten pertsonalitateak hauek ziren:<\/span><\/div>\n<pre><\/pre>\n<div>\n<ul>\n<li>\n<div><span style=\"color: #333333; font-size: large;\">\u200b<strong>Jonathan Powell, <\/strong>Erresuma Batuko Lehen Ministroaren Kabinete Burua eta negoziatzaile britainiar nagusia Irlandan 1997-2007.<\/span><\/div>\n<\/li>\n<li>\n<div><span style=\"color: #333333; font-size: large;\">\u00a0<strong>Cuauht\u00e9moc C\u00e1rdenas Sol\u00f3rzano, <\/strong>Mexiko Hiriko alkatea 1997-1999, Iraultza Demokratikoaren Alderdiaren (PRD) sortzailea, Internazional Sozialistaren Ohorezko Presidentea.<\/span><\/div>\n<\/li>\n<\/ul>\n<ul>\n<li>\n<div><span style=\"color: #333333; font-size: large;\"><strong>Michel Camdessus, <\/strong>Nazioarteko Diru Funtseko Zuzendari Orokorra 1987-2000, Frantziako Bankuaren gobernadorea 1984-1987<br \/>\n<\/span><\/div>\n<\/li>\n<li>\n<div><span style=\"color: #333333;\"><strong><span style=\"font-size: large;\">Irati Agorria\u00a0Cuevas <\/span><\/strong><\/span><\/div>\n<\/li>\n<\/ul>\n<\/div>\n<div><span style=\"color: #333333; font-size: large;\">Jarraian atxikita dituzue topaketari lotutako dokumentuak:<\/span><\/div>\n<ul>\n<li>\n<div><span style=\"color: #333333;\"><a style=\"color: #333333;\" href=\"https:\/\/www.bakebidea.com\/wp-content\/uploads\/2016\/04\/ARNAGAKO-ADIERAZPENA-2018KO-MAIATZAREN-4A.pdf\" target=\"_blank\" rel=\"noopener\" data-saferedirecturl=\"https:\/\/www.google.com\/url?hl=fr&amp;q=https:\/\/www.bakebidea.com\/wp-content\/uploads\/2016\/04\/ARNAGAKO-ADIERAZPENA-2018KO-MAIATZAREN-4A.pdf&amp;source=gmail&amp;ust=1525525365559000&amp;usg=AFQjCNHnlVYiwfXvZFU253aT1Nsm7xun0w\">\u200bArnagako adierazpena<\/a><\/span><\/div>\n<\/li>\n<\/ul>\n<div>\n<ul>\n<li>\n<div><span style=\"color: #333333;\"><a style=\"color: #333333;\" href=\"https:\/\/www.bakebidea.com\/wp-content\/uploads\/2016\/04\/SINATZAILEAK.pdf\" target=\"_blank\" rel=\"noopener\" data-saferedirecturl=\"https:\/\/www.google.com\/url?hl=fr&amp;q=https:\/\/www.bakebidea.com\/wp-content\/uploads\/2016\/04\/SINATZAILEAK.pdf&amp;source=gmail&amp;ust=1525525365559000&amp;usg=AFQjCNG1xHZffuo-Z-T7FFuUqYpGDAEIqw\">Adierazpenaren izenpetzaileak<\/a><\/span><\/div>\n<\/li>\n<li>\n<div><span style=\"color: #333333;\"><a style=\"color: #333333;\" href=\"https:\/\/www.bakebidea.com\/wp-content\/uploads\/2016\/04\/ANTOLATZAILEEN-AURKEZPENA-2018KO-MAIATZAREN-4A-ARNAGA.pdf\" target=\"_blank\" rel=\"noopener\" data-saferedirecturl=\"https:\/\/www.google.com\/url?hl=fr&amp;q=https:\/\/www.bakebidea.com\/wp-content\/uploads\/2016\/04\/ANTOLATZAILEEN-AURKEZPENA-2018KO-MAIATZAREN-4A-ARNAGA.pdf&amp;source=gmail&amp;ust=1525525365559000&amp;usg=AFQjCNGd6I4W7gOGzRyub0b7wJ9bbhex0w\">Antolatzaileen aurkezpena<\/a><\/span><\/div>\n<\/li>\n<li>\n<div><span style=\"color: #333333;\"><a style=\"color: #333333;\" href=\"https:\/\/www.bakebidea.com\/wp-content\/uploads\/2016\/04\/200_CV.pdf\" target=\"_blank\" rel=\"noopener\" data-saferedirecturl=\"https:\/\/www.google.com\/url?hl=fr&amp;q=https:\/\/www.bakebidea.com\/wp-content\/uploads\/2016\/04\/200_CV.pdf&amp;source=gmail&amp;ust=1525525365559000&amp;usg=AFQjCNEGUso4TZ6k2Vy-e_wM_QU6MFJMwg\">Nazioarteko\u00a0topaketa sustengatu duten Nazioarteko\u00a0pertsonalitateak<\/a><\/span><\/div>\n<\/li>\n<li>\n<div><span style=\"color: #333333;\"><a style=\"color: #333333;\" href=\"https:\/\/www.bakebidea.com\/wp-content\/uploads\/2016\/04\/200_BABESLEAK.pdf\" target=\"_blank\" rel=\"noopener\" data-saferedirecturl=\"https:\/\/www.google.com\/url?hl=fr&amp;q=https:\/\/www.bakebidea.com\/wp-content\/uploads\/2016\/04\/200_BABESLEAK.pdf&amp;source=gmail&amp;ust=1525525365559000&amp;usg=AFQjCNG5F4MGYRVVymt6J6M0FIrX1dFudA\">Nazioarteko Topaketa babesten duen taldea<\/a><\/span><\/div>\n<\/li>\n<li>\n<div><span style=\"color: #333333;\"><a style=\"color: #333333;\" href=\"https:\/\/www.bakebidea.com\/wp-content\/uploads\/2016\/04\/GONBIDATUEN-ZERRENDA.pdf\" target=\"_blank\" rel=\"noopener\" data-saferedirecturl=\"https:\/\/www.google.com\/url?hl=fr&amp;q=https:\/\/www.bakebidea.com\/wp-content\/uploads\/2016\/04\/GONBIDATUEN-ZERRENDA.pdf&amp;source=gmail&amp;ust=1525525365559000&amp;usg=AFQjCNEgmhUPb_EDnMQxwf151632OPwdOQ\">Gonbidatuen zerrenda<\/a><\/span><\/div>\n<\/li>\n<\/ul>\n<\/div>\n<div><span style=\"color: #333333;\">\u00a0<b><\/b><\/span><\/div>\n<pre><span style=\"color: #333333;\">\r\n\u200bARGAZKI GALERIA\r\n\r\n\u00a0\r\n\r\n\r\n<a id=\"m_-8856386248268684857gmail-m_-6135796855385833827m_3809109728917213766gmail-m_3699718119715099734LPlnk639935\" class=\"m_-8856386248268684857gmail-m_-6135796855385833827m_3809109728917213766gmail-m_3699718119715099734OWAAutoLink\" style=\"color: #333333;\" href=\"https:\/\/www.flickr.com\/photos\/157997353@N06\/\" target=\"_blank\" rel=\"noopener noreferrer\" data-saferedirecturl=\"https:\/\/www.google.com\/url?hl=fr&amp;q=https:\/\/www.flickr.com\/photos\/157997353@N06\/&amp;source=gmail&amp;ust=1525525365559000&amp;usg=AFQjCNGNPwhzh6D1wg5iWX7DaARaYXfM8w\">https:\/\/www.flickr.com\/photos\/<wbr \/>157997353@N06\/<\/a>\r\n\u00a0\r\nBIDEOA\r\n<\/span><\/pre>\n<div><span style=\"color: #333333;\">\u00a0<span lang=\"ES\"><a style=\"color: #333333;\" href=\"https:\/\/www.youtube.com\/watch?v=kIXm85qvwkY\" target=\"_blank\" rel=\"noopener noreferrer\" data-saferedirecturl=\"https:\/\/www.google.com\/url?hl=fr&amp;q=https:\/\/www.youtube.com\/watch?v%3DkIXm85qvwkY&amp;source=gmail&amp;ust=1525525365559000&amp;usg=AFQjCNE6wlIjOwFpQTWj8U55lZL5ntVrjg\">https:\/\/www.youtube.com\/watch?<wbr \/>v=kIXm85qvwkY<\/a><\/span> <span lang=\"ES\">\u00a0<\/span><\/span><\/div>\n<div>\n<div>\n<div>\n<pre><span style=\"color: #333333;\">\u200bHarremanetarako Nazioarteko Taldea, Foro Sozial Iraunkorra eta Bake Bidea<\/span><\/pre>\n<div><img loading=\"lazy\" decoding=\"async\" class=\"alignnone size-full wp-image-5453\" src=\"https:\/\/www.bakebidea.com\/wp-content\/uploads\/2018\/05\/3-LOGOAK-1.jpg\" alt=\"\" width=\"1257\" height=\"258\" srcset=\"https:\/\/www.bakebidea.com\/wp-content\/uploads\/2018\/05\/3-LOGOAK-1.jpg 1257w, https:\/\/www.bakebidea.com\/wp-content\/uploads\/2018\/05\/3-LOGOAK-1-300x62.jpg 300w, https:\/\/www.bakebidea.com\/wp-content\/uploads\/2018\/05\/3-LOGOAK-1-768x158.jpg 768w, https:\/\/www.bakebidea.com\/wp-content\/uploads\/2018\/05\/3-LOGOAK-1-1024x210.jpg 1024w\" sizes=\"(max-width: 1257px) 100vw, 1257px\" \/><\/div>\n<\/div>\n<\/div>\n<\/div>\n<\/div>\n<\/div>\n<\/div>\n<\/div>\n<\/div>\n<p>&nbsp;<\/p>\n","protected":false},"excerpt":{"rendered":"<p>&nbsp; \u200b \u200bGATAZKAREN KONPONBIDEA AITZINARAZTEKO NAI+ZIOARTEKO TOPKAETAK 2018ko maiatzaren 4a &#8211; Arnaga Etxea Kanbo \u200b\u200b Ostiral honetan, maiatzak 4, Gatazkaren konponbidea aitzainatzeko Nazioarteko Topaketa izan da Kanboko Arnaga Etxean, Nazioarteko Harremanetarako Taldeak (NHT), Foro Sozial Iraunkorrak eta Bake Bideak antolatuta. \u200bNazioarteko Topaketaren ostean, Arnagako Adierazpena irakurri duten pertsonalitateak hauek ziren:&#8230;<\/p>\n","protected":false},"author":1,"featured_media":0,"parent":0,"menu_order":0,"comment_status":"closed","ping_status":"closed","template":"","meta":{"footnotes":""},"_links":{"self":[{"href":"https:\/\/www.bakebidea.com\/index.php?rest_route=\/wp\/v2\/pages\/5408"}],"collection":[{"href":"https:\/\/www.bakebidea.com\/index.php?rest_route=\/wp\/v2\/pages"}],"about":[{"href":"https:\/\/www.bakebidea.com\/index.php?rest_route=\/wp\/v2\/types\/page"}],"author":[{"embeddable":true,"href":"https:\/\/www.bakebidea.com\/index.php?rest_route=\/wp\/v2\/users\/1"}],"replies":[{"embeddable":true,"href":"https:\/\/www.bakebidea.com\/index.php?rest_route=%2Fwp%2Fv2%2Fcomments&post=5408"}],"version-history":[{"count":6,"href":"https:\/\/www.bakebidea.com\/index.php?rest_route=\/wp\/v2\/pages\/5408\/revisions"}],"predecessor-version":[{"id":5466,"href":"https:\/\/www.bakebidea.com\/index.php?rest_route=\/wp\/v2\/pages\/5408\/revisions\/5466"}],"wp:attachment":[{"href":"https:\/\/www.bakebidea.com\/index.php?rest_route=%2Fwp%2Fv2%2Fmedia&parent=5408"}],"curies":[{"name":"wp","href":"https:\/\/api.w.org\/{rel}","templated":true}]}}