{"id":5403,"date":"2018-05-03T18:08:02","date_gmt":"2018-05-03T16:08:02","guid":{"rendered":"https:\/\/www.bakebidea.com\/?page_id=5403"},"modified":"2018-05-04T18:56:25","modified_gmt":"2018-05-04T16:56:25","slug":"4-mai-2018-arnaga","status":"publish","type":"page","link":"https:\/\/www.bakebidea.com\/?page_id=5403","title":{"rendered":"4 MAI 2018 ARNAGA"},"content":{"rendered":"<p><img loading=\"lazy\" decoding=\"async\" class=\"alignnone wp-image-5455 size-full\" src=\"https:\/\/www.bakebidea.com\/wp-content\/uploads\/2018\/05\/LOGO-ARNAGA.jpeg\" alt=\"\" width=\"252\" height=\"191\" \/><\/p>\n<p class=\"gmail_default\" dir=\"ltr\" style=\"text-align: center;\"><strong><span style=\"color: #990000; font-family: arial narrow,sans-serif; font-size: xx-large;\">RENCONTRE INTERNATIONALE POUR AVANCER DANS LA RESOLUTION DU CONFLIT<\/span><\/strong><\/p>\n<p class=\"gmail_default\" dir=\"ltr\" style=\"text-align: center;\"><span style=\"color: #000000; font-family: arial narrow,sans-serif; font-size: large;\">4 MAI 2018<\/span><\/p>\n<p class=\"gmail_default\" dir=\"ltr\" style=\"text-align: center;\"><span style=\"color: #000000; font-family: arial narrow,sans-serif; font-size: large;\">Villa Arnaga &#8211; Cambo-les-bains<\/span><\/p>\n<p class=\"gmail_default\" dir=\"ltr\"><span style=\"font-size: large;\">\u00a0<img loading=\"lazy\" decoding=\"async\" class=\"alignnone size-full wp-image-5452\" src=\"https:\/\/www.bakebidea.com\/wp-content\/uploads\/2018\/05\/1-1.jpeg\" alt=\"\" width=\"1000\" height=\"612\" srcset=\"https:\/\/www.bakebidea.com\/wp-content\/uploads\/2018\/05\/1-1.jpeg 1000w, https:\/\/www.bakebidea.com\/wp-content\/uploads\/2018\/05\/1-1-300x184.jpeg 300w, https:\/\/www.bakebidea.com\/wp-content\/uploads\/2018\/05\/1-1-768x470.jpeg 768w\" sizes=\"(max-width: 1000px) 100vw, 1000px\" \/><\/span><\/p>\n<pre class=\"gmail_default\" dir=\"ltr\"><span style=\"color: #000000; font-size: large;\">Ce vendredi 4 mai 2018 s'est tenue la Rencontre Internationale pour avancer dans la r\u00e9solution du conflit au Pays Basque, \u00e0 la Villa Arnaga \u00e0 Cambo-les-bains, organis\u00e9e par le Groupe International de Contact (GIC), le Forum Social Permanent et Bake Bidea.\r\n <\/span>\r\n\r\n<span style=\"color: #000000; font-size: large;\">A l'issue de cette Rencontre Internationale la D\u00e9claration d'Arnaga a \u00e9t\u00e9 lue par :<\/span><\/pre>\n<ul>\n<li>\n<pre><span style=\"color: #000000; font-size: large;\"><strong>Jonathan Powell, <\/strong>Chef de cabinet du Premier ministre du Royaume-Uni et principal n\u00e9gociateur britannique lors du conflit irlandais 1997-2007.\r\n <\/span><\/pre>\n<\/li>\n<li>\n<pre><span style=\"color: #000000; font-size: large;\"><strong>Cuauht\u00e9moc C\u00e1rdenas Sol\u00f3rzano, <\/strong>Chef de gouvernement du District f\u00e9d\u00e9ral 1997-1999, fundateur du\r\n Parti de la R\u00e9volution D\u00e9mocratique (PRD), Pr\u00e9sident honoraire de\r\n l\u2019Internationale Socialiste.\r\n <\/span><\/pre>\n<\/li>\n<li>\n<pre><span style=\"color: #000000; font-size: large;\"><strong>Michel Camdessus, <\/strong>Directeur g\u00e9n\u00e9ral du Fonds mon\u00e9taire international 1987-2000, Gouverneur de la Banque de France 1984-1987<\/span><\/pre>\n<\/li>\n<li>\n<pre><span style=\"color: #000000; font-size: large;\">I<strong>rati Agorria Cuevas<\/strong>\r\n <\/span><\/pre>\n<\/li>\n<\/ul>\n<pre><span style=\"color: #000000; font-size: large;\">Vous trouverez ci-dessous en pi\u00e8ces jointes\u00a0les documents relatifs \u00e0 la Rencontre Internationale:<\/span><\/pre>\n<p><span style=\"color: #000000;\"><b><span style=\"font-size: large;\">TEXTES<\/span><\/b><\/span><\/p>\n<ul>\n<li>\n<pre><span style=\"color: #000000;\"><b><span style=\"font-size: large;\"><a style=\"color: #000000;\" href=\"https:\/\/www.bakebidea.com\/wp-content\/uploads\/2016\/04\/ARNAGA_FRA.pdf\" target=\"_blank\" rel=\"noopener\" data-saferedirecturl=\"https:\/\/www.google.com\/url?hl=fr&amp;q=https:\/\/www.bakebidea.com\/wp-content\/uploads\/2016\/04\/ARNAGA_FRA.pdf&amp;source=gmail&amp;ust=1525523149777000&amp;usg=AFQjCNGrkFDbr_pnTzEx5AZj8wmhftI3og\">La D\u200b\u00e9claration<\/a><\/span><\/b><\/span><\/pre>\n<\/li>\n<li>\n<pre><span style=\"color: #000000;\"><b><span style=\"font-size: large;\">\u200b<\/span><a style=\"color: #000000;\" href=\"https:\/\/www.bakebidea.com\/wp-content\/uploads\/2016\/04\/SINATZAILEAK.pdf\" target=\"_blank\" rel=\"noopener\" data-saferedirecturl=\"https:\/\/www.google.com\/url?hl=fr&amp;q=https:\/\/www.bakebidea.com\/wp-content\/uploads\/2016\/04\/SINATZAILEAK.pdf&amp;source=gmail&amp;ust=1525523149777000&amp;usg=AFQjCNGl28Ptiz6Qq2i-MIeY5Cv3DnxZiQ\">Les signataires de la D\u00e9claration\u00a0<\/a><\/b><\/span><\/pre>\n<\/li>\n<li>\n<pre><span style=\"color: #000000;\"><b><a style=\"color: #000000;\" href=\"https:\/\/www.bakebidea.com\/wp-content\/uploads\/2016\/04\/PRESENTATION-DES-ORGANISATEURS-4-MAI-2018-ARNAGA-1.pdf\" target=\"_blank\" rel=\"noopener\" data-saferedirecturl=\"https:\/\/www.google.com\/url?hl=fr&amp;q=https:\/\/www.bakebidea.com\/wp-content\/uploads\/2016\/04\/PRESENTATION-DES-ORGANISATEURS-4-MAI-2018-ARNAGA-1.pdf&amp;source=gmail&amp;ust=1525523149777000&amp;usg=AFQjCNFHQeIUp_E4VBWrxtzXHJuuq5xFjQ\">La pr\u00e9sentation des organisateurs<\/a><\/b><\/span><\/pre>\n<\/li>\n<li>\n<pre><span style=\"color: #000000;\"><b><a style=\"color: #000000;\" href=\"https:\/\/www.bakebidea.com\/wp-content\/uploads\/2016\/04\/GONBIDATUEN-ZERRENDA.pdf\" target=\"_blank\" rel=\"noopener\" data-saferedirecturl=\"https:\/\/www.google.com\/url?hl=fr&amp;q=https:\/\/www.bakebidea.com\/wp-content\/uploads\/2016\/04\/GONBIDATUEN-ZERRENDA.pdf&amp;source=gmail&amp;ust=1525523149777000&amp;usg=AFQjCNF-S29F65WO9CRX2FMc1_Rt5QbQ_A\">\u00a0La liste des invit\u00e9s<\/a><\/b><\/span><\/pre>\n<\/li>\n<li>\n<pre><span style=\"color: #000000;\"><b><a style=\"color: #000000;\" href=\"https:\/\/www.bakebidea.com\/wp-content\/uploads\/2016\/04\/200_BABESLEAK.pdf\" target=\"_blank\" rel=\"noopener\" data-saferedirecturl=\"https:\/\/www.google.com\/url?hl=fr&amp;q=https:\/\/www.bakebidea.com\/wp-content\/uploads\/2016\/04\/200_BABESLEAK.pdf&amp;source=gmail&amp;ust=1525523149777000&amp;usg=AFQjCNEj5ZJq5xzVvpM-EMYSrNAjB6208g\">Les membres du groupe de soutien<\/a><\/b><\/span><\/pre>\n<\/li>\n<li>\n<pre><span style=\"color: #000000;\"><b><span style=\"font-size: large;\">\u200b<\/span><a style=\"color: #000000;\" href=\"https:\/\/www.bakebidea.com\/wp-content\/uploads\/2016\/04\/200_CV.pdf\" target=\"_blank\" rel=\"noopener\" data-saferedirecturl=\"https:\/\/www.google.com\/url?hl=fr&amp;q=https:\/\/www.bakebidea.com\/wp-content\/uploads\/2016\/04\/200_CV.pdf&amp;source=gmail&amp;ust=1525523149777000&amp;usg=AFQjCNGLp_cV0Am1kHMXUvAaGaBdoJNUMQ\">Biographies des personnalit\u00e9s internationales soutenant la Rencontre Internationale<\/a><\/b><\/span><\/pre>\n<\/li>\n<\/ul>\n<pre class=\"gmail_default\" dir=\"ltr\"><span style=\"color: #000000; font-size: large;\">\u00a0<\/span>\r\n\r\n<span style=\"color: #000000;\"><b><span style=\"font-size: large;\">IMAGES<\/span><\/b><\/span><\/pre>\n<ul>\n<li>\n<pre><span style=\"color: #000000;\"><b><u><a style=\"color: #000000;\" href=\"https:\/\/www.youtube.com\/watch?v=5B6HJkJoUDQ\" target=\"_blank\" rel=\"noopener\" data-saferedirecturl=\"https:\/\/www.google.com\/url?hl=fr&amp;q=https:\/\/www.youtube.com\/watch?v%3D5B6HJkJoUDQ&amp;source=gmail&amp;ust=1525523149777000&amp;usg=AFQjCNEEYwhFuqGNaz_p9XG0wntWj47haw\">La vid\u00e9o de la lecture de la d\u00e9claration<\/a><\/u><\/b><\/span><\/pre>\n<\/li>\n<li>\n<pre><span style=\"color: #000000;\"><b><u><a style=\"color: #000000;\" href=\"https:\/\/www.flickr.com\/photos\/157997353@N06\/\" target=\"_blank\" rel=\"noopener\" data-saferedirecturl=\"https:\/\/www.google.com\/url?hl=fr&amp;q=https:\/\/www.flickr.com\/photos\/157997353@N06\/&amp;source=gmail&amp;ust=1525523149777000&amp;usg=AFQjCNE-jDJLkGpkgRI_1Ts35MM7qj_yvA\">La galerie d'images de la<\/a><span style=\"font-size: large;\"> Rencontre Internationale<\/span><\/u><\/b><\/span><\/pre>\n<\/li>\n<\/ul>\n<pre>\u00a0\r\n\r\n\r\n<span style=\"color: #000000;\">Le GIC, Le Forum Social Permanent et Bake Bidea<\/span><\/pre>\n<p><img loading=\"lazy\" decoding=\"async\" class=\"alignnone size-full wp-image-5453\" src=\"https:\/\/www.bakebidea.com\/wp-content\/uploads\/2018\/05\/3-LOGOAK-1.jpg\" alt=\"\" width=\"1257\" height=\"258\" srcset=\"https:\/\/www.bakebidea.com\/wp-content\/uploads\/2018\/05\/3-LOGOAK-1.jpg 1257w, https:\/\/www.bakebidea.com\/wp-content\/uploads\/2018\/05\/3-LOGOAK-1-300x62.jpg 300w, https:\/\/www.bakebidea.com\/wp-content\/uploads\/2018\/05\/3-LOGOAK-1-768x158.jpg 768w, https:\/\/www.bakebidea.com\/wp-content\/uploads\/2018\/05\/3-LOGOAK-1-1024x210.jpg 1024w\" sizes=\"(max-width: 1257px) 100vw, 1257px\" \/><\/p>\n<p>&nbsp;<\/p>\n","protected":false},"excerpt":{"rendered":"<p>RENCONTRE INTERNATIONALE POUR AVANCER DANS LA RESOLUTION DU CONFLIT 4 MAI 2018 Villa Arnaga &#8211; Cambo-les-bains \u00a0 Ce vendredi 4 mai 2018 s&rsquo;est tenue la Rencontre Internationale pour avancer dans la r\u00e9solution du conflit au Pays Basque, \u00e0 la Villa Arnaga \u00e0 Cambo-les-bains, organis\u00e9e par le Groupe International de Contact&#8230;<\/p>\n","protected":false},"author":1,"featured_media":0,"parent":0,"menu_order":0,"comment_status":"closed","ping_status":"closed","template":"","meta":{"footnotes":""},"_links":{"self":[{"href":"https:\/\/www.bakebidea.com\/index.php?rest_route=\/wp\/v2\/pages\/5403"}],"collection":[{"href":"https:\/\/www.bakebidea.com\/index.php?rest_route=\/wp\/v2\/pages"}],"about":[{"href":"https:\/\/www.bakebidea.com\/index.php?rest_route=\/wp\/v2\/types\/page"}],"author":[{"embeddable":true,"href":"https:\/\/www.bakebidea.com\/index.php?rest_route=\/wp\/v2\/users\/1"}],"replies":[{"embeddable":true,"href":"https:\/\/www.bakebidea.com\/index.php?rest_route=%2Fwp%2Fv2%2Fcomments&post=5403"}],"version-history":[{"count":9,"href":"https:\/\/www.bakebidea.com\/index.php?rest_route=\/wp\/v2\/pages\/5403\/revisions"}],"predecessor-version":[{"id":5463,"href":"https:\/\/www.bakebidea.com\/index.php?rest_route=\/wp\/v2\/pages\/5403\/revisions\/5463"}],"wp:attachment":[{"href":"https:\/\/www.bakebidea.com\/index.php?rest_route=%2Fwp%2Fv2%2Fmedia&parent=5403"}],"curies":[{"name":"wp","href":"https:\/\/api.w.org\/{rel}","templated":true}]}}