{"id":5299,"date":"2018-03-13T10:55:37","date_gmt":"2018-03-13T09:55:37","guid":{"rendered":"https:\/\/www.bakebidea.com\/?page_id=5299"},"modified":"2018-03-14T19:05:05","modified_gmt":"2018-03-14T18:05:05","slug":"armagabetzea-urte-bat-eta-gero-foroa-apirilak-67-eta-8","status":"publish","type":"page","link":"https:\/\/www.bakebidea.com\/?page_id=5299","title":{"rendered":"LE DESARMEMENT UN AN APRES \/ FORUM 6, 7 et 8 avril"},"content":{"rendered":"<p style=\"text-align: center;\"><span style=\"color: #333333;\"><strong><img loading=\"lazy\" decoding=\"async\" class=\"alignnone size-full wp-image-5324\" src=\"https:\/\/www.bakebidea.com\/wp-content\/uploads\/2016\/04\/banner900x300.jpg\" alt=\"\" width=\"900\" height=\"300\" srcset=\"https:\/\/www.bakebidea.com\/wp-content\/uploads\/2016\/04\/banner900x300.jpg 900w, https:\/\/www.bakebidea.com\/wp-content\/uploads\/2016\/04\/banner900x300-300x100.jpg 300w, https:\/\/www.bakebidea.com\/wp-content\/uploads\/2016\/04\/banner900x300-768x256.jpg 768w\" sizes=\"(max-width: 900px) 100vw, 900px\" \/><br \/>\n<\/strong><\/span><\/p>\n<p>&nbsp;<\/p>\n<h3><span style=\"color: #333333;\">PR\u00c9SENTATION DU FORUM<\/span><\/h3>\n<p>Le 16 d\u00e9cembre 2017 et le 8 avril 2017 auront marqu\u00e9 une \u00e9tape incontournable dans le processus de paix au Pays Basque. Pour la premi\u00e8re fois dans l\u2019histoire des r\u00e9solutions de conflit, la soci\u00e9t\u00e9 civile par le biais des Artisans de la paix s\u2019est empar\u00e9e du d\u00e9sarmement de l\u2019organisation arm\u00e9e ETA.<\/p>\n<p>Depuis la d\u00e9claration d\u2019Aiete en 2011, cette avanc\u00e9e historique est le fruit d\u2019une dynamique grandissante entre diff\u00e9rents organismes, les \u00e9lu.e.s du Pays Basque Nord la mobilisation de la soci\u00e9t\u00e9 civile au sens plus large.<\/p>\n<p>Cette exp\u00e9rience collective a soud\u00e9 la soci\u00e9t\u00e9 civile autour de la conviction qu\u2019il fallait continuer \u00e0 avancer et \u00e0 faire face aux cons\u00e9quences de ce conflit.<\/p>\n<p>C\u2019est pourquoi, les questions de la reconnaissance, de la r\u00e9paration et de la v\u00e9rit\u00e9 concernant toutes les victimes, de m\u00eame que la recherche d\u2019une solution pour tous les prisonnier.e.s basques, nous ont paru absolument n\u00e9cessaires, incontournables.<\/p>\n<p>Le 9 d\u00e9cembre 2017, les Artisans de la paix ont ainsi appel\u00e9 \u00e0 la manifestation la plus importante jamais organis\u00e9e \u00e0 Paris. Manifestation en faveur de la paix au Pays Basque et de la fin des mesures d\u2019exception appliqu\u00e9es aux prisonnier.e.s basques. Soutenue par la Communaut\u00e9 d\u2019Agglom\u00e9ration du Pays Basque et appel\u00e9e par la majorit\u00e9 des \u00e9lu.e.s du Pays Basque ainsi qu\u2019une centaine de personnalit\u00e9s hexagonales, elle a rassembl\u00e9 11\u00a0000 personnes.<\/p>\n<p>Un an apr\u00e8s le d\u00e9sarmement effectif de l\u2019organisation arm\u00e9e ETA, il nous para\u00eet important de faire un bilan d\u2019\u00e9tape, de r\u00e9fl\u00e9chir aux enjeux et aux perspectives du moment, en particulier celles concernant la soci\u00e9t\u00e9 civile, moteur du processus de paix.<\/p>\n<p>Alors qu\u2019une discussion a \u00e9t\u00e9 ouverte le 19 octobre 2017, entre une d\u00e9l\u00e9gation constitu\u00e9e de repr\u00e9sentant.e.s de la soci\u00e9t\u00e9 civile et le Minist\u00e8re de la Justice afin de trouver une solution relative au sort des prisonnier.e.s basques, nous devons mieux comprendre o\u00f9 se situent les blocages non surmont\u00e9s. Nous devons \u00e9galement prendre conscience des \u00e9tapes restant \u00e0 franchir, afin que nous puissions nous confronter \u00e0 notre pass\u00e9 et construire l\u2019avenir.<\/p>\n<p>Outre un bilan du d\u00e9sarmement, ce Forum a donc l\u2019ambition d\u2019offrir un espace de r\u00e9flexion et d\u2019\u00e9changes relatifs aux enjeux et aux perspectives du moment, un an apr\u00e8s.<\/p>\n<p>&nbsp;<\/p>\n<h3>PROGRAMME<\/h3>\n<p>&nbsp;<\/p>\n<h3><span style=\"color: #008080;\">Le vendredi 06 avril 2018 de 19\u00a0:30 \u00e0 22\u00a0:00 \u00e0 la CCI de Bayonne<\/span><\/h3>\n<p>&nbsp;<\/p>\n<h3><span style=\"color: #333333;\">Victimes, souffrance: Faire face au pass\u00e9 pour construire l\u2019avenir<\/span><\/h3>\n<p>&nbsp;<\/p>\n<p>Les intervenant.e.s ayant d\u00e9j\u00e0 confirm\u00e9 leur pr\u00e9sence:<br \/>\n\u2022 Michel Berhocoirigoin, Artisan de la paix<br \/>\n\u2022 Jean Pierre Massias\u00a0: Pr\u00e9sident de l\u2019Association Francophone de Justice Transitionnelle<br \/>\n\u2022 Julen Mendoza, Maire de Orereta\/Errenteria<br \/>\n\u2022 Serge Portelli, Magistrat \u00e0 la Cour d\u2019Appel de Versailles<\/p>\n<h3><span style=\"color: #008080;\">Le samedi 7 avril 2018 de 9\u00a0:00 \u00e0 13 :30 \u00e0 l\u2019Auditorium Bellevue de Biarritz<\/span><\/h3>\n<h3><\/h3>\n<h3><span style=\"color: #333333;\">Prisonnier.e.s basques: du possible au n\u00e9cessaire<\/span><\/h3>\n<p>&nbsp;<\/p>\n<p>Les intervenant.e.s ayant d\u00e9j\u00e0 confirm\u00e9 leur pr\u00e9sence:<\/p>\n<p>\u2022 Xantiana Cachenaut, Avocate du collectif des prisonnier.e.s basques<br \/>\n\u2022 Anaiz Funosas, Pr\u00e9sidente du mouvement civil pour la paix Bake Bidea<br \/>\n\u2022 Jean Ren\u00e9 Etchegaray, maire de Bayonne et Pr\u00e9sident de la Communaut\u00e9 d\u2019Agglom\u00e9ration du Pays Basque<br \/>\n\u2022 Jean Noel Etcheverry \u201cTxetx\u201d, Artisan de la paix<br \/>\n\u2022 Michel Tubiana, Pr\u00e9sident d\u2019Honneur de la Ligue des Droits de l\u2019Homme (France)<\/p>\n<p>&nbsp;<\/p>\n<h1><span style=\"color: #008080;\"><a style=\"color: #008080;\" href=\"https:\/\/docs.google.com\/forms\/d\/e\/1FAIpQLSdOVt_WImK3wZchefCiJcd-QgcoFtfGYNB9hjsITWKpZ4Vmhg\/viewform\">INSCRIVEZ-VOUS ICI<\/a><\/span><\/h1>\n","protected":false},"excerpt":{"rendered":"<p>&nbsp; PR\u00c9SENTATION DU FORUM Le 16 d\u00e9cembre 2017 et le 8 avril 2017 auront marqu\u00e9 une \u00e9tape incontournable dans le processus de paix au Pays Basque. Pour la premi\u00e8re fois dans l\u2019histoire des r\u00e9solutions de conflit, la soci\u00e9t\u00e9 civile par le biais des Artisans de la paix s\u2019est empar\u00e9e du&#8230;<\/p>\n","protected":false},"author":1,"featured_media":0,"parent":0,"menu_order":0,"comment_status":"closed","ping_status":"closed","template":"","meta":{"footnotes":""},"_links":{"self":[{"href":"https:\/\/www.bakebidea.com\/index.php?rest_route=\/wp\/v2\/pages\/5299"}],"collection":[{"href":"https:\/\/www.bakebidea.com\/index.php?rest_route=\/wp\/v2\/pages"}],"about":[{"href":"https:\/\/www.bakebidea.com\/index.php?rest_route=\/wp\/v2\/types\/page"}],"author":[{"embeddable":true,"href":"https:\/\/www.bakebidea.com\/index.php?rest_route=\/wp\/v2\/users\/1"}],"replies":[{"embeddable":true,"href":"https:\/\/www.bakebidea.com\/index.php?rest_route=%2Fwp%2Fv2%2Fcomments&post=5299"}],"version-history":[{"count":8,"href":"https:\/\/www.bakebidea.com\/index.php?rest_route=\/wp\/v2\/pages\/5299\/revisions"}],"predecessor-version":[{"id":5329,"href":"https:\/\/www.bakebidea.com\/index.php?rest_route=\/wp\/v2\/pages\/5299\/revisions\/5329"}],"wp:attachment":[{"href":"https:\/\/www.bakebidea.com\/index.php?rest_route=%2Fwp%2Fv2%2Fmedia&parent=5299"}],"curies":[{"name":"wp","href":"https:\/\/api.w.org\/{rel}","templated":true}]}}