{"id":4919,"date":"2017-03-29T17:20:11","date_gmt":"2017-03-29T15:20:11","guid":{"rendered":"https:\/\/www.bakebidea.com\/?page_id=4919"},"modified":"2017-03-29T17:34:42","modified_gmt":"2017-03-29T15:34:42","slug":"4919-2","status":"publish","type":"page","link":"https:\/\/www.bakebidea.com\/?page_id=4919","title":{"rendered":"FORUM DESARMEMENT MARs 2017 Table ronde 3"},"content":{"rendered":"<p style=\"text-align: left;\"><img loading=\"lazy\" decoding=\"async\" class=\"alignnone wp-image-4902\" src=\"https:\/\/www.bakebidea.com\/wp-content\/uploads\/2017\/03\/palome.png\" alt=\"\" width=\"60\" height=\"60\" srcset=\"https:\/\/www.bakebidea.com\/wp-content\/uploads\/2017\/03\/palome.png 283w, https:\/\/www.bakebidea.com\/wp-content\/uploads\/2017\/03\/palome-150x150.png 150w\" sizes=\"(max-width: 60px) 100vw, 60px\" \/><span style=\"color: #0d6985;\"><strong>FORUM :<\/strong> Le d\u00e9sarmement au service du processus de paix &#8211; 17 et 18 mars 2017 &#8211; Biarritz<\/span><\/p>\n<h2><\/h2>\n<hr \/>\n<h3 style=\"text-align: center;\"><span style=\"color: #0d6985;\">\u00a0Samedi 18 mars 2017 &#8211; Biarritz<\/span><\/h3>\n<h3><\/h3>\n<h3><\/h3>\n<h3><span style=\"color: #fda533;\">Depuis l\u2019initiative des artisans de la paix \u00e0 Louhossoa : etat des lieux et perspectives<\/span><\/h3>\n<h4><\/h4>\n<h4><span style=\"color: #0d6985;\"><strong>Michel Berhocoirigoin, Artisan de la paix<\/strong><br \/>\n<\/span><\/h4>\n<h4><span style=\"color: #fda533;\">Partie 1<\/span><\/h4>\n<p><iframe loading=\"lazy\" src=\"https:\/\/www.youtube.com\/embed\/prSLPTs9nb4\" width=\"560\" height=\"315\" frameborder=\"0\" allowfullscreen=\"allowfullscreen\"><\/iframe><\/p>\n<h4><span style=\"color: #fda533;\">Partie 2<\/span><\/h4>\n<p><iframe loading=\"lazy\" src=\"https:\/\/www.youtube.com\/embed\/ZzQ3oGgJIB4\" width=\"560\" height=\"315\" frameborder=\"0\" allowfullscreen=\"allowfullscreen\"><\/iframe><\/p>\n<h3><\/h3>\n<h4><span style=\"color: #0d6985;\"> <strong>Jean Ren\u00e9 Etchegaray, Maire de Bayonne et Pr\u00e9sident de la Communaut\u00e9 d&rsquo;Agglom\u00e9ration Pays Basque<\/strong><br \/>\n<\/span><\/h4>\n<p><iframe loading=\"lazy\" src=\"https:\/\/www.youtube.com\/embed\/JaQkMYc33iw\" width=\"560\" height=\"315\" frameborder=\"0\" allowfullscreen=\"allowfullscreen\"><\/iframe><\/p>\n<h4><\/h4>\n<h4><span style=\"color: #0d6985;\"><strong>Anaiz Funosas, Pr\u00e9sidente de Bake Bidea<br \/>\n<\/strong><\/span><\/h4>\n<p><iframe loading=\"lazy\" src=\"https:\/\/www.youtube.com\/embed\/HJCQoz3JrQY\" width=\"560\" height=\"315\" frameborder=\"0\" allowfullscreen=\"allowfullscreen\"><\/iframe><\/p>\n","protected":false},"excerpt":{"rendered":"<p>FORUM : Le d\u00e9sarmement au service du processus de paix &#8211; 17 et 18 mars 2017 &#8211; Biarritz \u00a0Samedi 18 mars 2017 &#8211; Biarritz Depuis l\u2019initiative des artisans de la paix \u00e0 Louhossoa : etat des lieux et perspectives Michel Berhocoirigoin, Artisan de la paix Partie 1 Partie 2 Jean&#8230;<\/p>\n","protected":false},"author":1,"featured_media":0,"parent":0,"menu_order":0,"comment_status":"closed","ping_status":"closed","template":"","meta":{"footnotes":""},"_links":{"self":[{"href":"https:\/\/www.bakebidea.com\/index.php?rest_route=\/wp\/v2\/pages\/4919"}],"collection":[{"href":"https:\/\/www.bakebidea.com\/index.php?rest_route=\/wp\/v2\/pages"}],"about":[{"href":"https:\/\/www.bakebidea.com\/index.php?rest_route=\/wp\/v2\/types\/page"}],"author":[{"embeddable":true,"href":"https:\/\/www.bakebidea.com\/index.php?rest_route=\/wp\/v2\/users\/1"}],"replies":[{"embeddable":true,"href":"https:\/\/www.bakebidea.com\/index.php?rest_route=%2Fwp%2Fv2%2Fcomments&post=4919"}],"version-history":[{"count":5,"href":"https:\/\/www.bakebidea.com\/index.php?rest_route=\/wp\/v2\/pages\/4919\/revisions"}],"predecessor-version":[{"id":4933,"href":"https:\/\/www.bakebidea.com\/index.php?rest_route=\/wp\/v2\/pages\/4919\/revisions\/4933"}],"wp:attachment":[{"href":"https:\/\/www.bakebidea.com\/index.php?rest_route=%2Fwp%2Fv2%2Fmedia&parent=4919"}],"curies":[{"name":"wp","href":"https:\/\/api.w.org\/{rel}","templated":true}]}}