{"id":4523,"date":"2016-12-18T17:28:13","date_gmt":"2016-12-18T16:28:13","guid":{"rendered":"https:\/\/www.bakebidea.com\/?page_id=4523"},"modified":"2017-06-23T15:12:30","modified_gmt":"2017-06-23T13:12:30","slug":"soyons-tou-tes-artisans-de-la-paix","status":"publish","type":"page","link":"https:\/\/www.bakebidea.com\/?page_id=4523","title":{"rendered":"R\u00e9trospective"},"content":{"rendered":"<h1 style=\"text-align: center;\"><span style=\"color: #0d6985;\">DYNAMIQUE EN SOUTIEN AUX ARTISANS DE LA PAIX<\/span><\/h1>\n<p style=\"text-align: justify;\"><span style=\"color: #333333;\">Dans la nuit du vendredi 16 au samedi 17 d\u00e9cembre 2016, B\u00e9atrice Molle-Haran, Txetx Etcheverry, Michel Berhocoirigoin, Michel Bergougnian et St\u00e9phane Etchegaray ont \u00e9t\u00e9 arr\u00eat\u00e9s \u00e0 Louhousoa.<\/span><\/p>\n<p style=\"text-align: justify;\"><span style=\"color: #333333;\"> Ces cinq personnes s&rsquo;appr\u00e9taient \u00e0 amorcer le d\u00e9sarmement d&rsquo;ETA par la destruction de 15 % de son arsenal. Ce sont cinq personnalit\u00e9s connues au Pays Basque et engag\u00e9es en faveur de la paix qui ont \u00e9t\u00e9 arr\u00eat\u00e9es.<br \/>\n<\/span><\/p>\n<p style=\"text-align: justify;\"><span style=\"color: #333333;\">Ces arrestations ne constituent pas une op\u00e9ration polici\u00e8re anti-terroriste mais bien un affront suppl\u00e9mentaire au processus de paix en entravant un d\u00e9sarmement rigoureux demand\u00e9 depuis cinq ans au Pays Basque<\/span>.<\/p>\n<p style=\"text-align: justify;\"><span style=\"color: #333333;\">Txetx Etcheverry, Michel Berhocoirigoin et Michel Tubiana, pr\u00e9sident d&rsquo;Honneur de la Ligue des droits de l&rsquo;Homme ont expliqu\u00e9 leur d\u00e9marche par <span style=\"text-decoration: underline;\"><span style=\"color: #fda533;\"><strong><a style=\"color: #fda533; text-decoration: underline;\" href=\"https:\/\/www.bakebidea.com\/wp-content\/uploads\/2016\/04\/Philosophie-de-marche-25-10-2016.pdf\">un texte <\/a><\/strong><\/span><\/span>publi\u00e9 dans le journal M\u00e9diabask.<\/span><\/p>\n<p style=\"text-align: justify;\"><span style=\"color: #333333;\">Ce texte s&rsquo;inscrit dans une<\/span> <span style=\"text-decoration: underline;\"><a href=\"https:\/\/www.bakebidea.com\/wp-content\/uploads\/2016\/04\/Correspondance.pdf\"><span style=\"color: #fda533; text-decoration: underline;\"><strong>correspondance<\/strong><\/span><\/a><\/span><span style=\"color: #333333;\"> entre ETA et ces artisan.ne.s de la paix.<\/span><\/p>\n<p style=\"text-align: justify;\"><span style=\"color: #333333;\">Le lendemain, les soutiens \u00e0 cette d\u00e9marche se sont multipli\u00e9s de la part de <span style=\"text-decoration: underline;\"><strong><span style=\"color: #fda533; text-decoration: underline;\">d<a style=\"color: #fda533; text-decoration: underline;\" href=\"https:\/\/www.bakebidea.com\/?page_id=4538\">iverses personnalit\u00e9s, organisations sociales et politiques<\/a><\/span><\/strong><\/span> et <span style=\"color: #fda533;\"><a style=\"color: #fda533;\" href=\"https:\/\/www.bakebidea.com\/?page_id=4533\"><strong><span style=\"text-decoration: underline;\">\u00e9lue.e.s de tous bords.<\/span> <\/strong><\/a><span style=\"color: #333333;\">Une r\u00e9union r\u00e9unissant les organisations sociales et politiques ainsi que les \u00e9lu.e.s est pr\u00e9vue le lundi 19 d\u00e9cembre 2016 \u00e0 Bayonne afin de continuer \u00e0 r\u00e9fl\u00e9chir aux initiatives \u00e0 venir.<\/span><\/span><\/span><\/p>\n<p style=\"text-align: justify;\"><a href=\"https:\/\/www.bakebidea.com\/wp-content\/uploads\/2016\/12\/conf-presse-societe-civile.jpg\"><img loading=\"lazy\" decoding=\"async\" class=\"alignnone wp-image-4528 size-medium\" src=\"https:\/\/www.bakebidea.com\/wp-content\/uploads\/2016\/12\/conf-presse-societe-civile-300x225.jpg\" alt=\"conf presse societe civile 19 d\u00e9c 2016\" width=\"300\" height=\"225\" srcset=\"https:\/\/www.bakebidea.com\/wp-content\/uploads\/2016\/12\/conf-presse-societe-civile-300x225.jpg 300w, https:\/\/www.bakebidea.com\/wp-content\/uploads\/2016\/12\/conf-presse-societe-civile-768x576.jpg 768w, https:\/\/www.bakebidea.com\/wp-content\/uploads\/2016\/12\/conf-presse-societe-civile.jpg 960w\" sizes=\"(max-width: 300px) 100vw, 300px\" \/><\/a> \u00a0 \u00a0 \u00a0 \u00a0 \u00a0\u00a0 <a href=\"https:\/\/www.bakebidea.com\/wp-content\/uploads\/2016\/12\/dd-Copie.jpg\"><img loading=\"lazy\" decoding=\"async\" class=\"alignnone wp-image-4529 size-medium\" src=\"https:\/\/www.bakebidea.com\/wp-content\/uploads\/2016\/12\/dd-Copie-300x225.jpg\" alt=\"Conf presse \u00e9lu.e.s 19 d\u00e9c 2016\" width=\"300\" height=\"225\" srcset=\"https:\/\/www.bakebidea.com\/wp-content\/uploads\/2016\/12\/dd-Copie-300x225.jpg 300w, https:\/\/www.bakebidea.com\/wp-content\/uploads\/2016\/12\/dd-Copie-768x576.jpg 768w, https:\/\/www.bakebidea.com\/wp-content\/uploads\/2016\/12\/dd-Copie.jpg 1024w\" sizes=\"(max-width: 300px) 100vw, 300px\" \/><\/a><\/p>\n<p>&nbsp;<\/p>\n<p><span style=\"color: #333333;\">La journ\u00e9e s&rsquo;est termin\u00e9e avec une mobilisation qui a r\u00e9uni 4000 personnes demandant la lib\u00e9ration imm\u00e9diate des artisan.ne.s de la paix interpell\u00e9.e.s et r\u00e9affirmant l&rsquo;engagement de la soci\u00e9t\u00e9 civile en faveur de la paix au Pays Basque.<\/span><br \/>\n<iframe loading=\"lazy\" src=\"https:\/\/www.youtube.com\/embed\/4qUglAKF9Ng\" width=\"560\" height=\"315\" frameborder=\"0\" allowfullscreen=\"allowfullscreen\"><\/iframe><\/p>\n<div class=\"gmail_quote\" style=\"text-align: center;\">\n<p>&nbsp;<\/p>\n<p><span style=\"color: #333333;\">La soci\u00e9t\u00e9 civile demande depuis plus de cinq ans aux gouvernements fran\u00e7ais et espagnol de s&rsquo;impliquer dans le processus de paix au Pays Basque, notamment en participant \u00e0 la mise en place d&rsquo;une proc\u00e9dure de d\u00e9sarmement d&rsquo;ETA.<\/span><\/p>\n<p style=\"text-align: justify;\"><span style=\"color: #333333;\">Ce que le gouvernement et Fran\u00e7ois Hollande n&rsquo;ont pas eu le courage de faire, cinq personnes\u00a0 de la soci\u00e9t\u00e9 civile l&rsquo;ont fait.<\/span><\/p>\n<p style=\"text-align: justify;\"><a href=\"https:\/\/www.facebook.com\/larbelaitz\/videos\/10154637970011648\/\"><img loading=\"lazy\" decoding=\"async\" class=\"alignnone size-medium wp-image-4566\" src=\"https:\/\/www.bakebidea.com\/wp-content\/uploads\/2016\/12\/hitz-hartze-play-300x225.jpg\" alt=\"hitz-hartze-play\" width=\"300\" height=\"225\" srcset=\"https:\/\/www.bakebidea.com\/wp-content\/uploads\/2016\/12\/hitz-hartze-play-300x225.jpg 300w, https:\/\/www.bakebidea.com\/wp-content\/uploads\/2016\/12\/hitz-hartze-play.jpg 598w\" sizes=\"(max-width: 300px) 100vw, 300px\" \/><\/a><\/p>\n<p style=\"text-align: justify;\"><span style=\"color: #333333;\">Elles ont \u00e9t\u00e9 arr\u00eat\u00e9es pour cela, mais la soci\u00e9t\u00e9 civile s&rsquo;est montr\u00e9e pr\u00eate \u00e0 prendre le relai. Elle est pr\u00eate \u00e0 continuer et va aller jusqu&rsquo;au bout.<\/span><\/p>\n<p style=\"text-align: justify;\"><span style=\"color: #333333;\">Les cinq premiers artisan.ne.s de la paix, B\u00e9atrice Molle-Haran,<span style=\"text-decoration: underline;\"><span style=\"color: #fda533; text-decoration: underline;\"><strong><a style=\"color: #fda533; text-decoration: underline;\" href=\"https:\/\/youtu.be\/jnfyv67NMXA\"> Txetx Etcheverry,<\/a><\/strong><\/span><\/span> Michel Berhocoirigoin, Michel Bergougnian et St\u00e9phane Etchegaray ont depuis \u00e9t\u00e9 lib\u00e9r\u00e9.e.s sous contr\u00f4le judiciaire et la qualification d\u00a0\u00bbassociation de malfaiteurs\u00a0\u00bb leur a \u00e9t\u00e9 enlev\u00e9e.<\/span><\/p>\n\n\t\t<style type=\"text\/css\">\n\t\t\t#gallery-1 {\n\t\t\t\tmargin: auto;\n\t\t\t}\n\t\t\t#gallery-1 .gallery-item {\n\t\t\t\tfloat: left;\n\t\t\t\tmargin-top: 10px;\n\t\t\t\ttext-align: center;\n\t\t\t\twidth: 33%;\n\t\t\t}\n\t\t\t#gallery-1 img {\n\t\t\t\tborder: 2px solid #cfcfcf;\n\t\t\t}\n\t\t\t#gallery-1 .gallery-caption {\n\t\t\t\tmargin-left: 0;\n\t\t\t}\n\t\t\t\/* see gallery_shortcode() in wp-includes\/media.php *\/\n\t\t<\/style>\n\t\t<div id='gallery-1' class='gallery galleryid-4523 gallery-columns-3 gallery-size-medium'><dl class='gallery-item'>\n\t\t\t<dt class='gallery-icon landscape'>\n\t\t\t\t<a href='https:\/\/www.bakebidea.com\/wp-content\/uploads\/2016\/12\/bergouignan.jpg'><img loading=\"lazy\" decoding=\"async\" width=\"300\" height=\"150\" src=\"https:\/\/www.bakebidea.com\/wp-content\/uploads\/2016\/12\/bergouignan-300x150.jpg\" class=\"attachment-medium size-medium\" alt=\"\" srcset=\"https:\/\/www.bakebidea.com\/wp-content\/uploads\/2016\/12\/bergouignan-300x150.jpg 300w, https:\/\/www.bakebidea.com\/wp-content\/uploads\/2016\/12\/bergouignan-768x385.jpg 768w, https:\/\/www.bakebidea.com\/wp-content\/uploads\/2016\/12\/bergouignan-1024x513.jpg 1024w, https:\/\/www.bakebidea.com\/wp-content\/uploads\/2016\/12\/bergouignan.jpg 1101w\" sizes=\"(max-width: 300px) 100vw, 300px\" \/><\/a>\n\t\t\t<\/dt><\/dl><dl class='gallery-item'>\n\t\t\t<dt class='gallery-icon landscape'>\n\t\t\t\t<a href='https:\/\/www.bakebidea.com\/wp-content\/uploads\/2016\/12\/berhoco.jpg'><img loading=\"lazy\" decoding=\"async\" width=\"300\" height=\"167\" src=\"https:\/\/www.bakebidea.com\/wp-content\/uploads\/2016\/12\/berhoco-300x167.jpg\" class=\"attachment-medium size-medium\" alt=\"\" srcset=\"https:\/\/www.bakebidea.com\/wp-content\/uploads\/2016\/12\/berhoco-300x167.jpg 300w, https:\/\/www.bakebidea.com\/wp-content\/uploads\/2016\/12\/berhoco-768x426.jpg 768w, https:\/\/www.bakebidea.com\/wp-content\/uploads\/2016\/12\/berhoco-1024x568.jpg 1024w, https:\/\/www.bakebidea.com\/wp-content\/uploads\/2016\/12\/berhoco.jpg 1234w\" sizes=\"(max-width: 300px) 100vw, 300px\" \/><\/a>\n\t\t\t<\/dt><\/dl><dl class='gallery-item'>\n\t\t\t<dt class='gallery-icon landscape'>\n\t\t\t\t<a href='https:\/\/www.bakebidea.com\/wp-content\/uploads\/2016\/12\/C0OJaN_XEAE_1Mp.jpg-large.jpg'><img loading=\"lazy\" decoding=\"async\" width=\"300\" height=\"225\" src=\"https:\/\/www.bakebidea.com\/wp-content\/uploads\/2016\/12\/C0OJaN_XEAE_1Mp.jpg-large-300x225.jpg\" class=\"attachment-medium size-medium\" alt=\"\" srcset=\"https:\/\/www.bakebidea.com\/wp-content\/uploads\/2016\/12\/C0OJaN_XEAE_1Mp.jpg-large-300x225.jpg 300w, https:\/\/www.bakebidea.com\/wp-content\/uploads\/2016\/12\/C0OJaN_XEAE_1Mp.jpg-large-768x576.jpg 768w, https:\/\/www.bakebidea.com\/wp-content\/uploads\/2016\/12\/C0OJaN_XEAE_1Mp.jpg-large-1024x768.jpg 1024w, https:\/\/www.bakebidea.com\/wp-content\/uploads\/2016\/12\/C0OJaN_XEAE_1Mp.jpg-large.jpg 1920w\" sizes=\"(max-width: 300px) 100vw, 300px\" \/><\/a>\n\t\t\t<\/dt><\/dl><br style=\"clear: both\" \/><dl class='gallery-item'>\n\t\t\t<dt class='gallery-icon portrait'>\n\t\t\t\t<a href='https:\/\/www.bakebidea.com\/wp-content\/uploads\/2016\/12\/molle.jpg'><img loading=\"lazy\" decoding=\"async\" width=\"183\" height=\"214\" src=\"https:\/\/www.bakebidea.com\/wp-content\/uploads\/2016\/12\/molle.jpg\" class=\"attachment-medium size-medium\" alt=\"\" \/><\/a>\n\t\t\t<\/dt><\/dl><dl class='gallery-item'>\n\t\t\t<dt class='gallery-icon landscape'>\n\t\t\t\t<a href='https:\/\/www.bakebidea.com\/wp-content\/uploads\/2016\/12\/etxe.jpg'><img loading=\"lazy\" decoding=\"async\" width=\"300\" height=\"191\" src=\"https:\/\/www.bakebidea.com\/wp-content\/uploads\/2016\/12\/etxe-300x191.jpg\" class=\"attachment-medium size-medium\" alt=\"\" srcset=\"https:\/\/www.bakebidea.com\/wp-content\/uploads\/2016\/12\/etxe-300x191.jpg 300w, https:\/\/www.bakebidea.com\/wp-content\/uploads\/2016\/12\/etxe.jpg 396w\" sizes=\"(max-width: 300px) 100vw, 300px\" \/><\/a>\n\t\t\t<\/dt><\/dl>\n\t\t\t<br style='clear: both' \/>\n\t\t<\/div>\n\n<\/div>\n<p style=\"text-align: justify;\"><span style=\"color: #333333;\">Quelques jours plus tard,<span style=\"text-decoration: underline;\"> <span style=\"color: #fda533; text-decoration: underline;\"><strong><a style=\"color: #fda533; text-decoration: underline;\" href=\"https:\/\/www.bakebidea.com\/wp-content\/uploads\/2016\/04\/ADRESSE-AU-GOUVERNEMENT-FRANCAIS.pdf\">plus de 600 \u00e9lu.e.s ont sign\u00e9 un courrier demandant au gouvernement fran\u00e7ais de s&rsquo;engager en faveur du processus de pai<\/a>x<\/strong><\/span><\/span> au Pays Basque. Ce courrier a \u00e9t\u00e9 remis par une partie d&rsquo;entre eux.elles \u00e0 la Sous Pr\u00e9fecture le vendredi 23 d\u00e9cembre 2016.<\/span><\/p>\n<p><iframe loading=\"lazy\" src=\"https:\/\/www.youtube.com\/embed\/LaLwMXaGqgU\" width=\"560\" height=\"315\" frameborder=\"0\" allowfullscreen=\"allowfullscreen\"><\/iframe><\/p>\n<p>Un documentaire intitul\u00e9 \u00ab\u00a0La paix maintenant. Une exigence populaire\u00a0\u00bb est en cours de r\u00e9alisation par Thomas Lacost.\u00a0 Voici un extrait de 20min :<br \/>\n<iframe loading=\"lazy\" src=\"\/\/www.dailymotion.com\/embed\/video\/x5f2zpv\" width=\"480\" height=\"270\" frameborder=\"0\" allowfullscreen=\"allowfullscreen\"><\/iframe><br \/>\n<a href=\"http:\/\/www.dailymotion.com\/video\/x5f2zpv_la-paix-maintenant-une-exigence-populaire_news\" target=\"_blank\" rel=\"noopener\">LA PAIX MAINTENANT, une exigence populaire<\/a> <i>par <a href=\"http:\/\/www.dailymotion.com\/lautrecampagne\" target=\"_blank\" rel=\"noopener\">lautrecampagne<\/a><\/i><\/p>\n<p>&nbsp;<\/p>\n","protected":false},"excerpt":{"rendered":"<p>DYNAMIQUE EN SOUTIEN AUX ARTISANS DE LA PAIX Dans la nuit du vendredi 16 au samedi 17 d\u00e9cembre 2016, B\u00e9atrice Molle-Haran, Txetx Etcheverry, Michel Berhocoirigoin, Michel Bergougnian et St\u00e9phane Etchegaray ont \u00e9t\u00e9 arr\u00eat\u00e9s \u00e0 Louhousoa. Ces cinq personnes s&rsquo;appr\u00e9taient \u00e0 amorcer le d\u00e9sarmement d&rsquo;ETA par la destruction de 15 %&#8230;<\/p>\n","protected":false},"author":1,"featured_media":0,"parent":0,"menu_order":0,"comment_status":"closed","ping_status":"closed","template":"","meta":{"footnotes":""},"_links":{"self":[{"href":"https:\/\/www.bakebidea.com\/index.php?rest_route=\/wp\/v2\/pages\/4523"}],"collection":[{"href":"https:\/\/www.bakebidea.com\/index.php?rest_route=\/wp\/v2\/pages"}],"about":[{"href":"https:\/\/www.bakebidea.com\/index.php?rest_route=\/wp\/v2\/types\/page"}],"author":[{"embeddable":true,"href":"https:\/\/www.bakebidea.com\/index.php?rest_route=\/wp\/v2\/users\/1"}],"replies":[{"embeddable":true,"href":"https:\/\/www.bakebidea.com\/index.php?rest_route=%2Fwp%2Fv2%2Fcomments&post=4523"}],"version-history":[{"count":10,"href":"https:\/\/www.bakebidea.com\/index.php?rest_route=\/wp\/v2\/pages\/4523\/revisions"}],"predecessor-version":[{"id":4986,"href":"https:\/\/www.bakebidea.com\/index.php?rest_route=\/wp\/v2\/pages\/4523\/revisions\/4986"}],"wp:attachment":[{"href":"https:\/\/www.bakebidea.com\/index.php?rest_route=%2Fwp%2Fv2%2Fmedia&parent=4523"}],"curies":[{"name":"wp","href":"https:\/\/api.w.org\/{rel}","templated":true}]}}