{"id":4280,"date":"2016-11-14T16:23:50","date_gmt":"2016-11-14T15:23:50","guid":{"rendered":"https:\/\/www.bakebidea.com\/?page_id=4280"},"modified":"2016-12-02T11:00:46","modified_gmt":"2016-12-02T10:00:46","slug":"conference-de-presse-bake-bidea-ldh-9-nov","status":"publish","type":"page","link":"https:\/\/www.bakebidea.com\/?page_id=4280","title":{"rendered":"Conf\u00e9rence de presse BAke Bidea LDH 9 nov"},"content":{"rendered":"<h2 style=\"text-align: center;\"><span style=\"color: #0d6985;\">Conf\u00e9rence de presse du 9 novembre 2016<br \/>\n<\/span><\/h2>\n<p>&nbsp;<\/p>\n<h1 style=\"text-align: center;\"><span style=\"color: #fda533;\">Le processus de paix au Pays Basque et le devenir des prisonnier.e.s<\/span><\/h1>\n<h3 style=\"text-align: center;\"><span style=\"color: #0d6985;\">Organis\u00e9e par la LDH et BAKE BIDEA<\/span><\/h3>\n<p><a href=\"https:\/\/www.bakebidea.com\/wp-content\/uploads\/2016\/11\/p010_f01.jpg\"><img loading=\"lazy\" decoding=\"async\" class=\"aligncenter wp-image-4263 size-full\" src=\"https:\/\/www.bakebidea.com\/wp-content\/uploads\/2016\/11\/p010_f01.jpg\" alt=\"p010_f01\" width=\"940\" height=\"434\" srcset=\"https:\/\/www.bakebidea.com\/wp-content\/uploads\/2016\/11\/p010_f01.jpg 940w, https:\/\/www.bakebidea.com\/wp-content\/uploads\/2016\/11\/p010_f01-300x139.jpg 300w, https:\/\/www.bakebidea.com\/wp-content\/uploads\/2016\/11\/p010_f01-768x355.jpg 768w\" sizes=\"(max-width: 940px) 100vw, 940px\" \/><\/a><\/p>\n<p><span style=\"color: #333333;\">La Ligue des Droits de l&rsquo;Homme (LDH) et BAke Bidea organisaient hier une conf\u00e9rence de presse relative au processus de paix au Pays Basque et \u00e0 la question du devenr des prisonnier.e.s basques, au si\u00e8ge de la LDH \u00e0 Paris.<\/span><\/p>\n<p><span style=\"color: #333333;\">Les intervenant.e.s \u00e9taient:<\/span><\/p>\n<ul>\n<ul>\n<li><span style=\"color: #0d6985;\"><strong>Michel TUBIANA<\/strong>,<\/span><span style=\"color: #333333;\"> pr\u00e9sident d\u2019honneur de la LDH<br \/>\n<\/span><\/li>\n<li><strong><span style=\"color: #0d6985;\">Anaiz FUNOSAS<\/span>, <\/strong><span style=\"color: #333333;\">pr\u00e9sidente de Bake Bidea (mouvement civil pour la paix)<br \/>\n<\/span><\/li>\n<li><span style=\"color: #0d6985;\"><strong>Fran\u00e7ois BES<\/strong><\/span>, <span style=\"color: #333333;\">Observatoire International des Prisons (OIP) section fran\u00e7aise<\/span><\/li>\n<li><span style=\"color: #0d6985;\"><strong>Ma\u00eetre Maritxu PAULUS BASURCO<\/strong>,<\/span><span style=\"color: #333333;\"> avocate<\/span><\/li>\n<li><span style=\"color: #0d6985;\"><strong>Philippe TEXIER,<\/strong><\/span> <span style=\"color: #333333;\">magistrat honoraire, expert aupr\u00e8s de l&rsquo;ONU<\/span><\/li>\n<li><strong><span style=\"color: #0d6985;\">Xavier CRETTIEZ<\/span>,<\/strong> <span style=\"color: #333333;\">Professeur de Science Politique, Science Po St Germain. Il a notamment lu un<\/span><span style=\"color: #fda533;\"> <a style=\"color: #fda533;\" href=\"https:\/\/www.bakebidea.com\/wp-content\/uploads\/2016\/11\/v\u00e9ronique-vasseur-Conf-de-presse-LDH-1.pdf\"><em><strong>texte r\u00e9dig\u00e9<\/strong><\/em><\/a> <\/span><span style=\"color: #333333;\">par<\/span> <span style=\"color: #0d6985;\"><strong>V\u00e9ronique VASSEUR<\/strong>,<\/span> <span style=\"color: #333333;\">m\u00e9decin, ancien m\u00e9decin chef \u00e0 la Maison d&rsquo;arr\u00eat de la sant\u00e9, n&rsquo;ayan t finalement pas pu \u00eatre pr\u00e9sente le jour de la conf\u00e9rence.<\/span><strong><br \/>\n<\/strong><\/li>\n<\/ul>\n<\/ul>\n<p>&nbsp;<\/p>\n<p><span style=\"color: #333333;\">Cette conf\u00e9rence de presse a \u00e9t\u00e9 l&rsquo;occasion d&rsquo;une paert de rappeler le contexte nouveau existant au Pays Basque depuis 2011 , \u00e0 savoir\u00a0 le travail et la mobilisation de la soci\u00e9t\u00e9 civile du Pays Basque mais aussi du gourpe arm\u00e9 ETA et de prisonnier.e.s et exil\u00e9.e.s politiques basques en faveur de la mise en place un processus de paix.<\/span><\/p>\n<p><span style=\"color: #333333;\">Mais il a grandement \u00e9t\u00e9 soulign\u00e9, \u00e9galement, le traitement discriminatoire et l&rsquo;acharnement dont fait preuve le gouvernement fran\u00e7ais \u00e0 l&rsquo;encontre des prisonnier.e.s basques, tel que l&rsquo;illustre entre autres, la situation du prisonnier Ibon Fernanez Iradi. Ce prisonnier est en effet gravement atteint de scl\u00e9rose en plaques (diagnostiqu\u00e9e en 2013 mais dont les premiers sympt\u00f4mes sont apparus en 2011) et malgr\u00e9 deux expertises m\u00e9dicales attestant que le maintien en d\u00e9tention est imcompatible avec un traitement ad\u00e9quat de sa maladie, il n&rsquo;a pu b\u00e9n\u00e9fici\u00e9 d&rsquo;une suspension de peine.<\/span><\/p>\n<p><span style=\"color: #333333;\">Enfin, il a \u00e9t\u00e9 soulign\u00e9 que le gouvernement fran\u00e7ais devait s&rsquo;impliquer dans le processus de paix entam\u00e9 au Pays Basque, en trouvant notamment, et pour commencer, une solution \u00e0 la situation des prisonniers.<\/span><\/p>\n<p><strong>\u00a0<\/strong><\/p>\n","protected":false},"excerpt":{"rendered":"<p>Conf\u00e9rence de presse du 9 novembre 2016 &nbsp; Le processus de paix au Pays Basque et le devenir des prisonnier.e.s Organis\u00e9e par la LDH et BAKE BIDEA La Ligue des Droits de l&rsquo;Homme (LDH) et BAke Bidea organisaient hier une conf\u00e9rence de presse relative au processus de paix au Pays&#8230;<\/p>\n","protected":false},"author":1,"featured_media":0,"parent":0,"menu_order":0,"comment_status":"closed","ping_status":"closed","template":"","meta":{"footnotes":""},"_links":{"self":[{"href":"https:\/\/www.bakebidea.com\/index.php?rest_route=\/wp\/v2\/pages\/4280"}],"collection":[{"href":"https:\/\/www.bakebidea.com\/index.php?rest_route=\/wp\/v2\/pages"}],"about":[{"href":"https:\/\/www.bakebidea.com\/index.php?rest_route=\/wp\/v2\/types\/page"}],"author":[{"embeddable":true,"href":"https:\/\/www.bakebidea.com\/index.php?rest_route=\/wp\/v2\/users\/1"}],"replies":[{"embeddable":true,"href":"https:\/\/www.bakebidea.com\/index.php?rest_route=%2Fwp%2Fv2%2Fcomments&post=4280"}],"version-history":[{"count":6,"href":"https:\/\/www.bakebidea.com\/index.php?rest_route=\/wp\/v2\/pages\/4280\/revisions"}],"predecessor-version":[{"id":4425,"href":"https:\/\/www.bakebidea.com\/index.php?rest_route=\/wp\/v2\/pages\/4280\/revisions\/4425"}],"wp:attachment":[{"href":"https:\/\/www.bakebidea.com\/index.php?rest_route=%2Fwp%2Fv2%2Fmedia&parent=4280"}],"curies":[{"name":"wp","href":"https:\/\/api.w.org\/{rel}","templated":true}]}}