{"id":3627,"date":"2016-09-06T16:26:33","date_gmt":"2016-09-06T14:26:33","guid":{"rendered":"https:\/\/www.bakebidea.com\/?page_id=3627"},"modified":"2016-12-02T10:53:32","modified_gmt":"2016-12-02T09:53:32","slug":"10-juin-2016","status":"publish","type":"page","link":"https:\/\/www.bakebidea.com\/?page_id=3627","title":{"rendered":"10 juin 2016"},"content":{"rendered":"<h1 style=\"text-align: center;\"><span style=\"color: #0d6985;\">Pr\u00e9sentation de la cr\u00e9ation d&rsquo;une commission de juristes pour la paix<\/span><\/h1>\n<h5 style=\"text-align: center;\"><span style=\"color: #0d6985;\">2016- Bayonne<\/span><\/h5>\n<p style=\"text-align: center;\"><span style=\"color: #fda533;\">Co-organis\u00e9 avec le Barreau des Avocats de Bayonne<\/span><\/p>\n<p><img loading=\"lazy\" decoding=\"async\" class=\"aligncenter wp-image-3633 size-large\" src=\"https:\/\/www.bakebidea.com\/wp-content\/uploads\/2016\/09\/IMG_0580bis-1024x683.jpg\" alt=\"IMG_0580bis\" width=\"900\" height=\"600\" srcset=\"https:\/\/www.bakebidea.com\/wp-content\/uploads\/2016\/09\/IMG_0580bis-1024x683.jpg 1024w, https:\/\/www.bakebidea.com\/wp-content\/uploads\/2016\/09\/IMG_0580bis-300x200.jpg 300w, https:\/\/www.bakebidea.com\/wp-content\/uploads\/2016\/09\/IMG_0580bis-768x512.jpg 768w, https:\/\/www.bakebidea.com\/wp-content\/uploads\/2016\/09\/IMG_0580bis.jpg 1200w\" sizes=\"(max-width: 900px) 100vw, 900px\" \/><\/p>\n<p>&nbsp;<\/p>\n<p style=\"text-align: justify;\"><span style=\"color: #333333;\">Comme nous l\u2019avions annonc\u00e9 \u00e0 la presse le mercredi 1<sup>er<\/sup> juin 2016, la r\u00e9union publique organis\u00e9e \u00e0 la Maison de l\u2019Avocat le 10 juin 2016 et la journ\u00e9e priv\u00e9e d\u00e9di\u00e9e aux juristes du Pays basque le 11 juin 2016 ont bien eu lieu et ont \u00e9t\u00e9 un succ\u00e8s.<\/span><\/p>\n<p>&nbsp;<\/p>\n<p style=\"text-align: justify;\"><span style=\"color: #333333;\">Le vendredi soir, c\u2019est devant une salle pleine qu\u2019Anaiz FUNOSAS pr\u00e9sidente de Bake Bidea, Louis JOINET et Serge PORTELLI ont fait un bilan de cette ann\u00e9e \u00e9coul\u00e9e depuis la r\u00e9alisation de la m\u00e9morable conf\u00e9rence humanitaire le 11 juin 2015 dans les locaux de l\u2019assembl\u00e9e nationale, jusqu&rsquo;\u00e0 la cr\u00e9ation d&rsquo;un groupe de juristes pour la paix au Pays Basque.<\/span><\/p>\n<p>&nbsp;<\/p>\n<p style=\"text-align: justify;\"><span style=\"color: #333333;\">Le samedi, une vingtaine de juristes ont \u00e9t\u00e9 accueillis par Isabelle DUGUET B\u00e2tonni\u00e8re du barreau de Bayonne, Christophe DESPREZ, avocat au Barreau de Bayonne pour Bake Bidea et Xantiana CACHENAUT avocate au Barreau de Bayonne, en vue de pr\u00e9senter la cr\u00e9ation de ce groupe de juristes et d&rsquo;inviter \u00e0 y participer les juristes du Pays Basque.<\/span><\/p>\n<p>&nbsp;<\/p>\n<p style=\"text-align: justify;\"><span style=\"color: #333333;\">Dans ce cadre, Anaiz FUNOSAS pour Bake Bidea a dress\u00e9 un \u00e9tat des lieux du processus de Paix au Pays Basque et Philipe TEXIER, Magistrat honoraire, ancien membre du Comit\u00e9 des Droits \u00c9conomiques, Sociaux et Culturels de l\u2019ONu, est intervenu sur le r\u00f4le que peuvent avoir des juristes dans un processus de Paix.<\/span><\/p>\n<p style=\"text-align: justify;\"><span style=\"color: #333333;\">Xantiana CACHENAUT, conseil des prisonnier-e-s politiques basques, a ensuite dress\u00e9 un bilan des difficult\u00e9s juridico-politiques rencontr\u00e9es dans la d\u00e9fense des droits des prisonnier-e-s basques.<\/span><\/p>\n<p>&nbsp;<\/p>\n<p style=\"text-align: justify;\"><span style=\"color: #333333;\">La matin\u00e9e a \u00e9t\u00e9 cl\u00f4tur\u00e9e par Serge PORTELLI, Magistrat et Pr\u00e9sident \u00e0 la Cour d\u2019appel de Versailles qui a \u00e9voqu\u00e9 les objectifs du groupe de juristes et ses pistes de travail.<\/span><\/p>\n<p>&nbsp;<\/p>\n\n\t\t<style type=\"text\/css\">\n\t\t\t#gallery-1 {\n\t\t\t\tmargin: auto;\n\t\t\t}\n\t\t\t#gallery-1 .gallery-item {\n\t\t\t\tfloat: left;\n\t\t\t\tmargin-top: 10px;\n\t\t\t\ttext-align: center;\n\t\t\t\twidth: 33%;\n\t\t\t}\n\t\t\t#gallery-1 img {\n\t\t\t\tborder: 2px solid #cfcfcf;\n\t\t\t}\n\t\t\t#gallery-1 .gallery-caption {\n\t\t\t\tmargin-left: 0;\n\t\t\t}\n\t\t\t\/* see gallery_shortcode() in wp-includes\/media.php *\/\n\t\t<\/style>\n\t\t<div id='gallery-1' class='gallery galleryid-3627 gallery-columns-3 gallery-size-medium'><dl class='gallery-item'>\n\t\t\t<dt class='gallery-icon landscape'>\n\t\t\t\t<a href='https:\/\/www.bakebidea.com\/wp-content\/uploads\/2016\/09\/IMG_0651bis.jpg'><img loading=\"lazy\" decoding=\"async\" width=\"300\" height=\"169\" src=\"https:\/\/www.bakebidea.com\/wp-content\/uploads\/2016\/09\/IMG_0651bis-300x169.jpg\" class=\"attachment-medium size-medium\" alt=\"\" srcset=\"https:\/\/www.bakebidea.com\/wp-content\/uploads\/2016\/09\/IMG_0651bis-300x169.jpg 300w, https:\/\/www.bakebidea.com\/wp-content\/uploads\/2016\/09\/IMG_0651bis-768x431.jpg 768w, https:\/\/www.bakebidea.com\/wp-content\/uploads\/2016\/09\/IMG_0651bis-1024x575.jpg 1024w, https:\/\/www.bakebidea.com\/wp-content\/uploads\/2016\/09\/IMG_0651bis.jpg 1424w\" sizes=\"(max-width: 300px) 100vw, 300px\" \/><\/a>\n\t\t\t<\/dt><\/dl><dl class='gallery-item'>\n\t\t\t<dt class='gallery-icon landscape'>\n\t\t\t\t<a href='https:\/\/www.bakebidea.com\/wp-content\/uploads\/2016\/09\/IMG_0580bis.jpg'><img loading=\"lazy\" decoding=\"async\" width=\"300\" height=\"200\" src=\"https:\/\/www.bakebidea.com\/wp-content\/uploads\/2016\/09\/IMG_0580bis-300x200.jpg\" class=\"attachment-medium size-medium\" alt=\"\" srcset=\"https:\/\/www.bakebidea.com\/wp-content\/uploads\/2016\/09\/IMG_0580bis-300x200.jpg 300w, https:\/\/www.bakebidea.com\/wp-content\/uploads\/2016\/09\/IMG_0580bis-768x512.jpg 768w, https:\/\/www.bakebidea.com\/wp-content\/uploads\/2016\/09\/IMG_0580bis-1024x683.jpg 1024w, https:\/\/www.bakebidea.com\/wp-content\/uploads\/2016\/09\/IMG_0580bis.jpg 1200w\" sizes=\"(max-width: 300px) 100vw, 300px\" \/><\/a>\n\t\t\t<\/dt><\/dl><dl class='gallery-item'>\n\t\t\t<dt class='gallery-icon landscape'>\n\t\t\t\t<a href='https:\/\/www.bakebidea.com\/wp-content\/uploads\/2016\/09\/IMG_0730.jpg'><img loading=\"lazy\" decoding=\"async\" width=\"300\" height=\"200\" src=\"https:\/\/www.bakebidea.com\/wp-content\/uploads\/2016\/09\/IMG_0730-300x200.jpg\" class=\"attachment-medium size-medium\" alt=\"\" srcset=\"https:\/\/www.bakebidea.com\/wp-content\/uploads\/2016\/09\/IMG_0730-300x200.jpg 300w, https:\/\/www.bakebidea.com\/wp-content\/uploads\/2016\/09\/IMG_0730-768x512.jpg 768w, https:\/\/www.bakebidea.com\/wp-content\/uploads\/2016\/09\/IMG_0730-1024x683.jpg 1024w, https:\/\/www.bakebidea.com\/wp-content\/uploads\/2016\/09\/IMG_0730.jpg 1200w\" sizes=\"(max-width: 300px) 100vw, 300px\" \/><\/a>\n\t\t\t<\/dt><\/dl><br style=\"clear: both\" \/>\n\t\t<\/div>\n\n<p style=\"text-align: justify;\"><span style=\"color: #333333;\">Les \u00e9changes avec l\u2019assistance sur ces th\u00e9matiques ont \u00e9t\u00e9 tr\u00e8s riches et, d\u00e9j\u00e0, des id\u00e9es tr\u00e8s int\u00e9ressantes ont \u00e9t\u00e9 avanc\u00e9es et act\u00e9es.<\/span><\/p>\n<p>&nbsp;<\/p>\n<p style=\"text-align: justify;\"><span style=\"color: #333333;\">C\u2019est avec le m\u00eame int\u00e9r\u00eat et la m\u00eame richesse des \u00e9changes qu\u2019ont suivis les d\u00e9bats de l\u2019apr\u00e8s-midi consacr\u00e9s \u00e0 la justice transitionnelle, th\u00e8me sur lequel se sont exprim\u00e9s deux r\u00e9f\u00e9rences en la mati\u00e8re, Jean Pierre MASSIAS, Professeur de droit public \u00e0 l&rsquo;Universit\u00e9 de Pau et des Pays de l&rsquo;Adour et directeur scientifique du Prix Varennes de Th\u00e8ses et Louis JOINET, ancien expert ind\u00e9pendant aupr\u00e8s du Comit\u00e9 des droits de l&rsquo;homme de l&rsquo;ONU.<\/span><\/p>\n<p>&nbsp;<\/p>\n<p style=\"text-align: justify;\"><span style=\"color: #333333;\">Confort\u00e9s dans notre conviction que les juristes peuvent apporter leur pierre \u00e0 la construction de la paix, c\u2019est fort de la participation d\u2019une vingtaine de juristes du Pays Basque que nous allons donc continuer, avec la commission de juristes form\u00e9e sur Paris, nos r\u00e9flexions et travaux sur la place du droit dans le processus de Paix au Pays Basque et sur les moyens qui permettront de trouver une issue \u00e0 la situation des prisonnier-e-s basques.<\/span><\/p>\n<p>&nbsp;<\/p>\n<p>&nbsp;<\/p>\n","protected":false},"excerpt":{"rendered":"<p>Pr\u00e9sentation de la cr\u00e9ation d&rsquo;une commission de juristes pour la paix 2016- Bayonne Co-organis\u00e9 avec le Barreau des Avocats de Bayonne &nbsp; Comme nous l\u2019avions annonc\u00e9 \u00e0 la presse le mercredi 1er juin 2016, la r\u00e9union publique organis\u00e9e \u00e0 la Maison de l\u2019Avocat le 10 juin 2016 et la journ\u00e9e&#8230;<\/p>\n","protected":false},"author":1,"featured_media":0,"parent":0,"menu_order":0,"comment_status":"closed","ping_status":"closed","template":"","meta":{"footnotes":""},"_links":{"self":[{"href":"https:\/\/www.bakebidea.com\/index.php?rest_route=\/wp\/v2\/pages\/3627"}],"collection":[{"href":"https:\/\/www.bakebidea.com\/index.php?rest_route=\/wp\/v2\/pages"}],"about":[{"href":"https:\/\/www.bakebidea.com\/index.php?rest_route=\/wp\/v2\/types\/page"}],"author":[{"embeddable":true,"href":"https:\/\/www.bakebidea.com\/index.php?rest_route=\/wp\/v2\/users\/1"}],"replies":[{"embeddable":true,"href":"https:\/\/www.bakebidea.com\/index.php?rest_route=%2Fwp%2Fv2%2Fcomments&post=3627"}],"version-history":[{"count":10,"href":"https:\/\/www.bakebidea.com\/index.php?rest_route=\/wp\/v2\/pages\/3627\/revisions"}],"predecessor-version":[{"id":4416,"href":"https:\/\/www.bakebidea.com\/index.php?rest_route=\/wp\/v2\/pages\/3627\/revisions\/4416"}],"wp:attachment":[{"href":"https:\/\/www.bakebidea.com\/index.php?rest_route=%2Fwp%2Fv2%2Fmedia&parent=3627"}],"curies":[{"name":"wp","href":"https:\/\/api.w.org\/{rel}","templated":true}]}}