{"id":3604,"date":"2016-09-06T15:40:38","date_gmt":"2016-09-06T13:40:38","guid":{"rendered":"https:\/\/www.bakebidea.com\/?page_id=3604"},"modified":"2016-12-02T10:52:35","modified_gmt":"2016-12-02T09:52:35","slug":"cycle-conferences-colombie-le-processus-de-paix-en-question","status":"publish","type":"page","link":"https:\/\/www.bakebidea.com\/?page_id=3604","title":{"rendered":"Cycle conf\u00e9rences \u00ab\u00a0Colombie: le processus de paix en question\u00a0\u00bb"},"content":{"rendered":"<h1 style=\"text-align: center;\"><span style=\"color: #0d6985;\">Cycle conf\u00e9rences et cin\u00e9-d\u00e9bat:\u00a0 \u00ab\u00a0Colombie: le processus de paix en question\u00a0\u00bb<\/span><\/h1>\n<p>&nbsp;<\/p>\n<p style=\"text-align: center;\"><span style=\"color: #fda533;\">2016 &#8211; Saint Palais, Saint Jean de Luz, Espelette et Ainhice Mongelos<\/span><\/p>\n<p><img loading=\"lazy\" decoding=\"async\" class=\"aligncenter wp-image-3617 size-large\" src=\"https:\/\/www.bakebidea.com\/wp-content\/uploads\/2016\/09\/socha-1-1024x683.jpg\" alt=\"socha\" width=\"900\" height=\"600\" srcset=\"https:\/\/www.bakebidea.com\/wp-content\/uploads\/2016\/09\/socha-1-1024x683.jpg 1024w, https:\/\/www.bakebidea.com\/wp-content\/uploads\/2016\/09\/socha-1-300x200.jpg 300w, https:\/\/www.bakebidea.com\/wp-content\/uploads\/2016\/09\/socha-1-768x512.jpg 768w, https:\/\/www.bakebidea.com\/wp-content\/uploads\/2016\/09\/socha-1.jpg 1200w\" sizes=\"(max-width: 900px) 100vw, 900px\" \/><\/p>\n<p><span style=\"color: #333333;\">Nous avons organis\u00e9 le 20 avril et les 3, 4 et 5 mai 2016 un cycle de conf\u00e9rences et cin\u00e9-d\u00e9bat intitul\u00e9 \u00ab\u00a0Colombie: Le processus de paix en question\u00a0\u00bb.<\/span><\/p>\n<h3><span style=\"color: #333333;\"><span style=\"color: #0d6985;\">En avril, un cin\u00e9-d\u00e9bat organis\u00e9 en partenariat avec le cin\u00e9ma de Saint Palais<\/span><br \/>\n<\/span><\/h3>\n<p><span style=\"color: #333333;\">Nous avons eu l&rsquo;occasion d&rsquo;assister \u00e0 une discussion interesssante et enrichissante autour de la siutation du conflit en Colombie gr\u00e2ce \u00e0 la participation d&rsquo;Eneko Gerrikabeitia, Coordinateur g\u00e9n\u00e9ral de l&rsquo;ONG Mundu bat, autour du film IMPUNITE.<\/span><br \/>\n<span style=\"color: #333333;\"> \u00a0<\/span><\/p>\n<h3><span style=\"color: #0d6985;\">En mai, le processus de paix colombien en question, en pr\u00e9sence de Carlos Alberto Ruiz Socha<\/span><\/h3>\n<p><span style=\"color: #333333;\"> Ce cycle a \u00e9t\u00e9 tr\u00e8s enrichissant du fait notamment de la pr\u00e9sence de Carlos Alberto Ruiz Socha (avocat et qui a \u00e9t\u00e9 assesseur des FARC lors des discussions de paix \u00e0 la Havanne) qui a apport\u00e9 un \u00e9clairage sur le processus de paix qui y est engag\u00e9 en Colombie depuis 2012 entre legouvernement colombien et les FARC et depuis cette ann\u00e9e entre le gouvernement colombien et le groupe arm\u00e9 ELN.<\/span><\/p>\n<p><span style=\"color: #333333;\"> \u00a0<\/span><\/p>\n<p><span style=\"color: #333333;\"> Ainsi un grand merci \u00e0 Carlos Alberto Ruiz Socha pour avoir partag\u00e9 avec nous ses analyses et son exp\u00e9rience.<\/span><br \/>\n<span style=\"color: #333333;\"> \u00a0<\/span><\/p>\n<p><span style=\"color: #333333;\"> Un grand merci \u00e9galement \u00e0 Iosu, Txomin, Fina, Ortzi, Jon et Ekaitz pour avoir assur\u00e9 les traductions de ces conf\u00e9rences et cin\u00e9-d\u00e9bat.<\/span><br \/>\n<span style=\"color: #333333;\"> \u00a0<\/span><\/p>\n<p><span style=\"color: #333333;\"> Enfin nous remercions les mairies de St Jean de Luz et d&rsquo;Espelette ainsi que Laborantza Ganbara ( Ainhice Mongelos) pour avoir permis le d\u00e9roulement de ces conf\u00e9rences dans leurs locaux.<\/span><\/p>\n<p><span style=\"color: #333333;\"> \u00a0<\/span><\/p>\n<p><span style=\"color: #333333;\"> Nous continuerons de porter un regard attentif \u00e0 l&rsquo;\u00e9volution du processus de paix colombien.<\/span><br \/>\n<span style=\"color: #333333;\"> \u00a0<\/span><\/p>\n\n\t\t<style type=\"text\/css\">\n\t\t\t#gallery-1 {\n\t\t\t\tmargin: auto;\n\t\t\t}\n\t\t\t#gallery-1 .gallery-item {\n\t\t\t\tfloat: left;\n\t\t\t\tmargin-top: 10px;\n\t\t\t\ttext-align: center;\n\t\t\t\twidth: 25%;\n\t\t\t}\n\t\t\t#gallery-1 img {\n\t\t\t\tborder: 2px solid #cfcfcf;\n\t\t\t}\n\t\t\t#gallery-1 .gallery-caption {\n\t\t\t\tmargin-left: 0;\n\t\t\t}\n\t\t\t\/* see gallery_shortcode() in wp-includes\/media.php *\/\n\t\t<\/style>\n\t\t<div id='gallery-1' class='gallery galleryid-3604 gallery-columns-4 gallery-size-medium'><dl class='gallery-item'>\n\t\t\t<dt class='gallery-icon landscape'>\n\t\t\t\t<a href='https:\/\/www.bakebidea.com\/wp-content\/uploads\/2016\/05\/IMG_0164-e1472480006587.jpg'><img loading=\"lazy\" decoding=\"async\" width=\"300\" height=\"200\" src=\"https:\/\/www.bakebidea.com\/wp-content\/uploads\/2016\/05\/IMG_0164-300x200.jpg\" class=\"attachment-medium size-medium\" alt=\"\" srcset=\"https:\/\/www.bakebidea.com\/wp-content\/uploads\/2016\/05\/IMG_0164-300x200.jpg 300w, https:\/\/www.bakebidea.com\/wp-content\/uploads\/2016\/05\/IMG_0164-768x512.jpg 768w, https:\/\/www.bakebidea.com\/wp-content\/uploads\/2016\/05\/IMG_0164-1024x683.jpg 1024w, https:\/\/www.bakebidea.com\/wp-content\/uploads\/2016\/05\/IMG_0164-e1472480006587.jpg 1200w\" sizes=\"(max-width: 300px) 100vw, 300px\" \/><\/a>\n\t\t\t<\/dt><\/dl><dl class='gallery-item'>\n\t\t\t<dt class='gallery-icon landscape'>\n\t\t\t\t<a href='https:\/\/www.bakebidea.com\/wp-content\/uploads\/2016\/05\/IMG_0191-e1472474102719.jpg'><img loading=\"lazy\" decoding=\"async\" width=\"300\" height=\"200\" src=\"https:\/\/www.bakebidea.com\/wp-content\/uploads\/2016\/05\/IMG_0191-300x200.jpg\" class=\"attachment-medium size-medium\" alt=\"\" srcset=\"https:\/\/www.bakebidea.com\/wp-content\/uploads\/2016\/05\/IMG_0191-300x200.jpg 300w, https:\/\/www.bakebidea.com\/wp-content\/uploads\/2016\/05\/IMG_0191-768x512.jpg 768w, https:\/\/www.bakebidea.com\/wp-content\/uploads\/2016\/05\/IMG_0191-1024x683.jpg 1024w, https:\/\/www.bakebidea.com\/wp-content\/uploads\/2016\/05\/IMG_0191-e1472474102719.jpg 1200w\" sizes=\"(max-width: 300px) 100vw, 300px\" \/><\/a>\n\t\t\t<\/dt><\/dl><dl class='gallery-item'>\n\t\t\t<dt class='gallery-icon landscape'>\n\t\t\t\t<a href='https:\/\/www.bakebidea.com\/wp-content\/uploads\/2016\/05\/IMG_0235-e1472479987840.jpg'><img loading=\"lazy\" decoding=\"async\" width=\"300\" height=\"169\" src=\"https:\/\/www.bakebidea.com\/wp-content\/uploads\/2016\/05\/IMG_0235-300x169.jpg\" class=\"attachment-medium size-medium\" alt=\"\" srcset=\"https:\/\/www.bakebidea.com\/wp-content\/uploads\/2016\/05\/IMG_0235-300x169.jpg 300w, https:\/\/www.bakebidea.com\/wp-content\/uploads\/2016\/05\/IMG_0235-768x431.jpg 768w, https:\/\/www.bakebidea.com\/wp-content\/uploads\/2016\/05\/IMG_0235-1024x575.jpg 1024w, https:\/\/www.bakebidea.com\/wp-content\/uploads\/2016\/05\/IMG_0235-e1472479987840.jpg 1200w\" sizes=\"(max-width: 300px) 100vw, 300px\" \/><\/a>\n\t\t\t<\/dt><\/dl><dl class='gallery-item'>\n\t\t\t<dt class='gallery-icon landscape'>\n\t\t\t\t<a href='https:\/\/www.bakebidea.com\/wp-content\/uploads\/2016\/05\/IMG_0250-e1472479901316.jpg'><img loading=\"lazy\" decoding=\"async\" width=\"300\" height=\"169\" src=\"https:\/\/www.bakebidea.com\/wp-content\/uploads\/2016\/05\/IMG_0250-300x169.jpg\" class=\"attachment-medium size-medium\" alt=\"\" srcset=\"https:\/\/www.bakebidea.com\/wp-content\/uploads\/2016\/05\/IMG_0250-300x169.jpg 300w, https:\/\/www.bakebidea.com\/wp-content\/uploads\/2016\/05\/IMG_0250-768x431.jpg 768w, https:\/\/www.bakebidea.com\/wp-content\/uploads\/2016\/05\/IMG_0250-1024x575.jpg 1024w, https:\/\/www.bakebidea.com\/wp-content\/uploads\/2016\/05\/IMG_0250-e1472479901316.jpg 1200w\" sizes=\"(max-width: 300px) 100vw, 300px\" \/><\/a>\n\t\t\t<\/dt><\/dl><br style=\"clear: both\" \/>\n\t\t<\/div>\n\n<p>&nbsp;<\/p>\n","protected":false},"excerpt":{"rendered":"<p>Cycle conf\u00e9rences et cin\u00e9-d\u00e9bat:\u00a0 \u00ab\u00a0Colombie: le processus de paix en question\u00a0\u00bb &nbsp; 2016 &#8211; Saint Palais, Saint Jean de Luz, Espelette et Ainhice Mongelos Nous avons organis\u00e9 le 20 avril et les 3, 4 et 5 mai 2016 un cycle de conf\u00e9rences et cin\u00e9-d\u00e9bat intitul\u00e9 \u00ab\u00a0Colombie: Le processus de paix&#8230;<\/p>\n","protected":false},"author":1,"featured_media":0,"parent":0,"menu_order":0,"comment_status":"closed","ping_status":"closed","template":"","meta":{"footnotes":""},"_links":{"self":[{"href":"https:\/\/www.bakebidea.com\/index.php?rest_route=\/wp\/v2\/pages\/3604"}],"collection":[{"href":"https:\/\/www.bakebidea.com\/index.php?rest_route=\/wp\/v2\/pages"}],"about":[{"href":"https:\/\/www.bakebidea.com\/index.php?rest_route=\/wp\/v2\/types\/page"}],"author":[{"embeddable":true,"href":"https:\/\/www.bakebidea.com\/index.php?rest_route=\/wp\/v2\/users\/1"}],"replies":[{"embeddable":true,"href":"https:\/\/www.bakebidea.com\/index.php?rest_route=%2Fwp%2Fv2%2Fcomments&post=3604"}],"version-history":[{"count":10,"href":"https:\/\/www.bakebidea.com\/index.php?rest_route=\/wp\/v2\/pages\/3604\/revisions"}],"predecessor-version":[{"id":4415,"href":"https:\/\/www.bakebidea.com\/index.php?rest_route=\/wp\/v2\/pages\/3604\/revisions\/4415"}],"wp:attachment":[{"href":"https:\/\/www.bakebidea.com\/index.php?rest_route=%2Fwp%2Fv2%2Fmedia&parent=3604"}],"curies":[{"name":"wp","href":"https:\/\/api.w.org\/{rel}","templated":true}]}}