{"id":3542,"date":"2016-09-05T15:05:33","date_gmt":"2016-09-05T13:05:33","guid":{"rendered":"https:\/\/www.bakebidea.com\/?page_id=3542"},"modified":"2016-09-29T15:26:10","modified_gmt":"2016-09-29T13:26:10","slug":"forum-social-2013","status":"publish","type":"page","link":"https:\/\/www.bakebidea.com\/?page_id=3542","title":{"rendered":"FORUM SOCIAL 2013"},"content":{"rendered":"<h1 style=\"text-align: center;\"><span style=\"color: #0d6985;\">Le 1er Forum social pour impulser le processus de paix<\/span><\/h1>\n<p>&nbsp;<\/p>\n<h5 style=\"text-align: center;\"><span style=\"color: #0d6985;\">2013 &#8211; Pampelune et Bilbao<\/span><\/h5>\n<p style=\"text-align: center;\"><span style=\"color: #ebad3c;\">Co-organis\u00e9 avec Lokarri<\/span><\/p>\n<p>&nbsp;<\/p>\n<p><img loading=\"lazy\" decoding=\"async\" class=\"aligncenter wp-image-2782 size-large\" src=\"https:\/\/www.bakebidea.com\/wp-content\/uploads\/2016\/02\/foro-social-para-impulsar-el-proceso-de-paz_8575337400_o-1024x683.jpg\" alt=\"&quot;Foro Social para promover el proceso de paz&quot;\" width=\"900\" height=\"600\" \/><br \/>\n<span style=\"color: #333333;\">Le 1er Forum social pour impulser le processus de paix s&rsquo;est d\u00e9roul\u00e9 les 14 et 15 mars 2013 \u00e0 Pampelune et Bilbao.<br \/>\n<span style=\"color: #333333;\"> Son objectif \u00e9tait de stimuler la participation de la soci\u00e9t\u00e9 civile en faveur du processus de paix.<\/span><br \/>\n<\/span><\/p>\n<h3><span style=\"color: #0d6985;\"><strong>Une initiative commune pour impulser le processus de paix<\/strong><\/span><\/h3>\n<p><span style=\"color: #333333;\">Un an s\u2019\u00e9tait \u00e9coul\u00e9 depuis l\u2019arr\u00eat de la lutte arm\u00e9\u00e9 par ETA et la l\u00e9galisation de Sortu. Malgr\u00e9 les avanc\u00e9es effectu\u00e9es, nombre de questions n\u2019ont encore connu aucune ou tr\u00e8s faible avanc\u00e9e:<\/span><\/p>\n<ul>\n<li><span style=\"color: #333333;\">la d\u00e9finition de l\u2019agenda concernant le d\u00e9sarmement et la r\u00e9insertion des prisonniers et des r\u00e9fugi\u00e9s.<\/span><\/li>\n<li><span style=\"color: #333333;\">la garantie du respect des droits de l\u2019homme et de la libert\u00e9 d\u00e9mocratique.<\/span><\/li>\n<li><span style=\"color: #333333;\">les moyens de faire face au pass\u00e9 et d\u2019assoir les bases pour une r\u00e9conciliation.<\/span><\/li>\n<\/ul>\n<p><span style=\"color: #333333;\">\u00a0<\/span><br \/>\n<span style=\"color: #333333;\"> Dans de telles circonstances, des personnes et des organisations plurielles pr\u00eates \u00e0 s\u2019engager et\u00a0 \u00e0 effectuer des pas audacieux en faveur du processus de paix \u00e9taient n\u00e9cessaires. C\u2019est ainsi que, des groupes tr\u00e8s vari\u00e9s, se sont r\u00e9unis pour travailler ensemble et renforcer le processus de paix au travers de ce Forum social.<\/span><br \/>\n<span style=\"color: #333333;\"> \u00a0<\/span><\/p>\n<h3><span style=\"color: #0d6985;\"><strong>De nombreux organisateurs et collaborateurs<\/strong><\/span><\/h3>\n<p>E<span style=\"color: #333333;\">n effet, ce Forum Social a \u00e9t\u00e9 organis\u00e9 par le mouvement civil promouvant le processus de paix, Bake Bidea, et par le r\u00e9seau citoyen pour l\u2019accord et la consultation, Lokarri.<\/span><br \/>\n<span style=\"color: #333333;\"> \u00a0<\/span><br \/>\n<span style=\"color: #333333;\"> De m\u00eame, les organisations qui ont encourag\u00e9 ce Forum social sont\u00a0celles-ci\u00a0: les jeunes de sensibilit\u00e9s politiques diff\u00e9rentes, le r\u00e9seau f\u00e9minin Ahotsak, la Fondation Etikarte et la Chaire de l\u2019Unesco promouvant la citoyennet\u00e9, la r\u00e9conciliation et la diversit\u00e9.<\/span><br \/>\n<span style=\"color: #333333;\"> \u00a0<\/span><br \/>\n<span style=\"color: #333333;\"> Enfin, ce Forum a re\u00e7u le soutien de ces organisations\u00a0: FundiPau (Fundacio per la Pau), Conciliation Resources, la Fondation Berghof et l\u2019ICG (International Contact Group).<\/span><br \/>\n<span style=\"color: #333333;\"> \u00a0<\/span><br \/>\n<span style=\"color: #333333;\"> Les th\u00e8mes abord\u00e9s:<\/span><\/p>\n<ul>\n<li><span style=\"color: #333333;\">Le d\u00e9sarmement, le d\u00e9mant\u00e8lement et la r\u00e9int\u00e9gration des combattants<\/span><\/li>\n<li><span style=\"color: #333333;\">le retour des prisonnier.e.s et des exil\u00e9.e.s<\/span><\/li>\n<li><span style=\"color: #333333;\">le respect des droits de l\u2019homme<\/span><\/li>\n<li><span style=\"color: #333333;\">la confrontation au pass\u00e9<\/span><\/li>\n<\/ul>\n<p>&nbsp;<\/p>\n\n\t\t<style type=\"text\/css\">\n\t\t\t#gallery-1 {\n\t\t\t\tmargin: auto;\n\t\t\t}\n\t\t\t#gallery-1 .gallery-item {\n\t\t\t\tfloat: left;\n\t\t\t\tmargin-top: 10px;\n\t\t\t\ttext-align: center;\n\t\t\t\twidth: 25%;\n\t\t\t}\n\t\t\t#gallery-1 img {\n\t\t\t\tborder: 2px solid #cfcfcf;\n\t\t\t}\n\t\t\t#gallery-1 .gallery-caption {\n\t\t\t\tmargin-left: 0;\n\t\t\t}\n\t\t\t\/* see gallery_shortcode() in wp-includes\/media.php *\/\n\t\t<\/style>\n\t\t<div id='gallery-1' class='gallery galleryid-3542 gallery-columns-4 gallery-size-medium'><dl class='gallery-item'>\n\t\t\t<dt class='gallery-icon landscape'>\n\t\t\t\t<a href='https:\/\/www.bakebidea.com\/wp-content\/uploads\/2016\/02\/foro-social-para-promover-el-proceso-de-paz_8588872013_o-e1472486354883.jpg'><img loading=\"lazy\" decoding=\"async\" width=\"300\" height=\"200\" src=\"https:\/\/www.bakebidea.com\/wp-content\/uploads\/2016\/02\/foro-social-para-promover-el-proceso-de-paz_8588872013_o-300x200.jpg\" class=\"attachment-medium size-medium\" alt=\"\" srcset=\"https:\/\/www.bakebidea.com\/wp-content\/uploads\/2016\/02\/foro-social-para-promover-el-proceso-de-paz_8588872013_o-300x200.jpg 300w, https:\/\/www.bakebidea.com\/wp-content\/uploads\/2016\/02\/foro-social-para-promover-el-proceso-de-paz_8588872013_o-768x512.jpg 768w, https:\/\/www.bakebidea.com\/wp-content\/uploads\/2016\/02\/foro-social-para-promover-el-proceso-de-paz_8588872013_o-1024x683.jpg 1024w, https:\/\/www.bakebidea.com\/wp-content\/uploads\/2016\/02\/foro-social-para-promover-el-proceso-de-paz_8588872013_o-e1472486354883.jpg 1200w\" sizes=\"(max-width: 300px) 100vw, 300px\" \/><\/a>\n\t\t\t<\/dt><\/dl><dl class='gallery-item'>\n\t\t\t<dt class='gallery-icon landscape'>\n\t\t\t\t<a href='https:\/\/www.bakebidea.com\/wp-content\/uploads\/2016\/02\/foro-social-para-promover-el-proceso-de-paz_8588869867_o-e1472486572468.jpg'><img loading=\"lazy\" decoding=\"async\" width=\"300\" height=\"200\" src=\"https:\/\/www.bakebidea.com\/wp-content\/uploads\/2016\/02\/foro-social-para-promover-el-proceso-de-paz_8588869867_o-300x200.jpg\" class=\"attachment-medium size-medium\" alt=\"\" srcset=\"https:\/\/www.bakebidea.com\/wp-content\/uploads\/2016\/02\/foro-social-para-promover-el-proceso-de-paz_8588869867_o-300x200.jpg 300w, https:\/\/www.bakebidea.com\/wp-content\/uploads\/2016\/02\/foro-social-para-promover-el-proceso-de-paz_8588869867_o-768x512.jpg 768w, https:\/\/www.bakebidea.com\/wp-content\/uploads\/2016\/02\/foro-social-para-promover-el-proceso-de-paz_8588869867_o-1024x683.jpg 1024w, https:\/\/www.bakebidea.com\/wp-content\/uploads\/2016\/02\/foro-social-para-promover-el-proceso-de-paz_8588869867_o-e1472486572468.jpg 1200w\" sizes=\"(max-width: 300px) 100vw, 300px\" \/><\/a>\n\t\t\t<\/dt><\/dl><dl class='gallery-item'>\n\t\t\t<dt class='gallery-icon landscape'>\n\t\t\t\t<a href='https:\/\/www.bakebidea.com\/wp-content\/uploads\/2016\/02\/foro-social-para-impulsar-el-proceso-de-paz_8575337684_o-e1472486583193.jpg'><img loading=\"lazy\" decoding=\"async\" width=\"300\" height=\"200\" src=\"https:\/\/www.bakebidea.com\/wp-content\/uploads\/2016\/02\/foro-social-para-impulsar-el-proceso-de-paz_8575337684_o-300x200.jpg\" class=\"attachment-medium size-medium\" alt=\"\" srcset=\"https:\/\/www.bakebidea.com\/wp-content\/uploads\/2016\/02\/foro-social-para-impulsar-el-proceso-de-paz_8575337684_o-300x200.jpg 300w, https:\/\/www.bakebidea.com\/wp-content\/uploads\/2016\/02\/foro-social-para-impulsar-el-proceso-de-paz_8575337684_o-768x512.jpg 768w, https:\/\/www.bakebidea.com\/wp-content\/uploads\/2016\/02\/foro-social-para-impulsar-el-proceso-de-paz_8575337684_o-1024x683.jpg 1024w, https:\/\/www.bakebidea.com\/wp-content\/uploads\/2016\/02\/foro-social-para-impulsar-el-proceso-de-paz_8575337684_o-e1472486583193.jpg 1200w\" sizes=\"(max-width: 300px) 100vw, 300px\" \/><\/a>\n\t\t\t<\/dt><\/dl><dl class='gallery-item'>\n\t\t\t<dt class='gallery-icon landscape'>\n\t\t\t\t<a href='https:\/\/www.bakebidea.com\/wp-content\/uploads\/2016\/02\/lokarri-foro-social-para-promover-el-proceso-de-paz_8589063767_o-e1472481811829.jpg'><img loading=\"lazy\" decoding=\"async\" width=\"300\" height=\"200\" src=\"https:\/\/www.bakebidea.com\/wp-content\/uploads\/2016\/02\/lokarri-foro-social-para-promover-el-proceso-de-paz_8589063767_o-300x200.jpg\" class=\"attachment-medium size-medium\" alt=\"\" srcset=\"https:\/\/www.bakebidea.com\/wp-content\/uploads\/2016\/02\/lokarri-foro-social-para-promover-el-proceso-de-paz_8589063767_o-300x200.jpg 300w, https:\/\/www.bakebidea.com\/wp-content\/uploads\/2016\/02\/lokarri-foro-social-para-promover-el-proceso-de-paz_8589063767_o-768x512.jpg 768w, https:\/\/www.bakebidea.com\/wp-content\/uploads\/2016\/02\/lokarri-foro-social-para-promover-el-proceso-de-paz_8589063767_o-1024x683.jpg 1024w, https:\/\/www.bakebidea.com\/wp-content\/uploads\/2016\/02\/lokarri-foro-social-para-promover-el-proceso-de-paz_8589063767_o-e1472481811829.jpg 1200w\" sizes=\"(max-width: 300px) 100vw, 300px\" \/><\/a>\n\t\t\t<\/dt><\/dl><br style=\"clear: both\" \/>\n\t\t<\/div>\n\n<p>&nbsp;<\/p>\n<h3 style=\"text-align: left;\"><span style=\"color: #106578;\"> Des objectifs atteints<\/span><\/h3>\n<p><span style=\"color: #333333;\"> Lorsque nous avons annonc\u00e9 publiquement notre volont\u00e9 d\u2019organiser cet \u00e9v\u00e8nement pour renforcer le processus de paix, nous avions deux objectifs: <\/span><br \/>\n<span style=\"color: #333333;\"> \u00a0<\/span><br \/>\n<span style=\"color: #333333;\"> 1 ) offrir une voie \u00e0 la participation civile dans le processus <\/span><\/p>\n<p><span style=\"color: #333333;\">2 ) trouver de nouvelles id\u00e9es pour renforcer le processus.<\/span><br \/>\n<span style=\"color: #333333;\"> \u00a0<\/span><br \/>\n<span style=\"color: #333333;\"> En ce qui concerne le premier objectif, le r\u00e9sultat est tr\u00e8s satisfaisant:<\/span><br \/>\n<span style=\"color: #333333;\"> \u00a0<\/span><\/p>\n<ul>\n<li><span style=\"color: #333333;\"> 600 personnes ont particip\u00e9 aux sessions de Pampelune et de Bilbao, les sessions \u00e9taient compl\u00e8tes et nous avions re\u00e7us 300 demandes de participation suppl\u00e9mentaires.<\/span><\/li>\n<li><span style=\"color: #333333;\"> 400 personnes environ ont suivi les conf\u00e9rences par le biais de la retransmission du Forum en streaming sur le site bakeforosoziala.org<\/span><\/li>\n<li><span style=\"color: #333333;\"> Nous avons \u00e9galement re\u00e7us 500 remarques et apports suppl\u00e9mentaires de structures ou d\u2019individus issus des questionnaires que nous avions diffus\u00e9s. Au vu de l\u2019int\u00e9r\u00eat qu\u2019a suscit\u00e9 cette d\u00e9marche, nous avons d\u00e9cid\u00e9 de reporter l\u2019arr\u00eat de la diffusion du questionnaire \u00e0 la fin du mois de mars.<\/span><\/li>\n<\/ul>\n<p><span style=\"color: #333333;\">\u00a0<\/span><br \/>\n<span style=\"color: #333333;\"> En ce qui concerne le deuxi\u00e8me objectif, nous aimerions souligner la qualit\u00e9 des interventions des experts internationaux pr\u00e9sents lors de ces deux conf\u00e9rences.<\/span><br \/>\n<span style=\"color: #333333;\"> \u00a0<\/span><br \/>\n<span style=\"color: #333333;\"> Ils nous ont transmis un regard, une exp\u00e9rience mais aussi des bases et de nouvelles pistes qui nous seront d\u2019une grande utilit\u00e9. D\u2019une part, cela nous permettra de faire face aux d\u00e9fis majeurs qu\u2019impliquent \u2019un processus de paix. D\u2019autre part, cela nous aidera \u00e0 \u00e9laborer des solutions nous permettant de renforcer le processus.<\/span><br \/>\n<span style=\"color: #333333;\"> \u00a0<\/span><br \/>\n<span style=\"color: #333333;\"> \u00a0<\/span><br \/>\n<span style=\"color: #333333;\"> De plus, Lokarri et Bake Bidea souhaitent valoriser ce type d\u2019initiative encourageante et vectrice d\u2019espoir, et ce en rassemblant des structures et des personnes d\u2019horizons diff\u00e9rents aspirant r\u00e9fl\u00e9chir ensemble et en \u00e9tendant un message social tr\u00e8s positif pour impulser les pas en faveur du processus de paix.<\/span><br \/>\n<span style=\"color: #333333;\"> \u00a0<\/span><br \/>\n<span style=\"color: #333333;\"> \u00a0<\/span><\/p>\n<h3 style=\"text-align: left;\"><span style=\"color: #106578;\"> Des conclusions menant \u00e0 12 recommandations pour impulser le processus de paix<\/span><\/h3>\n<p><span style=\"color: #333333;\">Un document a \u00e9t\u00e9 r\u00e9dig\u00e9 \u00e0 partir des conclusions issues de chacun des th\u00e8mes abord\u00e9s lors du Forum (le d\u00e9sarmement et le d\u00e9mant\u00e8lement, le retour des prisonnier.e.s et des exil\u00e9.e.s, la garantie du respect des droits de l\u2019Homme, la confrontation au pass\u00e9).<\/span><br \/>\n<span style=\"color: #333333;\"> \u00a0<\/span><br \/>\n<span style=\"color: #333333;\"> Venez d\u00e9couvrir ces <span style=\"color: #e6ad3c;\"><a style=\"color: #e6ad3c;\" href=\"https:\/\/www.bakebidea.com\/wp-content\/uploads\/2016\/04\/Recommandations-pour-impulser-le-processus-de-paix.pdf\">12 recommandations<\/a>.<\/span><\/span><br \/>\n<img loading=\"lazy\" decoding=\"async\" class=\"wp-image-652 size-full alignleft\" src=\"https:\/\/www.bakebidea.com\/wp-content\/uploads\/2014\/01\/sans-titre.png\" alt=\"sans-titre\" width=\"286\" height=\"176\" \/><\/p>\n","protected":false},"excerpt":{"rendered":"<p>Le 1er Forum social pour impulser le processus de paix &nbsp; 2013 &#8211; Pampelune et Bilbao Co-organis\u00e9 avec Lokarri &nbsp; Le 1er Forum social pour impulser le processus de paix s&rsquo;est d\u00e9roul\u00e9 les 14 et 15 mars 2013 \u00e0 Pampelune et Bilbao. Son objectif \u00e9tait de stimuler la participation de&#8230;<\/p>\n","protected":false},"author":1,"featured_media":0,"parent":0,"menu_order":0,"comment_status":"closed","ping_status":"closed","template":"","meta":{"footnotes":""},"_links":{"self":[{"href":"https:\/\/www.bakebidea.com\/index.php?rest_route=\/wp\/v2\/pages\/3542"}],"collection":[{"href":"https:\/\/www.bakebidea.com\/index.php?rest_route=\/wp\/v2\/pages"}],"about":[{"href":"https:\/\/www.bakebidea.com\/index.php?rest_route=\/wp\/v2\/types\/page"}],"author":[{"embeddable":true,"href":"https:\/\/www.bakebidea.com\/index.php?rest_route=\/wp\/v2\/users\/1"}],"replies":[{"embeddable":true,"href":"https:\/\/www.bakebidea.com\/index.php?rest_route=%2Fwp%2Fv2%2Fcomments&post=3542"}],"version-history":[{"count":10,"href":"https:\/\/www.bakebidea.com\/index.php?rest_route=\/wp\/v2\/pages\/3542\/revisions"}],"predecessor-version":[{"id":4111,"href":"https:\/\/www.bakebidea.com\/index.php?rest_route=\/wp\/v2\/pages\/3542\/revisions\/4111"}],"wp:attachment":[{"href":"https:\/\/www.bakebidea.com\/index.php?rest_route=%2Fwp%2Fv2%2Fmedia&parent=3542"}],"curies":[{"name":"wp","href":"https:\/\/api.w.org\/{rel}","templated":true}]}}