{"id":3410,"date":"2016-08-26T16:06:32","date_gmt":"2016-08-26T14:06:32","guid":{"rendered":"https:\/\/www.bakebidea.com\/?page_id=3410"},"modified":"2016-09-29T15:27:11","modified_gmt":"2016-09-29T13:27:11","slug":"forum-social-pour-impulser-le-processus-de-paix-2016","status":"publish","type":"page","link":"https:\/\/www.bakebidea.com\/?page_id=3410","title":{"rendered":"3 \u00e8me Forum social pour donner nouvelle impulsion au processus de paix"},"content":{"rendered":"<h1 style=\"text-align: center;\"><span style=\"color: #0e6178;\">3 \u00e8me Forum social pour impulser le processus de paix<\/span><\/h1>\n<h5 style=\"text-align: center;\"><span style=\"color: #0e6178;\">2016 &#8211; Gernika<\/span><\/h5>\n<h4 style=\"text-align: center;\"><span style=\"color: #eba823;\">Co-organis\u00e9 avec Antxeta Irratia, Uharan et Gernika Batzordea<\/span><\/h4>\n<p>&nbsp;<\/p>\n<p>&nbsp;<\/p>\n<p><img loading=\"lazy\" decoding=\"async\" class=\"aligncenter wp-image-2710 size-large\" src=\"https:\/\/www.bakebidea.com\/wp-content\/uploads\/2016\/02\/foroa58-1024x681.jpg\" alt=\"foroa58\" width=\"900\" height=\"599\" \/><\/p>\n<p>&nbsp;<\/p>\n<p>&nbsp;<\/p>\n<p style=\"text-align: justify;\"><span style=\"color: #167591;\"><strong>Le processus de d\u00e9sarmement et le r\u00f4le de la soci\u00e9t\u00e9 civile dans ce cadre-l\u00e0 ont fait l\u2019objet d\u2019une r\u00e9flexion int\u00e9ressante lors du Forum social pour impulser le processus de paix co-organis\u00e9 par Antxeta Irratia, Bake bidea, Gernika Batzordea et Uharan et qui s\u2019est d\u00e9roul\u00e9 le 30 janvier dernier \u00e0 Gernika.<\/strong><\/span><\/p>\n<p>&nbsp;<\/p>\n<p style=\"text-align: justify;\"><span style=\"color: #333333;\"><strong><em>\u00a0<\/em><\/strong><\/span><\/p>\n<p style=\"text-align: justify;\"><span style=\"color: #333333;\">Les 14 et 15 mars 2013, les premiers forums sociaux pour impulser le processus de paix avaient eu lieu \u00e0 Bilbo et Pampelune, organis\u00e9s par Lokarri, Bake Bidea et nombre de partenaires.<\/span><\/p>\n<p>&nbsp;<\/p>\n<p style=\"text-align: justify;\"><span style=\"color: #333333;\">A partir de l\u2019exp\u00e9rience partag\u00e9e par les intervenant-e-s internationaux-nales pr\u00e9sent-e-s, ainsi que des apports de personnes issues de la soci\u00e9t\u00e9 civile, <span style=\"color: #eba823;\"><a style=\"color: #eba823;\" href=\"https:\/\/www.bakebidea.com\/wp-content\/uploads\/2016\/04\/Recommandations-pour-impulser-le-processus-de-paix.pdf\">12 recommandations<\/a><\/span>, articul\u00e9es autour de 4 axes majeurs, avaient \u00e9t\u00e9 r\u00e9dig\u00e9es pour d\u00e9passer le blocage existant.<\/span><\/p>\n<p>&nbsp;<\/p>\n<p style=\"text-align: justify;\"><span style=\"color: #333333;\">Afin d\u2019impulser la mise en place de ces recommandations ayant pour objectif de rendre la soci\u00e9t\u00e9 civile actrice du processus, nous avons organis\u00e9 deux autres forums autour des th\u00e9matiques du retour des prisonnier-e-s, du respect des droits humains et de la participation de la soci\u00e9t\u00e9 civile. Malheureusement nous n\u2019avons pas r\u00e9ussi, notamment au Pays Basque Sud \u00e0 mettre en pratique ces recommandations.<\/span><\/p>\n<p>&nbsp;<\/p>\n<p style=\"text-align: justify;\"><span style=\"color: #333333;\">Plus que jamais convaincus qu\u2019en tant que soci\u00e9t\u00e9 civile nous devons apporter une nouvelle impulsion \u00e0 ce processus, nous avons d\u00e9cid\u00e9 de nous atteler partie par partie aux recommandations et d\u2019y faire des apports.<\/span><\/p>\n<p>&nbsp;<\/p>\n<h3 style=\"text-align: justify;\"><\/h3>\n<h3 style=\"text-align: justify;\"><span style=\"color: #167591;\"><strong>La r\u00e9f\u00e9rence au processus de paix en Colombie, un processus contemporain en marche<\/strong><\/span><\/h3>\n<p>&nbsp;<\/p>\n<p style=\"text-align: justify;\"><span style=\"color: #333333;\">Au regard des pas franchis dans le processus de paix en Colombie, il nous semblait important\u00a0 de d\u00e9dier un moment \u00e0 ce processus qui est en train de devenir une r\u00e9f\u00e9rence en la mati\u00e8re. Il nous semblait int\u00e9ressant de r\u00e9fl\u00e9chir aux enjeux de ce processus et aux \u00e9l\u00e9ments \u00e0 prendre en compte concernant la situation au Pays Basque.<\/span><\/p>\n<p style=\"text-align: justify;\"><span style=\"color: #333333;\"><strong>Les intervenant.e.s \u00e9taient:<\/strong><\/span><\/p>\n<p>&nbsp;<\/p>\n<ul>\n<li style=\"text-align: justify;\"><span style=\"color: #167591;\">Carlos Alberto Ruiz Socha<\/span><span style=\"color: #333333;\">, avocat Colombien et ayant \u00e9t\u00e9 assesseur lors de discussions \u00e0 la Havane.<\/span><\/li>\n<li style=\"text-align: justify;\"><span style=\"color: #333333;\"><span style=\"color: #167591;\">Alberto Spectorowsky<\/span>, membre du GIC<\/span><\/li>\n<\/ul>\n<p>&nbsp;<\/p>\n<h3 style=\"text-align: justify;\"><\/h3>\n<h3 style=\"text-align: justify;\"><span style=\"color: #167591;\"><strong>Le d\u00e9sarmement, une th\u00e9matique majeure pouvant impulser le processus de paix<\/strong><\/span><\/h3>\n<p>&nbsp;<\/p>\n<p style=\"text-align: justify;\"><span style=\"color: #333333;\">Depuis qu\u2019ETA avait fait savoir en f\u00e9vrier 2014 qu\u2019il commen\u00e7ait un processus de mise sous scell\u00e9 de son arsenal, \u00a0le processus a peu avanc\u00e9. Face \u00e0 cette situation, il est n\u00e9cessaire de trouver des solutions pour d\u00e9passer le blocage des Etats et faire que ETA m\u00e8ne \u00e0 bien son engagement et ce, dans un d\u00e9lai raisonnable.<\/span><\/p>\n<p>&nbsp;<\/p>\n<p style=\"text-align: justify;\"><span style=\"color: #333333;\">Nous voulions nous atteler \u00e0 cette question car nous pensons qu\u2019il y a bien des solutions du fait d\u2019une part, que ETA a d\u00e9montr\u00e9 sa disposition \u00e0 faire des pas, d\u2019autre part, que la <span style=\"color: #eba823;\"><a style=\"color: #eba823;\" href=\"https:\/\/www.bakebidea.com\/wp-content\/uploads\/2016\/04\/Groupe-de-dialogue-dans-le-Pays-Basque-de-France.pdf\">D\u00e9claration de Bayonne <\/a><\/span>propose un processus pour le mettre en place, ou encore du fait que la <span style=\"color: #eba823;\"><a style=\"color: #eba823;\" href=\"https:\/\/www.bakebidea.com\/wp-content\/uploads\/2016\/04\/Declaration-Paris-pour-la-paix.pdf\">D\u00e9claration de Paris<\/a> <\/span>souligne la n\u00e9cessit\u00e9 de mettre en place ce type de processus et ou enfin, que le Gouvernement basque lui-m\u00eame, a fait une proposition de mise en place de ce processus.<\/span><\/p>\n<p>&nbsp;<\/p>\n<p style=\"text-align: justify;\"><span style=\"color: #333333;\">En prenant compte de tous ces \u00e9l\u00e9ments, nous souhaitions\u00a0par le biais de ce 3\u00e8me forum social pour impulser le processus de paix, \u00e9galement impulser les apports de la soci\u00e9t\u00e9 civile pour la mise en place d\u2019un processus ordonn\u00e9 de d\u00e9sarmement.<\/span><\/p>\n<p style=\"text-align: justify;\"><span style=\"color: #333333;\"><strong>Les intervenant.e.s \u00e9taient:<\/strong><\/span><\/p>\n<p>&nbsp;<\/p>\n<ul>\n<li style=\"text-align: justify;\"><span style=\"color: #167591;\">V\u00e9ronique Dudouet<\/span><span style=\"color: #333333;\"><span style=\"color: #167591;\">,<\/span> membre de la Fondation Berghof (Fondation ax\u00e9e sur l\u2019accompagnement de la soci\u00e9t\u00e9 civile lors de transformations de conflit).<\/span><\/li>\n<li style=\"text-align: justify;\"><span style=\"color: #0e6178;\"><span style=\"color: #167591;\">Kristian Herbolzheimer<\/span>,<\/span><span style=\"color: #333333;\"> r\u00e9f\u00e9rent de la situation en Colombie pour Conciliation Resources (organisation ind\u00e9pendante \u0153uvrant avec les personnes en situation de conflit \u00e0 la pr\u00e9vention de la violence et la construction de la paix)<\/span><\/li>\n<li style=\"text-align: justify;\"><span style=\"color: #167591;\">Brian Currin<\/span><span style=\"color: #333333;\"><span style=\"color: #167591;\">,<\/span> Avocat sud africain membre du GIC<\/span><\/li>\n<\/ul>\n<p><strong><span style=\"color: #333333;\">Mod\u00e9ratrice:<\/span><\/strong> <span style=\"color: #167591;\">Aitziber Zapirain<\/span>, <span style=\"color: #333333;\">journaliste<br \/>\n<\/span><\/p>\n<p><span style=\"color: #0e6178;\"><strong><span style=\"color: #333333;\">Rapporteuses:<\/span><\/strong><span style=\"color: #167591;\"> Aitzpea Leizaola<\/span><\/span> et <span style=\"color: #167591;\">Anne Marie Bordes<\/span><\/p>\n<p>&nbsp;<\/p>\n<p>&nbsp;<\/p>\n<h3><span style=\"color: #333333;\">Venez d\u00e9couvrir les<\/span> <span style=\"color: #eba823;\"><a style=\"color: #eba823;\" href=\"https:\/\/www.bakebidea.com\/wp-content\/uploads\/2016\/02\/CONCLUSIONS-FR-foro-social.pdf\">conclusions<\/a><\/span><span style=\"color: #333333;\"> issues de ce forum.<\/span><\/h3>\n<p>&nbsp;<\/p>\n\n\t\t<style type=\"text\/css\">\n\t\t\t#gallery-1 {\n\t\t\t\tmargin: auto;\n\t\t\t}\n\t\t\t#gallery-1 .gallery-item {\n\t\t\t\tfloat: left;\n\t\t\t\tmargin-top: 10px;\n\t\t\t\ttext-align: center;\n\t\t\t\twidth: 25%;\n\t\t\t}\n\t\t\t#gallery-1 img {\n\t\t\t\tborder: 2px solid #cfcfcf;\n\t\t\t}\n\t\t\t#gallery-1 .gallery-caption {\n\t\t\t\tmargin-left: 0;\n\t\t\t}\n\t\t\t\/* see gallery_shortcode() in wp-includes\/media.php *\/\n\t\t<\/style>\n\t\t<div id='gallery-1' class='gallery galleryid-3410 gallery-columns-4 gallery-size-medium'><dl class='gallery-item'>\n\t\t\t<dt class='gallery-icon landscape'>\n\t\t\t\t<a href='https:\/\/www.bakebidea.com\/wp-content\/uploads\/2016\/02\/foroa54-e1472487016678.jpg'><img loading=\"lazy\" decoding=\"async\" width=\"300\" height=\"200\" src=\"https:\/\/www.bakebidea.com\/wp-content\/uploads\/2016\/02\/foroa54-300x200.jpg\" class=\"attachment-medium size-medium\" alt=\"\" srcset=\"https:\/\/www.bakebidea.com\/wp-content\/uploads\/2016\/02\/foroa54-300x200.jpg 300w, https:\/\/www.bakebidea.com\/wp-content\/uploads\/2016\/02\/foroa54-768x511.jpg 768w, https:\/\/www.bakebidea.com\/wp-content\/uploads\/2016\/02\/foroa54-1024x681.jpg 1024w, https:\/\/www.bakebidea.com\/wp-content\/uploads\/2016\/02\/foroa54-e1472487016678.jpg 1200w\" sizes=\"(max-width: 300px) 100vw, 300px\" \/><\/a>\n\t\t\t<\/dt><\/dl><dl class='gallery-item'>\n\t\t\t<dt class='gallery-icon landscape'>\n\t\t\t\t<a href='https:\/\/www.bakebidea.com\/wp-content\/uploads\/2016\/02\/foroa49-e1472487047462.jpg'><img loading=\"lazy\" decoding=\"async\" width=\"300\" height=\"200\" src=\"https:\/\/www.bakebidea.com\/wp-content\/uploads\/2016\/02\/foroa49-300x200.jpg\" class=\"attachment-medium size-medium\" alt=\"\" srcset=\"https:\/\/www.bakebidea.com\/wp-content\/uploads\/2016\/02\/foroa49-300x200.jpg 300w, https:\/\/www.bakebidea.com\/wp-content\/uploads\/2016\/02\/foroa49-768x511.jpg 768w, https:\/\/www.bakebidea.com\/wp-content\/uploads\/2016\/02\/foroa49-1024x681.jpg 1024w, https:\/\/www.bakebidea.com\/wp-content\/uploads\/2016\/02\/foroa49-e1472487047462.jpg 1200w\" sizes=\"(max-width: 300px) 100vw, 300px\" \/><\/a>\n\t\t\t<\/dt><\/dl><dl class='gallery-item'>\n\t\t\t<dt class='gallery-icon landscape'>\n\t\t\t\t<a href='https:\/\/www.bakebidea.com\/wp-content\/uploads\/2016\/02\/foroa70-e1472486882397.jpg'><img loading=\"lazy\" decoding=\"async\" width=\"300\" height=\"200\" src=\"https:\/\/www.bakebidea.com\/wp-content\/uploads\/2016\/02\/foroa70-300x200.jpg\" class=\"attachment-medium size-medium\" alt=\"\" srcset=\"https:\/\/www.bakebidea.com\/wp-content\/uploads\/2016\/02\/foroa70-300x200.jpg 300w, https:\/\/www.bakebidea.com\/wp-content\/uploads\/2016\/02\/foroa70-768x511.jpg 768w, https:\/\/www.bakebidea.com\/wp-content\/uploads\/2016\/02\/foroa70-1024x681.jpg 1024w, https:\/\/www.bakebidea.com\/wp-content\/uploads\/2016\/02\/foroa70-e1472486882397.jpg 1200w\" sizes=\"(max-width: 300px) 100vw, 300px\" \/><\/a>\n\t\t\t<\/dt><\/dl><dl class='gallery-item'>\n\t\t\t<dt class='gallery-icon landscape'>\n\t\t\t\t<a href='https:\/\/www.bakebidea.com\/wp-content\/uploads\/2016\/02\/foroa91-e1472486849356.jpg'><img loading=\"lazy\" decoding=\"async\" width=\"300\" height=\"200\" src=\"https:\/\/www.bakebidea.com\/wp-content\/uploads\/2016\/02\/foroa91-300x200.jpg\" class=\"attachment-medium size-medium\" alt=\"\" srcset=\"https:\/\/www.bakebidea.com\/wp-content\/uploads\/2016\/02\/foroa91-300x200.jpg 300w, https:\/\/www.bakebidea.com\/wp-content\/uploads\/2016\/02\/foroa91-768x511.jpg 768w, https:\/\/www.bakebidea.com\/wp-content\/uploads\/2016\/02\/foroa91-1024x681.jpg 1024w, https:\/\/www.bakebidea.com\/wp-content\/uploads\/2016\/02\/foroa91-e1472486849356.jpg 1200w\" sizes=\"(max-width: 300px) 100vw, 300px\" \/><\/a>\n\t\t\t<\/dt><\/dl><br style=\"clear: both\" \/>\n\t\t<\/div>\n\n<p>&nbsp;<\/p>\n","protected":false},"excerpt":{"rendered":"<p>3 \u00e8me Forum social pour impulser le processus de paix 2016 &#8211; Gernika Co-organis\u00e9 avec Antxeta Irratia, Uharan et Gernika Batzordea &nbsp; &nbsp; &nbsp; &nbsp; Le processus de d\u00e9sarmement et le r\u00f4le de la soci\u00e9t\u00e9 civile dans ce cadre-l\u00e0 ont fait l\u2019objet d\u2019une r\u00e9flexion int\u00e9ressante lors du Forum social pour&#8230;<\/p>\n","protected":false},"author":1,"featured_media":0,"parent":0,"menu_order":0,"comment_status":"closed","ping_status":"closed","template":"","meta":{"footnotes":""},"_links":{"self":[{"href":"https:\/\/www.bakebidea.com\/index.php?rest_route=\/wp\/v2\/pages\/3410"}],"collection":[{"href":"https:\/\/www.bakebidea.com\/index.php?rest_route=\/wp\/v2\/pages"}],"about":[{"href":"https:\/\/www.bakebidea.com\/index.php?rest_route=\/wp\/v2\/types\/page"}],"author":[{"embeddable":true,"href":"https:\/\/www.bakebidea.com\/index.php?rest_route=\/wp\/v2\/users\/1"}],"replies":[{"embeddable":true,"href":"https:\/\/www.bakebidea.com\/index.php?rest_route=%2Fwp%2Fv2%2Fcomments&post=3410"}],"version-history":[{"count":10,"href":"https:\/\/www.bakebidea.com\/index.php?rest_route=\/wp\/v2\/pages\/3410\/revisions"}],"predecessor-version":[{"id":4112,"href":"https:\/\/www.bakebidea.com\/index.php?rest_route=\/wp\/v2\/pages\/3410\/revisions\/4112"}],"wp:attachment":[{"href":"https:\/\/www.bakebidea.com\/index.php?rest_route=%2Fwp%2Fv2%2Fmedia&parent=3410"}],"curies":[{"name":"wp","href":"https:\/\/api.w.org\/{rel}","templated":true}]}}