{"id":3165,"date":"2016-07-20T15:03:40","date_gmt":"2016-07-20T13:03:40","guid":{"rendered":"https:\/\/www.bakebidea.com\/?page_id=3165"},"modified":"2021-02-22T11:01:55","modified_gmt":"2021-02-22T10:01:55","slug":"documentation","status":"publish","type":"page","link":"https:\/\/www.bakebidea.com\/?page_id=3165","title":{"rendered":"Documentation"},"content":{"rendered":"<h1 style=\"text-align: center;\"><strong><span style=\"color: #0d6985;\">DOCUMENTATION<\/span><\/strong><\/h1>\n<p>&nbsp;<\/p>\n<h2><span style=\"color: #ff9900;\">2011<\/span><\/h2>\n<ul>\n<li><span style=\"color: #0d6985;\"><a style=\"color: #0d6985;\" href=\"https:\/\/www.bakebidea.com\/wp-content\/uploads\/2016\/04\/D\u00e9claration-internationale-d.pdf\">D\u00e9claration internationale d&rsquo;Aiete<\/a><\/span><\/li>\n<li><a href=\"https:\/\/www.bakebidea.com\/wp-content\/uploads\/2017\/02\/D\u00e9claration-2011-arr\u00eat-lutte-arm\u00e9e.pdf\"><span style=\"color: #3366ff;\"><span style=\"color: #0d6985;\">D\u00e9claration d&rsquo;ETA annon\u00e7ant la fin de sa lutte arm\u00e9e<\/span><\/span><\/a><\/li>\n<\/ul>\n<hr \/>\n<h2><span style=\"color: #ff9900;\">2013<\/span><\/h2>\n<ul>\n<li><span style=\"color: #0d6985;\"><a style=\"color: #0d6985;\" href=\"https:\/\/www.bakebidea.com\/wp-content\/uploads\/2016\/04\/Recommandations-pour-impulser-le-processus-de-paix.pdf\">Recommandations pour impulser le processus de paix<\/a><\/span><\/li>\n<li><span style=\"color: #0d6985;\"><a style=\"color: #0d6985;\" href=\"https:\/\/www.bakebidea.com\/wp-content\/uploads\/2016\/04\/fr_ekarpena.pdf\">Contribution du Collectif des Exil\u00e9.e.s Politiques Basques (EIPK)<\/a><\/span><\/li>\n<li><a href=\"https:\/\/www.bakebidea.com\/wp-content\/uploads\/2016\/04\/DECLARATION.pdf\"><span style=\"color: #3366ff;\"><span style=\"color: #0d6985;\">D\u00e9claration du Collectif des Prisonnier.e.s Politiques Basques (EPPK)<\/span><\/span><\/a><\/li>\n<\/ul>\n<hr \/>\n<h2><span style=\"color: #ff9900;\">2014<\/span><\/h2>\n<ul>\n<li><span style=\"color: #0d6985;\"><a style=\"color: #0d6985;\" href=\"https:\/\/www.bakebidea.com\/wp-content\/uploads\/2016\/04\/CONCLUSIONS-FR-foro-social.pdf\">Conclusions issues du 2d forum social pour impulser le processus de paix (Pampelune et Bilbao)<\/a><\/span><\/li>\n<li><a href=\"https:\/\/www.bakebidea.com\/wp-content\/uploads\/2016\/04\/Groupe-de-dialogue-dans-le-Pays-Basque-de-France.pdf\"><span style=\"color: #3366ff;\"><span style=\"color: #0d6985;\">D\u00e9claration de Bayonne<\/span><\/span><\/a><\/li>\n<\/ul>\n<hr \/>\n<h2><span style=\"color: #ff9900;\">2015<\/span><\/h2>\n<ul>\n<li><span style=\"color: #0d6985;\"><a style=\"color: #0d6985;\" href=\"https:\/\/www.bakebidea.com\/wp-content\/uploads\/2016\/04\/Declaration-Paris-pour-la-paix.pdf\">Manifeste \u00ab\u00a0Paris pour la paix au Pays Basque\u00a0\u00bb<\/a><\/span><\/li>\n<li><a href=\"https:\/\/www.bakebidea.com\/wp-content\/uploads\/2016\/04\/Signataires-Paris-pour-la-paix.pdf\"><span style=\"color: #3366ff;\"><span style=\"color: #0d6985;\">Liste des 110 signataires du manifeste \u00ab\u00a0Paris pour la paix au Pays Basque\u00a0\u00bb<\/span><\/span><\/a><\/li>\n<\/ul>\n<hr \/>\n<h2><span style=\"color: #ff9900;\">2016<\/span><\/h2>\n<ul>\n<li><span style=\"color: #0d6985;\"><a style=\"color: #0d6985;\" href=\"https:\/\/www.bakebidea.com\/wp-content\/uploads\/2016\/04\/Conclusions-issues-du-3\u00e8me-Forum-social-organis\u00e9-\u00e0-Gernika.pdf\">Conclusions issues du 3\u00e8me Forum social pour impulser le processus de paix (Gernika)<\/a><\/span><\/li>\n<li><span style=\"color: #0d6985;\"><a style=\"color: #0d6985;\" href=\"https:\/\/www.bakebidea.com\/wp-content\/uploads\/2016\/04\/Philosophie-de-marche-25-10-2016.pdf\">Explication de leur initiative de d\u00e9sarmement par les trois artisans de la paix<\/a><\/span><\/li>\n<li><a href=\"https:\/\/www.bakebidea.com\/wp-content\/uploads\/2016\/04\/ADRESSE-AU-GOUVERNEMENT-FRANCAIS.pdf\"><span style=\"color: #3366ff;\"><span style=\"color: #0d6985;\">Courrier adress\u00e9 par les \u00e9lu.e.s au gouvernement fran\u00e7ais<\/span><\/span><\/a><\/li>\n<\/ul>\n<hr \/>\n<h2><span style=\"color: #ff9900;\">2017<\/span><\/h2>\n<ul>\n<li><span style=\"color: #0d6985;\"><a style=\"color: #0d6985;\" href=\"https:\/\/www.bakebidea.com\/wp-content\/uploads\/2016\/04\/De\u0301claration-PB-sud.pdf\">D\u00e9claration des partis et des syndicats majoritaires au Pays Basque Sud<\/a><\/span><\/li>\n<li><span style=\"color: #0d6985;\"><a style=\"color: #0d6985;\" href=\"https:\/\/www.bakebidea.com\/wp-content\/uploads\/2016\/04\/Appel-des-50-.pdf\">Appel des 50 Artisans de la paix \u00e0 participer \u00e0 la Journ\u00e9e du d\u00e9sarmement du 8 avril \u00e0 Bayonne<\/a><\/span><\/li>\n<li><span style=\"color: #0d6985;\"><a style=\"color: #0d6985;\" href=\"https:\/\/www.bakebidea.com\/wp-content\/uploads\/2016\/04\/manifeste-de\u0301sarmement.pdf\">Manifeste lu \u00e0 l\u2019issue de la Journ\u00e9e du d\u00e9sarmement le 8 avril 2017<\/a><\/span><\/li>\n<li><span style=\"color: #0d6985;\"><a style=\"color: #0d6985;\" href=\"https:\/\/www.bakebidea.com\/wp-content\/uploads\/2016\/04\/Motion-dappel-9-dec-dAgglo.pdf\">Motion d&rsquo;appel de la Communaut\u00e9 d&rsquo;Agglom\u00e9ration Pays Basque \u00e0 participer \u00e0 la mobilisation organis\u00e9e par les Artisans de la paix le 9 d\u00e9cembre \u00e0 Paris<\/a><\/span><\/li>\n<li><span style=\"color: #3366ff;\"><a style=\"color: #3366ff;\" href=\"https:\/\/www.bakebidea.com\/wp-content\/uploads\/2016\/04\/au-risque-de-la-paix.pdf\"><span style=\"color: #0d6985;\">Manifeste\u00a0 \u00ab\u00a0Au risque de la paix\u00a0\u00bb 9 d\u00e9cembre 2017 Paris.<\/span> <\/a><\/span><\/li>\n<\/ul>\n<p>&nbsp;<\/p>\n<hr \/>\n<h2><span style=\"color: #ff9900;\">2018<\/span><\/h2>\n<ul>\n<li><span style=\"color: #0d6985;\"><a style=\"color: #0d6985;\" href=\"https:\/\/www.bakebidea.com\/wp-content\/uploads\/2016\/04\/CP-ETA-8-varil-2018-1.pdf\">Communiqu\u00e9 de l&rsquo;ETA du 8 avril 2018<\/a><\/span><\/li>\n<li><span style=\"color: #0d6985;\"><a style=\"color: #0d6985;\" href=\"https:\/\/www.bakebidea.com\/wp-content\/uploads\/2016\/04\/20180503-eta-declaration-finale.pdf\">De\u0301claration finale d&rsquo;ETA <\/a><\/span><\/li>\n<li><a href=\"https:\/\/www.bakebidea.com\/wp-content\/uploads\/2016\/04\/ARNAGA_FRA.pdf\"><span style=\"color: #3366ff;\"><span style=\"color: #0d6985;\">D\u00e9claration d&rsquo;Arnaga<\/span><\/span><\/a><\/li>\n<\/ul>\n<hr \/>\n<h2><span style=\"color: #ff9900;\">2019<\/span><\/h2>\n<ul>\n<li><span style=\"color: #3366ff;\"><a style=\"color: #3366ff;\" href=\"https:\/\/www.bakebidea.com\/wp-content\/uploads\/2019\/10\/ESPACE-DE-DIALOGUE.pdf\"><span style=\"color: #0d6985;\">Espace de dialogue : bilan d&rsquo;\u00e9tape de\u00a0 juillet 2017\u00a0 \u00e0 octobre 2019<\/span><\/a><\/span><\/li>\n<\/ul>\n<hr \/>\n<h2><span style=\"color: #ff9900;\">2020<\/span><\/h2>\n<ul>\n<li class=\"layoutArea\"><span style=\"color: #0d6985;\"><a style=\"color: #0d6985;\" href=\"https:\/\/www.bakebidea.com\/wp-content\/uploads\/2016\/04\/Motion-vote\u0301e-CC-du-26-septembre-2020.pdf\">Motion vot\u00e9e par la Communaut\u00e9 d&rsquo;Agglom\u00e9ration Pays Basque \u00a0\u00bb Non \u00e0 la peine de mort\u00a0\u00bb le 26 sepembre 2020. <\/a><\/span><\/li>\n<li><a href=\"https:\/\/www.bakebidea.com\/wp-content\/uploads\/2016\/04\/OJ-61-Motion.pdf\"><span style=\"color: #3366ff;\"><span style=\"color: #0d6985;\">Motion d&rsquo;appel de la Communaut\u00e9 d&rsquo;Agglom\u00e9ration Pays Basque \u00e0 participer \u00e0 la manifestation du 9 janvier 2021 \u00a0\u00bb Argi dugu! Maintenant les prisonnier.e.s.<\/span><\/span><\/a><\/li>\n<\/ul>\n<p>&nbsp;<\/p>\n<h2><span style=\"color: #ff9900;\">AUTRES DOCUMENTS<\/span><\/h2>\n<hr \/>\n<h4><span style=\"color: #ff9900;\"><a style=\"color: #ff9900;\" href=\"https:\/\/www.bakebidea.com\/?page_id=5516\"><span style=\"color: #ff6600;\"><span style=\"color: #ff9900;\">SOUTIENS INTERNATIONAUX A LA CONFERENCE INTERNATIONALE D&rsquo;AIETE<\/span><\/span><\/a><\/span><\/h4>\n<ul>\n<li><span style=\"color: #0d6985;\"><a style=\"color: #0d6985;\" href=\"https:\/\/www.bakebidea.com\/wp-content\/uploads\/2016\/04\/D\u00e9claration-issue-de-la-Rencontre-continentale-pour-la-paix-au-Pays-basque-mexico.pdf\">D\u00e9claration pour la paix au Pays Basque (Mexico, 2013)<\/a><\/span><\/li>\n<li><span style=\"color: #0d6985;\"><a style=\"color: #0d6985;\" href=\"https:\/\/www.bakebidea.com\/wp-content\/uploads\/2016\/04\/D\u00e9claration-de-Buenos-Aires.pdf\">D\u00e9claration pour la paix au Pays Basque ( Buenos Aires, 2014)<\/a><\/span><\/li>\n<li><span style=\"color: #0d6985;\"><a style=\"color: #0d6985;\" href=\"https:\/\/www.bakebidea.com\/wp-content\/uploads\/2016\/04\/D\u00e9claration-de-Montevideo.pdf\">D\u00e9claration pour la paix au Pays Basque (Montevideo, 2014)<\/a><\/span><\/li>\n<li><span style=\"color: #0d6985;\"><a style=\"color: #0d6985;\" href=\"https:\/\/www.bakebidea.com\/wp-content\/uploads\/2016\/04\/Pour-la-paix-au-Paix-Basque-quito.pdf\">D\u00e9claration pour la paix au Pays Basque (Quito, 2015)<\/a><\/span><\/li>\n<\/ul>\n<p>&nbsp;<\/p>\n<h2><\/h2>\n<h4><span style=\"color: #ff9900;\">RECOMMANDATIONS POUR IMPULSER LE PROCESSUS DE PAIX<\/span><\/h4>\n<hr \/>\n<p>&nbsp;<\/p>\n<ul>\n<li><span style=\"color: #0d6985;\"><a style=\"color: #0d6985;\" href=\"https:\/\/www.bakebidea.com\/wp-content\/uploads\/2016\/10\/apports-issus-forum-social-base-des-recommandations.pdf\">Apports issus du premier Forum social pour impulser le processus de paix\u00a0 <\/a><em>\u00a0\u00a0\u00a0\u00a0\u00a0\u00a0\u00a0\u00a0\u00a0\u00a0\u00a0\u00a0\u00a0\u00a0\u00a0\u00a0\u00a0\u00a0\u00a0\u00a0\u00a0\u00a0\u00a0\u00a0\u00a0\u00a0\u00a0\u00a0\u00a0\u00a0\u00a0\u00a0\u00a0\u00a0\u00a0\u00a0\u00a0\u00a0\u00a0\u00a0\u00a0\u00a0 <\/em><em>( Contenu ayant servi de base pour la r\u00e9daction des recommandations)<\/em><\/span><\/li>\n<\/ul>\n<p>&nbsp;<\/p>\n<h4><span style=\"color: #fda533;\"><span style=\"color: #ff9900;\">CONF\u00c9RENCE HUMANITAIRE POUR LA PAIX AU PAYS BASQUE<\/span><br \/>\n<\/span><\/h4>\n<hr \/>\n<p>&nbsp;<\/p>\n<ul>\n<li><span style=\"color: #0d6985;\"><a style=\"color: #0d6985;\" href=\"https:\/\/www.bakebidea.com\/wp-content\/uploads\/2016\/04\/Etat-de-lieux-du-processus-de-paix-au-Pays-Basque.pdf\">Etat des lieux du processus de paix au Pays Basqu<\/a>e (2015)<\/span><\/li>\n<li><span style=\"color: #0d6985;\"><a style=\"color: #0d6985;\" href=\"https:\/\/www.bakebidea.com\/wp-content\/uploads\/2016\/04\/Synth\u00e8se-Conf\u00e9rence-paix-Pays-Basque-\u00e0-Paris.pdf\">Synth\u00e8se issue de la Conf\u00e9rence humanitaire pour la paix au Pays Basque<\/a> (2015)<\/span><\/li>\n<\/ul>\n<h3><\/h3>\n<h4><span style=\"color: #ff9900;\">\u00a0TOU.TE.S ARTISAN.NE.S DE LA PAIX<\/span><\/h4>\n<hr \/>\n<ul>\n<li><span style=\"color: #0d6985;\"><a style=\"color: #0d6985;\" href=\"https:\/\/www.bakebidea.com\/?page_id=4523\">R\u00e9trospective des \u00e9v\u00e9nements<\/a><\/span><\/li>\n<li><span style=\"color: #0d6985;\"><a style=\"color: #0d6985;\" href=\"https:\/\/www.bakebidea.com\/wp-content\/uploads\/2016\/04\/Correspondance.pdf\">Correspondance entre les trois artisans de la paix (Michel Berhocoirigoin, Michel Tubiana et Jean Noel Etcheverry \u00ab\u00a0Txetx\u00a0\u00bb) et le groupe arm\u00e9 ETA (2016)<\/a><\/span><\/li>\n<li><span style=\"color: #0d6985;\"><a style=\"color: #0d6985;\" href=\"https:\/\/www.bakebidea.com\/wp-content\/uploads\/2016\/04\/Philosophie-de-marche-25-10-2016.pdf\">Texte expliquant la d\u00e9marche de d\u00e9sarmement d&rsquo;ETA entreprise par les trois artisans de la paix (2016)<\/a><\/span><\/li>\n<li><span style=\"color: #0d6985;\"><a style=\"color: #0d6985;\" href=\"https:\/\/www.bakebidea.com\/wp-content\/uploads\/2016\/04\/ADRESSE-AU-GOUVERNEMENT-FRANCAIS.pdf\">Courrier adress\u00e9 au gouvernement fran\u00e7ais et la l<\/a><a style=\"color: #0d6985;\" href=\"https:\/\/www.bakebidea.com\/wp-content\/uploads\/2016\/04\/ADRESSE-AU-GOUVERNEMENT-FRANCAIS.pdf\">iste de plus de 600 \u00e9lu.e.s signataires du courrier adress\u00e9 au gouvernement fran\u00e7ais (2016)<\/a><\/span><\/li>\n<li><a href=\"http:\/\/artisansdelapaix.eus\/soutiens-2\/\"><span style=\"color: #007096;\"><span style=\"color: #3366ff;\"><span style=\"color: #0d6985;\">Motion d&rsquo;appel de la Communaut\u00e9 d&rsquo;Agglom\u00e9ration Pays Basque \u00e0 participer \u00e0 la mobilisation organis\u00e9e par les Artisans de la paix le 9 d\u00e9cembre \u00e0 Paris<\/span><\/span><\/span><\/a><\/li>\n<\/ul>\n<p>&nbsp;<\/p>\n<h2><\/h2>\n","protected":false},"excerpt":{"rendered":"<p>DOCUMENTATION &nbsp; 2011 D\u00e9claration internationale d&rsquo;Aiete D\u00e9claration d&rsquo;ETA annon\u00e7ant la fin de sa lutte arm\u00e9e 2013 Recommandations pour impulser le processus de paix Contribution du Collectif des Exil\u00e9.e.s Politiques Basques (EIPK) D\u00e9claration du Collectif des Prisonnier.e.s Politiques Basques (EPPK) 2014 Conclusions issues du 2d forum social pour impulser le processus&#8230;<\/p>\n","protected":false},"author":1,"featured_media":0,"parent":0,"menu_order":0,"comment_status":"closed","ping_status":"closed","template":"","meta":{"footnotes":""},"_links":{"self":[{"href":"https:\/\/www.bakebidea.com\/index.php?rest_route=\/wp\/v2\/pages\/3165"}],"collection":[{"href":"https:\/\/www.bakebidea.com\/index.php?rest_route=\/wp\/v2\/pages"}],"about":[{"href":"https:\/\/www.bakebidea.com\/index.php?rest_route=\/wp\/v2\/types\/page"}],"author":[{"embeddable":true,"href":"https:\/\/www.bakebidea.com\/index.php?rest_route=\/wp\/v2\/users\/1"}],"replies":[{"embeddable":true,"href":"https:\/\/www.bakebidea.com\/index.php?rest_route=%2Fwp%2Fv2%2Fcomments&post=3165"}],"version-history":[{"count":10,"href":"https:\/\/www.bakebidea.com\/index.php?rest_route=\/wp\/v2\/pages\/3165\/revisions"}],"predecessor-version":[{"id":5736,"href":"https:\/\/www.bakebidea.com\/index.php?rest_route=\/wp\/v2\/pages\/3165\/revisions\/5736"}],"wp:attachment":[{"href":"https:\/\/www.bakebidea.com\/index.php?rest_route=%2Fwp%2Fv2%2Fmedia&parent=3165"}],"curies":[{"name":"wp","href":"https:\/\/api.w.org\/{rel}","templated":true}]}}