{"id":3020,"date":"2016-05-20T10:53:23","date_gmt":"2016-05-20T08:53:23","guid":{"rendered":"https:\/\/www.bakebidea.com\/?page_id=3020"},"modified":"2021-02-09T13:49:33","modified_gmt":"2021-02-09T12:49:33","slug":"paris","status":"publish","type":"page","link":"https:\/\/www.bakebidea.com\/?page_id=3020","title":{"rendered":"Paris"},"content":{"rendered":"<h1><strong><span style=\"color: #0d6985;\">PARIS<\/span><\/strong><\/h1>\n<hr \/>\n<p>&nbsp;<\/p>\n<h2><span style=\"color: #ff9900;\">2015<\/span><\/h2>\n<ul>\n<li><span style=\"color: #3366ff;\"><a style=\"color: #3366ff;\" href=\"https:\/\/www.bakebidea.com\/?page_id=1973\"><span style=\"color: #0d6985;\">La Conf\u00e9rence humanitaire pour la paix au Pays Basque , 11 juin 2015 &#8211; Paris Assambl\u00e9e Nationale.<\/span><\/a><\/span><\/li>\n<\/ul>\n<p>&nbsp;<\/p>\n<h2><span style=\"color: #ff9900;\">2016<\/span><\/h2>\n<ul>\n<li><a href=\"https:\/\/www.bakebidea.com\/?page_id=2606\"><span style=\"color: #0d6985;\"><span style=\"color: #3366ff;\"><span style=\"color: #0d6985;\">S\u00e9minaire : Les prisonniers et le processus de paix , le 27 janvier 2016 \u00e0 l\u2019Universit\u00e9 Paris Sorbonne.<\/span><\/span><\/span><\/a><\/li>\n<li><a href=\"https:\/\/www.bakebidea.com\/?page_id=4280\"><span style=\"color: #0d6985;\"><span style=\"color: #3366ff;\"><span style=\"color: #0d6985;\">Conf\u00e9rence de presse : Le processus de paix et le devenir des prisonnier.e.s le 9 novembre 2016 Paris &#8211; Co-organis\u00e9e avec la Ligue des Droits de l&rsquo;Homme.<\/span><\/span><\/span><\/a><\/li>\n<\/ul>\n<p>&nbsp;<\/p>\n<h2><span style=\"color: #ff9900;\">2017<\/span><\/h2>\n<ul>\n<li><a href=\"https:\/\/www.bakebidea.com\/?page_id=5048\"><span style=\"color: #0d6985;\">Une d\u00e9l\u00e9gation basque \u00e0 Paris pour porter la question des prisonnier.e.s 10 juillet 2017.<\/span><\/a><\/li>\n<li>\n<p class=\"gmail_default\"><a href=\"https:\/\/www.bakebidea.com\/?page_id=5630\"><span style=\"color: #0d6985;\">Une d\u00e9l\u00e9gation du Pays Basque se rend au Parlement Europ\u00e9en \u00e0 Bruxelles 23 novembre 2017.<\/span><\/a><\/p>\n<\/li>\n<li><a href=\"http:\/\/www.artisansdelapaix.eus\/manifestation-9-decembre-2017-paris-orain-presoak\/\"><span style=\"color: #3366ff;\"><span style=\"color: #0d6985;\">Manifestation \u00a0\u00bb Orain presoak! Maintenant les prisonniers\u00a0\u00bb 11000 personnes \u00e0 Paris. Co-organis\u00e9 avec les Artisans de la Paix.<\/span><\/span><\/a><\/li>\n<\/ul>\n<p>&nbsp;<\/p>\n<h2><span style=\"color: #ff9900;\">2018<\/span><\/h2>\n<ul>\n<li>\n<div class=\"page\" title=\"Page 1\">\n<div class=\"layoutArea\">\n<div class=\"column\">\n<p><span style=\"color: #3366ff;\"><a style=\"color: #3366ff;\" href=\"https:\/\/www.bakebidea.com\/wp-content\/uploads\/2016\/04\/PARIS-PROG-FR.pdf\"><span style=\"color: #0d6985;\">Conf\u00e9rence \u00ab\u00a0Le sens de la peine apre\u0300s la paix\u00a0\u00bb, 13 de\u0301cembre 2018 a\u0300 la Maison du Barreau de Paris.<\/span><\/a><\/span><\/p>\n<\/div>\n<\/div>\n<\/div>\n<\/li>\n<\/ul>\n","protected":false},"excerpt":{"rendered":"<p>PARIS &nbsp; 2015 La Conf\u00e9rence humanitaire pour la paix au Pays Basque , 11 juin 2015 &#8211; Paris Assambl\u00e9e Nationale. &nbsp; 2016 S\u00e9minaire : Les prisonniers et le processus de paix , le 27 janvier 2016 \u00e0 l\u2019Universit\u00e9 Paris Sorbonne. Conf\u00e9rence de presse : Le processus de paix et le&#8230;<\/p>\n","protected":false},"author":1,"featured_media":0,"parent":0,"menu_order":0,"comment_status":"closed","ping_status":"closed","template":"","meta":{"footnotes":""},"_links":{"self":[{"href":"https:\/\/www.bakebidea.com\/index.php?rest_route=\/wp\/v2\/pages\/3020"}],"collection":[{"href":"https:\/\/www.bakebidea.com\/index.php?rest_route=\/wp\/v2\/pages"}],"about":[{"href":"https:\/\/www.bakebidea.com\/index.php?rest_route=\/wp\/v2\/types\/page"}],"author":[{"embeddable":true,"href":"https:\/\/www.bakebidea.com\/index.php?rest_route=\/wp\/v2\/users\/1"}],"replies":[{"embeddable":true,"href":"https:\/\/www.bakebidea.com\/index.php?rest_route=%2Fwp%2Fv2%2Fcomments&post=3020"}],"version-history":[{"count":9,"href":"https:\/\/www.bakebidea.com\/index.php?rest_route=\/wp\/v2\/pages\/3020\/revisions"}],"predecessor-version":[{"id":5634,"href":"https:\/\/www.bakebidea.com\/index.php?rest_route=\/wp\/v2\/pages\/3020\/revisions\/5634"}],"wp:attachment":[{"href":"https:\/\/www.bakebidea.com\/index.php?rest_route=%2Fwp%2Fv2%2Fmedia&parent=3020"}],"curies":[{"name":"wp","href":"https:\/\/api.w.org\/{rel}","templated":true}]}}