{"id":3018,"date":"2016-05-20T10:53:11","date_gmt":"2016-05-20T08:53:11","guid":{"rendered":"https:\/\/www.bakebidea.com\/?page_id=3018"},"modified":"2025-06-11T13:48:24","modified_gmt":"2025-06-11T11:48:24","slug":"pays-basque","status":"publish","type":"page","link":"https:\/\/www.bakebidea.com\/?page_id=3018","title":{"rendered":"Pays Basque"},"content":{"rendered":"<h1><strong><span style=\"color: #0d6985;\">PAYS BASQUE<\/span><\/strong><\/h1>\n<hr \/>\n<h2><span style=\"color: #ff9900;\">2012<\/span><\/h2>\n<ul>\n<li><a href=\"https:\/\/www.bakebidea.com\/?page_id=618\"><span style=\"color: #3366ff;\"><span style=\"color: #0d6985;\">Forum pour la paix\u00a0 15 d\u00e9cembre 2012 \u2013 Bayonne. Co-organis\u00e9 avec la Facult\u00e9 pluridisciplinaire de Bayonne et Lokarri.<\/span><\/span><\/a><\/li>\n<\/ul>\n<h1>\u00a0<\/h1>\n<h2><span style=\"color: #ff9900;\">2013<\/span><\/h2>\n<ul>\n<li><a href=\"https:\/\/www.bakebidea.com\/?page_id=3542\"><span style=\"color: #3366ff;\"><span style=\"color: #0d6985;\">Le 1er Forum social pour impulser le processus de paix 14 et 15 mars 2013 \u2013 Pampelune et Bilbao. Co-organis\u00e9 avec Lokarri.<\/span><\/span><\/a><\/li>\n<\/ul>\n<h1>\u00a0<\/h1>\n<h2><span style=\"color: #ff9900;\">2014<\/span><\/h2>\n<ul>\n<li><span style=\"color: #0d6985;\"><a style=\"color: #0d6985;\" href=\"https:\/\/www.bakebidea.com\/?page_id=718\">Forum pour la paix 1er mars 2014 \u2013 Bayonne. Co-organis\u00e9 avec la Facult\u00e9 pluridisciplinaire de Bayonne et Lokarri.<\/a><\/span><\/li>\n<li><a href=\"https:\/\/www.bakebidea.com\/?page_id=3935\"><span style=\"color: #3366ff;\"><span style=\"color: #0d6985;\">Le 2\u00e8me Forum social pour impulser le processus de paix 2014 \u2013 Pampelune et Bilbao. Co-organis\u00e9 avec Lokarri.<\/span><\/span><\/a><\/li>\n<\/ul>\n<h1>\u00a0<\/h1>\n<h2><span style=\"color: #ff9900;\">2016<\/span><\/h2>\n<ul>\n<li><span style=\"color: #0d6985;\"><a style=\"color: #0d6985;\" href=\"https:\/\/www.bakebidea.com\/?page_id=3410\">3 \u00e8me Forum social pour impulser le processus de paix 30 janvier 2016 \u2013 Gernika. Co-organis\u00e9 avec Antxeta Irratia, Uharan et Gernika Batzordea.<\/a><\/span><\/li>\n<li><span style=\"color: #0d6985;\"><a style=\"color: #0d6985;\" href=\"https:\/\/www.bakebidea.com\/?page_id=3604\">Cycle conf\u00e9rences et cin\u00e9-d\u00e9bat:\u00a0 \u00ab\u00a0Colombie: le processus de paix en question\u00a0\u00bb \u2013 <\/a><\/span><a style=\"color: #3366ff;\" href=\"https:\/\/www.bakebidea.com\/?page_id=3604\"><span style=\"color: #0d6985;\">Printemps 2016. Saint Palais, Saint Jean de Luz, Espelette et Ainhice Mongelos.<\/span><\/a><\/li>\n<li><span style=\"color: #0d6985;\"><a style=\"color: #0d6985;\" href=\"https:\/\/www.bakebidea.com\/?page_id=3627\">Pr\u00e9sentation de la cr\u00e9ation d\u2019une commission de juristes pour la paix juin 2016- Bayonne. Co-organis\u00e9 avec le Barreau des Avocats de Bayonne.<\/a> <\/span><\/li>\n<li><a href=\"https:\/\/www.bakebidea.com\/?page_id=4314\"><span style=\"color: #3366ff;\"><span style=\"color: #0d6985;\">Pr\u00e9sentation du Forum social permanent le 22 octobre 2016, Palais d\u2019Aiete (Saint S\u00e9bastien).<\/span><\/span><\/a><\/li>\n<\/ul>\n<h2>\u00a0<\/h2>\n<h2><span style=\"color: #ff9900;\">2017<\/span><\/h2>\n<ul>\n<li><span style=\"color: #3366ff;\"><a style=\"color: #3366ff;\" href=\"https:\/\/www.bakebidea.com\/?page_id=4844\"><span style=\"color: #0d6985;\">Forum \u00ab\u00a0Le d\u00e9sarmement au service du processus de paix\u00a0\u00bb , Biarritz \u2013 17 et 18 mars 2017.<\/span><\/a><\/span><\/li>\n<\/ul>\n<h2>\u00a0<\/h2>\n<h2><span style=\"color: #ff9900;\">2018<\/span><\/h2>\n<ul>\n<li><span style=\"color: #0d6985;\"><a style=\"color: #0d6985;\" href=\"https:\/\/www.bakebidea.com\/?page_id=5569\">Forum \u00ab\u00a0Un ans apr\u00e8s le d\u00e9sarmement, bilan,enjeux et perspectives\u00a0\u00bb, Bayonne \/ Biarritz, 6 et 7 avril 2018. Co-organis\u00e9 avec Les Artisans de la Paix.<\/a><\/span><\/li>\n<li><span style=\"color: #3366ff;\"><a style=\"color: #3366ff;\" href=\"https:\/\/www.bakebidea.com\/?page_id=5376\"><span style=\"color: #0d6985;\">Inauguration de la sculpture \u00ab\u00a0ARBOLAREN EGIA\u00a0\u00bb(La v\u00e9rit\u00e9 de l\u2019arbre), Bayonne 8 avril 2018. Artiste :Koldobika Jauregi.<\/span><\/a><\/span><\/li>\n<\/ul>\n<h1>\u00a0<\/h1>\n<h2><span style=\"color: #ff9900;\">2019<\/span><\/h2>\n<ul>\n<li><span style=\"color: #0d6985;\"><a style=\"color: #0d6985;\" href=\"http:\/\/www.artisansdelapaix.eus\/wp-content\/uploads\/2020\/05\/Manif-12-janv-2019-1.mp4\">Manifestation \u00a0\u00bb Orain presoak! Maintenant les prisonniers\u00a0\u00bb 9000 personnes Bayonne. Co-organis\u00e9 avec les Artisans de la Paix.<\/a><\/span><\/li>\n<li><span style=\"color: #0d6985;\"><a style=\"color: #0d6985;\" href=\"https:\/\/www.bakebidea.com\/?page_id=5574\">Rencontre \u00ab\u00a0Pour construire notre vivre ensemble\u00a0\u00bb 7 juin 2019 Biarritz. Co-organis\u00e9 avec Les Artisans de la Paix.<\/a><\/span><\/li>\n<li><span style=\"color: #0d6985;\"><a style=\"color: #0d6985;\" href=\"https:\/\/www.bakebidea.com\/?page_id=5578\">Cha\u00eene humaine \u00a0\u00bb Orain Presoak! Maintenant les prisonnier.e.s\u00a0\u00bb\u00a0 8 juin 2019 Biarritz. Co-organis\u00e9 avec Les Artisans de la Paix. <\/a><\/span><\/li>\n<li><span style=\"color: #0d6985;\"><a style=\"color: #0d6985;\" href=\"https:\/\/www.bakebidea.com\/?page_id=5582\">Processus de Paix au Pas Basque \u00e9t\u00e9 2019. ( Dossier et vid\u00e9o )<\/a> <\/span><\/li>\n<li><a href=\"https:\/\/www.bakebidea.com\/wp-content\/uploads\/2019\/10\/ESPACE-DE-DIALOGUE.pdf\"><span style=\"color: #3366ff;\"><span style=\"color: #0d6985;\">Espace de dialogue entre le minist\u00e8re de la Justice et la d\u00e9l\u00e9gation du Pays Basque: Bilan d&rsquo;\u00e9tape juillet 2017 \u00e0 octobre 2019.<\/span><\/span><\/a><\/li>\n<\/ul>\n<h2>\u00a0<\/h2>\n<h2><span style=\"color: #ff9900;\">2020<\/span><\/h2>\n<ul>\n<li><span style=\"color: #0d6985;\"><a style=\"color: #0d6985;\" href=\"https:\/\/www.bakebidea.com\/?page_id=5586\">Manifestation \u00a0\u00bb Ne faisons pas b\u00e9gayer l&rsquo;histoire! Maintenant les prisonniers\u00a0\u00bb 10.000 personnes \u00e0 Bayonne. Co-organis\u00e9 avec les Artisans de la Paix.<\/a><\/span><\/li>\n<li>\n<p class=\"entry-title\"><a href=\"https:\/\/www.bakebidea.com\/?page_id=5588\"><span style=\"color: #3366ff;\"><span style=\"color: #0d6985;\">Journ\u00e9e de mobilisation \u00ab\u00a0Condamnation jusqu\u2019\u00e0 la mort\u00a0? 30 ans \u00e7a suffit\u00a0!\u00a0\u00bb 19 septembre 2020 . Co-organis\u00e9 avec les Artisans de la Paix.<\/span><\/span><\/a><\/p>\n<\/li>\n<\/ul>\n<h2><span style=\"color: #ff9900;\">2021<\/span><\/h2>\n<ul>\n<li><a href=\"https:\/\/www.bakebidea.com\/?page_id=5541\"><span style=\"color: #3366ff;\"><span style=\"color: #0d6985;\">Cha\u00eene humaine \u00ab\u00a0Argi dugu ! Maintenant les prisonnier.e.s\u00a0\u00bb 9 janvier 2021 Bayonne. Co-organis\u00e9 avec Les Artisans de la Paix.<\/span><\/span><\/a><\/li>\n<li><a href=\"https:\/\/www.bakebidea.com\/?page_id=5855&amp;lang=eu\">Rencontre Internationales \u00a0\u00bb Aiete 10ans: enseignements et d\u00e9fis \u00a0\u00bb 14,15,16 octobre 2021 St S\u00e9bastien \/ Bayonne. Co-organis\u00e9es avec Foro Sozial, Fundation Berghof et Consiliation Resources<\/a><\/li>\n<\/ul>\n<h2><span style=\"color: #ff9900;\">2022<\/span><\/h2>\n<ul>\n<li><a href=\"https:\/\/www.bakebidea.com\/?page_id=5939\">Manifestation 8 janvier 2022 : une nouvelle phase de mobilisation co-organis\u00e9e avec les Artisans de la Paix<\/a><\/li>\n<li><a href=\"https:\/\/www.bakebidea.com\/?p=6006(ouvre un nouvel onglet)\" data-wplink-url-error=\"true\">Manifestation 11 juin 2022 Bayonne \u00ab\u00a0Maintenant les prisonnier.e.s ! Lib\u00e9rez Ion Jakes Unai!\u00a0\u00bb Co-organis\u00e9e avec les Artisans de la Paix<\/a><\/li>\n<li><a href=\"https:\/\/www.bakebidea.com\/?p=6121\">23 juillet 2022 Joun\u00e9e de blocage du Pays Basque. Co-organis\u00e9e avec les Artisans de la Paix. <\/a><\/li>\n<\/ul>\n<h2>\u00a0<\/h2>\n\n\n<h2><span style=\"color: #ff6600;\">2024<\/span><\/h2>\n<p><a href=\"https:\/\/www.bakebidea.com\/?page_id=7673\">Proc\u00e8s de Louhossoa<\/a><\/p>\n\n\n\n<p><a href=\"https:\/\/www.bakebidea.com\/?page_id=7840\">Rapport \u00ab<em>&nbsp;Mise au point des Artisans de la paix au sujet du d\u00e9roul\u00e9 r\u00e9el de la phase finale du d\u00e9sarmement d\u2019ETA<\/em>&nbsp;\u00bb.<\/a><\/p>\n\n\n\n<h2><span style=\"color: #ff6600;\">2025<\/span><\/h2>\n<p><a href=\"https:\/\/www.bakebidea.com\/?page_id=7896\">Forum \u00ab\u00a0<span style=\"font-family: Arial, sans-serif;\"><span style=\"font-size: small;\"><span style=\"color: #000000;\"><b> Sur le chemin d&rsquo;une paix juste et durable. 2011-2025 Bilan et \u00e9tapes \u00e0 venir <\/b><\/span><\/span><\/span>\u00ab\u00a0<\/a><\/p>\n","protected":false},"excerpt":{"rendered":"<p>PAYS BASQUE 2012 Forum pour la paix\u00a0 15 d\u00e9cembre 2012 \u2013 Bayonne. Co-organis\u00e9 avec la Facult\u00e9 pluridisciplinaire de Bayonne et Lokarri. \u00a0 2013 Le 1er Forum social pour impulser le processus de paix 14 et 15 mars 2013 \u2013 Pampelune et Bilbao. Co-organis\u00e9 avec Lokarri. \u00a0 2014 Forum pour la&#8230;<\/p>\n","protected":false},"author":1,"featured_media":0,"parent":0,"menu_order":0,"comment_status":"closed","ping_status":"closed","template":"","meta":{"footnotes":""},"_links":{"self":[{"href":"https:\/\/www.bakebidea.com\/index.php?rest_route=\/wp\/v2\/pages\/3018"}],"collection":[{"href":"https:\/\/www.bakebidea.com\/index.php?rest_route=\/wp\/v2\/pages"}],"about":[{"href":"https:\/\/www.bakebidea.com\/index.php?rest_route=\/wp\/v2\/types\/page"}],"author":[{"embeddable":true,"href":"https:\/\/www.bakebidea.com\/index.php?rest_route=\/wp\/v2\/users\/1"}],"replies":[{"embeddable":true,"href":"https:\/\/www.bakebidea.com\/index.php?rest_route=%2Fwp%2Fv2%2Fcomments&post=3018"}],"version-history":[{"count":10,"href":"https:\/\/www.bakebidea.com\/index.php?rest_route=\/wp\/v2\/pages\/3018\/revisions"}],"predecessor-version":[{"id":7898,"href":"https:\/\/www.bakebidea.com\/index.php?rest_route=\/wp\/v2\/pages\/3018\/revisions\/7898"}],"wp:attachment":[{"href":"https:\/\/www.bakebidea.com\/index.php?rest_route=%2Fwp%2Fv2%2Fmedia&parent=3018"}],"curies":[{"name":"wp","href":"https:\/\/api.w.org\/{rel}","templated":true}]}}