{"id":2606,"date":"2016-01-12T15:27:19","date_gmt":"2016-01-12T14:27:19","guid":{"rendered":"https:\/\/www.bakebidea.com\/?page_id=2606"},"modified":"2016-12-02T11:02:27","modified_gmt":"2016-12-02T10:02:27","slug":"premier-seminaire-les-prisonniers-et-le-processus-de-paix-le-27-janvier-2016","status":"publish","type":"page","link":"https:\/\/www.bakebidea.com\/?page_id=2606","title":{"rendered":"S\u00e9minaire : \u00ab\u00a0Les prisonniers et le processus de paix\u00a0\u00bb ( 27\/01\/2016, Paris Sorbonne)"},"content":{"rendered":"<h1 style=\"text-align: center;\"><span style=\"color: #0e5473;\">S\u00e9minaire : \u00ab\u00a0Les prisonniers et le processus de paix\u00a0\u00bb <\/span><\/h1>\n<h5 style=\"text-align: center;\"><span style=\"color: #0e5473;\">2016 &#8211; Sorbonne<br \/>\n<\/span><\/h5>\n<p style=\"text-align: center;\"><span style=\"color: #e6ad3c;\"><span style=\"color: #fda533;\">Co-organis\u00e9 avec Joana Etchart<\/span><em><span style=\"color: #fda533;\"> (Universit\u00e9 Paris-Sorbonne, Groupe de recherche MAPS\/HDEA EA 4086)<\/span> <\/em><\/span><\/p>\n<p><img loading=\"lazy\" decoding=\"async\" class=\"aligncenter wp-image-3270 size-large\" src=\"https:\/\/www.bakebidea.com\/wp-content\/uploads\/2016\/01\/IMG_4175-1024x514.jpg\" alt=\"IMG_4175\" width=\"900\" height=\"452\" \/><\/p>\n<p>&nbsp;<\/p>\n<p>&nbsp;<\/p>\n<p style=\"text-align: justify;\"><span style=\"color: #333333;\">Le 27 janvier 2016, avait lieu un s\u00e9minaire intitul\u00e9 <em>\u00ab\u00a0Les prisonniers et le processus de paix\u00a0\u00bb<\/em> \u00e0 l\u2019Universit\u00e9 Paris Sorbonne.<\/span><\/p>\n<p>&nbsp;<\/p>\n<p><span style=\"color: #333333;\">Organis\u00e9 par Joana Etchart <em>(Universit\u00e9 Paris-Sorbonne, Groupe de recherche MAPS\/HDEA EA 4086)<\/em> et Bake Bidea <em>(Mouvement civil en faveur du processus de paix)<\/em>, en partenariat avec des chercheurs de l\u2019Institut d\u2019Etudes Irlandaises <em>(Institute of Irish Studies, University of Liverpool)<\/em>, le s\u00e9minaire s\u2019est int\u00e9ress\u00e9 \u00e0 la question des prisonniers dans le processus de paix, \u00e0 leur statut et au r\u00f4le qu\u2019ils peuvent jouer dans la transition du conflit \u00e0 la paix.<\/span><\/p>\n<p>&nbsp;<\/p>\n<p><span style=\"color: #333333;\">Les intervenant.e.s \u00e9taient:<\/span><\/p>\n<p>&nbsp;<\/p>\n<p>\u2022 <span style=\"color: #0d6985;\">Kieran McEVOY<\/span><span style=\"color: #333333;\"><span style=\"color: #0d6985;\">, <\/span>Professeur de Droit de l\u2019Universit\u00e9 de Belfast (Queens University Belfast)<\/span><br \/>\n\u2022<span style=\"color: #0d6985;\"> Nicolas FERRAN<\/span><span style=\"color: #333333;\"><span style=\"color: #0d6985;\">,<\/span> Juriste \u00e0 l\u2019Observatoire International des Prisons (OIP)<\/span><br \/>\n\u2022 <span style=\"color: #0d6985;\">Xantiana CACHENAUT<\/span><span style=\"color: #333333;\"><span style=\"color: #0d6985;\">,<\/span> Avocate au Barreau de Bayonne<\/span><br \/>\n\u2022<span style=\"color: #0d6985;\"> Gabi MOUESCA<\/span><span style=\"color: #333333;\"><span style=\"color: #0d6985;\">,<\/span> Ancien prisonnier, Ancien pr\u00e9sident de l\u2019OIP<\/span><br \/>\n\u2022<span style=\"color: #0d6985;\"> Joana HARAMBOURE<\/span><span style=\"color: #333333;\"><span style=\"color: #0d6985;\">,<\/span> Fille d\u2019un prisonnier incarc\u00e9r\u00e9 depuis plus de 25 ans<\/span><\/p>\n<p>&nbsp;<\/p>\n<p><span style=\"color: #333333;\">Les mod\u00e9rateurs \u00e9taient<\/span> <span style=\"color: #fda533;\"><span style=\"color: #0d6985;\">Joana Etchart<\/span> <\/span><span style=\"color: #333333;\">(MCF Paris-Sorbonne) et<\/span> <span style=\"color: #0d6985;\">Serge Portelli <\/span><span style=\"color: #333333;\">(magistrat).<\/span><\/p>\n<p>&nbsp;<\/p>\n<p style=\"text-align: justify;\"><span style=\"color: #333333;\">Il s\u2019agissait de proc\u00e9der \u00e0 une \u00e9tude comparative entre l\u2019Irlande du Nord et le Pays Basque, en ce qui concerne les enjeux, \u00e9cueils et perspectives des processus de paix. Le s\u00e9minaire souhaitait ouvrir un dialogue entre experts et acteurs issus des contextes nord-irlandais, fran\u00e7ais et basques afin de s\u2019interroger sur les enjeux et les \u00e9cueils li\u00e9s \u00e0 la question des prisonniers dans le processus de paix. Il s\u2019agissait \u00e9galement de tenter d\u2019identifier les perspectives qui se dessinent dans les deux situations en Irlande du Nord et au Pays Basque.<\/span><\/p>\n<h1 style=\"text-align: justify;\"><span style=\"color: #ffffff;\">\u00a0<\/span><\/h1>\n<h3 style=\"text-align: justify;\"><span style=\"color: #0e6178;\"><strong>L\u2019apport de l\u2019exp\u00e9rience irlandaise<\/strong><\/span><\/h3>\n<h1 style=\"text-align: justify;\"><span style=\"color: #ffffff;\">\u00a0<\/span><\/h1>\n<p style=\"text-align: justify;\"><span style=\"color: #333333;\">En Irlande du Nord, cette question a repr\u00e9sent\u00e9 un enjeu important avant et apr\u00e8s la signature des accords de paix de 1998, qui avaient plac\u00e9 la lib\u00e9ration des prisonniers loyalistes et r\u00e9publicains au c\u0153ur de la strat\u00e9gie de transition. La partie consacr\u00e9e aux prisonniers insistait \u00e9galement sur l\u2019importance de la r\u00e9int\u00e9gration et de l\u2019inclusion civique des anciens prisonniers, un r\u00f4le actif \u00e9galement promu par l\u2019Union europ\u00e9enne \u00e0 travers les programmes PEACE.<\/span><\/p>\n<p style=\"text-align: justify;\"><span style=\"color: #333333;\">Le s\u00e9minaire s\u2019est int\u00e9ress\u00e9 \u00e0 l\u2019\u00e9mergence de cette approche ainsi qu\u2019\u00e0 son \u00e9volution depuis 1998.<\/span><\/p>\n<p style=\"text-align: justify;\"><span style=\"color: #333333;\">Selon Kieran McEVOY, professeur de Droit de l\u2019Universit\u00e9 de Belfast (Queens University Belfast), les prisons ont \u00e9t\u00e9 un \u00e9l\u00e9ment cl\u00e9 pratique et symbolique du conflit. Il a rappel\u00e9 que 30,000 personnes environ ont \u00e9t\u00e9 emprisonn\u00e9es entre 1969 et 1998.\u00a0 Les prisonnier-e-s et ex-prisonnier-e-s ont jou\u00e9 un r\u00f4le cl\u00e9 dans l\u2019\u00e9volution de l\u2019IRA et des Loyalistes vers la non-violence<\/span><\/p>\n<h1 style=\"text-align: justify;\"><span style=\"color: #ffffff;\">\u00a0<\/span><\/h1>\n\n\t\t<style type=\"text\/css\">\n\t\t\t#gallery-1 {\n\t\t\t\tmargin: auto;\n\t\t\t}\n\t\t\t#gallery-1 .gallery-item {\n\t\t\t\tfloat: left;\n\t\t\t\tmargin-top: 10px;\n\t\t\t\ttext-align: center;\n\t\t\t\twidth: 33%;\n\t\t\t}\n\t\t\t#gallery-1 img {\n\t\t\t\tborder: 2px solid #cfcfcf;\n\t\t\t}\n\t\t\t#gallery-1 .gallery-caption {\n\t\t\t\tmargin-left: 0;\n\t\t\t}\n\t\t\t\/* see gallery_shortcode() in wp-includes\/media.php *\/\n\t\t<\/style>\n\t\t<div id='gallery-1' class='gallery galleryid-2606 gallery-columns-3 gallery-size-medium'><dl class='gallery-item'>\n\t\t\t<dt class='gallery-icon landscape'>\n\t\t\t\t<a href='https:\/\/www.bakebidea.com\/wp-content\/uploads\/2016\/01\/DSCN6416-e1472630267711.jpg'><img loading=\"lazy\" decoding=\"async\" width=\"300\" height=\"225\" src=\"https:\/\/www.bakebidea.com\/wp-content\/uploads\/2016\/01\/DSCN6416-300x225.jpg\" class=\"attachment-medium size-medium\" alt=\"\" srcset=\"https:\/\/www.bakebidea.com\/wp-content\/uploads\/2016\/01\/DSCN6416-300x225.jpg 300w, https:\/\/www.bakebidea.com\/wp-content\/uploads\/2016\/01\/DSCN6416-768x576.jpg 768w, https:\/\/www.bakebidea.com\/wp-content\/uploads\/2016\/01\/DSCN6416-1024x768.jpg 1024w, https:\/\/www.bakebidea.com\/wp-content\/uploads\/2016\/01\/DSCN6416-e1472630267711.jpg 1200w\" sizes=\"(max-width: 300px) 100vw, 300px\" \/><\/a>\n\t\t\t<\/dt><\/dl><dl class='gallery-item'>\n\t\t\t<dt class='gallery-icon landscape'>\n\t\t\t\t<a href='https:\/\/www.bakebidea.com\/wp-content\/uploads\/2016\/01\/DSCN6398-e1472630401398.jpg'><img loading=\"lazy\" decoding=\"async\" width=\"300\" height=\"225\" src=\"https:\/\/www.bakebidea.com\/wp-content\/uploads\/2016\/01\/DSCN6398-300x225.jpg\" class=\"attachment-medium size-medium\" alt=\"\" srcset=\"https:\/\/www.bakebidea.com\/wp-content\/uploads\/2016\/01\/DSCN6398-300x225.jpg 300w, https:\/\/www.bakebidea.com\/wp-content\/uploads\/2016\/01\/DSCN6398-768x576.jpg 768w, https:\/\/www.bakebidea.com\/wp-content\/uploads\/2016\/01\/DSCN6398-1024x768.jpg 1024w, https:\/\/www.bakebidea.com\/wp-content\/uploads\/2016\/01\/DSCN6398-e1472630401398.jpg 1200w\" sizes=\"(max-width: 300px) 100vw, 300px\" \/><\/a>\n\t\t\t<\/dt><\/dl><dl class='gallery-item'>\n\t\t\t<dt class='gallery-icon landscape'>\n\t\t\t\t<a href='https:\/\/www.bakebidea.com\/wp-content\/uploads\/2016\/01\/DSCN6367.jpg'><img loading=\"lazy\" decoding=\"async\" width=\"300\" height=\"225\" src=\"https:\/\/www.bakebidea.com\/wp-content\/uploads\/2016\/01\/DSCN6367-300x225.jpg\" class=\"attachment-medium size-medium\" alt=\"\" srcset=\"https:\/\/www.bakebidea.com\/wp-content\/uploads\/2016\/01\/DSCN6367-300x225.jpg 300w, https:\/\/www.bakebidea.com\/wp-content\/uploads\/2016\/01\/DSCN6367-768x576.jpg 768w, https:\/\/www.bakebidea.com\/wp-content\/uploads\/2016\/01\/DSCN6367-1024x768.jpg 1024w\" sizes=\"(max-width: 300px) 100vw, 300px\" \/><\/a>\n\t\t\t<\/dt><\/dl><br style=\"clear: both\" \/>\n\t\t<\/div>\n\n<h3 style=\"text-align: justify;\"><\/h3>\n<h3 style=\"text-align: justify;\"><em><span style=\"color: #ffffff;\">\u00a0<\/span><\/em><span style=\"color: #0e6178;\"><strong>La question des prisonnier-e-s politiques au Pays Basque<\/strong><\/span><\/h3>\n<h3><span style=\"color: #fda533;\"><strong>Les prisonnier-e-s et le droit<\/strong><\/span><\/h3>\n<p style=\"text-align: justify;\"><span style=\"color: #ffffff;\">\u00a0<\/span><span style=\"color: #333333;\">En ce qui concerne la situation des prisonniers basques, Nicolas Ferran, docteur en Droit et assistant juridique de l&rsquo;OIP a pr\u00e9sent\u00e9 un expos\u00e9 sur l&rsquo;\u00e9tat du droit en France vis-\u00e0-vis du rapprochement familial des d\u00e9tenus\u00a0: aucune loi ne semble pr\u00e9voir le rapprochement familial.<\/span><\/p>\n<p style=\"text-align: justify;\"><span style=\"color: #333333;\">Il ajoute que dans le droit commun, l&rsquo;Administration p\u00e9nitentiaire est la seule habilit\u00e9e \u00e0 d\u00e9cider du lieu de privation, sans aucune possibilit\u00e9 de recours. Seules des \u00a0d\u00e9cisions de la Cours Europ\u00e9enne des Droits de l\u2019Homme (CEDH) \u00e0 venir pourraient faire jurisprudence, et \u201ccontraindre les \u00c9tats \u00e0 modifier leur approche sur la question du rapprochement familial\u201d.<\/span><\/p>\n<p style=\"text-align: justify;\"><span style=\"color: #333333;\">Selon Ma\u00eetre Xantiana Cachenaut, intervenant en qualit\u00e9 d\u2019avocate au Barreau de Bayonne, a mis en perspective la question de l&rsquo;\u00e9loignement des prisonnier-e-s politiques basques avec la situation politique au Pays Basque. Elle note, malgr\u00e9 le changement politique qui s\u2019op\u00e8re depuis 2011, un renforcement des mesures d&rsquo;\u00e9loignement. Elle ajoute que face aux refus des demandes individuelles de rapprochement effectu\u00e9es par les d\u00e9tenus basques ces derniers mois, elle a r\u00e9alis\u00e9 des recours aupr\u00e8s du tribunal administratif, qui pourraient en cas de rejet \u00eatre pr\u00e9sent\u00e9s \u00e0 la CEDH.<\/span><\/p>\n<h1 style=\"text-align: justify;\"><span style=\"color: #ffffff;\">\u00a0<\/span><\/h1>\n\n\t\t<style type=\"text\/css\">\n\t\t\t#gallery-2 {\n\t\t\t\tmargin: auto;\n\t\t\t}\n\t\t\t#gallery-2 .gallery-item {\n\t\t\t\tfloat: left;\n\t\t\t\tmargin-top: 10px;\n\t\t\t\ttext-align: center;\n\t\t\t\twidth: 33%;\n\t\t\t}\n\t\t\t#gallery-2 img {\n\t\t\t\tborder: 2px solid #cfcfcf;\n\t\t\t}\n\t\t\t#gallery-2 .gallery-caption {\n\t\t\t\tmargin-left: 0;\n\t\t\t}\n\t\t\t\/* see gallery_shortcode() in wp-includes\/media.php *\/\n\t\t<\/style>\n\t\t<div id='gallery-2' class='gallery galleryid-2606 gallery-columns-3 gallery-size-medium'><dl class='gallery-item'>\n\t\t\t<dt class='gallery-icon landscape'>\n\t\t\t\t<a href='https:\/\/www.bakebidea.com\/wp-content\/uploads\/2016\/01\/DSCN6391-e1472630459537.jpg'><img loading=\"lazy\" decoding=\"async\" width=\"300\" height=\"225\" src=\"https:\/\/www.bakebidea.com\/wp-content\/uploads\/2016\/01\/DSCN6391-300x225.jpg\" class=\"attachment-medium size-medium\" alt=\"\" srcset=\"https:\/\/www.bakebidea.com\/wp-content\/uploads\/2016\/01\/DSCN6391-300x225.jpg 300w, https:\/\/www.bakebidea.com\/wp-content\/uploads\/2016\/01\/DSCN6391-768x576.jpg 768w, https:\/\/www.bakebidea.com\/wp-content\/uploads\/2016\/01\/DSCN6391-1024x768.jpg 1024w, https:\/\/www.bakebidea.com\/wp-content\/uploads\/2016\/01\/DSCN6391-e1472630459537.jpg 1200w\" sizes=\"(max-width: 300px) 100vw, 300px\" \/><\/a>\n\t\t\t<\/dt><\/dl><dl class='gallery-item'>\n\t\t\t<dt class='gallery-icon landscape'>\n\t\t\t\t<a href='https:\/\/www.bakebidea.com\/wp-content\/uploads\/2016\/01\/DSCN6404-e1472630347295.jpg'><img loading=\"lazy\" decoding=\"async\" width=\"300\" height=\"225\" src=\"https:\/\/www.bakebidea.com\/wp-content\/uploads\/2016\/01\/DSCN6404-300x225.jpg\" class=\"attachment-medium size-medium\" alt=\"\" srcset=\"https:\/\/www.bakebidea.com\/wp-content\/uploads\/2016\/01\/DSCN6404-300x225.jpg 300w, https:\/\/www.bakebidea.com\/wp-content\/uploads\/2016\/01\/DSCN6404-768x576.jpg 768w, https:\/\/www.bakebidea.com\/wp-content\/uploads\/2016\/01\/DSCN6404-1024x768.jpg 1024w, https:\/\/www.bakebidea.com\/wp-content\/uploads\/2016\/01\/DSCN6404-e1472630347295.jpg 1200w\" sizes=\"(max-width: 300px) 100vw, 300px\" \/><\/a>\n\t\t\t<\/dt><\/dl><dl class='gallery-item'>\n\t\t\t<dt class='gallery-icon landscape'>\n\t\t\t\t<a href='https:\/\/www.bakebidea.com\/wp-content\/uploads\/2016\/01\/DSCN6407-e1472630330463.jpg'><img loading=\"lazy\" decoding=\"async\" width=\"300\" height=\"225\" src=\"https:\/\/www.bakebidea.com\/wp-content\/uploads\/2016\/01\/DSCN6407-300x225.jpg\" class=\"attachment-medium size-medium\" alt=\"\" srcset=\"https:\/\/www.bakebidea.com\/wp-content\/uploads\/2016\/01\/DSCN6407-300x225.jpg 300w, https:\/\/www.bakebidea.com\/wp-content\/uploads\/2016\/01\/DSCN6407-768x576.jpg 768w, https:\/\/www.bakebidea.com\/wp-content\/uploads\/2016\/01\/DSCN6407-1024x768.jpg 1024w, https:\/\/www.bakebidea.com\/wp-content\/uploads\/2016\/01\/DSCN6407-e1472630330463.jpg 1200w\" sizes=\"(max-width: 300px) 100vw, 300px\" \/><\/a>\n\t\t\t<\/dt><\/dl><br style=\"clear: both\" \/>\n\t\t<\/div>\n\n<h1 style=\"text-align: justify;\"><span style=\"color: #ffffff;\">\u00a0<\/span><\/h1>\n<h3><span style=\"color: #fda533;\"><strong>Les prisonnier-e-s politiques basques engag\u00e9s en faveur du processus de paix<\/strong><\/span><\/h3>\n<h1 style=\"text-align: justify;\"><span style=\"color: #ffffff;\">\u00a0<\/span><\/h1>\n<p style=\"text-align: justify;\"><span style=\"color: #333333;\">L&rsquo;ancien prisonnier Gabi Mouesca est pour sa part intervenu au nom du Collectif des prisonniers politiques basques (EPPK) soulignant que \u201cla question des prisonniers dans le processus de r\u00e9solution est avant tout une question politique\u00bb.<\/span><\/p>\n<p style=\"text-align: justify;\"><span style=\"color: #333333;\">Gabi Mouesca a \u00e9galement rappel\u00e9 les engagements du Collectif des prisonniers pour avancer dans la r\u00e9solution du conflit, et notamment, la d\u00e9cision d&rsquo;effectuer des demandes individuelles de rapprochement. De m\u00eame, il ajoute que \u201cle Collectif se d\u00e9finit comme un acteur dans le processus, un acteur de paix\u201d. En ce sens, il a mis en lumi\u00e8re que le rapprochement permettrait aux prisonnier-e-s de participer plus ais\u00e9ment au processus de construction de la paix avec la soci\u00e9t\u00e9 basque.<\/span><\/p>\n<p style=\"text-align: justify;\"><span style=\"color: #ffffff;\">\u00a0<\/span><\/p>\n<p style=\"text-align: justify;\"><span style=\"color: #333333;\">Enfin Gabi Mouesca a rappel\u00e9 la d\u00e9cision du procureur de la R\u00e9publique de faire appel de la d\u00e9cision de lib\u00e9ration de Lorentxa Guimon, gravement atteinte de la maladie de Crohn, tout en d\u00e9crivant cette d\u00e9cision comme \u00ab\u00a0\u00e0 rebours du sens de l&rsquo;histoire au Pays Basque\u00a0\u00bb.<\/span><\/p>\n<h1 style=\"text-align: justify;\"><span style=\"color: #fda533;\">\u00a0<\/span><\/h1>\n<h3><span style=\"color: #ebad3c;\"><strong><span style=\"color: #fda533;\">L\u2019\u00e9loignement appliqu\u00e9 aux prisonnier-e-s politiques basques\u00a0: double peine pour les prisonnier-e-s et leur famille<\/span> <\/strong><\/span><\/h3>\n<p style=\"text-align: justify;\"><span style=\"color: #ffffff;\">\u00a0<\/span><span style=\"color: #333333;\">La derni\u00e8re intervention du s\u00e9minaire a \u00e9t\u00e9 le t\u00e9moignage de Joana Haramboure, fille de Frederik Haranburu \u201cTxistor\u201d incarc\u00e9r\u00e9 depuis plus de 25 ans.<\/span><\/p>\n<p style=\"text-align: justify;\"><span style=\"color: #333333;\">Elle a transmis \u00e0 l\u2019auditoire son v\u00e9cu quotidien, son ressenti d\u2019enfant puis de m\u00e8re de deux enfants, confront\u00e9e au d\u00e9fi de maintenir des liens avec son propre p\u00e8re, ainsi que ceux de ses propres enfants avec leur grand-p\u00e8re et ce, malgr\u00e9 la pesanteur de l\u2019\u00e9loignement, et le manque d\u2019intimit\u00e9 et\u00a0 l\u2019insalubrit\u00e9 des parloirs. Elle rappelle l\u2019impact que cette politique sp\u00e9cifique de dispersion a sur les prisonnier-e-s basques et sur leur famille et proches, et qu\u2019il a fallu, par exemple, que sa m\u00e8re soit gravement malade pour obtenir le rapprochement de son p\u00e8re de la ville d\u2019Arles \u00e0 celle de Lannemezan<\/span><\/p>\n<p style=\"text-align: justify;\"><span style=\"color: #ffffff;\">\u00a0<\/span><\/p>\n<p style=\"text-align: justify;\"><span style=\"color: #333333;\">En outre, elle affirme \u00eatre fi\u00e8re, comme d\u2019autres familles, de\u00a0l\u2019attitude dont t\u00e9moignent ces militant-e-s incarc\u00e9r\u00e9-e-s depuis des d\u00e9cennies.\u00a0\u00bb<\/span><\/p>\n<p style=\"text-align: justify;\"><span style=\"color: #333333;\">Enfin cela a \u00e9t\u00e9 le tour de du magistrat Serge Portelli, de conclure en qualit\u00e9 de mod\u00e9rateur des discussions. Selon lui \u201cil y a une volont\u00e9 in\u00e9branlable du Pays Basque, des d\u00e9tenus eux-m\u00eames, d&rsquo;aller vers un processus de paix\u201d, et t\u00f4t ou tard, \u201cce gouvernement ou un autre devra en prendre acte\u201d. Il a termin\u00e9 en rappelant que \u201cles processus de paix sont tr\u00e8s longs\u00a0\u00bb mais qu\u2019\u00ab\u00a0il ne faut surtout pas d\u00e9sesp\u00e9rer, il faut au contraire pers\u00e9v\u00e9rer\u201d.<\/span><\/p>\n<h1 style=\"text-align: justify;\"><span style=\"color: #ffffff;\">\u00a0<\/span><\/h1>\n<p style=\"text-align: justify;\"><span style=\"color: #333333;\">Lorsque le temps des questions est venu, beaucoup de questions ont eu trait au contexte ou plut\u00f4t au changement de contexte op\u00e9rant au Pays Basque. Elles refl\u00e9taient pour beaucoup le manque de connaissance relatif \u00e0 ces \u00e9volutions et mettent en lumi\u00e8re l\u2019importance de mener un travail de sensibilisation et d\u2019information hors de notre territoire concernant les changements qui s\u2019op\u00e8rent au Pays Basque et la n\u00e9cessit\u00e9 de mener \u00e0 bien le processus entam\u00e9.<\/span><\/p>\n<p>&nbsp;<\/p>\n","protected":false},"excerpt":{"rendered":"<p>S\u00e9minaire : \u00ab\u00a0Les prisonniers et le processus de paix\u00a0\u00bb 2016 &#8211; Sorbonne Co-organis\u00e9 avec Joana Etchart (Universit\u00e9 Paris-Sorbonne, Groupe de recherche MAPS\/HDEA EA 4086) &nbsp; &nbsp; Le 27 janvier 2016, avait lieu un s\u00e9minaire intitul\u00e9 \u00ab\u00a0Les prisonniers et le processus de paix\u00a0\u00bb \u00e0 l\u2019Universit\u00e9 Paris Sorbonne. &nbsp; Organis\u00e9 par Joana&#8230;<\/p>\n","protected":false},"author":1,"featured_media":0,"parent":0,"menu_order":0,"comment_status":"closed","ping_status":"closed","template":"","meta":{"footnotes":""},"_links":{"self":[{"href":"https:\/\/www.bakebidea.com\/index.php?rest_route=\/wp\/v2\/pages\/2606"}],"collection":[{"href":"https:\/\/www.bakebidea.com\/index.php?rest_route=\/wp\/v2\/pages"}],"about":[{"href":"https:\/\/www.bakebidea.com\/index.php?rest_route=\/wp\/v2\/types\/page"}],"author":[{"embeddable":true,"href":"https:\/\/www.bakebidea.com\/index.php?rest_route=\/wp\/v2\/users\/1"}],"replies":[{"embeddable":true,"href":"https:\/\/www.bakebidea.com\/index.php?rest_route=%2Fwp%2Fv2%2Fcomments&post=2606"}],"version-history":[{"count":10,"href":"https:\/\/www.bakebidea.com\/index.php?rest_route=\/wp\/v2\/pages\/2606\/revisions"}],"predecessor-version":[{"id":4427,"href":"https:\/\/www.bakebidea.com\/index.php?rest_route=\/wp\/v2\/pages\/2606\/revisions\/4427"}],"wp:attachment":[{"href":"https:\/\/www.bakebidea.com\/index.php?rest_route=%2Fwp%2Fv2%2Fmedia&parent=2606"}],"curies":[{"name":"wp","href":"https:\/\/api.w.org\/{rel}","templated":true}]}}