{"id":2353,"date":"2015-06-26T15:24:35","date_gmt":"2015-06-26T13:24:35","guid":{"rendered":"https:\/\/www.bakebidea.com\/?page_id=2353"},"modified":"2016-09-08T11:53:31","modified_gmt":"2016-09-08T09:53:31","slug":"reconciliation-et-vivre-ensemble-la-place-des-victimes-dans-les-processus-de-paix","status":"publish","type":"page","link":"https:\/\/www.bakebidea.com\/?page_id=2353","title":{"rendered":"R\u00c9CONCILIATION ET VIVRE-ENSEMBLE :LA PLACE DES VICTIMES DANS LES PROCESSUS DE PAIX"},"content":{"rendered":"<h1 style=\"text-align: center;\"><span style=\"color: #0d6985;\">R\u00c9CONCILIATION ET VIVRE-ENSEMBLE :<\/span><\/h1>\n<h1 style=\"text-align: center;\"><span style=\"color: #0d6985;\">LA PLACE DES VICTIMES DANS LES PROCESSUS DE PAIX<\/span><\/h1>\n<hr \/>\n<p>&nbsp;<\/p>\n<h2 style=\"text-align: center;\"><\/h2>\n<h3 style=\"text-align: left;\"><span style=\"color: #ebad3c;\">Expos\u00e9 introductif<\/span><\/h3>\n<p style=\"text-align: left;\"><span style=\"color: #0d6985;\"> <strong>Pierre Hazan<\/strong>, ancien conseiller politique aux Nations Unies, professeur associ\u00e9 \u00e0 l\u2019Universit\u00e9 de Neuch\u00e2tel, membre du Groupe International de Contact.<\/span><\/p>\n<p>&nbsp;<\/p>\n<p><iframe loading=\"lazy\" src=\"https:\/\/www.youtube.com\/embed\/-iGq-mdAPlk\" width=\"560\" height=\"315\" frameborder=\"0\" allowfullscreen=\"allowfullscreen\"><\/iframe><\/p>\n<p>&nbsp;<\/p>\n<h3 style=\"text-align: left;\"><span style=\"color: #ebad3c;\">T\u00e9moignage<\/span><\/h3>\n<p style=\"text-align: left;\"><span style=\"color: #0d6985;\"> <strong>Robert Manrique<\/strong>, bless\u00e9 lors d\u2019un attentat commis par l\u2019ETA en 1987 \u00e0 Barcelone<\/span><\/p>\n<p>&nbsp;<br \/>\n<iframe loading=\"lazy\" src=\"https:\/\/www.youtube.com\/embed\/a8y7WODItKM\" width=\"560\" height=\"315\" frameborder=\"0\" allowfullscreen=\"allowfullscreen\"><\/iframe><br \/>\n&nbsp;<\/p>\n<h3 style=\"text-align: left;\"><span style=\"color: #ebad3c;\">T\u00e9moignage<\/span><\/h3>\n<p style=\"text-align: left;\"><span style=\"color: #0d6985;\"><strong>Axun Lasa<\/strong>, soeur du r\u00e9fugi\u00e9 basque Joxean Lasa enlev\u00e9 par le GAL \u00e0 Bayonne en 1983<\/span><\/p>\n<p>&nbsp;<\/p>\n<p style=\"text-align: left;\"><iframe loading=\"lazy\" src=\"https:\/\/www.youtube.com\/embed\/t1EYzSuwQ6M\" width=\"560\" height=\"315\" frameborder=\"0\" allowfullscreen=\"allowfullscreen\"><\/iframe><\/p>\n<p>&nbsp;<\/p>\n<h3 style=\"text-align: left;\"><span style=\"color: #ebad3c;\">L\u2019exp\u00e9rience Sud Africaine, les commissions Justice et V\u00e9rit\u00e9 <\/span><\/h3>\n<p style=\"text-align: left;\"><span style=\"color: #0d6985;\"><strong>Brandon Hamber<\/strong>, Afrique du sud, Directeur de l\u2019Institut de recherche sur les conflits internationaux et sur la justice transitionnelle (INCORE ; International Conflict Research Institute)<\/span><\/p>\n<p>&nbsp;<br \/>\n<iframe loading=\"lazy\" src=\"https:\/\/www.youtube.com\/embed\/CaR2p_oDsxk\" width=\"560\" height=\"315\" frameborder=\"0\" allowfullscreen=\"allowfullscreen\"><\/iframe><\/p>\n","protected":false},"excerpt":{"rendered":"<p>R\u00c9CONCILIATION ET VIVRE-ENSEMBLE : LA PLACE DES VICTIMES DANS LES PROCESSUS DE PAIX &nbsp; Expos\u00e9 introductif Pierre Hazan, ancien conseiller politique aux Nations Unies, professeur associ\u00e9 \u00e0 l\u2019Universit\u00e9 de Neuch\u00e2tel, membre du Groupe International de Contact. &nbsp; &nbsp; T\u00e9moignage Robert Manrique, bless\u00e9 lors d\u2019un attentat commis par l\u2019ETA en 1987&#8230;<\/p>\n","protected":false},"author":1,"featured_media":0,"parent":0,"menu_order":0,"comment_status":"closed","ping_status":"open","template":"","meta":{"footnotes":""},"_links":{"self":[{"href":"https:\/\/www.bakebidea.com\/index.php?rest_route=\/wp\/v2\/pages\/2353"}],"collection":[{"href":"https:\/\/www.bakebidea.com\/index.php?rest_route=\/wp\/v2\/pages"}],"about":[{"href":"https:\/\/www.bakebidea.com\/index.php?rest_route=\/wp\/v2\/types\/page"}],"author":[{"embeddable":true,"href":"https:\/\/www.bakebidea.com\/index.php?rest_route=\/wp\/v2\/users\/1"}],"replies":[{"embeddable":true,"href":"https:\/\/www.bakebidea.com\/index.php?rest_route=%2Fwp%2Fv2%2Fcomments&post=2353"}],"version-history":[{"count":3,"href":"https:\/\/www.bakebidea.com\/index.php?rest_route=\/wp\/v2\/pages\/2353\/revisions"}],"predecessor-version":[{"id":3466,"href":"https:\/\/www.bakebidea.com\/index.php?rest_route=\/wp\/v2\/pages\/2353\/revisions\/3466"}],"wp:attachment":[{"href":"https:\/\/www.bakebidea.com\/index.php?rest_route=%2Fwp%2Fv2%2Fmedia&parent=2353"}],"curies":[{"name":"wp","href":"https:\/\/api.w.org\/{rel}","templated":true}]}}