{"id":2351,"date":"2015-06-26T15:08:33","date_gmt":"2015-06-26T13:08:33","guid":{"rendered":"https:\/\/www.bakebidea.com\/?page_id=2351"},"modified":"2016-12-06T17:00:59","modified_gmt":"2016-12-06T16:00:59","slug":"videos-par-intervenants-de-la-conference-humanitaire-pour-la-paix-au-pays-basque","status":"publish","type":"page","link":"https:\/\/www.bakebidea.com\/?page_id=2351","title":{"rendered":"MOTS D&rsquo;ACCUEIL \/GENESE ET ETAT DES LIEUX DU PROCESSUS"},"content":{"rendered":"<h5 style=\"text-align: center;\">=<\/h5>\n<p><a href=\"https:\/\/www.bakebidea.com\/wp-content\/uploads\/2015\/12\/ploter.jpg\"><img loading=\"lazy\" decoding=\"async\" class=\"aligncenter wp-image-2518 size-large\" src=\"https:\/\/www.bakebidea.com\/wp-content\/uploads\/2015\/12\/ploter-1024x384.jpg\" alt=\"ploter\" width=\"900\" height=\"338\" srcset=\"https:\/\/www.bakebidea.com\/wp-content\/uploads\/2015\/12\/ploter-1024x384.jpg 1024w, https:\/\/www.bakebidea.com\/wp-content\/uploads\/2015\/12\/ploter-300x113.jpg 300w, https:\/\/www.bakebidea.com\/wp-content\/uploads\/2015\/12\/ploter-768x288.jpg 768w, https:\/\/www.bakebidea.com\/wp-content\/uploads\/2015\/12\/ploter.jpg 1488w\" sizes=\"(max-width: 900px) 100vw, 900px\" \/><\/a><\/p>\n<p>&nbsp;<\/p>\n<p>&nbsp;<\/p>\n<h1 style=\"text-align: center;\"><span style=\"color: #167591;\">MOTS D&rsquo;ACCUEIL <\/span><\/h1>\n<hr \/>\n<h4 style=\"text-align: left;\"><\/h4>\n<h3 style=\"text-align: left;\"><span style=\"color: #eba823;\">Mot de bienvenue\u00a0<\/span><\/h3>\n<h4 style=\"text-align: left;\"><span style=\"color: #167591;\"><strong> Paul Molac,<\/strong> d\u00e9put\u00e9 du Morbihan<\/span><\/h4>\n<p>&nbsp;<\/p>\n<p>&nbsp;<\/p>\n<p><iframe loading=\"lazy\" src=\"https:\/\/www.youtube.com\/embed\/6cI5sQitvzc\" width=\"560\" height=\"315\" frameborder=\"0\" allowfullscreen=\"allowfullscreen\"><\/iframe><\/p>\n<p>&nbsp;<\/p>\n<p>&nbsp;<\/p>\n<h3 style=\"text-align: justify;\"><span style=\"color: #eba823;\">Mot d&rsquo;accueil\u00a0<\/span><\/h3>\n<h4 style=\"text-align: justify;\"><span style=\"color: #167591;\"><strong> Marc Gentilini,<\/strong>Pr\u00e9sident honoraire de l\u2019Acad\u00e9mie de m\u00e9decine et de la Croix Rouge fran\u00e7aise<\/span><\/h4>\n<p>&nbsp;<\/p>\n<p>&nbsp;<\/p>\n<p>&nbsp;<\/p>\n<h2><iframe loading=\"lazy\" src=\"https:\/\/www.youtube.com\/embed\/9d31WDvsi3Y\" width=\"560\" height=\"315\" frameborder=\"0\" allowfullscreen=\"allowfullscreen\"><\/iframe><\/h2>\n<p>&nbsp;<\/p>\n<p>&nbsp;<\/p>\n<p>&nbsp;<\/p>\n<h3 style=\"text-align: justify;\"><span style=\"color: #008080;\"><span style=\"color: #eba823;\">Mot d&rsquo;accueil<\/span> <\/span><\/h3>\n<h4 style=\"text-align: justify;\"><span style=\"color: #167591;\"><strong>Anaiz Funosas, <\/strong>Pr\u00e9sidente du mouvement Bake bidea et co-pr\u00e9sidente de la conf\u00e9rence<\/span><\/h4>\n<p>&nbsp;<\/p>\n<p>&nbsp;<\/p>\n<p>&nbsp;<\/p>\n<p><iframe loading=\"lazy\" src=\"https:\/\/www.youtube.com\/embed\/eUx9MfpBhv0\" width=\"560\" height=\"315\" frameborder=\"0\" allowfullscreen=\"allowfullscreen\"><\/iframe><\/p>\n<p>&nbsp;<\/p>\n<p>&nbsp;<\/p>\n<p>&nbsp;<\/p>\n<h1 style=\"text-align: center;\"><span style=\"color: #167591;\">***<\/span><\/h1>\n<p>&nbsp;<\/p>\n<h2 style=\"text-align: center;\"><span style=\"color: #167591;\">Ouverture de la Conf\u00e9rence <\/span><\/h2>\n<p>&nbsp;<\/p>\n<hr \/>\n<h4 style=\"text-align: justify;\"><\/h4>\n<h4 style=\"text-align: justify;\"><\/h4>\n<h4 style=\"text-align: justify;\"><span style=\"color: #167591;\"><strong>Pierre Joxe,<\/strong> avocat, ancien Ministre de l\u2019Int\u00e9rieur et de la D\u00e9fense, signataire de la D\u00e9claration internationale d\u2019Aiete<\/span><\/h4>\n<p>&nbsp;<\/p>\n<p>&nbsp;<\/p>\n<p><iframe loading=\"lazy\" src=\"https:\/\/www.youtube.com\/embed\/CIymWHv6HpM\" width=\"560\" height=\"315\" frameborder=\"0\" allowfullscreen=\"allowfullscreen\"><\/iframe><\/p>\n<p>&nbsp;<\/p>\n<h4><\/h4>\n<h1 style=\"text-align: center;\"><span style=\"color: #167591;\">GEN\u00c8SE ET \u00c9TAT DES LIEUX DU PROCESSUS DE PAIX AU PAYS BASQUE<\/span><\/h1>\n<hr \/>\n<h4><\/h4>\n<h4 style=\"text-align: justify;\"><span style=\"color: #167591;\"><strong>Jean-Jacques Lasserre, <\/strong>S\u00e9nateur et Pr\u00e9sident du Conseil D\u00e9partemental de Pyr\u00e9n\u00e9es-Atlantiques<\/span><\/h4>\n<p>&nbsp;<\/p>\n<p>&nbsp;<\/p>\n<p><iframe loading=\"lazy\" src=\"https:\/\/www.youtube.com\/embed\/8TllS1YQEhc\" width=\"560\" height=\"315\" frameborder=\"0\" allowfullscreen=\"allowfullscreen\"><\/iframe><\/p>\n<h5><\/h5>\n<h4><\/h4>\n<h4 style=\"text-align: justify;\"><span style=\"color: #167591;\"><strong>Fr\u00e9d\u00e9rique Espagnac,<\/strong> S\u00e9natrice des Pyr\u00e9n\u00e9es-Atlantiques<\/span><\/h4>\n<p>&nbsp;<\/p>\n<p>&nbsp;<\/p>\n<p><iframe loading=\"lazy\" src=\"https:\/\/www.youtube.com\/embed\/rZRndJ-PfjE\" width=\"560\" height=\"315\" frameborder=\"0\" allowfullscreen=\"allowfullscreen\"><\/iframe><\/p>\n<p>&nbsp;<\/p>\n<h4><\/h4>\n<h4 style=\"text-align: left;\"><span style=\"color: #167591;\"><strong>Max Brisson<\/strong>, Premier Vice-pr\u00e9sident du Conseil D\u00e9partemental des Pyr\u00e9n\u00e9es-Atlantiques et S\u00e9cr\u00e9taire d\u00e9partemental de la formation Les R\u00e9publicains des Pyr\u00e9n\u00e9es-Atlantiques<\/span><\/h4>\n<p><iframe loading=\"lazy\" src=\"https:\/\/www.youtube.com\/embed\/NxTlSBNP27I\" width=\"560\" height=\"315\" frameborder=\"0\" allowfullscreen=\"allowfullscreen\"><\/iframe><\/p>\n<p>&nbsp;<\/p>\n","protected":false},"excerpt":{"rendered":"<p>= &nbsp; &nbsp; MOTS D&rsquo;ACCUEIL Mot de bienvenue\u00a0 Paul Molac, d\u00e9put\u00e9 du Morbihan &nbsp; &nbsp; &nbsp; &nbsp; Mot d&rsquo;accueil\u00a0 Marc Gentilini,Pr\u00e9sident honoraire de l\u2019Acad\u00e9mie de m\u00e9decine et de la Croix Rouge fran\u00e7aise &nbsp; &nbsp; &nbsp; &nbsp; &nbsp; &nbsp; Mot d&rsquo;accueil Anaiz Funosas, Pr\u00e9sidente du mouvement Bake bidea et co-pr\u00e9sidente de&#8230;<\/p>\n","protected":false},"author":1,"featured_media":0,"parent":0,"menu_order":0,"comment_status":"closed","ping_status":"open","template":"","meta":{"footnotes":""},"_links":{"self":[{"href":"https:\/\/www.bakebidea.com\/index.php?rest_route=\/wp\/v2\/pages\/2351"}],"collection":[{"href":"https:\/\/www.bakebidea.com\/index.php?rest_route=\/wp\/v2\/pages"}],"about":[{"href":"https:\/\/www.bakebidea.com\/index.php?rest_route=\/wp\/v2\/types\/page"}],"author":[{"embeddable":true,"href":"https:\/\/www.bakebidea.com\/index.php?rest_route=\/wp\/v2\/users\/1"}],"replies":[{"embeddable":true,"href":"https:\/\/www.bakebidea.com\/index.php?rest_route=%2Fwp%2Fv2%2Fcomments&post=2351"}],"version-history":[{"count":10,"href":"https:\/\/www.bakebidea.com\/index.php?rest_route=\/wp\/v2\/pages\/2351\/revisions"}],"predecessor-version":[{"id":3444,"href":"https:\/\/www.bakebidea.com\/index.php?rest_route=\/wp\/v2\/pages\/2351\/revisions\/3444"}],"wp:attachment":[{"href":"https:\/\/www.bakebidea.com\/index.php?rest_route=%2Fwp%2Fv2%2Fmedia&parent=2351"}],"curies":[{"name":"wp","href":"https:\/\/api.w.org\/{rel}","templated":true}]}}