{"id":2224,"date":"2015-06-11T14:52:41","date_gmt":"2015-06-11T12:52:41","guid":{"rendered":"https:\/\/www.bakebidea.com\/?page_id=2224"},"modified":"2015-09-28T11:20:31","modified_gmt":"2015-09-28T09:20:31","slug":"delcarations-paris-pour-la-paix-au-pays-basque-et-signataires","status":"publish","type":"page","link":"https:\/\/www.bakebidea.com\/?page_id=2224","title":{"rendered":"Manifeste \u00ab\u00a0Paris pour la paix au Pays Basque\u00a0\u00bb et signataires (2015)"},"content":{"rendered":"<p><iframe loading=\"lazy\" src=\"https:\/\/www.youtube.com\/embed\/G4Cexh7pIvk\" width=\"560\" height=\"315\" frameborder=\"0\" allowfullscreen=\"allowfullscreen\"><\/iframe><\/p>\n<p>&nbsp;<\/p>\n<p>Pour acc\u00e9der \u00e0 la d\u00e9claration Paris Pour la paix au Pays Basque (en 4 langues), cliquez sur les ic\u00f4nes ci-dessous:\u00a0 \u00a0 <a href=\"https:\/\/www.bakebidea.com\/wp-content\/uploads\/2015\/06\/Declaration-Paris-pour-la-paix.pdf\"><img loading=\"lazy\" decoding=\"async\" class=\"aligncenter size-medium wp-image-2221\" src=\"https:\/\/www.bakebidea.com\/wp-content\/uploads\/2015\/06\/logo-declara-300x59.png\" alt=\"logo declara\" width=\"300\" height=\"59\" srcset=\"https:\/\/www.bakebidea.com\/wp-content\/uploads\/2015\/06\/logo-declara-300x59.png 300w, https:\/\/www.bakebidea.com\/wp-content\/uploads\/2015\/06\/logo-declara.png 551w\" sizes=\"(max-width: 300px) 100vw, 300px\" \/><\/a> \u00a0 <a href=\"https:\/\/www.bakebidea.com\/wp-content\/uploads\/2015\/06\/Declaracion-Paris-para-la-paz-en-el-Pais-Vasco.pdf\"><img loading=\"lazy\" decoding=\"async\" class=\"aligncenter size-medium wp-image-2227\" src=\"https:\/\/www.bakebidea.com\/wp-content\/uploads\/2015\/06\/lodo-decl-esp-300x55.png\" alt=\"lodo decl esp\" width=\"300\" height=\"55\" srcset=\"https:\/\/www.bakebidea.com\/wp-content\/uploads\/2015\/06\/lodo-decl-esp-300x55.png 300w, https:\/\/www.bakebidea.com\/wp-content\/uploads\/2015\/06\/lodo-decl-esp.png 531w\" sizes=\"(max-width: 300px) 100vw, 300px\" \/><\/a> \u00a0 Et pour voir l&rsquo;ensemble des signataires cliquez sur l&rsquo;ic\u00f4ne ci-dessous: <a href=\"https:\/\/www.bakebidea.com\/wp-content\/uploads\/2015\/06\/Signataires-Paris-pour-la-paix.pdf\"><img loading=\"lazy\" decoding=\"async\" class=\"aligncenter size-medium wp-image-2222\" src=\"https:\/\/www.bakebidea.com\/wp-content\/uploads\/2015\/06\/logo-signataires-300x126.png\" alt=\"logo signataires\" width=\"300\" height=\"126\" srcset=\"https:\/\/www.bakebidea.com\/wp-content\/uploads\/2015\/06\/logo-signataires-300x126.png 300w, https:\/\/www.bakebidea.com\/wp-content\/uploads\/2015\/06\/logo-signataires.png 494w\" sizes=\"(max-width: 300px) 100vw, 300px\" \/><\/a><\/p>\n","protected":false},"excerpt":{"rendered":"<p>&nbsp; Pour acc\u00e9der \u00e0 la d\u00e9claration Paris Pour la paix au Pays Basque (en 4 langues), cliquez sur les ic\u00f4nes ci-dessous:\u00a0 \u00a0 \u00a0 \u00a0 Et pour voir l&rsquo;ensemble des signataires cliquez sur l&rsquo;ic\u00f4ne ci-dessous:<\/p>\n","protected":false},"author":1,"featured_media":0,"parent":0,"menu_order":0,"comment_status":"closed","ping_status":"open","template":"","meta":{"footnotes":""},"_links":{"self":[{"href":"https:\/\/www.bakebidea.com\/index.php?rest_route=\/wp\/v2\/pages\/2224"}],"collection":[{"href":"https:\/\/www.bakebidea.com\/index.php?rest_route=\/wp\/v2\/pages"}],"about":[{"href":"https:\/\/www.bakebidea.com\/index.php?rest_route=\/wp\/v2\/types\/page"}],"author":[{"embeddable":true,"href":"https:\/\/www.bakebidea.com\/index.php?rest_route=\/wp\/v2\/users\/1"}],"replies":[{"embeddable":true,"href":"https:\/\/www.bakebidea.com\/index.php?rest_route=%2Fwp%2Fv2%2Fcomments&post=2224"}],"version-history":[{"count":8,"href":"https:\/\/www.bakebidea.com\/index.php?rest_route=\/wp\/v2\/pages\/2224\/revisions"}],"predecessor-version":[{"id":2467,"href":"https:\/\/www.bakebidea.com\/index.php?rest_route=\/wp\/v2\/pages\/2224\/revisions\/2467"}],"wp:attachment":[{"href":"https:\/\/www.bakebidea.com\/index.php?rest_route=%2Fwp%2Fv2%2Fmedia&parent=2224"}],"curies":[{"name":"wp","href":"https:\/\/api.w.org\/{rel}","templated":true}]}}