{"id":2015,"date":"2015-05-21T11:34:55","date_gmt":"2015-05-21T09:34:55","guid":{"rendered":"https:\/\/www.bakebidea.com\/?page_id=2015"},"modified":"2015-06-01T09:45:15","modified_gmt":"2015-06-01T07:45:15","slug":"programme-de-la-conference","status":"publish","type":"page","link":"https:\/\/www.bakebidea.com\/?page_id=2015","title":{"rendered":"Programme de la conf\u00e9rence"},"content":{"rendered":"<p><a href=\"https:\/\/www.bakebidea.com\/wp-content\/uploads\/2015\/05\/programa_fr.pdf\"><img loading=\"lazy\" decoding=\"async\" class=\"aligncenter size-medium wp-image-1965\" src=\"https:\/\/www.bakebidea.com\/wp-content\/uploads\/2015\/04\/ploter-300x113.jpg\" alt=\"ploter\" width=\"300\" height=\"113\" srcset=\"https:\/\/www.bakebidea.com\/wp-content\/uploads\/2015\/04\/ploter-300x113.jpg 300w, https:\/\/www.bakebidea.com\/wp-content\/uploads\/2015\/04\/ploter-1024x384.jpg 1024w, https:\/\/www.bakebidea.com\/wp-content\/uploads\/2015\/04\/ploter-700x263.jpg 700w, https:\/\/www.bakebidea.com\/wp-content\/uploads\/2015\/04\/ploter.jpg 1488w\" sizes=\"(max-width: 300px) 100vw, 300px\" \/><\/a><\/p>\n<p style=\"text-align: justify;\">La Conf\u00e9rence humanitaire pour la paix au Pays Basque sera co-organis\u00e9e par le Groupe international de Contact, la Ligue des droits de l&rsquo;Homme, Conciliation Resouces, Berghof Foundation, el Foro social por la paz et Bake Bidea-Le chemin de la paix et se d\u00e9roulera le 11 juin prochain, de 9h15 \u00e013h \u00e0 Paris (Salle Victor Hugo, 101, rue de l&rsquo;Universit\u00e9, 75007,Paris).<\/p>\n<p style=\"text-align: justify;\">Cette conf\u00e9rence est destin\u00e9e aux parlementaires et aux stuctures politques, associatives et syndicales. Divers repr\u00e9sentants politiques , d&rsquo;associations et de syndicats locaux et hexagonaux, -tous unanimes autour de la n\u00e9cessit\u00e9 de cr\u00e9er les conditions pour parvenir \u00e0 la paix d\u00e9finitive-, seront pr\u00e9sents.<\/p>\n<p style=\"text-align: justify;\">Venez d\u00e9couvrir le <a href=\"https:\/\/www.bakebidea.com\/wp-content\/uploads\/2015\/05\/programa_fr.pdf\">programme<\/a> et le d\u00e9roulement de la conf\u00e9rence.<\/p>\n<p style=\"text-align: justify;\">\n<p><iframe loading=\"lazy\" width=\"560\" height=\"315\" src=\"https:\/\/www.youtube.com\/embed\/R69K080HIGw\" frameborder=\"0\" allowfullscreen><\/iframe> <\/p>\n","protected":false},"excerpt":{"rendered":"<p>La Conf\u00e9rence humanitaire pour la paix au Pays Basque sera co-organis\u00e9e par le Groupe international de Contact, la Ligue des droits de l&rsquo;Homme, Conciliation Resouces, Berghof Foundation, el Foro social por la paz et Bake Bidea-Le chemin de la paix et se d\u00e9roulera le 11 juin prochain, de 9h15 \u00e013h&#8230;<\/p>\n","protected":false},"author":1,"featured_media":0,"parent":0,"menu_order":0,"comment_status":"closed","ping_status":"open","template":"","meta":{"footnotes":""},"_links":{"self":[{"href":"https:\/\/www.bakebidea.com\/index.php?rest_route=\/wp\/v2\/pages\/2015"}],"collection":[{"href":"https:\/\/www.bakebidea.com\/index.php?rest_route=\/wp\/v2\/pages"}],"about":[{"href":"https:\/\/www.bakebidea.com\/index.php?rest_route=\/wp\/v2\/types\/page"}],"author":[{"embeddable":true,"href":"https:\/\/www.bakebidea.com\/index.php?rest_route=\/wp\/v2\/users\/1"}],"replies":[{"embeddable":true,"href":"https:\/\/www.bakebidea.com\/index.php?rest_route=%2Fwp%2Fv2%2Fcomments&post=2015"}],"version-history":[{"count":6,"href":"https:\/\/www.bakebidea.com\/index.php?rest_route=\/wp\/v2\/pages\/2015\/revisions"}],"predecessor-version":[{"id":2181,"href":"https:\/\/www.bakebidea.com\/index.php?rest_route=\/wp\/v2\/pages\/2015\/revisions\/2181"}],"wp:attachment":[{"href":"https:\/\/www.bakebidea.com\/index.php?rest_route=%2Fwp%2Fv2%2Fmedia&parent=2015"}],"curies":[{"name":"wp","href":"https:\/\/api.w.org\/{rel}","templated":true}]}}