{"id":1800,"date":"2015-03-11T10:48:07","date_gmt":"2015-03-11T09:48:07","guid":{"rendered":"https:\/\/www.bakebidea.com\/?page_id=1800"},"modified":"2015-03-11T10:48:26","modified_gmt":"2015-03-11T09:48:26","slug":"la-conference-internationale-daiete","status":"publish","type":"page","link":"https:\/\/www.bakebidea.com\/?page_id=1800","title":{"rendered":"La conf\u00e9rence internationale d&rsquo;Aiete"},"content":{"rendered":"<div style=\"text-align: justify;\">\n<div>\n<h1 style=\"text-align: center;\"><span style=\"color: #ff9900;\"><b> U<\/b><b>ne feuille de route internationale pour la r\u00e9solution du conflit au Pays Basque<\/b><\/span><\/h1>\n<p>&nbsp;<\/p>\n<p style=\"text-align: center;\"><img loading=\"lazy\" decoding=\"async\" class=\"size-full wp-image-834\" src=\"https:\/\/www.bakebidea.com\/wp-content\/uploads\/2014\/01\/conference-screen.jpg\" alt=\"conference-screen\" width=\"573\" height=\"213\" \/><\/p>\n<\/div>\n<\/div>\n<p style=\"text-align: justify;\"><span style=\"color: #003366;\"><strong>Le 17 octobre 2011, une Conf\u00e9rence internationale en faveur d\u2019une r\u00e9solution du conflit au Pays Basque s\u2019est tenue \u00e0 la Maison de la Paix de Saint S\u00e9bastien (Gipuzkoa, Pays Basque sud).<\/strong><\/span><\/p>\n<p style=\"text-align: justify;\"><span style=\"color: #000000;\">Elle \u00e9tait organis\u00e9e et men\u00e9e par un comit\u00e9 d\u2019experts compos\u00e9 de :<\/span><\/p>\n<ul style=\"text-align: justify;\">\n<li><span style=\"color: #ff9900;\"><b>Kofi Annan<\/b><\/span><span style=\"color: #000000;\">, ancien Secr\u00e9taire G\u00e9n\u00e9ral des Nations Unies<\/span><\/li>\n<li><span style=\"color: #ff9900;\"><b>Gro Harlem Bruntland<\/b><\/span><span style=\"color: #000000;\">, l\u2019ancien Premier Ministre Norv\u00e9gien et membre de \u00ab The Elders \u00bb (un groupe de personnalit\u00e9s internationales pro-paix<span style=\"text-decoration: underline;\">,<\/span> cr\u00e9\u00e9 par Nelson Mandela).<\/span><\/li>\n<li><span style=\"color: #ff9900;\"><b>Bertie Ahern<\/b><\/span><span style=\"color: #000000;\">, ancien Premier Ministre irlandais, l\u2019un des promoteurs de la signature des Accords du Vendredi Saint en 1998.<\/span><\/li>\n<li><span style=\"color: #ff9900;\"><b>Gerry Adams<\/b><\/span><span style=\"color: #000000;\">, leader du Sinn Fein<\/span><\/li>\n<li><span style=\"color: #ff9900;\"><b>Jonhatan Powell<\/b><\/span><span style=\"color: #000000;\">, ancien Chef de Cabinet du Premier Ministre britannique Tony Blair, qui \u00e9tait pr\u00e9sent \u00e0 la place de Tony Blair car celui-ci avait alors un engagement au Moyen Orient.<\/span><\/li>\n<li><b><span style=\"color: #ff9900;\">Pierre Joxe<\/span>, <\/b><span style=\"color: #000000;\">ancien Ministre de l\u2019int\u00e9rieur et de la d\u00e9fense fran\u00e7ais.<\/span><\/li>\n<\/ul>\n<p style=\"text-align: justify;\"><span style=\"color: #000000;\">Cette initiative a \u00e9t\u00e9 approuv\u00e9e et men\u00e9e par diverses entit\u00e9s internationales et locales, telles que la <a href=\"http:\/\/www.berghof-foundation.org\/en\/\">fondation Berghof,<\/a> <a href=\"http:\/\/www.c-r.org\/fr\">Conciliation Resources<\/a>, le <a href=\"http:\/\/www.peacebuilding.no\/\">Norvegian Peacebuilding Resource Center<\/a> (NOREF), le <a href=\"http:\/\/icgbasque.org\/\">Groupe International de Contact <\/a>(GIC), <a href=\"http:\/\/www.lokarri.org\/\u200e\">Lokarri<\/a> (r\u00e9seau citoyen pour l\u2019accord et la consultation).<\/span><\/p>\n<p style=\"text-align: justify;\"><span style=\"color: #000000;\">La grande majorit\u00e9 des partis politiques du Pays Basque y ont particip\u00e9 ainsi qu\u2019un large \u00e9ventail de membres de partis politiques hexagonaux, de repr\u00e9sentants de la soci\u00e9t\u00e9 civile basque, des principaux syndicaux de commerce, des groupes d\u2019industriels et de l\u2019\u00c9glise Basque.<\/span><\/p>\n<p style=\"text-align: justify;\"><span style=\"color: #000000;\">A l\u2019issue des discussions, les leaders internationaux ont fait une d\u00e9claration publique. Cette <a title=\"D\u00e9claration d\u2019Aiete\" href=\"https:\/\/www.bakebidea.com\/declaration-daiete\/\">d\u00e9claration<\/a> contient une <span style=\"color: #003366;\"><b>feuille de route<\/b> <b>en 5 points<\/b><\/span> pour la mise en place du processus de paix au Pays Basque :<\/span><\/p>\n<blockquote>\n<h4 style=\"text-align: justify;\"><span style=\"color: #ff9900;\">\u00a0<\/span><span style=\"color: #003366;\"><span style=\"color: #ff9900;\"><b>1. <\/b><\/span>Nous invitons l\u2019ETA \u00e0 d\u00e9clarer publiquement l\u2019arr\u00eat d\u00e9finitif de toute action arm\u00e9e et \u00e0 solliciter le dialogue avec les gouvernements d\u2019Espagne et de France pour aborder exclusivement les cons\u00e9quences du conflit.<\/span><\/h4>\n<h4 style=\"text-align: justify;\"><span style=\"color: #003366;\"><span style=\"color: #ff9900;\"><b>2. <\/b><\/span>Si une telle d\u00e9claration est faite, nous encourageons vivement les gouvernements d\u2019Espagne et de France \u00e0 bien l\u2019accueillir et \u00e0 consentir \u00e0 l\u2019ouverture d\u2019un dialogue traitant exclusivement des cons\u00e9quences du conflit.<\/span><\/h4>\n<h4 style=\"text-align: justify;\"><span style=\"color: #003366;\"><span style=\"color: #ff9900;\"><b>3. <\/b><span style=\"color: #003366;\">Nous conseillons que des mesures cons\u00e9quentes soient prises pour promouvoir la r\u00e9conciliation, apporter reconnaissance, compensation et assistance \u00e0 toutes les victimes, reconna\u00eetre le tort qui a \u00e9t\u00e9 caus\u00e9 et tenter de soigner les plaies, au niveau des individus comme de la soci\u00e9t\u00e9.<\/span><\/span><\/span><\/h4>\n<h4 style=\"text-align: justify;\"><span style=\"color: #003366;\"><span style=\"color: #ff9900;\"><b>4. <\/b><\/span>De notre exp\u00e9rience dans la r\u00e9solution de conflits, il y a souvent d\u2019autres sujets qui, s\u2019ils sont abord\u00e9s, peuvent aider \u00e0 atteindre une paix durable. Nous sugg\u00e9rons que les repr\u00e9sentants politiques et acteurs non-violents se rencontrent pour discuter des questions politiques et, en consultation avec la population, de tout autre sujet qui pourrait contribuer \u00e0 cr\u00e9er une nouvelle \u00e8re pacifique. De notre exp\u00e9rience, les observateurs tiers ou les m\u00e9diateurs facilitent un tel dialogue. Ici, le dialogue pourrait, si les personnes impliqu\u00e9es le souhaitent, \u00eatre accompagn\u00e9 par des m\u00e9diateurs internationaux.<\/span><\/h4>\n<h4 style=\"text-align: justify;\"><span style=\"color: #003366;\"><span style=\"color: #ff9900;\"><b>5. <\/b><\/span>Nous sommes dispos\u00e9s \u00e0 constituer un comit\u00e9 pour accompagner la mise en \u0153uvre de ces recommandations.<\/span><\/h4>\n<\/blockquote>\n<h2 style=\"text-align: center;\"><span style=\"color: #ff9900;\"><b>Suite \u00e0 la Conf\u00e9rence internationale de paix<span style=\"color: #ff9900;\">,<\/span><\/b><\/span><\/h2>\n<h2 style=\"text-align: center;\"><span style=\"color: #ff9900;\"><b><span style=\"color: #ff9900;\"> l<\/span><\/b><\/span><span style=\"color: #003366;\"><b><span style=\"color: #ff9900;\">\u2019annonce de l&rsquo;arr\u00eat d\u00e9finitif de la lutte arm\u00e9e par le groupe arm\u00e9 ETA<\/span><\/b><\/span><\/h2>\n<p style=\"text-align: justify;\">\n<p style=\"text-align: justify;\"><span style=\"color: #000000;\">A l\u2019issue de la Conf\u00e9rence d\u2019Aiete, les leaders internationaux ont demand\u00e9 \u00e0 ETA et aux \u00c9tats espagnol et fran\u00e7ais de s\u2019impliquer dans le processus de r\u00e9solution du conflit au Pays Basque, tel que la majorit\u00e9 sociale et politique le r\u00e9clamait.<\/span><\/p>\n<p style=\"text-align: justify;\"><span style=\"color: #000000;\"><span style=\"color: #003366;\"><strong>Le 20 octobre 2011, l\u2019organisation ETA annonce l\u2019arr\u00eat d\u00e9finitif et irr\u00e9versible de sa lutte arm\u00e9e<\/strong><\/span>, r\u00e9pondant favorablement \u00e0 l\u2019injonction internationale et montrant ainsi sa disposition \u00e0 mettre en marche le processus de r\u00e9solution du conflit et \u00e0 dialoguer avec les Etats fran\u00e7ais et espagnol.<\/span><\/p>\n<p>Le groupe arm\u00e9 s&rsquo;est \u00e9galement montr\u00e9 dispos\u00e9 \u00e0 la v\u00e9rification de ses engagements par une <a href=\"https:\/\/www.bakebidea.com\/la-commission-internationale-de-verification-civ\/\">commission internationale de v\u00e9rification.<\/a><\/p>\n","protected":false},"excerpt":{"rendered":"<p>Une feuille de route internationale pour la r\u00e9solution du conflit au Pays Basque &nbsp; Le 17 octobre 2011, une Conf\u00e9rence internationale en faveur d\u2019une r\u00e9solution du conflit au Pays Basque s\u2019est tenue \u00e0 la Maison de la Paix de Saint S\u00e9bastien (Gipuzkoa, Pays Basque sud). Elle \u00e9tait organis\u00e9e et men\u00e9e&#8230;<\/p>\n","protected":false},"author":1,"featured_media":0,"parent":0,"menu_order":0,"comment_status":"closed","ping_status":"open","template":"","meta":{"footnotes":""},"_links":{"self":[{"href":"https:\/\/www.bakebidea.com\/index.php?rest_route=\/wp\/v2\/pages\/1800"}],"collection":[{"href":"https:\/\/www.bakebidea.com\/index.php?rest_route=\/wp\/v2\/pages"}],"about":[{"href":"https:\/\/www.bakebidea.com\/index.php?rest_route=\/wp\/v2\/types\/page"}],"author":[{"embeddable":true,"href":"https:\/\/www.bakebidea.com\/index.php?rest_route=\/wp\/v2\/users\/1"}],"replies":[{"embeddable":true,"href":"https:\/\/www.bakebidea.com\/index.php?rest_route=%2Fwp%2Fv2%2Fcomments&post=1800"}],"version-history":[{"count":2,"href":"https:\/\/www.bakebidea.com\/index.php?rest_route=\/wp\/v2\/pages\/1800\/revisions"}],"predecessor-version":[{"id":1802,"href":"https:\/\/www.bakebidea.com\/index.php?rest_route=\/wp\/v2\/pages\/1800\/revisions\/1802"}],"wp:attachment":[{"href":"https:\/\/www.bakebidea.com\/index.php?rest_route=%2Fwp%2Fv2%2Fmedia&parent=1800"}],"curies":[{"name":"wp","href":"https:\/\/api.w.org\/{rel}","templated":true}]}}