{"id":1793,"date":"2015-03-11T10:38:21","date_gmt":"2015-03-11T09:38:21","guid":{"rendered":"https:\/\/www.bakebidea.com\/?page_id=1793"},"modified":"2017-02-01T12:26:00","modified_gmt":"2017-02-01T11:26:00","slug":"le-groupe-international-de-contact-gic","status":"publish","type":"page","link":"https:\/\/www.bakebidea.com\/?page_id=1793","title":{"rendered":"Le Groupe International de Contact (GIC)"},"content":{"rendered":"<h5 style=\"text-align: justify;\"><img loading=\"lazy\" decoding=\"async\" id=\"il_fi\" class=\"aligncenter\" src=\"https:\/\/icgbasquedotorg.files.wordpress.com\/2012\/06\/gic_txiki.jpg?w=283&amp;h=190&amp;crop=1\" alt=\"Afficher l'image d'origine\" width=\"283\" height=\"190\" \/><\/h5>\n<h5 style=\"text-align: justify;\"><\/h5>\n<h5 style=\"text-align: justify;\"><span style=\"color: #003366;\">Pr\u00e9par\u00e9e par M. Brian Currin, la d\u00e9claration de Bruxelles<sup><a style=\"color: #003366;\" name=\"retour\"><\/a><a style=\"color: #003366;\" href=\"#ancre\">1<\/a><\/sup> du 29 mars 2010 pr\u00e9voyait la mise en place d\u2019un groupe de contact plus r\u00e9duit charg\u00e9 de favoriser le processus de paix au Pays basque. Ce dernier a entam\u00e9 ses travaux en janvier 2011.<\/span><\/h5>\n<h2 style=\"text-align: justify;\"><\/h2>\n<h2 style=\"text-align: justify;\"><span style=\"color: #ff9900;\"><strong>Composition<\/strong><\/span><\/h2>\n<ul style=\"text-align: justify;\">\n<li><span style=\"color: #ff9900;\"><b>Brian Currin<\/b><\/span><span style=\"color: #000000;\">, avocat, sp\u00e9cialiste des droits humains, de la transformation des conflits et des processus de paix, animateur du Groupe international de contact pour le Pays basque.<\/span><\/li>\n<li><span style=\"color: #ff9900;\"><b>Silvia Casale<\/b><\/span><span style=\"color: #000000;\">, criminologue, membre de la commission charg\u00e9e de la r\u00e9vision des peines pour l\u2019Irlande du Nord et pr\u00e9sidente, de 2000 \u00e0 2007, du Comit\u00e9 europ\u00e9en pour la pr\u00e9vention de la torture (CPT)<\/span><\/li>\n<li><span style=\"color: #000000;\">\u00a0<\/span><span style=\"color: #ff9900;\"><b>Alberto Spektorowski<\/b><\/span><span style=\"color: #000000;\">, professeur de science politique \u00e0 l\u2019universit\u00e9 de Tel-Aviv (Isra\u00ebl), membre de la d\u00e9l\u00e9gation isra\u00e9lienne au sommet de Camp David en juillet 2000<\/span><\/li>\n<li><span style=\"color: #ff9900;\">\u00a0<\/span><span style=\"color: #ff9900;\"><b>Nuala O\u2019Loan<\/b><\/span><span style=\"color: #000000;\">, m\u00e9diatrice <i>(ombudsman)<\/i> de police pour l\u2019Irlande du Nord entre 1999 et 2007<\/span><\/li>\n<li><span style=\"color: #ff9900;\"><b>Pierre Hazan<\/b><\/span><span style=\"color: #000000;\">, ancien conseiller politique de la haut-commissaire des Nations unies aux droits de l\u2019homme<\/span><\/li>\n<li><span style=\"color: #ff9900;\"><b>Raymond Kendall<\/b><\/span><span style=\"color: #000000;\"><span style=\"color: #000000;\">, secr\u00e9taire g\u00e9n\u00e9ral d\u2019Interpol de 1985 \u00e0 2000.<\/span><\/span><\/li>\n<\/ul>\n<h2><span style=\"color: #ff9900;\"><strong>Mandat<\/strong><\/span><\/h2>\n<ul>\n<li><span style=\"color: #000000;\">Promouvoir, faciliter et rendre possible la <strong>l\u00e9galisation de la Gauche basque<\/strong> (Ezker Abertzalea).<\/span><\/li>\n<li><span style=\"color: #000000;\">Encourager la prise de <strong>mesures susceptibles de cr\u00e9er un climat de confiance<\/strong>.<\/span><\/li>\n<li><span style=\"color: #000000;\">Encourager et aider <strong>les partis \u00e0 mettre en place un dialogue politique<\/strong>.<\/span><\/li>\n<li><span style=\"color: #000000;\">Encourager, faciliter et rendre possible, dans la mesure o\u00f9 cela lui sera requis par les partis<strong>, le dialogue et la n\u00e9gociation multi-partite<\/strong>, ayant pour objectif d\u2019aboutir \u00e0 un <strong>accord incluant capable de d\u00e9passer le conflit politique<\/strong>.<\/span><\/li>\n<li><span style=\"color: #000000;\">Sur demande des parties, <strong>agir comme m\u00e9diateur en cas de blocage<\/strong>.<\/span><\/li>\n<li><span style=\"color: #000000;\"><strong>Cr\u00e9er la confiance au sein de la soci\u00e9t\u00e9<\/strong> sur les grandes possibilit\u00e9s de succ\u00e8s d\u2019un processus de paix.<\/span><\/li>\n<\/ul>\n<p>&nbsp;<\/p>\n<p style=\"text-align: justify;\"><em><span style=\"color: #000000;\"><a style=\"color: #000000;\" name=\"ancre\"><\/a><sup>1<\/sup><\/span><span style=\"color: #000000;\">Une d\u00e9claration qui demandait \u00e0 l\u2019ETA de d\u00e9clarer \u201cun cessez-le-feu permanent et v\u00e9rifiable\u201d et \u00e0 l\u2019\u00c9tat espagnol d\u2019agir en cons\u00e9quence. Pr\u00e9sent\u00e9e fin mars, cette d\u00e9claration avait \u00e9t\u00e9 sign\u00e9e par diff\u00e9rentes personnalit\u00e9s internationales. La d\u00e9claration est accessible dans l\u2019ouvrage : Conf\u00e9rence internationale d\u2019Aiete ; Conf\u00e9rence Internationale pour promouvoir la r\u00e9solution du conflit au Pays Basque, Lokarri, 2012, p.79<\/span><\/em><\/p>\n","protected":false},"excerpt":{"rendered":"<p>Pr\u00e9par\u00e9e par M. Brian Currin, la d\u00e9claration de Bruxelles1 du 29 mars 2010 pr\u00e9voyait la mise en place d\u2019un groupe de contact plus r\u00e9duit charg\u00e9 de favoriser le processus de paix au Pays basque. Ce dernier a entam\u00e9 ses travaux en janvier 2011. Composition Brian Currin, avocat, sp\u00e9cialiste des droits&#8230;<\/p>\n","protected":false},"author":1,"featured_media":0,"parent":0,"menu_order":0,"comment_status":"closed","ping_status":"open","template":"","meta":{"footnotes":""},"_links":{"self":[{"href":"https:\/\/www.bakebidea.com\/index.php?rest_route=\/wp\/v2\/pages\/1793"}],"collection":[{"href":"https:\/\/www.bakebidea.com\/index.php?rest_route=\/wp\/v2\/pages"}],"about":[{"href":"https:\/\/www.bakebidea.com\/index.php?rest_route=\/wp\/v2\/types\/page"}],"author":[{"embeddable":true,"href":"https:\/\/www.bakebidea.com\/index.php?rest_route=\/wp\/v2\/users\/1"}],"replies":[{"embeddable":true,"href":"https:\/\/www.bakebidea.com\/index.php?rest_route=%2Fwp%2Fv2%2Fcomments&post=1793"}],"version-history":[{"count":4,"href":"https:\/\/www.bakebidea.com\/index.php?rest_route=\/wp\/v2\/pages\/1793\/revisions"}],"predecessor-version":[{"id":4689,"href":"https:\/\/www.bakebidea.com\/index.php?rest_route=\/wp\/v2\/pages\/1793\/revisions\/4689"}],"wp:attachment":[{"href":"https:\/\/www.bakebidea.com\/index.php?rest_route=%2Fwp%2Fv2%2Fmedia&parent=1793"}],"curies":[{"name":"wp","href":"https:\/\/api.w.org\/{rel}","templated":true}]}}