{"id":1786,"date":"2015-03-11T10:22:08","date_gmt":"2015-03-11T09:22:08","guid":{"rendered":"https:\/\/www.bakebidea.com\/?page_id=1786"},"modified":"2017-02-01T12:19:40","modified_gmt":"2017-02-01T11:19:40","slug":"la-commission-internationale-de-verification-civ","status":"publish","type":"page","link":"https:\/\/www.bakebidea.com\/?page_id=1786","title":{"rendered":"La Commission Internationale de V\u00e9rification (CIV)"},"content":{"rendered":"<p style=\"text-align: justify;\"><span style=\"color: #000000;\"><a href=\"https:\/\/www.bakebidea.com\/wp-content\/uploads\/2015\/03\/4371652_5_7bd9_des-membres-de-la-commission-internationale-de_2c313681cab3807b51a987f63e7d97f9.jpg\"><img loading=\"lazy\" decoding=\"async\" class=\"size-medium wp-image-4686 aligncenter\" src=\"https:\/\/www.bakebidea.com\/wp-content\/uploads\/2015\/03\/4371652_5_7bd9_des-membres-de-la-commission-internationale-de_2c313681cab3807b51a987f63e7d97f9-300x203.jpg\" alt=\"\" width=\"300\" height=\"203\" srcset=\"https:\/\/www.bakebidea.com\/wp-content\/uploads\/2015\/03\/4371652_5_7bd9_des-membres-de-la-commission-internationale-de_2c313681cab3807b51a987f63e7d97f9-300x203.jpg 300w, https:\/\/www.bakebidea.com\/wp-content\/uploads\/2015\/03\/4371652_5_7bd9_des-membres-de-la-commission-internationale-de_2c313681cab3807b51a987f63e7d97f9.jpg 534w\" sizes=\"(max-width: 300px) 100vw, 300px\" \/><\/a><\/span><\/p>\n<h2 style=\"text-align: justify;\"><\/h2>\n<h5 style=\"text-align: justify;\"><span style=\"color: #000000;\"><span style=\"color: #003366;\">Divers sect<\/span><\/span><span style=\"color: #003366;\">eurs de la soci\u00e9t\u00e9 basque avaient exprim\u00e9 la n\u00e9cessit\u00e9 de cr\u00e9er un m\u00e9canisme qui v\u00e9rifiera le cessez-le-feu permanent, g\u00e9n\u00e9ral et v\u00e9rifiable annonc\u00e9 par l\u2019organisation ETA en 2010. L\u2019avocat sud-africain Brian Currin, expert en r\u00e9solution de conflit, en collaboration avec d\u2019autres experts internationaux, a cr\u00e9e la \u201cCommission internationale de v\u00e9rification du cessez-le-feu au Pays Basque\u201d (CIV), compos\u00e9e de six personnes.<\/span><\/h5>\n<h2 style=\"text-align: justify;\"><span style=\"color: #ff9900;\"><strong>Composition<\/strong><\/span><\/h2>\n<p style=\"text-align: justify;\"><span style=\"color: #000000;\">La Commission se compose d\u2019experts internationaux en processus de paix et de questions de s\u00e9curit\u00e9 tels que<\/span>:<\/p>\n<ul>\n<li style=\"text-align: justify;\"><span style=\"color: #000000;\">Mr <span style=\"color: #ff9900;\"><strong>Ronnie Kasrils<\/strong><\/span>, politicien d&rsquo;Afrique du Sud. Il a \u00e9t\u00e9 membre du Congr\u00e8s national africain du 1987 \u00e0 2007<\/span><\/li>\n<li style=\"text-align: justify;\"><span style=\"color: #000000;\">Mr <span style=\"color: #ff9900;\"><strong>Christopher George Maccabe<\/strong>,<\/span> l\u2019ancien directeur politique de l&rsquo;Office d&rsquo;Irlande du Nord du Royaume-Unis<\/span><\/li>\n<li style=\"text-align: justify;\"><span style=\"color: #000000;\">Mr <span style=\"color: #ff9900;\"><strong>Ram Manikkalingam<\/strong><\/span>, directeur du \u00ab\u00a0Dialogue Advisory Group\u00a0\u00bb et professeur \u00e0 l&rsquo;Universit\u00e9 d&rsquo;Amsterdam. Il a travaill\u00e9 dans des projets de r\u00e9solution de conflits comme celui d&rsquo;Irak ou d&rsquo;Irlande du Nord.<\/span><\/li>\n<li style=\"text-align: justify;\"><span style=\"color: #000000;\">Mr <span style=\"color: #ff9900;\"><strong>Satish Nambia<\/strong><strong>r<\/strong><\/span>. ancien chef de l&rsquo;Etat Major des forces arm\u00e9es indiennes<\/span><\/li>\n<li style=\"text-align: justify;\"><span style=\"color: #000000;\">Mme <span style=\"color: #ff9900;\"><strong>Fleur Ravensbergen<\/strong><\/span>, coordinatrice de la CIV, membre du \u00ab\u00a0Dialogue Advisory Group\u00a0\u00bb.<\/span><\/li>\n<li style=\"text-align: justify;\"><span style=\"color: #000000;\"><span style=\"color: #000000;\">Mme <span style=\"color: #ff9900;\"><strong>Aracelly Santana<\/strong><\/span>, <\/span>ex-Repr\u00e9sentante Adjointe du Secr\u00e9tariat des Nations Unies et Chef Adjointe de Mission. Mission des Nations Unies au N\u00e9pal (UMMIN) et ex Directrice du Bureau des Am\u00e9riques, D\u00e9partement des Affaires Politiques des Nations Unies.<br \/>\n<\/span><\/li>\n<\/ul>\n<h2 style=\"text-align: justify;\"><span style=\"color: #ff9900;\"><strong>Mandat<\/strong><\/span><\/h2>\n<p style=\"text-align: justify;\"><span style=\"color: #000000;\">L\u2019objectif de cette Commission \u00e9tait <strong>jusqu&rsquo;au 21 f\u00e9vrier 2014<\/strong>,\u00a0la v\u00e9rification du cessez-le-feu par le biais d\u2019une proc\u00e9dure s\u00e9rieuse et rigoureuse. <\/span><\/p>\n<p style=\"text-align: justify;\"><span style=\"color: #000000;\"><strong>Le 21 f\u00e9vrier 2014<\/strong>, la CIV annon\u00e7ait que le groupe arm\u00e9 ETA commen\u00e7ait \u00e0 mettre sous scell\u00e9 une partie de son arsenal de munitions, d&rsquo;armes et d&rsquo;explosifs.<\/span><\/p>\n<p style=\"text-align: justify;\"><a href=\"https:\/\/www.bakebidea.com\/wp-content\/uploads\/2014\/01\/CIV-ETA.jpg\"><img loading=\"lazy\" decoding=\"async\" class=\"aligncenter wp-image-1665 \" src=\"https:\/\/www.bakebidea.com\/wp-content\/uploads\/2014\/01\/CIV-ETA.jpg\" alt=\"CIV ETA\" width=\"224\" height=\"127\" \/><\/a><\/p>\n<p style=\"text-align: justify;\"><span style=\"color: #000000;\"> \u00a0<strong>Le 21 d\u00e9cembre 2014<\/strong>, la commission faisait \u00e9galement savoir par le biais d&rsquo;une <a href=\"https:\/\/www.bakebidea.com\/wp-content\/uploads\/2017\/02\/DECLARATION-DE-LA-COMMISSION-INTERNATIONALE-DE-VERIFICATION-21-12.pdf\">d\u00e9claration<\/a> qu&rsquo;un nouveau mandat commen\u00e7ait pour elle: la v\u00e9rification de la mise sous scell\u00e9 et hors d&rsquo;usage de son arsenal entier par le groupe arm\u00e9 ETA.<\/span><\/p>\n<p style=\"text-align: justify;\">\n","protected":false},"excerpt":{"rendered":"<p>Divers secteurs de la soci\u00e9t\u00e9 basque avaient exprim\u00e9 la n\u00e9cessit\u00e9 de cr\u00e9er un m\u00e9canisme qui v\u00e9rifiera le cessez-le-feu permanent, g\u00e9n\u00e9ral et v\u00e9rifiable annonc\u00e9 par l\u2019organisation ETA en 2010. L\u2019avocat sud-africain Brian Currin, expert en r\u00e9solution de conflit, en collaboration avec d\u2019autres experts internationaux, a cr\u00e9e la \u201cCommission internationale de v\u00e9rification&#8230;<\/p>\n","protected":false},"author":1,"featured_media":0,"parent":0,"menu_order":0,"comment_status":"closed","ping_status":"open","template":"","meta":{"footnotes":""},"_links":{"self":[{"href":"https:\/\/www.bakebidea.com\/index.php?rest_route=\/wp\/v2\/pages\/1786"}],"collection":[{"href":"https:\/\/www.bakebidea.com\/index.php?rest_route=\/wp\/v2\/pages"}],"about":[{"href":"https:\/\/www.bakebidea.com\/index.php?rest_route=\/wp\/v2\/types\/page"}],"author":[{"embeddable":true,"href":"https:\/\/www.bakebidea.com\/index.php?rest_route=\/wp\/v2\/users\/1"}],"replies":[{"embeddable":true,"href":"https:\/\/www.bakebidea.com\/index.php?rest_route=%2Fwp%2Fv2%2Fcomments&post=1786"}],"version-history":[{"count":10,"href":"https:\/\/www.bakebidea.com\/index.php?rest_route=\/wp\/v2\/pages\/1786\/revisions"}],"predecessor-version":[{"id":4688,"href":"https:\/\/www.bakebidea.com\/index.php?rest_route=\/wp\/v2\/pages\/1786\/revisions\/4688"}],"wp:attachment":[{"href":"https:\/\/www.bakebidea.com\/index.php?rest_route=%2Fwp%2Fv2%2Fmedia&parent=1786"}],"curies":[{"name":"wp","href":"https:\/\/api.w.org\/{rel}","templated":true}]}}