{"id":1776,"date":"2015-03-10T14:58:59","date_gmt":"2015-03-10T13:58:59","guid":{"rendered":"https:\/\/www.bakebidea.com\/?page_id=1776"},"modified":"2015-03-10T14:58:59","modified_gmt":"2015-03-10T13:58:59","slug":"declaration-de-leppk","status":"publish","type":"page","link":"https:\/\/www.bakebidea.com\/?page_id=1776","title":{"rendered":"D\u00e9claration de l&rsquo;EPPK"},"content":{"rendered":"<p><em>NDLR (EPPK= Collectif des prisonniers-\u00e8res politiques basques)<\/em><\/p>\n<p>&nbsp;<\/p>\n<p style=\"text-align: center;\">D\u00e9claration<\/p>\n<p>&nbsp;<\/p>\n<p>En mars dernier, face au statut quo dans lequel se trouve le processus de r\u00e9solution du conflit, le Forum Social du Pays Basque a produit des recommandations. Certaines d\u2019entre elles ont un impact direct sur notre Collectif.<\/p>\n<p>M\u00eame si elles ne d\u00e9coulent pas du processus de r\u00e9flexion et de la dynamique du Collectif des Prisonniers Politiques Basques (EPPK), dans la mesure o\u00f9 elles regroupent les composantes pour une r\u00e9solution du conflit et ont le soutien social et politique de la soci\u00e9t\u00e9, ces recommandations sont \u00e0 prendre en consid\u00e9ration. C&rsquo;est pour cela que nous en avons d\u00e9battues au cours des mois pr\u00e9c\u00e9dents.<\/p>\n<p>Nous tenons \u00e0 souligner les conditions difficiles et le harc\u00e8lement dont notre Collectif a fait l&rsquo;objet tout au long de ce d\u00e9bat. La r\u00e9pression carc\u00e9rale a toujours \u00e9t\u00e9 extr\u00eame, et on aurait pu penser que, depuis la d\u00e9cision de l\u2019organisation ETA de mettre fin \u00e0 la lutte arm\u00e9e, elle se serait all\u00e9g\u00e9e. Cependant, il n\u2019en est rien, la r\u00e9pression ne s\u2019est non seulement pas all\u00e9g\u00e9e mais s\u2019est m\u00eame dans certains cas, aggrav\u00e9e. Le souffle des temps nouveaux n\u2019est pas arriv\u00e9 jusqu\u2019\u00e0 nous. Nous sommes toujours les otages des Etats fran\u00e7ais et espagnol, et tous les jours, au travers de l\u2019attitude des fonctionnaires de prisons, nous, nos familles et nos proches, nous continuons de subir le harc\u00e8lement du syst\u00e8me carc\u00e9ral.<\/p>\n<p>Les Etats utilisent les mesures et les lois d\u2019exception afin de bafouer les droits des prisonniers politiques basques et les axquis dont ils pourraient b\u00e9n\u00e9ficier, et entraver leur sortie jusqu\u2019\u00e0 m\u00eame la rendre impossible. C\u2019est ainsi qu\u2019ils ont rempli les prisons. La dispersion \u00e9quivaut \u00e0 la d\u00e9portation pour nous, prisonniers, mais au del\u00e0 de notre cas, c&rsquo;est une souffrance qui s&rsquo;ajoute pour nos familles et nos ami(e)s. La torture constitue une composante essentielle de ce m\u00e9canisme alors qu\u2019il devient indispensable de repenser la politique p\u00e9nitentiaire et les proc\u00e9dures judiciaires, d\u2019\u00e9valuer et d\u2019observer les dommages caus\u00e9s.<\/p>\n<p>Les Etats fran\u00e7ais et espagnol continuent de mener une politique carc\u00e9rale orient\u00e9e par leurs objectifs et int\u00e9r\u00eats politiques, en bafouant et violant nos droits fondamentaux, tel que l\u2019Europe l\u2019a condamn\u00e9. Avant cette politique alimentait le conflit arm\u00e9, aujourd\u2019hui, elle est un obstacle au processus de r\u00e9solution politique. Les ennemis de la libert\u00e9 du Pays Basque, les m\u00eames qui sont aujourd\u2019hui les ennemis de la paix, veulent \u00e9touffer entre les murs des prisons toute volont\u00e9 de la soci\u00e9t\u00e9 civile basque de mener ce processus d\u00e9mocratique de r\u00e9solution du conflit \u00e0 terme.<\/p>\n<p>Ayant pris conscience de cet \u00e9tat de fait, et afin que le processus de r\u00e9solution du conflit ne s\u2019enlise pas, le Collectif des Prisonniers Politiques Basques (EPPK) assume sa part de responsabilit\u00e9. En effet, c\u2019est une volont\u00e9 de lib\u00e9ration politique et sociale qui nous a men\u00e9 en prison, et nous continuons, depuis nos cellules, \u00e0 \u00eatre des militants et des combattants. M\u00eame si pour certains d\u2019entre nous, il y a longtemps que nous n\u2019avons pu respirer l\u2019air au del\u00e0 des murs de nos cellules, nous continuons \u00e0 lutter comme au premier jour, pour l\u2019avenir de notre pays. C\u2019est pourquoi, malgr\u00e9 nos moyens limit\u00e9s, nous avons d\u00e9cid\u00e9 de fa\u00e7on ferme, de les mettre au service du processus de r\u00e9solution, et d\u2019engager nos actions et nos r\u00e9flexions dans ce sens.<\/p>\n<p>Le Collectif des Prisonniers Politiques Basques a men\u00e9 \u00e0 bien sa r\u00e9flexion pour r\u00e9agir aux recommandations issues du Forum social et a fix\u00e9 sa position les concernant. Ainsi, nous voulons adresser \u00e0 tous les citoyens, aux acteurs internationaux qui ont montr\u00e9 leur int\u00e9r\u00eat pour le processus de r\u00e9solution du conflit en Pays Basque ainsi qu\u2019\u00e0 tous les acteurs socio-politiques basques, la d\u00e9claration politique suivante :<\/p>\n<p>1-De notre point de vue, afin de r\u00e9soudre les cons\u00e9quences du conflit, il est fondamental de prendre en compte les origines et les raisons politiques du conflit. Il faut une feuille de route solide pour que la r\u00e9solution du conflit soit int\u00e9grale. Un conflit qui a des origines politiques demande une r\u00e9solution politique.<br \/>\n2-La normalisation politique repose sur l\u2019assurance de pouvoir d\u00e9velopper et avoir la possibilit\u00e9 de concr\u00e9tiser tous les projets politiques. Nous devons absolument \u00e9viter une r\u00e9solution partielle ou fausse du conflit afin que celui-ci ne renaisse pas de ses cendres ; sans mentir aux citoyens et \u00e0 la soci\u00e9t\u00e9 civile.<br \/>\n3-De m\u00eame, il est indispensable de consid\u00e9rer la r\u00e9solution des cons\u00e9quences du conflit de fa\u00e7on globale, en prenant en compte tout type de cons\u00e9quence. Nous reconnaissons que le conflit a g\u00e9n\u00e9r\u00e9 de part et autre, beaucoup de souffrance et de douleur.<br \/>\n4-Nous approuvons le nouveau sc\u00e9nario politique apparu au lendemain de la fin de l&rsquo;utilisation de la lutte arm\u00e9e par ETA et le fait de continuer \u00e0 lutter pour la libert\u00e9 du Pays Basque par des voies et des moyens politiques et d\u00e9mocratiques, en ne faisant qu&rsquo;un avec les d\u00e9cisions qui ont \u00e9t\u00e9 prises. Ainsi, nous r\u00e9affirmons que dans l\u2019avenir, nous renon\u00e7ons \u00e0 notre ancien mod\u00e8le de lutte contre l\u2019oppression, la r\u00e9pression et les violations des droits humains. Notre engagement en faveur du nouveau sc\u00e9nario politique est total, et pour le renforcer et l\u2019assoir, le Collectif des Prisonniers Politiques Basques, r\u00e9affirme sa d\u00e9cision d\u2019y faire son apport.<br \/>\n5-Il est urgent d\u2019annuler toutes les mesures et les situations d\u2019exception ; d\u2019adapter syst\u00e8me judiciaire et juridique \u00e0 la nouvelle politique ; de changer structurellement la politique p\u00e9nitentiaire et prioritairement de mettre fin \u00e0 la dispersion ; de pr\u00e9valoir de nos droits ; de mettre en place un processus de retour, et d\u2019apporter dans ce contexte politique une impulsion \u00e0 une r\u00e9solution int\u00e9grale.<br \/>\n6-Dans ces conditions, nous pourrions consentir \u00e0 un processus de retour \u2013 un regroupement en Pays Basque en priorit\u00e9 puis la lib\u00e9ration n\u00e9cessairement- qui prendrait appui sur les ressources juridiques, m\u00eame si cela \u00e9quivaut pour nous \u00e0 reconna\u00eetre implicitement nos condamnations. Nous admettons, que dans l&rsquo;avenir, les lois et leurs applications ont un r\u00f4le important parce qu\u2019elles devront renforcer les pas qui devront \u00eatre faits.<br \/>\n7-Pour concr\u00e9tiser notre retour, nous sommes pr\u00eats \u00e0 \u00e9tudier la mise en place de ce processus dans un sch\u00e9ma global, de fa\u00e7on \u00e9chelonn\u00e9e, renforc\u00e9 par des engagements individuels et ce, dans un d\u00e9lai raisonnable.<br \/>\n8-Nous acceptons toute notre responsabilit\u00e9 quant aux cons\u00e9quences de notre activit\u00e9 politique dans le cadre de ce conflit. Nous sommes \u00e9galement pr\u00eats \u00e0 \u00e9tudier notre responsabilit\u00e9 individuelle, mais dans le cadre d\u2019un processus dont les conditions et les garanties auront fait l\u2019objet d\u2019un accord pr\u00e9alable.<\/p>\n<p>Pour cela :<\/p>\n<p>1-Le Collectif des Prisonniers Politiques Basques va entrer en relation avec les promoteurs des recommandations du Forum Social et les autres acteurs du Pays Basque pour construire des accords autour des recommandations et les faire avancer, et ce, afin de trouver des formules pour concr\u00e9tiser ces recommandations.<\/p>\n<p>2-Afin de mettre fin aux situations d\u2019exception que nous vivons dans les prisons, le Collectif des Prisonniers Politiques va \u00e9couter toutes les propositions et r\u00e9flexions des acteurs socio- politiques, et leurs fera part des siennes, pour que les d\u00e9cisions et les pas \u00e0 venir pour faire avancer le processus re\u00e7oivent le soutien le plus large possible.<br \/>\n3-Nous faisons appel aux citoyens, aux institutions, aux acteurs sociaux et aux partis politiques, afin d\u2019obtenir un consensus large autour d\u2019un processus de retour inscrit dans un processus int\u00e9gral, qui ne remettra pas en cause notre \u00eatre et notre dignit\u00e9 politique.<br \/>\n4-Il est temps de ne pas se cacher derri\u00e8re les difficult\u00e9s et les obstacles. C&rsquo;est le temps de la responsabilit\u00e9 politique. Celle de tous. De notre responsabilit\u00e9 politique \u00e9galement, dans la mesure o\u00f9 nous sommes \u00e0 la fois partie et cons\u00e9quence du conflit. Le Collectif des Prisonniers Politiques Basques niera pas sa part de responsabilit\u00e9, et n\u2019examinera pas ce que les autres font pour agir, car dans le conflit comme dans sa r\u00e9solution nous nous engageons \u00e0 \u00eatre des acteurs actifs et efficaces. Nous ferons tout notre possible, en toute bonne volont\u00e9, pour la libert\u00e9 d\u2019Euskal Herria.<\/p>\n<p style=\"text-align: right;\">Les prisonniers basques au Pays Basque !<br \/>\nAmnistie et Autod\u00e9termination !<\/p>\n<p style=\"text-align: right;\">Le Collectif des Prisonniers Politiques Basques (EPPK) .<\/p>\n<p style=\"text-align: right;\">\nD\u00e9cembre 2013, Euskal Herria dans notre c\u0153ur.<\/p>\n","protected":false},"excerpt":{"rendered":"<p>NDLR (EPPK= Collectif des prisonniers-\u00e8res politiques basques) &nbsp; D\u00e9claration &nbsp; En mars dernier, face au statut quo dans lequel se trouve le processus de r\u00e9solution du conflit, le Forum Social du Pays Basque a produit des recommandations. Certaines d\u2019entre elles ont un impact direct sur notre Collectif. M\u00eame si elles&#8230;<\/p>\n","protected":false},"author":1,"featured_media":0,"parent":0,"menu_order":0,"comment_status":"closed","ping_status":"open","template":"","meta":{"footnotes":""},"_links":{"self":[{"href":"https:\/\/www.bakebidea.com\/index.php?rest_route=\/wp\/v2\/pages\/1776"}],"collection":[{"href":"https:\/\/www.bakebidea.com\/index.php?rest_route=\/wp\/v2\/pages"}],"about":[{"href":"https:\/\/www.bakebidea.com\/index.php?rest_route=\/wp\/v2\/types\/page"}],"author":[{"embeddable":true,"href":"https:\/\/www.bakebidea.com\/index.php?rest_route=\/wp\/v2\/users\/1"}],"replies":[{"embeddable":true,"href":"https:\/\/www.bakebidea.com\/index.php?rest_route=%2Fwp%2Fv2%2Fcomments&post=1776"}],"version-history":[{"count":1,"href":"https:\/\/www.bakebidea.com\/index.php?rest_route=\/wp\/v2\/pages\/1776\/revisions"}],"predecessor-version":[{"id":1777,"href":"https:\/\/www.bakebidea.com\/index.php?rest_route=\/wp\/v2\/pages\/1776\/revisions\/1777"}],"wp:attachment":[{"href":"https:\/\/www.bakebidea.com\/index.php?rest_route=%2Fwp%2Fv2%2Fmedia&parent=1776"}],"curies":[{"name":"wp","href":"https:\/\/api.w.org\/{rel}","templated":true}]}}